{"id":1217,"date":"2023-03-16T15:54:11","date_gmt":"2023-03-16T15:54:11","guid":{"rendered":"https:\/\/xdsomename.tempurl.host\/gearx-website\/product\/multifunktions-messer-schwarz\/"},"modified":"2026-03-12T02:04:12","modified_gmt":"2026-03-12T02:04:12","slug":"multifunktions-messer-schwarz","status":"publish","type":"product","link":"https:\/\/gearxtools.com\/de\/multifunktions-messer-schwarz\/","title":{"rendered":"Multifunktions-Messer, schwarz"},"content":{"rendered":"<p>Gerade klare Linien kombiniert mit gro\u00dfer Funktionalit\u00e4t. Dieses Multifunktionswerkzeug vereint alles in einem Essential; und das im Taschenformat. Das luxuri\u00f6se Aluminiumgeh\u00e4use wird mit erstklassigen 420 Edelstahlwerkzeugen, komplett in Schwarz kombiniert. Die 13 Funktionen umfassen: Messer, S\u00e4ge, Schlitzschraubendreher, Dosen\u00f6ffner, Feile, kleiner Kreuzschlitzschraubendreher, Kreuzschlitzschraubendreher, Korkenzieher, Fadenf\u00fchrer, Lederstanze, Paketmesser, Flaschen\u00f6ffner und eine kleine Klinge. Verpackt in einer luxuri\u00f6sen Geschenkbox.<\/p>\n","protected":false},"excerpt":{"rendered":"<p>Gerade klare Linien kombiniert mit gro\u00dfer Funktionalit\u00e4t. Dieses Multifunktionswerkzeug vereint alles in einem Essential; und das im Taschenformat. Das luxuri\u00f6se Aluminiumgeh\u00e4use wird mit erstklassigen 420 Edelstahlwerkzeugen, komplett in Schwarz kombiniert. Die 13 Funktionen umfassen: Messer, S\u00e4ge, Schlitzschraubendreher, Dosen\u00f6ffner, Feile, kleiner Kreuzschlitzschraubendreher, Kreuzschlitzschraubendreher, Korkenzieher, Fadenf\u00fchrer, Lederstanze, Paketmesser, Flaschen\u00f6ffner und eine kleine Klinge. Verpackt in einer luxuri\u00f6sen [&hellip;]<\/p>\n","protected":false},"featured_media":4244,"comment_status":"closed","ping_status":"closed","template":"","meta":{"_acf_changed":false,"_monsterinsights_skip_tracking":false,"_monsterinsights_sitenote_active":false,"_monsterinsights_sitenote_note":"","_monsterinsights_sitenote_category":0},"product_cat":[46,58],"product_tag":[],"class_list":["post-1217","product","type-product","status-publish","has-post-thumbnail","hentry","product_cat-messer","product_cat-multitools","pa_color-black"],"acf":[],"yoast_head":"<!-- This site is optimized with the Yoast SEO plugin v27.0 - https:\/\/yoast.com\/product\/yoast-seo-wordpress\/ -->\n<title>Multifunktions-Messer, schwarz - Gear X Tools<\/title>\n<meta name=\"robots\" content=\"index, follow, max-snippet:-1, max-image-preview:large, max-video-preview:-1\" \/>\n<link rel=\"canonical\" href=\"https:\/\/gearxtools.com\/de\/multifunktions-messer-schwarz\/\" \/>\n<meta property=\"og:locale\" content=\"de_DE\" \/>\n<meta property=\"og:type\" content=\"article\" \/>\n<meta property=\"og:title\" content=\"Multifunktions-Messer, schwarz - Gear X Tools\" \/>\n<meta property=\"og:description\" content=\"Gerade klare Linien kombiniert mit gro\u00dfer Funktionalit\u00e4t. Dieses Multifunktionswerkzeug vereint alles in einem Essential; und das im Taschenformat. Das luxuri\u00f6se Aluminiumgeh\u00e4use wird mit erstklassigen 420 Edelstahlwerkzeugen, komplett in Schwarz kombiniert. Die 13 Funktionen umfassen: Messer, S\u00e4ge, Schlitzschraubendreher, Dosen\u00f6ffner, Feile, kleiner Kreuzschlitzschraubendreher, Kreuzschlitzschraubendreher, Korkenzieher, Fadenf\u00fchrer, Lederstanze, Paketmesser, Flaschen\u00f6ffner und eine kleine Klinge. Verpackt in einer luxuri\u00f6sen [&hellip;]\" \/>\n<meta property=\"og:url\" content=\"https:\/\/gearxtools.com\/de\/multifunktions-messer-schwarz\/\" \/>\n<meta property=\"og:site_name\" content=\"Gear X Tools\" \/>\n<meta property=\"article:modified_time\" content=\"2026-03-12T02:04:12+00:00\" \/>\n<meta property=\"og:image\" content=\"https:\/\/gearxtools.com\/wp-content\/uploads\/sites\/8\/2024\/02\/P221.221__S_0__b3e08011c3664825bf6001e2d73d0cca.jpg\" \/>\n\t<meta property=\"og:image:width\" content=\"1024\" \/>\n\t<meta property=\"og:image:height\" content=\"1024\" \/>\n\t<meta property=\"og:image:type\" content=\"image\/jpeg\" \/>\n<meta name=\"twitter:card\" content=\"summary_large_image\" \/>\n<script type=\"application\/ld+json\" class=\"yoast-schema-graph\">{\"@context\":\"https:\/\/schema.org\",\"@graph\":[{\"@type\":\"WebPage\",\"@id\":\"https:\/\/gearxtools.com\/de\/multifunktions-messer-schwarz\/\",\"url\":\"https:\/\/gearxtools.com\/de\/multifunktions-messer-schwarz\/\",\"name\":\"Multifunktions-Messer, schwarz - Gear X Tools\",\"isPartOf\":{\"@id\":\"https:\/\/gearxtools.com\/de\/#website\"},\"primaryImageOfPage\":{\"@id\":\"https:\/\/gearxtools.com\/de\/multifunktions-messer-schwarz\/#primaryimage\"},\"image\":{\"@id\":\"https:\/\/gearxtools.com\/de\/multifunktions-messer-schwarz\/#primaryimage\"},\"thumbnailUrl\":\"https:\/\/gearxtools.com\/wp-content\/uploads\/sites\/8\/2024\/02\/P221.221__S_0__b3e08011c3664825bf6001e2d73d0cca.jpg\",\"datePublished\":\"2023-03-16T15:54:11+00:00\",\"dateModified\":\"2026-03-12T02:04:12+00:00\",\"breadcrumb\":{\"@id\":\"https:\/\/gearxtools.com\/de\/multifunktions-messer-schwarz\/#breadcrumb\"},\"inLanguage\":\"de\",\"potentialAction\":[{\"@type\":\"ReadAction\",\"target\":[\"https:\/\/gearxtools.com\/de\/multifunktions-messer-schwarz\/\"]}]},{\"@type\":\"ImageObject\",\"inLanguage\":\"de\",\"@id\":\"https:\/\/gearxtools.com\/de\/multifunktions-messer-schwarz\/#primaryimage\",\"url\":\"https:\/\/gearxtools.com\/wp-content\/uploads\/sites\/8\/2024\/02\/P221.221__S_0__b3e08011c3664825bf6001e2d73d0cca.jpg\",\"contentUrl\":\"https:\/\/gearxtools.com\/wp-content\/uploads\/sites\/8\/2024\/02\/P221.221__S_0__b3e08011c3664825bf6001e2d73d0cca.jpg\",\"width\":1024,\"height\":1024},{\"@type\":\"BreadcrumbList\",\"@id\":\"https:\/\/gearxtools.com\/de\/multifunktions-messer-schwarz\/#breadcrumb\",\"itemListElement\":[{\"@type\":\"ListItem\",\"position\":1,\"name\":\"Home\",\"item\":\"https:\/\/gearxtools.com\/de\/\"},{\"@type\":\"ListItem\",\"position\":2,\"name\":\"Kollektion\",\"item\":\"https:\/\/gearxtools.com\/de\/kollektion\/\"},{\"@type\":\"ListItem\",\"position\":3,\"name\":\"Multifunktions-Messer, schwarz\"}]},{\"@type\":\"WebSite\",\"@id\":\"https:\/\/gearxtools.com\/de\/#website\",\"url\":\"https:\/\/gearxtools.com\/de\/\",\"name\":\"Gear X Tools\",\"description\":\"Gear X always there when you need it\",\"potentialAction\":[{\"@type\":\"SearchAction\",\"target\":{\"@type\":\"EntryPoint\",\"urlTemplate\":\"https:\/\/gearxtools.com\/de\/?s={search_term_string}\"},\"query-input\":{\"@type\":\"PropertyValueSpecification\",\"valueRequired\":true,\"valueName\":\"search_term_string\"}}],\"inLanguage\":\"de\"}]}<\/script>\n<!-- \/ Yoast SEO plugin. -->","yoast_head_json":{"title":"Multifunktions-Messer, schwarz - Gear X Tools","robots":{"index":"index","follow":"follow","max-snippet":"max-snippet:-1","max-image-preview":"max-image-preview:large","max-video-preview":"max-video-preview:-1"},"canonical":"https:\/\/gearxtools.com\/de\/multifunktions-messer-schwarz\/","og_locale":"de_DE","og_type":"article","og_title":"Multifunktions-Messer, schwarz - Gear X Tools","og_description":"Gerade klare Linien kombiniert mit gro\u00dfer Funktionalit\u00e4t. Dieses Multifunktionswerkzeug vereint alles in einem Essential; und das im Taschenformat. Das luxuri\u00f6se Aluminiumgeh\u00e4use wird mit erstklassigen 420 Edelstahlwerkzeugen, komplett in Schwarz kombiniert. Die 13 Funktionen umfassen: Messer, S\u00e4ge, Schlitzschraubendreher, Dosen\u00f6ffner, Feile, kleiner Kreuzschlitzschraubendreher, Kreuzschlitzschraubendreher, Korkenzieher, Fadenf\u00fchrer, Lederstanze, Paketmesser, Flaschen\u00f6ffner und eine kleine Klinge. Verpackt in einer luxuri\u00f6sen [&hellip;]","og_url":"https:\/\/gearxtools.com\/de\/multifunktions-messer-schwarz\/","og_site_name":"Gear X Tools","article_modified_time":"2026-03-12T02:04:12+00:00","og_image":[{"width":1024,"height":1024,"url":"https:\/\/gearxtools.com\/wp-content\/uploads\/sites\/8\/2024\/02\/P221.221__S_0__b3e08011c3664825bf6001e2d73d0cca.jpg","type":"image\/jpeg"}],"twitter_card":"summary_large_image","schema":{"@context":"https:\/\/schema.org","@graph":[{"@type":"WebPage","@id":"https:\/\/gearxtools.com\/de\/multifunktions-messer-schwarz\/","url":"https:\/\/gearxtools.com\/de\/multifunktions-messer-schwarz\/","name":"Multifunktions-Messer, schwarz - Gear X Tools","isPartOf":{"@id":"https:\/\/gearxtools.com\/de\/#website"},"primaryImageOfPage":{"@id":"https:\/\/gearxtools.com\/de\/multifunktions-messer-schwarz\/#primaryimage"},"image":{"@id":"https:\/\/gearxtools.com\/de\/multifunktions-messer-schwarz\/#primaryimage"},"thumbnailUrl":"https:\/\/gearxtools.com\/wp-content\/uploads\/sites\/8\/2024\/02\/P221.221__S_0__b3e08011c3664825bf6001e2d73d0cca.jpg","datePublished":"2023-03-16T15:54:11+00:00","dateModified":"2026-03-12T02:04:12+00:00","breadcrumb":{"@id":"https:\/\/gearxtools.com\/de\/multifunktions-messer-schwarz\/#breadcrumb"},"inLanguage":"de","potentialAction":[{"@type":"ReadAction","target":["https:\/\/gearxtools.com\/de\/multifunktions-messer-schwarz\/"]}]},{"@type":"ImageObject","inLanguage":"de","@id":"https:\/\/gearxtools.com\/de\/multifunktions-messer-schwarz\/#primaryimage","url":"https:\/\/gearxtools.com\/wp-content\/uploads\/sites\/8\/2024\/02\/P221.221__S_0__b3e08011c3664825bf6001e2d73d0cca.jpg","contentUrl":"https:\/\/gearxtools.com\/wp-content\/uploads\/sites\/8\/2024\/02\/P221.221__S_0__b3e08011c3664825bf6001e2d73d0cca.jpg","width":1024,"height":1024},{"@type":"BreadcrumbList","@id":"https:\/\/gearxtools.com\/de\/multifunktions-messer-schwarz\/#breadcrumb","itemListElement":[{"@type":"ListItem","position":1,"name":"Home","item":"https:\/\/gearxtools.com\/de\/"},{"@type":"ListItem","position":2,"name":"Kollektion","item":"https:\/\/gearxtools.com\/de\/kollektion\/"},{"@type":"ListItem","position":3,"name":"Multifunktions-Messer, schwarz"}]},{"@type":"WebSite","@id":"https:\/\/gearxtools.com\/de\/#website","url":"https:\/\/gearxtools.com\/de\/","name":"Gear X Tools","description":"Gear X always there when you need it","potentialAction":[{"@type":"SearchAction","target":{"@type":"EntryPoint","urlTemplate":"https:\/\/gearxtools.com\/de\/?s={search_term_string}"},"query-input":{"@type":"PropertyValueSpecification","valueRequired":true,"valueName":"search_term_string"}}],"inLanguage":"de"}]}},"aioseo_notices":[],"_links":{"self":[{"href":"https:\/\/gearxtools.com\/de\/wp-json\/wp\/v2\/product\/1217","targetHints":{"allow":["GET"]}}],"collection":[{"href":"https:\/\/gearxtools.com\/de\/wp-json\/wp\/v2\/product"}],"about":[{"href":"https:\/\/gearxtools.com\/de\/wp-json\/wp\/v2\/types\/product"}],"replies":[{"embeddable":true,"href":"https:\/\/gearxtools.com\/de\/wp-json\/wp\/v2\/comments?post=1217"}],"wp:featuredmedia":[{"embeddable":true,"href":"https:\/\/gearxtools.com\/de\/wp-json\/wp\/v2\/media\/4244"}],"wp:attachment":[{"href":"https:\/\/gearxtools.com\/de\/wp-json\/wp\/v2\/media?parent=1217"}],"wp:term":[{"taxonomy":"product_cat","embeddable":true,"href":"https:\/\/gearxtools.com\/de\/wp-json\/wp\/v2\/product_cat?post=1217"},{"taxonomy":"product_tag","embeddable":true,"href":"https:\/\/gearxtools.com\/de\/wp-json\/wp\/v2\/product_tag?post=1217"}],"curies":[{"name":"wp","href":"https:\/\/api.w.org\/{rel}","templated":true}]}}