{"id":1222,"date":"2023-03-16T15:54:11","date_gmt":"2023-03-16T15:54:11","guid":{"rendered":"https:\/\/xdsomename.tempurl.host\/gearx-website\/product\/gear-x-31-in-1-praezisions-schraubendreher-satz-schwarz\/"},"modified":"2026-03-12T02:04:17","modified_gmt":"2026-03-12T02:04:17","slug":"gear-x-31-in-1-praezisions-schraubendreher-satz-schwarz","status":"publish","type":"product","link":"https:\/\/gearxtools.com\/de\/gear-x-31-in-1-praezisions-schraubendreher-satz-schwarz\/","title":{"rendered":"31-in-1 Pr\u00e4zisions-Schraubendreher-Satz, schwarz"},"content":{"rendered":"<p>Das ultimative Hochleistungs-Pr\u00e4zisions-Bit-Kit enth\u00e4lt wichtige Teile f\u00fcr die Reparatur von Mobiltelefonen, Tablets, PCs und anderen Gegenst\u00e4nden. H\u00e4ufig kann das Leben elektronischer Ger\u00e4te mit einer einfachen Reparatur, die oft online zu finden ist, leicht verl\u00e4ngert werden. Die Bits sind in einem luxuri\u00f6sen Aluminiumkoffer verstaut. Das Set enth\u00e4lt einen Schraubendrehergriff. T5H, T6H, T8H, T10H, T15H, SL1.5, SL2.0, SL3.0, SL4.0, PH000, PH00, PH0, PH1, PH2, H1.5, H2.0, H3.0, H4. 0, T2, T3, T4, Y0.6, Y1, Y2.5, P2, P5, P6, U2.6, \u25b32.3, Mittlere Platte 2.5. Verpackt in einer luxuri\u00f6sen Geschenkbox.<\/p>\n","protected":false},"excerpt":{"rendered":"<p>Das ultimative Hochleistungs-Pr\u00e4zisions-Bit-Kit enth\u00e4lt wichtige Teile f\u00fcr die Reparatur von Mobiltelefonen, Tablets, PCs und anderen Gegenst\u00e4nden. H\u00e4ufig kann das Leben elektronischer Ger\u00e4te mit einer einfachen Reparatur, die oft online zu finden ist, leicht verl\u00e4ngert werden. Die Bits sind in einem luxuri\u00f6sen Aluminiumkoffer verstaut. Das Set enth\u00e4lt einen Schraubendrehergriff. T5H, T6H, T8H, T10H, T15H, SL1.5, SL2.0, [&hellip;]<\/p>\n","protected":false},"featured_media":4818,"comment_status":"closed","ping_status":"closed","template":"","meta":{"_acf_changed":false,"_monsterinsights_skip_tracking":false,"_monsterinsights_sitenote_active":false,"_monsterinsights_sitenote_note":"","_monsterinsights_sitenote_category":0},"product_cat":[58],"product_tag":[],"class_list":["post-1222","product","type-product","status-publish","has-post-thumbnail","hentry","product_cat-multitools","pa_color-black"],"acf":[],"yoast_head":"<!-- This site is optimized with the Yoast SEO plugin v27.0 - https:\/\/yoast.com\/product\/yoast-seo-wordpress\/ -->\n<title>31-in-1 Pr\u00e4zisions-Schraubendreher-Satz, schwarz - Gear X Tools<\/title>\n<meta name=\"robots\" content=\"index, follow, max-snippet:-1, max-image-preview:large, max-video-preview:-1\" \/>\n<link rel=\"canonical\" href=\"https:\/\/gearxtools.com\/de\/gear-x-31-in-1-praezisions-schraubendreher-satz-schwarz\/\" \/>\n<meta property=\"og:locale\" content=\"de_DE\" \/>\n<meta property=\"og:type\" content=\"article\" \/>\n<meta property=\"og:title\" content=\"31-in-1 Pr\u00e4zisions-Schraubendreher-Satz, schwarz - Gear X Tools\" \/>\n<meta property=\"og:description\" content=\"Das ultimative Hochleistungs-Pr\u00e4zisions-Bit-Kit enth\u00e4lt wichtige Teile f\u00fcr die Reparatur von Mobiltelefonen, Tablets, PCs und anderen Gegenst\u00e4nden. H\u00e4ufig kann das Leben elektronischer Ger\u00e4te mit einer einfachen Reparatur, die oft online zu finden ist, leicht verl\u00e4ngert werden. Die Bits sind in einem luxuri\u00f6sen Aluminiumkoffer verstaut. Das Set enth\u00e4lt einen Schraubendrehergriff. T5H, T6H, T8H, T10H, T15H, SL1.5, SL2.0, [&hellip;]\" \/>\n<meta property=\"og:url\" content=\"https:\/\/gearxtools.com\/de\/gear-x-31-in-1-praezisions-schraubendreher-satz-schwarz\/\" \/>\n<meta property=\"og:site_name\" content=\"Gear X Tools\" \/>\n<meta property=\"article:modified_time\" content=\"2026-03-12T02:04:17+00:00\" \/>\n<meta property=\"og:image\" content=\"https:\/\/gearxtools.com\/wp-content\/uploads\/sites\/8\/2024\/02\/P221.531__S_0__5737e46556694e739bbededf6b30bdf8.jpg\" \/>\n\t<meta property=\"og:image:width\" content=\"1024\" \/>\n\t<meta property=\"og:image:height\" content=\"1024\" \/>\n\t<meta property=\"og:image:type\" content=\"image\/jpeg\" \/>\n<meta name=\"twitter:card\" content=\"summary_large_image\" \/>\n<script type=\"application\/ld+json\" class=\"yoast-schema-graph\">{\"@context\":\"https:\/\/schema.org\",\"@graph\":[{\"@type\":\"WebPage\",\"@id\":\"https:\/\/gearxtools.com\/de\/gear-x-31-in-1-praezisions-schraubendreher-satz-schwarz\/\",\"url\":\"https:\/\/gearxtools.com\/de\/gear-x-31-in-1-praezisions-schraubendreher-satz-schwarz\/\",\"name\":\"31-in-1 Pr\u00e4zisions-Schraubendreher-Satz, schwarz - Gear X Tools\",\"isPartOf\":{\"@id\":\"https:\/\/gearxtools.com\/de\/#website\"},\"primaryImageOfPage\":{\"@id\":\"https:\/\/gearxtools.com\/de\/gear-x-31-in-1-praezisions-schraubendreher-satz-schwarz\/#primaryimage\"},\"image\":{\"@id\":\"https:\/\/gearxtools.com\/de\/gear-x-31-in-1-praezisions-schraubendreher-satz-schwarz\/#primaryimage\"},\"thumbnailUrl\":\"https:\/\/gearxtools.com\/wp-content\/uploads\/sites\/8\/2024\/02\/P221.531__S_0__5737e46556694e739bbededf6b30bdf8.jpg\",\"datePublished\":\"2023-03-16T15:54:11+00:00\",\"dateModified\":\"2026-03-12T02:04:17+00:00\",\"breadcrumb\":{\"@id\":\"https:\/\/gearxtools.com\/de\/gear-x-31-in-1-praezisions-schraubendreher-satz-schwarz\/#breadcrumb\"},\"inLanguage\":\"de\",\"potentialAction\":[{\"@type\":\"ReadAction\",\"target\":[\"https:\/\/gearxtools.com\/de\/gear-x-31-in-1-praezisions-schraubendreher-satz-schwarz\/\"]}]},{\"@type\":\"ImageObject\",\"inLanguage\":\"de\",\"@id\":\"https:\/\/gearxtools.com\/de\/gear-x-31-in-1-praezisions-schraubendreher-satz-schwarz\/#primaryimage\",\"url\":\"https:\/\/gearxtools.com\/wp-content\/uploads\/sites\/8\/2024\/02\/P221.531__S_0__5737e46556694e739bbededf6b30bdf8.jpg\",\"contentUrl\":\"https:\/\/gearxtools.com\/wp-content\/uploads\/sites\/8\/2024\/02\/P221.531__S_0__5737e46556694e739bbededf6b30bdf8.jpg\",\"width\":1024,\"height\":1024},{\"@type\":\"BreadcrumbList\",\"@id\":\"https:\/\/gearxtools.com\/de\/gear-x-31-in-1-praezisions-schraubendreher-satz-schwarz\/#breadcrumb\",\"itemListElement\":[{\"@type\":\"ListItem\",\"position\":1,\"name\":\"Home\",\"item\":\"https:\/\/gearxtools.com\/de\/\"},{\"@type\":\"ListItem\",\"position\":2,\"name\":\"Kollektion\",\"item\":\"https:\/\/gearxtools.com\/de\/kollektion\/\"},{\"@type\":\"ListItem\",\"position\":3,\"name\":\"31-in-1 Pr\u00e4zisions-Schraubendreher-Satz, schwarz\"}]},{\"@type\":\"WebSite\",\"@id\":\"https:\/\/gearxtools.com\/de\/#website\",\"url\":\"https:\/\/gearxtools.com\/de\/\",\"name\":\"Gear X Tools\",\"description\":\"Gear X always there when you need it\",\"potentialAction\":[{\"@type\":\"SearchAction\",\"target\":{\"@type\":\"EntryPoint\",\"urlTemplate\":\"https:\/\/gearxtools.com\/de\/?s={search_term_string}\"},\"query-input\":{\"@type\":\"PropertyValueSpecification\",\"valueRequired\":true,\"valueName\":\"search_term_string\"}}],\"inLanguage\":\"de\"}]}<\/script>\n<!-- \/ Yoast SEO plugin. -->","yoast_head_json":{"title":"31-in-1 Pr\u00e4zisions-Schraubendreher-Satz, schwarz - Gear X Tools","robots":{"index":"index","follow":"follow","max-snippet":"max-snippet:-1","max-image-preview":"max-image-preview:large","max-video-preview":"max-video-preview:-1"},"canonical":"https:\/\/gearxtools.com\/de\/gear-x-31-in-1-praezisions-schraubendreher-satz-schwarz\/","og_locale":"de_DE","og_type":"article","og_title":"31-in-1 Pr\u00e4zisions-Schraubendreher-Satz, schwarz - Gear X Tools","og_description":"Das ultimative Hochleistungs-Pr\u00e4zisions-Bit-Kit enth\u00e4lt wichtige Teile f\u00fcr die Reparatur von Mobiltelefonen, Tablets, PCs und anderen Gegenst\u00e4nden. H\u00e4ufig kann das Leben elektronischer Ger\u00e4te mit einer einfachen Reparatur, die oft online zu finden ist, leicht verl\u00e4ngert werden. Die Bits sind in einem luxuri\u00f6sen Aluminiumkoffer verstaut. Das Set enth\u00e4lt einen Schraubendrehergriff. T5H, T6H, T8H, T10H, T15H, SL1.5, SL2.0, [&hellip;]","og_url":"https:\/\/gearxtools.com\/de\/gear-x-31-in-1-praezisions-schraubendreher-satz-schwarz\/","og_site_name":"Gear X Tools","article_modified_time":"2026-03-12T02:04:17+00:00","og_image":[{"width":1024,"height":1024,"url":"https:\/\/gearxtools.com\/wp-content\/uploads\/sites\/8\/2024\/02\/P221.531__S_0__5737e46556694e739bbededf6b30bdf8.jpg","type":"image\/jpeg"}],"twitter_card":"summary_large_image","schema":{"@context":"https:\/\/schema.org","@graph":[{"@type":"WebPage","@id":"https:\/\/gearxtools.com\/de\/gear-x-31-in-1-praezisions-schraubendreher-satz-schwarz\/","url":"https:\/\/gearxtools.com\/de\/gear-x-31-in-1-praezisions-schraubendreher-satz-schwarz\/","name":"31-in-1 Pr\u00e4zisions-Schraubendreher-Satz, schwarz - Gear X Tools","isPartOf":{"@id":"https:\/\/gearxtools.com\/de\/#website"},"primaryImageOfPage":{"@id":"https:\/\/gearxtools.com\/de\/gear-x-31-in-1-praezisions-schraubendreher-satz-schwarz\/#primaryimage"},"image":{"@id":"https:\/\/gearxtools.com\/de\/gear-x-31-in-1-praezisions-schraubendreher-satz-schwarz\/#primaryimage"},"thumbnailUrl":"https:\/\/gearxtools.com\/wp-content\/uploads\/sites\/8\/2024\/02\/P221.531__S_0__5737e46556694e739bbededf6b30bdf8.jpg","datePublished":"2023-03-16T15:54:11+00:00","dateModified":"2026-03-12T02:04:17+00:00","breadcrumb":{"@id":"https:\/\/gearxtools.com\/de\/gear-x-31-in-1-praezisions-schraubendreher-satz-schwarz\/#breadcrumb"},"inLanguage":"de","potentialAction":[{"@type":"ReadAction","target":["https:\/\/gearxtools.com\/de\/gear-x-31-in-1-praezisions-schraubendreher-satz-schwarz\/"]}]},{"@type":"ImageObject","inLanguage":"de","@id":"https:\/\/gearxtools.com\/de\/gear-x-31-in-1-praezisions-schraubendreher-satz-schwarz\/#primaryimage","url":"https:\/\/gearxtools.com\/wp-content\/uploads\/sites\/8\/2024\/02\/P221.531__S_0__5737e46556694e739bbededf6b30bdf8.jpg","contentUrl":"https:\/\/gearxtools.com\/wp-content\/uploads\/sites\/8\/2024\/02\/P221.531__S_0__5737e46556694e739bbededf6b30bdf8.jpg","width":1024,"height":1024},{"@type":"BreadcrumbList","@id":"https:\/\/gearxtools.com\/de\/gear-x-31-in-1-praezisions-schraubendreher-satz-schwarz\/#breadcrumb","itemListElement":[{"@type":"ListItem","position":1,"name":"Home","item":"https:\/\/gearxtools.com\/de\/"},{"@type":"ListItem","position":2,"name":"Kollektion","item":"https:\/\/gearxtools.com\/de\/kollektion\/"},{"@type":"ListItem","position":3,"name":"31-in-1 Pr\u00e4zisions-Schraubendreher-Satz, schwarz"}]},{"@type":"WebSite","@id":"https:\/\/gearxtools.com\/de\/#website","url":"https:\/\/gearxtools.com\/de\/","name":"Gear X Tools","description":"Gear X always there when you need it","potentialAction":[{"@type":"SearchAction","target":{"@type":"EntryPoint","urlTemplate":"https:\/\/gearxtools.com\/de\/?s={search_term_string}"},"query-input":{"@type":"PropertyValueSpecification","valueRequired":true,"valueName":"search_term_string"}}],"inLanguage":"de"}]}},"aioseo_notices":[],"_links":{"self":[{"href":"https:\/\/gearxtools.com\/de\/wp-json\/wp\/v2\/product\/1222","targetHints":{"allow":["GET"]}}],"collection":[{"href":"https:\/\/gearxtools.com\/de\/wp-json\/wp\/v2\/product"}],"about":[{"href":"https:\/\/gearxtools.com\/de\/wp-json\/wp\/v2\/types\/product"}],"replies":[{"embeddable":true,"href":"https:\/\/gearxtools.com\/de\/wp-json\/wp\/v2\/comments?post=1222"}],"wp:featuredmedia":[{"embeddable":true,"href":"https:\/\/gearxtools.com\/de\/wp-json\/wp\/v2\/media\/4818"}],"wp:attachment":[{"href":"https:\/\/gearxtools.com\/de\/wp-json\/wp\/v2\/media?parent=1222"}],"wp:term":[{"taxonomy":"product_cat","embeddable":true,"href":"https:\/\/gearxtools.com\/de\/wp-json\/wp\/v2\/product_cat?post=1222"},{"taxonomy":"product_tag","embeddable":true,"href":"https:\/\/gearxtools.com\/de\/wp-json\/wp\/v2\/product_tag?post=1222"}],"curies":[{"name":"wp","href":"https:\/\/api.w.org\/{rel}","templated":true}]}}