{"id":1223,"date":"2023-03-16T15:54:11","date_gmt":"2023-03-16T15:54:11","guid":{"rendered":"https:\/\/xdsomename.tempurl.host\/gearx-website\/product\/wiederaufladbare-usb-taschenlampe-schwarz\/"},"modified":"2026-04-16T01:04:20","modified_gmt":"2026-04-16T01:04:20","slug":"wiederaufladbare-usb-taschenlampe-schwarz","status":"publish","type":"product","link":"https:\/\/gearxtools.com\/de\/wiederaufladbare-usb-taschenlampe-schwarz\/","title":{"rendered":"Wiederaufladbare USB Taschenlampe, schwarz"},"content":{"rendered":"<p>Funktionalit\u00e4t, Leistung und Design vereinen sich in dieser wiederaufladbaren Taschenlampe. Das hochwertige Geh\u00e4use aus Aluminiumlegierung liegt perfekt in der Hand. Mit dem Premium-Fokuslicht k\u00f6nnen Sie das Licht bis zu 2000-fache zoomen. Aufgrund des IP4-Ratings ist sie wetterfest und kann daher problemlos nach drau\u00dfen getragen werden. Die leistungsstarke Gl\u00fchbirne erzeugt bis zu 1000 Lumen und einen Lichtstrahl, der bis zu 500 Meter reicht. Nie wieder Batterien austauschen, denn Sie laden den Akku einfach per USB wieder auf. Die hochwertige Gl\u00fchbirne verf\u00fcgt \u00fcber 5 Modi inklusive SOS-Funktion. Der 2000mAh-Akku erm\u00f6glicht eine Nutzung von bis zu 4 Stunden mit einer einzigen Ladung.<\/p>\n","protected":false},"excerpt":{"rendered":"<p>Funktionalit\u00e4t, Leistung und Design vereinen sich in dieser wiederaufladbaren Taschenlampe. Das hochwertige Geh\u00e4use aus Aluminiumlegierung liegt perfekt in der Hand. Mit dem Premium-Fokuslicht k\u00f6nnen Sie das Licht bis zu 2000-fache zoomen. Aufgrund des IP4-Ratings ist sie wetterfest und kann daher problemlos nach drau\u00dfen getragen werden. Die leistungsstarke Gl\u00fchbirne erzeugt bis zu 1000 Lumen und einen [&hellip;]<\/p>\n","protected":false},"featured_media":6959,"comment_status":"closed","ping_status":"closed","template":"","meta":{"_acf_changed":false,"_monsterinsights_skip_tracking":false,"_monsterinsights_sitenote_active":false,"_monsterinsights_sitenote_note":"","_monsterinsights_sitenote_category":0},"product_cat":[64],"product_tag":[],"class_list":["post-1223","product","type-product","status-publish","has-post-thumbnail","hentry","product_cat-taschenlampen","pa_color-black"],"acf":[],"yoast_head":"<!-- This site is optimized with the Yoast SEO plugin v27.0 - https:\/\/yoast.com\/product\/yoast-seo-wordpress\/ -->\n<title>Wiederaufladbare USB Taschenlampe, schwarz - Gear X Tools<\/title>\n<meta name=\"robots\" content=\"index, follow, max-snippet:-1, max-image-preview:large, max-video-preview:-1\" \/>\n<link rel=\"canonical\" href=\"https:\/\/gearxtools.com\/de\/wiederaufladbare-usb-taschenlampe-schwarz\/\" \/>\n<meta property=\"og:locale\" content=\"de_DE\" \/>\n<meta property=\"og:type\" content=\"article\" \/>\n<meta property=\"og:title\" content=\"Wiederaufladbare USB Taschenlampe, schwarz - Gear X Tools\" \/>\n<meta property=\"og:description\" content=\"Funktionalit\u00e4t, Leistung und Design vereinen sich in dieser wiederaufladbaren Taschenlampe. Das hochwertige Geh\u00e4use aus Aluminiumlegierung liegt perfekt in der Hand. Mit dem Premium-Fokuslicht k\u00f6nnen Sie das Licht bis zu 2000-fache zoomen. Aufgrund des IP4-Ratings ist sie wetterfest und kann daher problemlos nach drau\u00dfen getragen werden. Die leistungsstarke Gl\u00fchbirne erzeugt bis zu 1000 Lumen und einen [&hellip;]\" \/>\n<meta property=\"og:url\" content=\"https:\/\/gearxtools.com\/de\/wiederaufladbare-usb-taschenlampe-schwarz\/\" \/>\n<meta property=\"og:site_name\" content=\"Gear X Tools\" \/>\n<meta property=\"article:modified_time\" content=\"2026-04-16T01:04:20+00:00\" \/>\n<meta property=\"og:image\" content=\"https:\/\/gearxtools.com\/wp-content\/uploads\/sites\/8\/2026\/04\/P513.851__S_0__8410a2dff25346aa888209e88670fb0e.jpg\" \/>\n\t<meta property=\"og:image:width\" content=\"1024\" \/>\n\t<meta property=\"og:image:height\" content=\"1024\" \/>\n\t<meta property=\"og:image:type\" content=\"image\/jpeg\" \/>\n<meta name=\"twitter:card\" content=\"summary_large_image\" \/>\n<meta name=\"twitter:label1\" content=\"Gesch\u00e4tzte Lesezeit\" \/>\n\t<meta name=\"twitter:data1\" content=\"1\u00a0Minute\" \/>\n<script type=\"application\/ld+json\" class=\"yoast-schema-graph\">{\"@context\":\"https:\/\/schema.org\",\"@graph\":[{\"@type\":\"WebPage\",\"@id\":\"https:\/\/gearxtools.com\/de\/wiederaufladbare-usb-taschenlampe-schwarz\/\",\"url\":\"https:\/\/gearxtools.com\/de\/wiederaufladbare-usb-taschenlampe-schwarz\/\",\"name\":\"Wiederaufladbare USB Taschenlampe, schwarz - Gear X Tools\",\"isPartOf\":{\"@id\":\"https:\/\/gearxtools.com\/de\/#website\"},\"primaryImageOfPage\":{\"@id\":\"https:\/\/gearxtools.com\/de\/wiederaufladbare-usb-taschenlampe-schwarz\/#primaryimage\"},\"image\":{\"@id\":\"https:\/\/gearxtools.com\/de\/wiederaufladbare-usb-taschenlampe-schwarz\/#primaryimage\"},\"thumbnailUrl\":\"https:\/\/gearxtools.com\/wp-content\/uploads\/sites\/8\/2026\/04\/P513.851__S_0__8410a2dff25346aa888209e88670fb0e.jpg\",\"datePublished\":\"2023-03-16T15:54:11+00:00\",\"dateModified\":\"2026-04-16T01:04:20+00:00\",\"breadcrumb\":{\"@id\":\"https:\/\/gearxtools.com\/de\/wiederaufladbare-usb-taschenlampe-schwarz\/#breadcrumb\"},\"inLanguage\":\"de\",\"potentialAction\":[{\"@type\":\"ReadAction\",\"target\":[\"https:\/\/gearxtools.com\/de\/wiederaufladbare-usb-taschenlampe-schwarz\/\"]}]},{\"@type\":\"ImageObject\",\"inLanguage\":\"de\",\"@id\":\"https:\/\/gearxtools.com\/de\/wiederaufladbare-usb-taschenlampe-schwarz\/#primaryimage\",\"url\":\"https:\/\/gearxtools.com\/wp-content\/uploads\/sites\/8\/2026\/04\/P513.851__S_0__8410a2dff25346aa888209e88670fb0e.jpg\",\"contentUrl\":\"https:\/\/gearxtools.com\/wp-content\/uploads\/sites\/8\/2026\/04\/P513.851__S_0__8410a2dff25346aa888209e88670fb0e.jpg\",\"width\":1024,\"height\":1024},{\"@type\":\"BreadcrumbList\",\"@id\":\"https:\/\/gearxtools.com\/de\/wiederaufladbare-usb-taschenlampe-schwarz\/#breadcrumb\",\"itemListElement\":[{\"@type\":\"ListItem\",\"position\":1,\"name\":\"Home\",\"item\":\"https:\/\/gearxtools.com\/de\/\"},{\"@type\":\"ListItem\",\"position\":2,\"name\":\"Kollektion\",\"item\":\"https:\/\/gearxtools.com\/de\/kollektion\/\"},{\"@type\":\"ListItem\",\"position\":3,\"name\":\"Wiederaufladbare USB Taschenlampe, schwarz\"}]},{\"@type\":\"WebSite\",\"@id\":\"https:\/\/gearxtools.com\/de\/#website\",\"url\":\"https:\/\/gearxtools.com\/de\/\",\"name\":\"Gear X Tools\",\"description\":\"Gear X always there when you need it\",\"potentialAction\":[{\"@type\":\"SearchAction\",\"target\":{\"@type\":\"EntryPoint\",\"urlTemplate\":\"https:\/\/gearxtools.com\/de\/?s={search_term_string}\"},\"query-input\":{\"@type\":\"PropertyValueSpecification\",\"valueRequired\":true,\"valueName\":\"search_term_string\"}}],\"inLanguage\":\"de\"}]}<\/script>\n<!-- \/ Yoast SEO plugin. -->","yoast_head_json":{"title":"Wiederaufladbare USB Taschenlampe, schwarz - Gear X Tools","robots":{"index":"index","follow":"follow","max-snippet":"max-snippet:-1","max-image-preview":"max-image-preview:large","max-video-preview":"max-video-preview:-1"},"canonical":"https:\/\/gearxtools.com\/de\/wiederaufladbare-usb-taschenlampe-schwarz\/","og_locale":"de_DE","og_type":"article","og_title":"Wiederaufladbare USB Taschenlampe, schwarz - Gear X Tools","og_description":"Funktionalit\u00e4t, Leistung und Design vereinen sich in dieser wiederaufladbaren Taschenlampe. Das hochwertige Geh\u00e4use aus Aluminiumlegierung liegt perfekt in der Hand. Mit dem Premium-Fokuslicht k\u00f6nnen Sie das Licht bis zu 2000-fache zoomen. Aufgrund des IP4-Ratings ist sie wetterfest und kann daher problemlos nach drau\u00dfen getragen werden. Die leistungsstarke Gl\u00fchbirne erzeugt bis zu 1000 Lumen und einen [&hellip;]","og_url":"https:\/\/gearxtools.com\/de\/wiederaufladbare-usb-taschenlampe-schwarz\/","og_site_name":"Gear X Tools","article_modified_time":"2026-04-16T01:04:20+00:00","og_image":[{"width":1024,"height":1024,"url":"https:\/\/gearxtools.com\/wp-content\/uploads\/sites\/8\/2026\/04\/P513.851__S_0__8410a2dff25346aa888209e88670fb0e.jpg","type":"image\/jpeg"}],"twitter_card":"summary_large_image","twitter_misc":{"Gesch\u00e4tzte Lesezeit":"1\u00a0Minute"},"schema":{"@context":"https:\/\/schema.org","@graph":[{"@type":"WebPage","@id":"https:\/\/gearxtools.com\/de\/wiederaufladbare-usb-taschenlampe-schwarz\/","url":"https:\/\/gearxtools.com\/de\/wiederaufladbare-usb-taschenlampe-schwarz\/","name":"Wiederaufladbare USB Taschenlampe, schwarz - Gear X Tools","isPartOf":{"@id":"https:\/\/gearxtools.com\/de\/#website"},"primaryImageOfPage":{"@id":"https:\/\/gearxtools.com\/de\/wiederaufladbare-usb-taschenlampe-schwarz\/#primaryimage"},"image":{"@id":"https:\/\/gearxtools.com\/de\/wiederaufladbare-usb-taschenlampe-schwarz\/#primaryimage"},"thumbnailUrl":"https:\/\/gearxtools.com\/wp-content\/uploads\/sites\/8\/2026\/04\/P513.851__S_0__8410a2dff25346aa888209e88670fb0e.jpg","datePublished":"2023-03-16T15:54:11+00:00","dateModified":"2026-04-16T01:04:20+00:00","breadcrumb":{"@id":"https:\/\/gearxtools.com\/de\/wiederaufladbare-usb-taschenlampe-schwarz\/#breadcrumb"},"inLanguage":"de","potentialAction":[{"@type":"ReadAction","target":["https:\/\/gearxtools.com\/de\/wiederaufladbare-usb-taschenlampe-schwarz\/"]}]},{"@type":"ImageObject","inLanguage":"de","@id":"https:\/\/gearxtools.com\/de\/wiederaufladbare-usb-taschenlampe-schwarz\/#primaryimage","url":"https:\/\/gearxtools.com\/wp-content\/uploads\/sites\/8\/2026\/04\/P513.851__S_0__8410a2dff25346aa888209e88670fb0e.jpg","contentUrl":"https:\/\/gearxtools.com\/wp-content\/uploads\/sites\/8\/2026\/04\/P513.851__S_0__8410a2dff25346aa888209e88670fb0e.jpg","width":1024,"height":1024},{"@type":"BreadcrumbList","@id":"https:\/\/gearxtools.com\/de\/wiederaufladbare-usb-taschenlampe-schwarz\/#breadcrumb","itemListElement":[{"@type":"ListItem","position":1,"name":"Home","item":"https:\/\/gearxtools.com\/de\/"},{"@type":"ListItem","position":2,"name":"Kollektion","item":"https:\/\/gearxtools.com\/de\/kollektion\/"},{"@type":"ListItem","position":3,"name":"Wiederaufladbare USB Taschenlampe, schwarz"}]},{"@type":"WebSite","@id":"https:\/\/gearxtools.com\/de\/#website","url":"https:\/\/gearxtools.com\/de\/","name":"Gear X Tools","description":"Gear X always there when you need it","potentialAction":[{"@type":"SearchAction","target":{"@type":"EntryPoint","urlTemplate":"https:\/\/gearxtools.com\/de\/?s={search_term_string}"},"query-input":{"@type":"PropertyValueSpecification","valueRequired":true,"valueName":"search_term_string"}}],"inLanguage":"de"}]}},"aioseo_notices":[],"_links":{"self":[{"href":"https:\/\/gearxtools.com\/de\/wp-json\/wp\/v2\/product\/1223","targetHints":{"allow":["GET"]}}],"collection":[{"href":"https:\/\/gearxtools.com\/de\/wp-json\/wp\/v2\/product"}],"about":[{"href":"https:\/\/gearxtools.com\/de\/wp-json\/wp\/v2\/types\/product"}],"replies":[{"embeddable":true,"href":"https:\/\/gearxtools.com\/de\/wp-json\/wp\/v2\/comments?post=1223"}],"wp:featuredmedia":[{"embeddable":true,"href":"https:\/\/gearxtools.com\/de\/wp-json\/wp\/v2\/media\/6959"}],"wp:attachment":[{"href":"https:\/\/gearxtools.com\/de\/wp-json\/wp\/v2\/media?parent=1223"}],"wp:term":[{"taxonomy":"product_cat","embeddable":true,"href":"https:\/\/gearxtools.com\/de\/wp-json\/wp\/v2\/product_cat?post=1223"},{"taxonomy":"product_tag","embeddable":true,"href":"https:\/\/gearxtools.com\/de\/wp-json\/wp\/v2\/product_tag?post=1223"}],"curies":[{"name":"wp","href":"https:\/\/api.w.org\/{rel}","templated":true}]}}