{"id":2054,"date":"2023-08-09T00:04:06","date_gmt":"2023-08-09T00:04:06","guid":{"rendered":"https:\/\/gearxtools.com\/gear-x-taschenlampe-aus-rcs-recycelt-aluminium-mit-usb-akku-schwarz\/"},"modified":"2026-03-12T02:04:23","modified_gmt":"2026-03-12T02:04:23","slug":"gear-x-taschenlampe-aus-rcs-recycelt-aluminium-mit-usb-akku-schwarz","status":"publish","type":"product","link":"https:\/\/gearxtools.com\/de\/gear-x-taschenlampe-aus-rcs-recycelt-aluminium-mit-usb-akku-schwarz\/","title":{"rendered":"Taschenlampe aus RCS recycelt. Aluminium mit USB-Akku, schwa"},"content":{"rendered":"<p>Funktionalit\u00e4t, Leistung und Design vereinen sich in dieser wiederaufladbaren 3W-Taschenlampe aus RCS-zertifiziert recyceltem Aluminium. Gesamter recycelter Inhalt: 20%, bezogen auf das Gesamtgewicht des Artikels. Die RCS-Zertifizierung gew\u00e4hrleistet eine vollst\u00e4ndig zertifizierte Lieferkette f\u00fcr die recycelten Materialien. Dank ihrer IP4-Zertifizierung ist sie wetterfest. Die Gl\u00fchbirne erzeugt bis zu 100 Lumen und einen Lichtstrahl, der bis zu 100m weit reicht. Die Taschenlampe wird mit einer wiederaufladbaren A-Grade Batterie betrieben, so dass kein Batterie-Austausch n\u00f6tig ist. Das Aufladen erfolgt einfach \u00fcber eine USB-Buchse und das mitgelieferte RCS recycelte Type-C-Kabel. Die Lampe verf\u00fcgt \u00fcber 5 Modi inkl. SOS-Funktion. Der 500mah-Akku erm\u00f6glicht eine Betriebsdauer von bis zu 4h mit einer einzigen Ladung. Aluminium verliert im Recyclingprozess nicht seine Eigenschaften und kann endlos recycelt werden. Artikel &amp; Zubeh\u00f6r 100% PVC-frei. Verpackt in FSC-Mix-Verpackung.<\/p>\n","protected":false},"excerpt":{"rendered":"<p>Funktionalit\u00e4t, Leistung und Design vereinen sich in dieser wiederaufladbaren 3W-Taschenlampe aus RCS-zertifiziert recyceltem Aluminium. Gesamter recycelter Inhalt: 20%, bezogen auf das Gesamtgewicht des Artikels. Die RCS-Zertifizierung gew\u00e4hrleistet eine vollst\u00e4ndig zertifizierte Lieferkette f\u00fcr die recycelten Materialien. Dank ihrer IP4-Zertifizierung ist sie wetterfest. Die Gl\u00fchbirne erzeugt bis zu 100 Lumen und einen Lichtstrahl, der bis zu 100m [&hellip;]<\/p>\n","protected":false},"featured_media":6333,"comment_status":"closed","ping_status":"closed","template":"","meta":{"_acf_changed":false,"_monsterinsights_skip_tracking":false,"_monsterinsights_sitenote_active":false,"_monsterinsights_sitenote_note":"","_monsterinsights_sitenote_category":0},"product_cat":[64],"product_tag":[],"class_list":["post-2054","product","type-product","status-publish","has-post-thumbnail","hentry","product_cat-taschenlampen","pa_color-black"],"acf":[],"yoast_head":"<!-- This site is optimized with the Yoast SEO plugin v27.0 - https:\/\/yoast.com\/product\/yoast-seo-wordpress\/ -->\n<title>Taschenlampe aus RCS recycelt. Aluminium mit USB-Akku, schwa - Gear X Tools<\/title>\n<meta name=\"robots\" content=\"index, follow, max-snippet:-1, max-image-preview:large, max-video-preview:-1\" \/>\n<link rel=\"canonical\" href=\"https:\/\/gearxtools.com\/de\/gear-x-taschenlampe-aus-rcs-recycelt-aluminium-mit-usb-akku-schwarz\/\" \/>\n<meta property=\"og:locale\" content=\"de_DE\" \/>\n<meta property=\"og:type\" content=\"article\" \/>\n<meta property=\"og:title\" content=\"Taschenlampe aus RCS recycelt. Aluminium mit USB-Akku, schwa - Gear X Tools\" \/>\n<meta property=\"og:description\" content=\"Funktionalit\u00e4t, Leistung und Design vereinen sich in dieser wiederaufladbaren 3W-Taschenlampe aus RCS-zertifiziert recyceltem Aluminium. Gesamter recycelter Inhalt: 20%, bezogen auf das Gesamtgewicht des Artikels. Die RCS-Zertifizierung gew\u00e4hrleistet eine vollst\u00e4ndig zertifizierte Lieferkette f\u00fcr die recycelten Materialien. Dank ihrer IP4-Zertifizierung ist sie wetterfest. Die Gl\u00fchbirne erzeugt bis zu 100 Lumen und einen Lichtstrahl, der bis zu 100m [&hellip;]\" \/>\n<meta property=\"og:url\" content=\"https:\/\/gearxtools.com\/de\/gear-x-taschenlampe-aus-rcs-recycelt-aluminium-mit-usb-akku-schwarz\/\" \/>\n<meta property=\"og:site_name\" content=\"Gear X Tools\" \/>\n<meta property=\"article:modified_time\" content=\"2026-03-12T02:04:23+00:00\" \/>\n<meta property=\"og:image\" content=\"https:\/\/gearxtools.com\/wp-content\/uploads\/sites\/8\/2024\/11\/P513.901__S_0__6138225a55c4424b89bc60306882505d.jpg\" \/>\n\t<meta property=\"og:image:width\" content=\"1024\" \/>\n\t<meta property=\"og:image:height\" content=\"1024\" \/>\n\t<meta property=\"og:image:type\" content=\"image\/jpeg\" \/>\n<meta name=\"twitter:card\" content=\"summary_large_image\" \/>\n<meta name=\"twitter:label1\" content=\"Gesch\u00e4tzte Lesezeit\" \/>\n\t<meta name=\"twitter:data1\" content=\"1\u00a0Minute\" \/>\n<script type=\"application\/ld+json\" class=\"yoast-schema-graph\">{\"@context\":\"https:\/\/schema.org\",\"@graph\":[{\"@type\":\"WebPage\",\"@id\":\"https:\/\/gearxtools.com\/de\/gear-x-taschenlampe-aus-rcs-recycelt-aluminium-mit-usb-akku-schwarz\/\",\"url\":\"https:\/\/gearxtools.com\/de\/gear-x-taschenlampe-aus-rcs-recycelt-aluminium-mit-usb-akku-schwarz\/\",\"name\":\"Taschenlampe aus RCS recycelt. Aluminium mit USB-Akku, schwa - Gear X Tools\",\"isPartOf\":{\"@id\":\"https:\/\/gearxtools.com\/de\/#website\"},\"primaryImageOfPage\":{\"@id\":\"https:\/\/gearxtools.com\/de\/gear-x-taschenlampe-aus-rcs-recycelt-aluminium-mit-usb-akku-schwarz\/#primaryimage\"},\"image\":{\"@id\":\"https:\/\/gearxtools.com\/de\/gear-x-taschenlampe-aus-rcs-recycelt-aluminium-mit-usb-akku-schwarz\/#primaryimage\"},\"thumbnailUrl\":\"https:\/\/gearxtools.com\/wp-content\/uploads\/sites\/8\/2024\/11\/P513.901__S_0__6138225a55c4424b89bc60306882505d.jpg\",\"datePublished\":\"2023-08-09T00:04:06+00:00\",\"dateModified\":\"2026-03-12T02:04:23+00:00\",\"breadcrumb\":{\"@id\":\"https:\/\/gearxtools.com\/de\/gear-x-taschenlampe-aus-rcs-recycelt-aluminium-mit-usb-akku-schwarz\/#breadcrumb\"},\"inLanguage\":\"de\",\"potentialAction\":[{\"@type\":\"ReadAction\",\"target\":[\"https:\/\/gearxtools.com\/de\/gear-x-taschenlampe-aus-rcs-recycelt-aluminium-mit-usb-akku-schwarz\/\"]}]},{\"@type\":\"ImageObject\",\"inLanguage\":\"de\",\"@id\":\"https:\/\/gearxtools.com\/de\/gear-x-taschenlampe-aus-rcs-recycelt-aluminium-mit-usb-akku-schwarz\/#primaryimage\",\"url\":\"https:\/\/gearxtools.com\/wp-content\/uploads\/sites\/8\/2024\/11\/P513.901__S_0__6138225a55c4424b89bc60306882505d.jpg\",\"contentUrl\":\"https:\/\/gearxtools.com\/wp-content\/uploads\/sites\/8\/2024\/11\/P513.901__S_0__6138225a55c4424b89bc60306882505d.jpg\",\"width\":1024,\"height\":1024},{\"@type\":\"BreadcrumbList\",\"@id\":\"https:\/\/gearxtools.com\/de\/gear-x-taschenlampe-aus-rcs-recycelt-aluminium-mit-usb-akku-schwarz\/#breadcrumb\",\"itemListElement\":[{\"@type\":\"ListItem\",\"position\":1,\"name\":\"Home\",\"item\":\"https:\/\/gearxtools.com\/de\/\"},{\"@type\":\"ListItem\",\"position\":2,\"name\":\"Kollektion\",\"item\":\"https:\/\/gearxtools.com\/de\/kollektion\/\"},{\"@type\":\"ListItem\",\"position\":3,\"name\":\"Taschenlampe aus RCS recycelt. Aluminium mit USB-Akku, schwa\"}]},{\"@type\":\"WebSite\",\"@id\":\"https:\/\/gearxtools.com\/de\/#website\",\"url\":\"https:\/\/gearxtools.com\/de\/\",\"name\":\"Gear X Tools\",\"description\":\"Gear X always there when you need it\",\"potentialAction\":[{\"@type\":\"SearchAction\",\"target\":{\"@type\":\"EntryPoint\",\"urlTemplate\":\"https:\/\/gearxtools.com\/de\/?s={search_term_string}\"},\"query-input\":{\"@type\":\"PropertyValueSpecification\",\"valueRequired\":true,\"valueName\":\"search_term_string\"}}],\"inLanguage\":\"de\"}]}<\/script>\n<!-- \/ Yoast SEO plugin. -->","yoast_head_json":{"title":"Taschenlampe aus RCS recycelt. Aluminium mit USB-Akku, schwa - Gear X Tools","robots":{"index":"index","follow":"follow","max-snippet":"max-snippet:-1","max-image-preview":"max-image-preview:large","max-video-preview":"max-video-preview:-1"},"canonical":"https:\/\/gearxtools.com\/de\/gear-x-taschenlampe-aus-rcs-recycelt-aluminium-mit-usb-akku-schwarz\/","og_locale":"de_DE","og_type":"article","og_title":"Taschenlampe aus RCS recycelt. Aluminium mit USB-Akku, schwa - Gear X Tools","og_description":"Funktionalit\u00e4t, Leistung und Design vereinen sich in dieser wiederaufladbaren 3W-Taschenlampe aus RCS-zertifiziert recyceltem Aluminium. Gesamter recycelter Inhalt: 20%, bezogen auf das Gesamtgewicht des Artikels. Die RCS-Zertifizierung gew\u00e4hrleistet eine vollst\u00e4ndig zertifizierte Lieferkette f\u00fcr die recycelten Materialien. Dank ihrer IP4-Zertifizierung ist sie wetterfest. Die Gl\u00fchbirne erzeugt bis zu 100 Lumen und einen Lichtstrahl, der bis zu 100m [&hellip;]","og_url":"https:\/\/gearxtools.com\/de\/gear-x-taschenlampe-aus-rcs-recycelt-aluminium-mit-usb-akku-schwarz\/","og_site_name":"Gear X Tools","article_modified_time":"2026-03-12T02:04:23+00:00","og_image":[{"width":1024,"height":1024,"url":"https:\/\/gearxtools.com\/wp-content\/uploads\/sites\/8\/2024\/11\/P513.901__S_0__6138225a55c4424b89bc60306882505d.jpg","type":"image\/jpeg"}],"twitter_card":"summary_large_image","twitter_misc":{"Gesch\u00e4tzte Lesezeit":"1\u00a0Minute"},"schema":{"@context":"https:\/\/schema.org","@graph":[{"@type":"WebPage","@id":"https:\/\/gearxtools.com\/de\/gear-x-taschenlampe-aus-rcs-recycelt-aluminium-mit-usb-akku-schwarz\/","url":"https:\/\/gearxtools.com\/de\/gear-x-taschenlampe-aus-rcs-recycelt-aluminium-mit-usb-akku-schwarz\/","name":"Taschenlampe aus RCS recycelt. Aluminium mit USB-Akku, schwa - Gear X Tools","isPartOf":{"@id":"https:\/\/gearxtools.com\/de\/#website"},"primaryImageOfPage":{"@id":"https:\/\/gearxtools.com\/de\/gear-x-taschenlampe-aus-rcs-recycelt-aluminium-mit-usb-akku-schwarz\/#primaryimage"},"image":{"@id":"https:\/\/gearxtools.com\/de\/gear-x-taschenlampe-aus-rcs-recycelt-aluminium-mit-usb-akku-schwarz\/#primaryimage"},"thumbnailUrl":"https:\/\/gearxtools.com\/wp-content\/uploads\/sites\/8\/2024\/11\/P513.901__S_0__6138225a55c4424b89bc60306882505d.jpg","datePublished":"2023-08-09T00:04:06+00:00","dateModified":"2026-03-12T02:04:23+00:00","breadcrumb":{"@id":"https:\/\/gearxtools.com\/de\/gear-x-taschenlampe-aus-rcs-recycelt-aluminium-mit-usb-akku-schwarz\/#breadcrumb"},"inLanguage":"de","potentialAction":[{"@type":"ReadAction","target":["https:\/\/gearxtools.com\/de\/gear-x-taschenlampe-aus-rcs-recycelt-aluminium-mit-usb-akku-schwarz\/"]}]},{"@type":"ImageObject","inLanguage":"de","@id":"https:\/\/gearxtools.com\/de\/gear-x-taschenlampe-aus-rcs-recycelt-aluminium-mit-usb-akku-schwarz\/#primaryimage","url":"https:\/\/gearxtools.com\/wp-content\/uploads\/sites\/8\/2024\/11\/P513.901__S_0__6138225a55c4424b89bc60306882505d.jpg","contentUrl":"https:\/\/gearxtools.com\/wp-content\/uploads\/sites\/8\/2024\/11\/P513.901__S_0__6138225a55c4424b89bc60306882505d.jpg","width":1024,"height":1024},{"@type":"BreadcrumbList","@id":"https:\/\/gearxtools.com\/de\/gear-x-taschenlampe-aus-rcs-recycelt-aluminium-mit-usb-akku-schwarz\/#breadcrumb","itemListElement":[{"@type":"ListItem","position":1,"name":"Home","item":"https:\/\/gearxtools.com\/de\/"},{"@type":"ListItem","position":2,"name":"Kollektion","item":"https:\/\/gearxtools.com\/de\/kollektion\/"},{"@type":"ListItem","position":3,"name":"Taschenlampe aus RCS recycelt. Aluminium mit USB-Akku, schwa"}]},{"@type":"WebSite","@id":"https:\/\/gearxtools.com\/de\/#website","url":"https:\/\/gearxtools.com\/de\/","name":"Gear X Tools","description":"Gear X always there when you need it","potentialAction":[{"@type":"SearchAction","target":{"@type":"EntryPoint","urlTemplate":"https:\/\/gearxtools.com\/de\/?s={search_term_string}"},"query-input":{"@type":"PropertyValueSpecification","valueRequired":true,"valueName":"search_term_string"}}],"inLanguage":"de"}]}},"aioseo_notices":[],"_links":{"self":[{"href":"https:\/\/gearxtools.com\/de\/wp-json\/wp\/v2\/product\/2054","targetHints":{"allow":["GET"]}}],"collection":[{"href":"https:\/\/gearxtools.com\/de\/wp-json\/wp\/v2\/product"}],"about":[{"href":"https:\/\/gearxtools.com\/de\/wp-json\/wp\/v2\/types\/product"}],"replies":[{"embeddable":true,"href":"https:\/\/gearxtools.com\/de\/wp-json\/wp\/v2\/comments?post=2054"}],"wp:featuredmedia":[{"embeddable":true,"href":"https:\/\/gearxtools.com\/de\/wp-json\/wp\/v2\/media\/6333"}],"wp:attachment":[{"href":"https:\/\/gearxtools.com\/de\/wp-json\/wp\/v2\/media?parent=2054"}],"wp:term":[{"taxonomy":"product_cat","embeddable":true,"href":"https:\/\/gearxtools.com\/de\/wp-json\/wp\/v2\/product_cat?post=2054"},{"taxonomy":"product_tag","embeddable":true,"href":"https:\/\/gearxtools.com\/de\/wp-json\/wp\/v2\/product_tag?post=2054"}],"curies":[{"name":"wp","href":"https:\/\/api.w.org\/{rel}","templated":true}]}}