{"id":3483,"date":"2024-01-03T01:02:09","date_gmt":"2024-01-03T01:02:09","guid":{"rendered":"https:\/\/gearxtools.com\/gear-x-30m-lasermessgeraet-aus-rcs-recyceltem-aluminum-schwarz\/"},"modified":"2026-03-12T02:04:11","modified_gmt":"2026-03-12T02:04:11","slug":"gear-x-30m-lasermessgeraet-aus-rcs-recyceltem-aluminum-schwarz","status":"publish","type":"product","link":"https:\/\/gearxtools.com\/de\/gear-x-30m-lasermessgeraet-aus-rcs-recyceltem-aluminum-schwarz\/","title":{"rendered":"30m Lasermessger\u00e4t aus RCS recyceltem Aluminum, schwarz"},"content":{"rendered":"<p>Dieses wiederaufladbare 30-Meter-Lasermessger\u00e4t aus RCS-zertifiziert recyceltem Aluminium vereint Funktionalit\u00e4t, Material und Design in sich. Recycelter Anteil insgesamt: 22%, bezogen auf das Gesamtgewicht des Artikels. Die RCS-Zertifizierung gew\u00e4hrleistet eine vollst\u00e4ndig zertifizierte Lieferkette f\u00fcr die recycelten Materialien.  Das Lasermessger\u00e4t ist mit einer wiederaufladbaren 250mAh-A-Grade Batterie ausgestattet, so dass die Batterien nicht ausgetauscht werden m\u00fcssen. Einfach \u00fcber eine USB-Buchse und das mitgelieferte RCS-zertifiziert recycelte Type-C-Kabel aufladen. Laser der Klasse 2. Reaktionszeit 0,1 Sekunde. Das Messsystem kann auf Meter\/Inch\/Fu\u00df eingestellt werden. Laserfarbe: rot. Mit akustischer Erinnerung, wenn die Messung abgeschlossen ist. Type-C-Input, 5V\/1A. Verkauf in die Schweiz nicht m\u00f6glich.<\/p>\n","protected":false},"excerpt":{"rendered":"<p>Dieses wiederaufladbare 30-Meter-Lasermessger\u00e4t aus RCS-zertifiziert recyceltem Aluminium vereint Funktionalit\u00e4t, Material und Design in sich. Recycelter Anteil insgesamt: 22%, bezogen auf das Gesamtgewicht des Artikels. Die RCS-Zertifizierung gew\u00e4hrleistet eine vollst\u00e4ndig zertifizierte Lieferkette f\u00fcr die recycelten Materialien. Das Lasermessger\u00e4t ist mit einer wiederaufladbaren 250mAh-A-Grade Batterie ausgestattet, so dass die Batterien nicht ausgetauscht werden m\u00fcssen. Einfach \u00fcber eine [&hellip;]<\/p>\n","protected":false},"featured_media":4006,"comment_status":"closed","ping_status":"closed","template":"","meta":{"_acf_changed":false,"_monsterinsights_skip_tracking":false,"_monsterinsights_sitenote_active":false,"_monsterinsights_sitenote_note":"","_monsterinsights_sitenote_category":0},"product_cat":[52],"product_tag":[],"class_list":["post-3483","product","type-product","status-publish","has-post-thumbnail","hentry","product_cat-messen-de","pa_color-black"],"acf":[],"yoast_head":"<!-- This site is optimized with the Yoast SEO plugin v27.0 - https:\/\/yoast.com\/product\/yoast-seo-wordpress\/ -->\n<title>30m Lasermessger\u00e4t aus RCS recyceltem Aluminum, schwarz - Gear X Tools<\/title>\n<meta name=\"robots\" content=\"index, follow, max-snippet:-1, max-image-preview:large, max-video-preview:-1\" \/>\n<link rel=\"canonical\" href=\"https:\/\/gearxtools.com\/de\/gear-x-30m-lasermessgeraet-aus-rcs-recyceltem-aluminum-schwarz\/\" \/>\n<meta property=\"og:locale\" content=\"de_DE\" \/>\n<meta property=\"og:type\" content=\"article\" \/>\n<meta property=\"og:title\" content=\"30m Lasermessger\u00e4t aus RCS recyceltem Aluminum, schwarz - Gear X Tools\" \/>\n<meta property=\"og:description\" content=\"Dieses wiederaufladbare 30-Meter-Lasermessger\u00e4t aus RCS-zertifiziert recyceltem Aluminium vereint Funktionalit\u00e4t, Material und Design in sich. Recycelter Anteil insgesamt: 22%, bezogen auf das Gesamtgewicht des Artikels. Die RCS-Zertifizierung gew\u00e4hrleistet eine vollst\u00e4ndig zertifizierte Lieferkette f\u00fcr die recycelten Materialien. Das Lasermessger\u00e4t ist mit einer wiederaufladbaren 250mAh-A-Grade Batterie ausgestattet, so dass die Batterien nicht ausgetauscht werden m\u00fcssen. Einfach \u00fcber eine [&hellip;]\" \/>\n<meta property=\"og:url\" content=\"https:\/\/gearxtools.com\/de\/gear-x-30m-lasermessgeraet-aus-rcs-recyceltem-aluminum-schwarz\/\" \/>\n<meta property=\"og:site_name\" content=\"Gear X Tools\" \/>\n<meta property=\"article:modified_time\" content=\"2026-03-12T02:04:11+00:00\" \/>\n<meta property=\"og:image\" content=\"https:\/\/gearxtools.com\/wp-content\/uploads\/sites\/8\/2024\/02\/P113.501__S_0__a730d39b2350480db526caf40c4b4a12.jpg\" \/>\n\t<meta property=\"og:image:width\" content=\"1024\" \/>\n\t<meta property=\"og:image:height\" content=\"1024\" \/>\n\t<meta property=\"og:image:type\" content=\"image\/jpeg\" \/>\n<meta name=\"twitter:card\" content=\"summary_large_image\" \/>\n<meta name=\"twitter:label1\" content=\"Gesch\u00e4tzte Lesezeit\" \/>\n\t<meta name=\"twitter:data1\" content=\"1\u00a0Minute\" \/>\n<script type=\"application\/ld+json\" class=\"yoast-schema-graph\">{\"@context\":\"https:\/\/schema.org\",\"@graph\":[{\"@type\":\"WebPage\",\"@id\":\"https:\/\/gearxtools.com\/de\/gear-x-30m-lasermessgeraet-aus-rcs-recyceltem-aluminum-schwarz\/\",\"url\":\"https:\/\/gearxtools.com\/de\/gear-x-30m-lasermessgeraet-aus-rcs-recyceltem-aluminum-schwarz\/\",\"name\":\"30m Lasermessger\u00e4t aus RCS recyceltem Aluminum, schwarz - Gear X Tools\",\"isPartOf\":{\"@id\":\"https:\/\/gearxtools.com\/de\/#website\"},\"primaryImageOfPage\":{\"@id\":\"https:\/\/gearxtools.com\/de\/gear-x-30m-lasermessgeraet-aus-rcs-recyceltem-aluminum-schwarz\/#primaryimage\"},\"image\":{\"@id\":\"https:\/\/gearxtools.com\/de\/gear-x-30m-lasermessgeraet-aus-rcs-recyceltem-aluminum-schwarz\/#primaryimage\"},\"thumbnailUrl\":\"https:\/\/gearxtools.com\/wp-content\/uploads\/sites\/8\/2024\/02\/P113.501__S_0__a730d39b2350480db526caf40c4b4a12.jpg\",\"datePublished\":\"2024-01-03T01:02:09+00:00\",\"dateModified\":\"2026-03-12T02:04:11+00:00\",\"breadcrumb\":{\"@id\":\"https:\/\/gearxtools.com\/de\/gear-x-30m-lasermessgeraet-aus-rcs-recyceltem-aluminum-schwarz\/#breadcrumb\"},\"inLanguage\":\"de\",\"potentialAction\":[{\"@type\":\"ReadAction\",\"target\":[\"https:\/\/gearxtools.com\/de\/gear-x-30m-lasermessgeraet-aus-rcs-recyceltem-aluminum-schwarz\/\"]}]},{\"@type\":\"ImageObject\",\"inLanguage\":\"de\",\"@id\":\"https:\/\/gearxtools.com\/de\/gear-x-30m-lasermessgeraet-aus-rcs-recyceltem-aluminum-schwarz\/#primaryimage\",\"url\":\"https:\/\/gearxtools.com\/wp-content\/uploads\/sites\/8\/2024\/02\/P113.501__S_0__a730d39b2350480db526caf40c4b4a12.jpg\",\"contentUrl\":\"https:\/\/gearxtools.com\/wp-content\/uploads\/sites\/8\/2024\/02\/P113.501__S_0__a730d39b2350480db526caf40c4b4a12.jpg\",\"width\":1024,\"height\":1024},{\"@type\":\"BreadcrumbList\",\"@id\":\"https:\/\/gearxtools.com\/de\/gear-x-30m-lasermessgeraet-aus-rcs-recyceltem-aluminum-schwarz\/#breadcrumb\",\"itemListElement\":[{\"@type\":\"ListItem\",\"position\":1,\"name\":\"Home\",\"item\":\"https:\/\/gearxtools.com\/de\/\"},{\"@type\":\"ListItem\",\"position\":2,\"name\":\"Kollektion\",\"item\":\"https:\/\/gearxtools.com\/de\/kollektion\/\"},{\"@type\":\"ListItem\",\"position\":3,\"name\":\"30m Lasermessger\u00e4t aus RCS recyceltem Aluminum, schwarz\"}]},{\"@type\":\"WebSite\",\"@id\":\"https:\/\/gearxtools.com\/de\/#website\",\"url\":\"https:\/\/gearxtools.com\/de\/\",\"name\":\"Gear X Tools\",\"description\":\"Gear X always there when you need it\",\"potentialAction\":[{\"@type\":\"SearchAction\",\"target\":{\"@type\":\"EntryPoint\",\"urlTemplate\":\"https:\/\/gearxtools.com\/de\/?s={search_term_string}\"},\"query-input\":{\"@type\":\"PropertyValueSpecification\",\"valueRequired\":true,\"valueName\":\"search_term_string\"}}],\"inLanguage\":\"de\"}]}<\/script>\n<!-- \/ Yoast SEO plugin. -->","yoast_head_json":{"title":"30m Lasermessger\u00e4t aus RCS recyceltem Aluminum, schwarz - Gear X Tools","robots":{"index":"index","follow":"follow","max-snippet":"max-snippet:-1","max-image-preview":"max-image-preview:large","max-video-preview":"max-video-preview:-1"},"canonical":"https:\/\/gearxtools.com\/de\/gear-x-30m-lasermessgeraet-aus-rcs-recyceltem-aluminum-schwarz\/","og_locale":"de_DE","og_type":"article","og_title":"30m Lasermessger\u00e4t aus RCS recyceltem Aluminum, schwarz - Gear X Tools","og_description":"Dieses wiederaufladbare 30-Meter-Lasermessger\u00e4t aus RCS-zertifiziert recyceltem Aluminium vereint Funktionalit\u00e4t, Material und Design in sich. Recycelter Anteil insgesamt: 22%, bezogen auf das Gesamtgewicht des Artikels. Die RCS-Zertifizierung gew\u00e4hrleistet eine vollst\u00e4ndig zertifizierte Lieferkette f\u00fcr die recycelten Materialien. Das Lasermessger\u00e4t ist mit einer wiederaufladbaren 250mAh-A-Grade Batterie ausgestattet, so dass die Batterien nicht ausgetauscht werden m\u00fcssen. Einfach \u00fcber eine [&hellip;]","og_url":"https:\/\/gearxtools.com\/de\/gear-x-30m-lasermessgeraet-aus-rcs-recyceltem-aluminum-schwarz\/","og_site_name":"Gear X Tools","article_modified_time":"2026-03-12T02:04:11+00:00","og_image":[{"width":1024,"height":1024,"url":"https:\/\/gearxtools.com\/wp-content\/uploads\/sites\/8\/2024\/02\/P113.501__S_0__a730d39b2350480db526caf40c4b4a12.jpg","type":"image\/jpeg"}],"twitter_card":"summary_large_image","twitter_misc":{"Gesch\u00e4tzte Lesezeit":"1\u00a0Minute"},"schema":{"@context":"https:\/\/schema.org","@graph":[{"@type":"WebPage","@id":"https:\/\/gearxtools.com\/de\/gear-x-30m-lasermessgeraet-aus-rcs-recyceltem-aluminum-schwarz\/","url":"https:\/\/gearxtools.com\/de\/gear-x-30m-lasermessgeraet-aus-rcs-recyceltem-aluminum-schwarz\/","name":"30m Lasermessger\u00e4t aus RCS recyceltem Aluminum, schwarz - Gear X Tools","isPartOf":{"@id":"https:\/\/gearxtools.com\/de\/#website"},"primaryImageOfPage":{"@id":"https:\/\/gearxtools.com\/de\/gear-x-30m-lasermessgeraet-aus-rcs-recyceltem-aluminum-schwarz\/#primaryimage"},"image":{"@id":"https:\/\/gearxtools.com\/de\/gear-x-30m-lasermessgeraet-aus-rcs-recyceltem-aluminum-schwarz\/#primaryimage"},"thumbnailUrl":"https:\/\/gearxtools.com\/wp-content\/uploads\/sites\/8\/2024\/02\/P113.501__S_0__a730d39b2350480db526caf40c4b4a12.jpg","datePublished":"2024-01-03T01:02:09+00:00","dateModified":"2026-03-12T02:04:11+00:00","breadcrumb":{"@id":"https:\/\/gearxtools.com\/de\/gear-x-30m-lasermessgeraet-aus-rcs-recyceltem-aluminum-schwarz\/#breadcrumb"},"inLanguage":"de","potentialAction":[{"@type":"ReadAction","target":["https:\/\/gearxtools.com\/de\/gear-x-30m-lasermessgeraet-aus-rcs-recyceltem-aluminum-schwarz\/"]}]},{"@type":"ImageObject","inLanguage":"de","@id":"https:\/\/gearxtools.com\/de\/gear-x-30m-lasermessgeraet-aus-rcs-recyceltem-aluminum-schwarz\/#primaryimage","url":"https:\/\/gearxtools.com\/wp-content\/uploads\/sites\/8\/2024\/02\/P113.501__S_0__a730d39b2350480db526caf40c4b4a12.jpg","contentUrl":"https:\/\/gearxtools.com\/wp-content\/uploads\/sites\/8\/2024\/02\/P113.501__S_0__a730d39b2350480db526caf40c4b4a12.jpg","width":1024,"height":1024},{"@type":"BreadcrumbList","@id":"https:\/\/gearxtools.com\/de\/gear-x-30m-lasermessgeraet-aus-rcs-recyceltem-aluminum-schwarz\/#breadcrumb","itemListElement":[{"@type":"ListItem","position":1,"name":"Home","item":"https:\/\/gearxtools.com\/de\/"},{"@type":"ListItem","position":2,"name":"Kollektion","item":"https:\/\/gearxtools.com\/de\/kollektion\/"},{"@type":"ListItem","position":3,"name":"30m Lasermessger\u00e4t aus RCS recyceltem Aluminum, schwarz"}]},{"@type":"WebSite","@id":"https:\/\/gearxtools.com\/de\/#website","url":"https:\/\/gearxtools.com\/de\/","name":"Gear X Tools","description":"Gear X always there when you need it","potentialAction":[{"@type":"SearchAction","target":{"@type":"EntryPoint","urlTemplate":"https:\/\/gearxtools.com\/de\/?s={search_term_string}"},"query-input":{"@type":"PropertyValueSpecification","valueRequired":true,"valueName":"search_term_string"}}],"inLanguage":"de"}]}},"aioseo_notices":[],"_links":{"self":[{"href":"https:\/\/gearxtools.com\/de\/wp-json\/wp\/v2\/product\/3483","targetHints":{"allow":["GET"]}}],"collection":[{"href":"https:\/\/gearxtools.com\/de\/wp-json\/wp\/v2\/product"}],"about":[{"href":"https:\/\/gearxtools.com\/de\/wp-json\/wp\/v2\/types\/product"}],"replies":[{"embeddable":true,"href":"https:\/\/gearxtools.com\/de\/wp-json\/wp\/v2\/comments?post=3483"}],"wp:featuredmedia":[{"embeddable":true,"href":"https:\/\/gearxtools.com\/de\/wp-json\/wp\/v2\/media\/4006"}],"wp:attachment":[{"href":"https:\/\/gearxtools.com\/de\/wp-json\/wp\/v2\/media?parent=3483"}],"wp:term":[{"taxonomy":"product_cat","embeddable":true,"href":"https:\/\/gearxtools.com\/de\/wp-json\/wp\/v2\/product_cat?post=3483"},{"taxonomy":"product_tag","embeddable":true,"href":"https:\/\/gearxtools.com\/de\/wp-json\/wp\/v2\/product_tag?post=3483"}],"curies":[{"name":"wp","href":"https:\/\/api.w.org\/{rel}","templated":true}]}}