{"id":3484,"date":"2024-01-03T01:02:09","date_gmt":"2024-01-03T01:02:09","guid":{"rendered":"https:\/\/gearxtools.com\/gear-x-56-tlg-praezisions-bit-set-aus-rcs-recyc-aluminium-schwarz\/"},"modified":"2026-04-16T01:04:12","modified_gmt":"2026-04-16T01:04:12","slug":"gear-x-56-tlg-praezisions-bit-set-aus-rcs-recyc-aluminium-schwarz","status":"publish","type":"product","link":"https:\/\/gearxtools.com\/de\/gear-x-56-tlg-praezisions-bit-set-aus-rcs-recyc-aluminium-schwarz\/","title":{"rendered":"46-tlg. Pr\u00e4zisions-Bit-Set aus RCS recyc. Aluminium, schwarz"},"content":{"rendered":"<p>Das ultimative Hochleistungs-Pr\u00e4zisions-Bit-Kit enth\u00e4lt wichtige Teile f\u00fcr die Reparatur von Handys, Tablets, PCs und anderen Ger\u00e4ten. Die Lebensdauer der meisten elektronischen Ger\u00e4te kann mit einer einfachen Reparatur, die oft in Online-Anleitungen zu finden ist, leicht verl\u00e4ngert werden. 46 Teile verpackt in einem Koffer aus RCS-zertifiziert recyceltem Aluminium. Gesamter recycelter Inhalt: 22% basierend auf dem Gesamtgewicht des Artikels. Die RCS-Zertifizierung gew\u00e4hrleistet eine vollst\u00e4ndig zertifizierte Lieferkette f\u00fcr die recycelten Materialien. Das Set enth\u00e4lt einen Schraubendrehergriff und eine Pinzette.  Die Bits werden magnetisch gehalten,  sind leicht zu platzieren und aus dem Koffer zu nehmen.<\/p>\n","protected":false},"excerpt":{"rendered":"<p>Das ultimative Hochleistungs-Pr\u00e4zisions-Bit-Kit enth\u00e4lt wichtige Teile f\u00fcr die Reparatur von Handys, Tablets, PCs und anderen Ger\u00e4ten. Die Lebensdauer der meisten elektronischen Ger\u00e4te kann mit einer einfachen Reparatur, die oft in Online-Anleitungen zu finden ist, leicht verl\u00e4ngert werden. 46 Teile verpackt in einem Koffer aus RCS-zertifiziert recyceltem Aluminium. Gesamter recycelter Inhalt: 22% basierend auf dem Gesamtgewicht [&hellip;]<\/p>\n","protected":false},"featured_media":6910,"comment_status":"closed","ping_status":"closed","template":"","meta":{"_acf_changed":false,"_monsterinsights_skip_tracking":false,"_monsterinsights_sitenote_active":false,"_monsterinsights_sitenote_note":"","_monsterinsights_sitenote_category":0},"product_cat":[58],"product_tag":[],"class_list":["post-3484","product","type-product","status-publish","has-post-thumbnail","hentry","product_cat-multitools","pa_color-black"],"acf":[],"yoast_head":"<!-- This site is optimized with the Yoast SEO plugin v27.0 - https:\/\/yoast.com\/product\/yoast-seo-wordpress\/ -->\n<title>46-tlg. Pr\u00e4zisions-Bit-Set aus RCS recyc. Aluminium, schwarz - Gear X Tools<\/title>\n<meta name=\"robots\" content=\"index, follow, max-snippet:-1, max-image-preview:large, max-video-preview:-1\" \/>\n<link rel=\"canonical\" href=\"https:\/\/gearxtools.com\/de\/gear-x-56-tlg-praezisions-bit-set-aus-rcs-recyc-aluminium-schwarz\/\" \/>\n<meta property=\"og:locale\" content=\"de_DE\" \/>\n<meta property=\"og:type\" content=\"article\" \/>\n<meta property=\"og:title\" content=\"46-tlg. Pr\u00e4zisions-Bit-Set aus RCS recyc. Aluminium, schwarz - Gear X Tools\" \/>\n<meta property=\"og:description\" content=\"Das ultimative Hochleistungs-Pr\u00e4zisions-Bit-Kit enth\u00e4lt wichtige Teile f\u00fcr die Reparatur von Handys, Tablets, PCs und anderen Ger\u00e4ten. Die Lebensdauer der meisten elektronischen Ger\u00e4te kann mit einer einfachen Reparatur, die oft in Online-Anleitungen zu finden ist, leicht verl\u00e4ngert werden. 46 Teile verpackt in einem Koffer aus RCS-zertifiziert recyceltem Aluminium. Gesamter recycelter Inhalt: 22% basierend auf dem Gesamtgewicht [&hellip;]\" \/>\n<meta property=\"og:url\" content=\"https:\/\/gearxtools.com\/de\/gear-x-56-tlg-praezisions-bit-set-aus-rcs-recyc-aluminium-schwarz\/\" \/>\n<meta property=\"og:site_name\" content=\"Gear X Tools\" \/>\n<meta property=\"article:modified_time\" content=\"2026-04-16T01:04:12+00:00\" \/>\n<meta property=\"og:image\" content=\"https:\/\/gearxtools.com\/wp-content\/uploads\/sites\/8\/2026\/04\/P221.261__S_0__abb7489ded334b16b6e110da05a1d5ed.jpg\" \/>\n\t<meta property=\"og:image:width\" content=\"1024\" \/>\n\t<meta property=\"og:image:height\" content=\"1024\" \/>\n\t<meta property=\"og:image:type\" content=\"image\/jpeg\" \/>\n<meta name=\"twitter:card\" content=\"summary_large_image\" \/>\n<script type=\"application\/ld+json\" class=\"yoast-schema-graph\">{\"@context\":\"https:\/\/schema.org\",\"@graph\":[{\"@type\":\"WebPage\",\"@id\":\"https:\/\/gearxtools.com\/de\/gear-x-56-tlg-praezisions-bit-set-aus-rcs-recyc-aluminium-schwarz\/\",\"url\":\"https:\/\/gearxtools.com\/de\/gear-x-56-tlg-praezisions-bit-set-aus-rcs-recyc-aluminium-schwarz\/\",\"name\":\"46-tlg. Pr\u00e4zisions-Bit-Set aus RCS recyc. Aluminium, schwarz - Gear X Tools\",\"isPartOf\":{\"@id\":\"https:\/\/gearxtools.com\/de\/#website\"},\"primaryImageOfPage\":{\"@id\":\"https:\/\/gearxtools.com\/de\/gear-x-56-tlg-praezisions-bit-set-aus-rcs-recyc-aluminium-schwarz\/#primaryimage\"},\"image\":{\"@id\":\"https:\/\/gearxtools.com\/de\/gear-x-56-tlg-praezisions-bit-set-aus-rcs-recyc-aluminium-schwarz\/#primaryimage\"},\"thumbnailUrl\":\"https:\/\/gearxtools.com\/wp-content\/uploads\/sites\/8\/2026\/04\/P221.261__S_0__abb7489ded334b16b6e110da05a1d5ed.jpg\",\"datePublished\":\"2024-01-03T01:02:09+00:00\",\"dateModified\":\"2026-04-16T01:04:12+00:00\",\"breadcrumb\":{\"@id\":\"https:\/\/gearxtools.com\/de\/gear-x-56-tlg-praezisions-bit-set-aus-rcs-recyc-aluminium-schwarz\/#breadcrumb\"},\"inLanguage\":\"de\",\"potentialAction\":[{\"@type\":\"ReadAction\",\"target\":[\"https:\/\/gearxtools.com\/de\/gear-x-56-tlg-praezisions-bit-set-aus-rcs-recyc-aluminium-schwarz\/\"]}]},{\"@type\":\"ImageObject\",\"inLanguage\":\"de\",\"@id\":\"https:\/\/gearxtools.com\/de\/gear-x-56-tlg-praezisions-bit-set-aus-rcs-recyc-aluminium-schwarz\/#primaryimage\",\"url\":\"https:\/\/gearxtools.com\/wp-content\/uploads\/sites\/8\/2026\/04\/P221.261__S_0__abb7489ded334b16b6e110da05a1d5ed.jpg\",\"contentUrl\":\"https:\/\/gearxtools.com\/wp-content\/uploads\/sites\/8\/2026\/04\/P221.261__S_0__abb7489ded334b16b6e110da05a1d5ed.jpg\",\"width\":1024,\"height\":1024},{\"@type\":\"BreadcrumbList\",\"@id\":\"https:\/\/gearxtools.com\/de\/gear-x-56-tlg-praezisions-bit-set-aus-rcs-recyc-aluminium-schwarz\/#breadcrumb\",\"itemListElement\":[{\"@type\":\"ListItem\",\"position\":1,\"name\":\"Home\",\"item\":\"https:\/\/gearxtools.com\/de\/\"},{\"@type\":\"ListItem\",\"position\":2,\"name\":\"Kollektion\",\"item\":\"https:\/\/gearxtools.com\/de\/kollektion\/\"},{\"@type\":\"ListItem\",\"position\":3,\"name\":\"46-tlg. Pr\u00e4zisions-Bit-Set aus RCS recyc. Aluminium, schwarz\"}]},{\"@type\":\"WebSite\",\"@id\":\"https:\/\/gearxtools.com\/de\/#website\",\"url\":\"https:\/\/gearxtools.com\/de\/\",\"name\":\"Gear X Tools\",\"description\":\"Gear X always there when you need it\",\"potentialAction\":[{\"@type\":\"SearchAction\",\"target\":{\"@type\":\"EntryPoint\",\"urlTemplate\":\"https:\/\/gearxtools.com\/de\/?s={search_term_string}\"},\"query-input\":{\"@type\":\"PropertyValueSpecification\",\"valueRequired\":true,\"valueName\":\"search_term_string\"}}],\"inLanguage\":\"de\"}]}<\/script>\n<!-- \/ Yoast SEO plugin. -->","yoast_head_json":{"title":"46-tlg. Pr\u00e4zisions-Bit-Set aus RCS recyc. Aluminium, schwarz - Gear X Tools","robots":{"index":"index","follow":"follow","max-snippet":"max-snippet:-1","max-image-preview":"max-image-preview:large","max-video-preview":"max-video-preview:-1"},"canonical":"https:\/\/gearxtools.com\/de\/gear-x-56-tlg-praezisions-bit-set-aus-rcs-recyc-aluminium-schwarz\/","og_locale":"de_DE","og_type":"article","og_title":"46-tlg. Pr\u00e4zisions-Bit-Set aus RCS recyc. Aluminium, schwarz - Gear X Tools","og_description":"Das ultimative Hochleistungs-Pr\u00e4zisions-Bit-Kit enth\u00e4lt wichtige Teile f\u00fcr die Reparatur von Handys, Tablets, PCs und anderen Ger\u00e4ten. Die Lebensdauer der meisten elektronischen Ger\u00e4te kann mit einer einfachen Reparatur, die oft in Online-Anleitungen zu finden ist, leicht verl\u00e4ngert werden. 46 Teile verpackt in einem Koffer aus RCS-zertifiziert recyceltem Aluminium. Gesamter recycelter Inhalt: 22% basierend auf dem Gesamtgewicht [&hellip;]","og_url":"https:\/\/gearxtools.com\/de\/gear-x-56-tlg-praezisions-bit-set-aus-rcs-recyc-aluminium-schwarz\/","og_site_name":"Gear X Tools","article_modified_time":"2026-04-16T01:04:12+00:00","og_image":[{"width":1024,"height":1024,"url":"https:\/\/gearxtools.com\/wp-content\/uploads\/sites\/8\/2026\/04\/P221.261__S_0__abb7489ded334b16b6e110da05a1d5ed.jpg","type":"image\/jpeg"}],"twitter_card":"summary_large_image","schema":{"@context":"https:\/\/schema.org","@graph":[{"@type":"WebPage","@id":"https:\/\/gearxtools.com\/de\/gear-x-56-tlg-praezisions-bit-set-aus-rcs-recyc-aluminium-schwarz\/","url":"https:\/\/gearxtools.com\/de\/gear-x-56-tlg-praezisions-bit-set-aus-rcs-recyc-aluminium-schwarz\/","name":"46-tlg. Pr\u00e4zisions-Bit-Set aus RCS recyc. Aluminium, schwarz - Gear X Tools","isPartOf":{"@id":"https:\/\/gearxtools.com\/de\/#website"},"primaryImageOfPage":{"@id":"https:\/\/gearxtools.com\/de\/gear-x-56-tlg-praezisions-bit-set-aus-rcs-recyc-aluminium-schwarz\/#primaryimage"},"image":{"@id":"https:\/\/gearxtools.com\/de\/gear-x-56-tlg-praezisions-bit-set-aus-rcs-recyc-aluminium-schwarz\/#primaryimage"},"thumbnailUrl":"https:\/\/gearxtools.com\/wp-content\/uploads\/sites\/8\/2026\/04\/P221.261__S_0__abb7489ded334b16b6e110da05a1d5ed.jpg","datePublished":"2024-01-03T01:02:09+00:00","dateModified":"2026-04-16T01:04:12+00:00","breadcrumb":{"@id":"https:\/\/gearxtools.com\/de\/gear-x-56-tlg-praezisions-bit-set-aus-rcs-recyc-aluminium-schwarz\/#breadcrumb"},"inLanguage":"de","potentialAction":[{"@type":"ReadAction","target":["https:\/\/gearxtools.com\/de\/gear-x-56-tlg-praezisions-bit-set-aus-rcs-recyc-aluminium-schwarz\/"]}]},{"@type":"ImageObject","inLanguage":"de","@id":"https:\/\/gearxtools.com\/de\/gear-x-56-tlg-praezisions-bit-set-aus-rcs-recyc-aluminium-schwarz\/#primaryimage","url":"https:\/\/gearxtools.com\/wp-content\/uploads\/sites\/8\/2026\/04\/P221.261__S_0__abb7489ded334b16b6e110da05a1d5ed.jpg","contentUrl":"https:\/\/gearxtools.com\/wp-content\/uploads\/sites\/8\/2026\/04\/P221.261__S_0__abb7489ded334b16b6e110da05a1d5ed.jpg","width":1024,"height":1024},{"@type":"BreadcrumbList","@id":"https:\/\/gearxtools.com\/de\/gear-x-56-tlg-praezisions-bit-set-aus-rcs-recyc-aluminium-schwarz\/#breadcrumb","itemListElement":[{"@type":"ListItem","position":1,"name":"Home","item":"https:\/\/gearxtools.com\/de\/"},{"@type":"ListItem","position":2,"name":"Kollektion","item":"https:\/\/gearxtools.com\/de\/kollektion\/"},{"@type":"ListItem","position":3,"name":"46-tlg. Pr\u00e4zisions-Bit-Set aus RCS recyc. Aluminium, schwarz"}]},{"@type":"WebSite","@id":"https:\/\/gearxtools.com\/de\/#website","url":"https:\/\/gearxtools.com\/de\/","name":"Gear X Tools","description":"Gear X always there when you need it","potentialAction":[{"@type":"SearchAction","target":{"@type":"EntryPoint","urlTemplate":"https:\/\/gearxtools.com\/de\/?s={search_term_string}"},"query-input":{"@type":"PropertyValueSpecification","valueRequired":true,"valueName":"search_term_string"}}],"inLanguage":"de"}]}},"aioseo_notices":[],"_links":{"self":[{"href":"https:\/\/gearxtools.com\/de\/wp-json\/wp\/v2\/product\/3484","targetHints":{"allow":["GET"]}}],"collection":[{"href":"https:\/\/gearxtools.com\/de\/wp-json\/wp\/v2\/product"}],"about":[{"href":"https:\/\/gearxtools.com\/de\/wp-json\/wp\/v2\/types\/product"}],"replies":[{"embeddable":true,"href":"https:\/\/gearxtools.com\/de\/wp-json\/wp\/v2\/comments?post=3484"}],"wp:featuredmedia":[{"embeddable":true,"href":"https:\/\/gearxtools.com\/de\/wp-json\/wp\/v2\/media\/6910"}],"wp:attachment":[{"href":"https:\/\/gearxtools.com\/de\/wp-json\/wp\/v2\/media?parent=3484"}],"wp:term":[{"taxonomy":"product_cat","embeddable":true,"href":"https:\/\/gearxtools.com\/de\/wp-json\/wp\/v2\/product_cat?post=3484"},{"taxonomy":"product_tag","embeddable":true,"href":"https:\/\/gearxtools.com\/de\/wp-json\/wp\/v2\/product_tag?post=3484"}],"curies":[{"name":"wp","href":"https:\/\/api.w.org\/{rel}","templated":true}]}}