{"id":3489,"date":"2024-01-03T01:02:09","date_gmt":"2024-01-03T01:02:09","guid":{"rendered":"https:\/\/gearxtools.com\/gear-x-usb-taschenlampe-aus-rcs-rkunststoff-mit-260-lumen-grau\/"},"modified":"2026-03-12T02:04:20","modified_gmt":"2026-03-12T02:04:20","slug":"gear-x-usb-taschenlampe-aus-rcs-rkunststoff-mit-260-lumen-grau","status":"publish","type":"product","link":"https:\/\/gearxtools.com\/de\/gear-x-usb-taschenlampe-aus-rcs-rkunststoff-mit-260-lumen-grau\/","title":{"rendered":"USB-Taschenlampe aus RCS rKunststoff mit 260 Lumen, grau"},"content":{"rendered":"<p>Arbeitsleuchte im Taschenformat mit superhellem COB, hergestellt aus RCS-zertifiziert recyceltem ABS-Kunststoff. Gesamter recycelter Inhalt: 36 % bezogen auf das Gesamtgewicht des Artikels. Die RCS-Zertifizierung gew\u00e4hrleistet eine vollst\u00e4ndig zertifizierte Lieferkette f\u00fcr die recycelten Materialien.  Die Arbeitsleuchte ist mit einem wiederaufladbaren 900mAh-Lithium-Akku ausgestattet, so dass kein Batteriewechsel erforderlich ist. Einfach \u00fcber die USB-Buchse aufladen. Die Arbeitsleuchte wird mit 260 Lumen COB geliefert. Mit 2 Modi: COB und COB 50%. Mit Magnet auf der R\u00fcckseite sowie mit Standfunktion.  Mit Type-C-Anschluss zum Wiederaufladen. Betriebszeit mit einer Ladung: bis zu 3 Stunden.<\/p>\n","protected":false},"excerpt":{"rendered":"<p>Arbeitsleuchte im Taschenformat mit superhellem COB, hergestellt aus RCS-zertifiziert recyceltem ABS-Kunststoff. Gesamter recycelter Inhalt: 36 % bezogen auf das Gesamtgewicht des Artikels. Die RCS-Zertifizierung gew\u00e4hrleistet eine vollst\u00e4ndig zertifizierte Lieferkette f\u00fcr die recycelten Materialien. Die Arbeitsleuchte ist mit einem wiederaufladbaren 900mAh-Lithium-Akku ausgestattet, so dass kein Batteriewechsel erforderlich ist. Einfach \u00fcber die USB-Buchse aufladen. Die Arbeitsleuchte wird [&hellip;]<\/p>\n","protected":false},"featured_media":6116,"comment_status":"closed","ping_status":"closed","template":"","meta":{"_acf_changed":false,"_monsterinsights_skip_tracking":false,"_monsterinsights_sitenote_active":false,"_monsterinsights_sitenote_note":"","_monsterinsights_sitenote_category":0},"product_cat":[64],"product_tag":[],"class_list":["post-3489","product","type-product","status-publish","has-post-thumbnail","hentry","product_cat-taschenlampen","pa_color-black","pa_color-grey"],"acf":[],"yoast_head":"<!-- This site is optimized with the Yoast SEO plugin v27.0 - https:\/\/yoast.com\/product\/yoast-seo-wordpress\/ -->\n<title>USB-Taschenlampe aus RCS rKunststoff mit 260 Lumen, grau - Gear X Tools<\/title>\n<meta name=\"robots\" content=\"index, follow, max-snippet:-1, max-image-preview:large, max-video-preview:-1\" \/>\n<link rel=\"canonical\" href=\"https:\/\/gearxtools.com\/de\/gear-x-usb-taschenlampe-aus-rcs-rkunststoff-mit-260-lumen-grau\/\" \/>\n<meta property=\"og:locale\" content=\"de_DE\" \/>\n<meta property=\"og:type\" content=\"article\" \/>\n<meta property=\"og:title\" content=\"USB-Taschenlampe aus RCS rKunststoff mit 260 Lumen, grau - Gear X Tools\" \/>\n<meta property=\"og:description\" content=\"Arbeitsleuchte im Taschenformat mit superhellem COB, hergestellt aus RCS-zertifiziert recyceltem ABS-Kunststoff. Gesamter recycelter Inhalt: 36 % bezogen auf das Gesamtgewicht des Artikels. Die RCS-Zertifizierung gew\u00e4hrleistet eine vollst\u00e4ndig zertifizierte Lieferkette f\u00fcr die recycelten Materialien. Die Arbeitsleuchte ist mit einem wiederaufladbaren 900mAh-Lithium-Akku ausgestattet, so dass kein Batteriewechsel erforderlich ist. Einfach \u00fcber die USB-Buchse aufladen. Die Arbeitsleuchte wird [&hellip;]\" \/>\n<meta property=\"og:url\" content=\"https:\/\/gearxtools.com\/de\/gear-x-usb-taschenlampe-aus-rcs-rkunststoff-mit-260-lumen-grau\/\" \/>\n<meta property=\"og:site_name\" content=\"Gear X Tools\" \/>\n<meta property=\"article:modified_time\" content=\"2026-03-12T02:04:20+00:00\" \/>\n<meta property=\"og:image\" content=\"https:\/\/gearxtools.com\/wp-content\/uploads\/sites\/8\/2024\/05\/P513.242__S_0__d432fb7ca2854f64b6efe4be4a07c0d2.jpg\" \/>\n\t<meta property=\"og:image:width\" content=\"1024\" \/>\n\t<meta property=\"og:image:height\" content=\"1024\" \/>\n\t<meta property=\"og:image:type\" content=\"image\/jpeg\" \/>\n<meta name=\"twitter:card\" content=\"summary_large_image\" \/>\n<script type=\"application\/ld+json\" class=\"yoast-schema-graph\">{\"@context\":\"https:\/\/schema.org\",\"@graph\":[{\"@type\":\"WebPage\",\"@id\":\"https:\/\/gearxtools.com\/de\/gear-x-usb-taschenlampe-aus-rcs-rkunststoff-mit-260-lumen-grau\/\",\"url\":\"https:\/\/gearxtools.com\/de\/gear-x-usb-taschenlampe-aus-rcs-rkunststoff-mit-260-lumen-grau\/\",\"name\":\"USB-Taschenlampe aus RCS rKunststoff mit 260 Lumen, grau - Gear X Tools\",\"isPartOf\":{\"@id\":\"https:\/\/gearxtools.com\/de\/#website\"},\"primaryImageOfPage\":{\"@id\":\"https:\/\/gearxtools.com\/de\/gear-x-usb-taschenlampe-aus-rcs-rkunststoff-mit-260-lumen-grau\/#primaryimage\"},\"image\":{\"@id\":\"https:\/\/gearxtools.com\/de\/gear-x-usb-taschenlampe-aus-rcs-rkunststoff-mit-260-lumen-grau\/#primaryimage\"},\"thumbnailUrl\":\"https:\/\/gearxtools.com\/wp-content\/uploads\/sites\/8\/2024\/05\/P513.242__S_0__d432fb7ca2854f64b6efe4be4a07c0d2.jpg\",\"datePublished\":\"2024-01-03T01:02:09+00:00\",\"dateModified\":\"2026-03-12T02:04:20+00:00\",\"breadcrumb\":{\"@id\":\"https:\/\/gearxtools.com\/de\/gear-x-usb-taschenlampe-aus-rcs-rkunststoff-mit-260-lumen-grau\/#breadcrumb\"},\"inLanguage\":\"de\",\"potentialAction\":[{\"@type\":\"ReadAction\",\"target\":[\"https:\/\/gearxtools.com\/de\/gear-x-usb-taschenlampe-aus-rcs-rkunststoff-mit-260-lumen-grau\/\"]}]},{\"@type\":\"ImageObject\",\"inLanguage\":\"de\",\"@id\":\"https:\/\/gearxtools.com\/de\/gear-x-usb-taschenlampe-aus-rcs-rkunststoff-mit-260-lumen-grau\/#primaryimage\",\"url\":\"https:\/\/gearxtools.com\/wp-content\/uploads\/sites\/8\/2024\/05\/P513.242__S_0__d432fb7ca2854f64b6efe4be4a07c0d2.jpg\",\"contentUrl\":\"https:\/\/gearxtools.com\/wp-content\/uploads\/sites\/8\/2024\/05\/P513.242__S_0__d432fb7ca2854f64b6efe4be4a07c0d2.jpg\",\"width\":1024,\"height\":1024},{\"@type\":\"BreadcrumbList\",\"@id\":\"https:\/\/gearxtools.com\/de\/gear-x-usb-taschenlampe-aus-rcs-rkunststoff-mit-260-lumen-grau\/#breadcrumb\",\"itemListElement\":[{\"@type\":\"ListItem\",\"position\":1,\"name\":\"Home\",\"item\":\"https:\/\/gearxtools.com\/de\/\"},{\"@type\":\"ListItem\",\"position\":2,\"name\":\"Kollektion\",\"item\":\"https:\/\/gearxtools.com\/de\/kollektion\/\"},{\"@type\":\"ListItem\",\"position\":3,\"name\":\"USB-Taschenlampe aus RCS rKunststoff mit 260 Lumen, grau\"}]},{\"@type\":\"WebSite\",\"@id\":\"https:\/\/gearxtools.com\/de\/#website\",\"url\":\"https:\/\/gearxtools.com\/de\/\",\"name\":\"Gear X Tools\",\"description\":\"Gear X always there when you need it\",\"potentialAction\":[{\"@type\":\"SearchAction\",\"target\":{\"@type\":\"EntryPoint\",\"urlTemplate\":\"https:\/\/gearxtools.com\/de\/?s={search_term_string}\"},\"query-input\":{\"@type\":\"PropertyValueSpecification\",\"valueRequired\":true,\"valueName\":\"search_term_string\"}}],\"inLanguage\":\"de\"}]}<\/script>\n<!-- \/ Yoast SEO plugin. -->","yoast_head_json":{"title":"USB-Taschenlampe aus RCS rKunststoff mit 260 Lumen, grau - Gear X Tools","robots":{"index":"index","follow":"follow","max-snippet":"max-snippet:-1","max-image-preview":"max-image-preview:large","max-video-preview":"max-video-preview:-1"},"canonical":"https:\/\/gearxtools.com\/de\/gear-x-usb-taschenlampe-aus-rcs-rkunststoff-mit-260-lumen-grau\/","og_locale":"de_DE","og_type":"article","og_title":"USB-Taschenlampe aus RCS rKunststoff mit 260 Lumen, grau - Gear X Tools","og_description":"Arbeitsleuchte im Taschenformat mit superhellem COB, hergestellt aus RCS-zertifiziert recyceltem ABS-Kunststoff. Gesamter recycelter Inhalt: 36 % bezogen auf das Gesamtgewicht des Artikels. Die RCS-Zertifizierung gew\u00e4hrleistet eine vollst\u00e4ndig zertifizierte Lieferkette f\u00fcr die recycelten Materialien. Die Arbeitsleuchte ist mit einem wiederaufladbaren 900mAh-Lithium-Akku ausgestattet, so dass kein Batteriewechsel erforderlich ist. Einfach \u00fcber die USB-Buchse aufladen. Die Arbeitsleuchte wird [&hellip;]","og_url":"https:\/\/gearxtools.com\/de\/gear-x-usb-taschenlampe-aus-rcs-rkunststoff-mit-260-lumen-grau\/","og_site_name":"Gear X Tools","article_modified_time":"2026-03-12T02:04:20+00:00","og_image":[{"width":1024,"height":1024,"url":"https:\/\/gearxtools.com\/wp-content\/uploads\/sites\/8\/2024\/05\/P513.242__S_0__d432fb7ca2854f64b6efe4be4a07c0d2.jpg","type":"image\/jpeg"}],"twitter_card":"summary_large_image","schema":{"@context":"https:\/\/schema.org","@graph":[{"@type":"WebPage","@id":"https:\/\/gearxtools.com\/de\/gear-x-usb-taschenlampe-aus-rcs-rkunststoff-mit-260-lumen-grau\/","url":"https:\/\/gearxtools.com\/de\/gear-x-usb-taschenlampe-aus-rcs-rkunststoff-mit-260-lumen-grau\/","name":"USB-Taschenlampe aus RCS rKunststoff mit 260 Lumen, grau - Gear X Tools","isPartOf":{"@id":"https:\/\/gearxtools.com\/de\/#website"},"primaryImageOfPage":{"@id":"https:\/\/gearxtools.com\/de\/gear-x-usb-taschenlampe-aus-rcs-rkunststoff-mit-260-lumen-grau\/#primaryimage"},"image":{"@id":"https:\/\/gearxtools.com\/de\/gear-x-usb-taschenlampe-aus-rcs-rkunststoff-mit-260-lumen-grau\/#primaryimage"},"thumbnailUrl":"https:\/\/gearxtools.com\/wp-content\/uploads\/sites\/8\/2024\/05\/P513.242__S_0__d432fb7ca2854f64b6efe4be4a07c0d2.jpg","datePublished":"2024-01-03T01:02:09+00:00","dateModified":"2026-03-12T02:04:20+00:00","breadcrumb":{"@id":"https:\/\/gearxtools.com\/de\/gear-x-usb-taschenlampe-aus-rcs-rkunststoff-mit-260-lumen-grau\/#breadcrumb"},"inLanguage":"de","potentialAction":[{"@type":"ReadAction","target":["https:\/\/gearxtools.com\/de\/gear-x-usb-taschenlampe-aus-rcs-rkunststoff-mit-260-lumen-grau\/"]}]},{"@type":"ImageObject","inLanguage":"de","@id":"https:\/\/gearxtools.com\/de\/gear-x-usb-taschenlampe-aus-rcs-rkunststoff-mit-260-lumen-grau\/#primaryimage","url":"https:\/\/gearxtools.com\/wp-content\/uploads\/sites\/8\/2024\/05\/P513.242__S_0__d432fb7ca2854f64b6efe4be4a07c0d2.jpg","contentUrl":"https:\/\/gearxtools.com\/wp-content\/uploads\/sites\/8\/2024\/05\/P513.242__S_0__d432fb7ca2854f64b6efe4be4a07c0d2.jpg","width":1024,"height":1024},{"@type":"BreadcrumbList","@id":"https:\/\/gearxtools.com\/de\/gear-x-usb-taschenlampe-aus-rcs-rkunststoff-mit-260-lumen-grau\/#breadcrumb","itemListElement":[{"@type":"ListItem","position":1,"name":"Home","item":"https:\/\/gearxtools.com\/de\/"},{"@type":"ListItem","position":2,"name":"Kollektion","item":"https:\/\/gearxtools.com\/de\/kollektion\/"},{"@type":"ListItem","position":3,"name":"USB-Taschenlampe aus RCS rKunststoff mit 260 Lumen, grau"}]},{"@type":"WebSite","@id":"https:\/\/gearxtools.com\/de\/#website","url":"https:\/\/gearxtools.com\/de\/","name":"Gear X Tools","description":"Gear X always there when you need it","potentialAction":[{"@type":"SearchAction","target":{"@type":"EntryPoint","urlTemplate":"https:\/\/gearxtools.com\/de\/?s={search_term_string}"},"query-input":{"@type":"PropertyValueSpecification","valueRequired":true,"valueName":"search_term_string"}}],"inLanguage":"de"}]}},"aioseo_notices":[],"_links":{"self":[{"href":"https:\/\/gearxtools.com\/de\/wp-json\/wp\/v2\/product\/3489","targetHints":{"allow":["GET"]}}],"collection":[{"href":"https:\/\/gearxtools.com\/de\/wp-json\/wp\/v2\/product"}],"about":[{"href":"https:\/\/gearxtools.com\/de\/wp-json\/wp\/v2\/types\/product"}],"replies":[{"embeddable":true,"href":"https:\/\/gearxtools.com\/de\/wp-json\/wp\/v2\/comments?post=3489"}],"wp:featuredmedia":[{"embeddable":true,"href":"https:\/\/gearxtools.com\/de\/wp-json\/wp\/v2\/media\/6116"}],"wp:attachment":[{"href":"https:\/\/gearxtools.com\/de\/wp-json\/wp\/v2\/media?parent=3489"}],"wp:term":[{"taxonomy":"product_cat","embeddable":true,"href":"https:\/\/gearxtools.com\/de\/wp-json\/wp\/v2\/product_cat?post=3489"},{"taxonomy":"product_tag","embeddable":true,"href":"https:\/\/gearxtools.com\/de\/wp-json\/wp\/v2\/product_tag?post=3489"}],"curies":[{"name":"wp","href":"https:\/\/api.w.org\/{rel}","templated":true}]}}