{"id":6799,"date":"2025-08-01T00:02:10","date_gmt":"2025-08-01T00:02:10","guid":{"rendered":"https:\/\/gearxtools.com\/gear-x-faltbares-edc-werkzeug-mit-karabinerhaken-schwarz\/"},"modified":"2026-03-12T02:04:15","modified_gmt":"2026-03-12T02:04:15","slug":"gear-x-faltbares-edc-werkzeug-mit-karabinerhaken-schwarz","status":"publish","type":"product","link":"https:\/\/gearxtools.com\/de\/gear-x-faltbares-edc-werkzeug-mit-karabinerhaken-schwarz\/","title":{"rendered":"Gear X faltbares EDC-Werkzeug mit Karabinerhaken, schwarz"},"content":{"rendered":"<p>Das Gear X Foldable EDC Tool vereint au\u00dfergew\u00f6hnliche Handwerkskunst und Vielseitigkeit in einem kompakten Design und ist damit der ultimative Begleiter f\u00fcr den Alltag. Dieses hochwertige Werkzeug aus strapazierf\u00e4higem 420 Edelstahl bietet 11 unverzichtbare Funktionen, darunter M5-, M4-, M3,5-, M2,5-, M2- und M1,6-Schraubenschl\u00fcssel, einen Schlitzschraubendreher, einen Kreuzschlitzschraubendreher, einen Cutter, einen Kapselheber und einen Karabiner. Es ist zusammengeklappt nur 9,1 cm lang und aufgeklappt 12,8 cm lang, und verf\u00fcgt \u00fcber einen integrierten Karabinerhaken zum einfachen Befestigen. Verpackt in einer FSC-zertifizierten Umschlagverpackung.<\/p>\n","protected":false},"excerpt":{"rendered":"<p>Das Gear X Foldable EDC Tool vereint au\u00dfergew\u00f6hnliche Handwerkskunst und Vielseitigkeit in einem kompakten Design und ist damit der ultimative Begleiter f\u00fcr den Alltag. Dieses hochwertige Werkzeug aus strapazierf\u00e4higem 420 Edelstahl bietet 11 unverzichtbare Funktionen, darunter M5-, M4-, M3,5-, M2,5-, M2- und M1,6-Schraubenschl\u00fcssel, einen Schlitzschraubendreher, einen Kreuzschlitzschraubendreher, einen Cutter, einen Kapselheber und einen Karabiner. Es [&hellip;]<\/p>\n","protected":false},"featured_media":6871,"comment_status":"closed","ping_status":"closed","template":"","meta":{"_acf_changed":false,"_monsterinsights_skip_tracking":false,"_monsterinsights_sitenote_active":false,"_monsterinsights_sitenote_note":"","_monsterinsights_sitenote_category":0},"product_cat":[58],"product_tag":[],"class_list":["post-6799","product","type-product","status-publish","has-post-thumbnail","hentry","product_cat-multitools","pa_color-black"],"acf":[],"yoast_head":"<!-- This site is optimized with the Yoast SEO plugin v27.0 - https:\/\/yoast.com\/product\/yoast-seo-wordpress\/ -->\n<title>Gear X faltbares EDC-Werkzeug mit Karabinerhaken, schwarz - Gear X Tools<\/title>\n<meta name=\"robots\" content=\"index, follow, max-snippet:-1, max-image-preview:large, max-video-preview:-1\" \/>\n<link rel=\"canonical\" href=\"https:\/\/gearxtools.com\/de\/gear-x-faltbares-edc-werkzeug-mit-karabinerhaken-schwarz\/\" \/>\n<meta property=\"og:locale\" content=\"de_DE\" \/>\n<meta property=\"og:type\" content=\"article\" \/>\n<meta property=\"og:title\" content=\"Gear X faltbares EDC-Werkzeug mit Karabinerhaken, schwarz - Gear X Tools\" \/>\n<meta property=\"og:description\" content=\"Das Gear X Foldable EDC Tool vereint au\u00dfergew\u00f6hnliche Handwerkskunst und Vielseitigkeit in einem kompakten Design und ist damit der ultimative Begleiter f\u00fcr den Alltag. Dieses hochwertige Werkzeug aus strapazierf\u00e4higem 420 Edelstahl bietet 11 unverzichtbare Funktionen, darunter M5-, M4-, M3,5-, M2,5-, M2- und M1,6-Schraubenschl\u00fcssel, einen Schlitzschraubendreher, einen Kreuzschlitzschraubendreher, einen Cutter, einen Kapselheber und einen Karabiner. Es [&hellip;]\" \/>\n<meta property=\"og:url\" content=\"https:\/\/gearxtools.com\/de\/gear-x-faltbares-edc-werkzeug-mit-karabinerhaken-schwarz\/\" \/>\n<meta property=\"og:site_name\" content=\"Gear X Tools\" \/>\n<meta property=\"article:modified_time\" content=\"2026-03-12T02:04:15+00:00\" \/>\n<meta property=\"og:image\" content=\"https:\/\/gearxtools.com\/wp-content\/uploads\/sites\/8\/2025\/10\/P221.2701__S_0__c001aa98d4104538b250799916cbe5fa.jpg\" \/>\n\t<meta property=\"og:image:width\" content=\"1024\" \/>\n\t<meta property=\"og:image:height\" content=\"1024\" \/>\n\t<meta property=\"og:image:type\" content=\"image\/jpeg\" \/>\n<meta name=\"twitter:card\" content=\"summary_large_image\" \/>\n<script type=\"application\/ld+json\" class=\"yoast-schema-graph\">{\"@context\":\"https:\/\/schema.org\",\"@graph\":[{\"@type\":\"WebPage\",\"@id\":\"https:\/\/gearxtools.com\/de\/gear-x-faltbares-edc-werkzeug-mit-karabinerhaken-schwarz\/\",\"url\":\"https:\/\/gearxtools.com\/de\/gear-x-faltbares-edc-werkzeug-mit-karabinerhaken-schwarz\/\",\"name\":\"Gear X faltbares EDC-Werkzeug mit Karabinerhaken, schwarz - Gear X Tools\",\"isPartOf\":{\"@id\":\"https:\/\/gearxtools.com\/de\/#website\"},\"primaryImageOfPage\":{\"@id\":\"https:\/\/gearxtools.com\/de\/gear-x-faltbares-edc-werkzeug-mit-karabinerhaken-schwarz\/#primaryimage\"},\"image\":{\"@id\":\"https:\/\/gearxtools.com\/de\/gear-x-faltbares-edc-werkzeug-mit-karabinerhaken-schwarz\/#primaryimage\"},\"thumbnailUrl\":\"https:\/\/gearxtools.com\/wp-content\/uploads\/sites\/8\/2025\/10\/P221.2701__S_0__c001aa98d4104538b250799916cbe5fa.jpg\",\"datePublished\":\"2025-08-01T00:02:10+00:00\",\"dateModified\":\"2026-03-12T02:04:15+00:00\",\"breadcrumb\":{\"@id\":\"https:\/\/gearxtools.com\/de\/gear-x-faltbares-edc-werkzeug-mit-karabinerhaken-schwarz\/#breadcrumb\"},\"inLanguage\":\"de\",\"potentialAction\":[{\"@type\":\"ReadAction\",\"target\":[\"https:\/\/gearxtools.com\/de\/gear-x-faltbares-edc-werkzeug-mit-karabinerhaken-schwarz\/\"]}]},{\"@type\":\"ImageObject\",\"inLanguage\":\"de\",\"@id\":\"https:\/\/gearxtools.com\/de\/gear-x-faltbares-edc-werkzeug-mit-karabinerhaken-schwarz\/#primaryimage\",\"url\":\"https:\/\/gearxtools.com\/wp-content\/uploads\/sites\/8\/2025\/10\/P221.2701__S_0__c001aa98d4104538b250799916cbe5fa.jpg\",\"contentUrl\":\"https:\/\/gearxtools.com\/wp-content\/uploads\/sites\/8\/2025\/10\/P221.2701__S_0__c001aa98d4104538b250799916cbe5fa.jpg\",\"width\":1024,\"height\":1024},{\"@type\":\"BreadcrumbList\",\"@id\":\"https:\/\/gearxtools.com\/de\/gear-x-faltbares-edc-werkzeug-mit-karabinerhaken-schwarz\/#breadcrumb\",\"itemListElement\":[{\"@type\":\"ListItem\",\"position\":1,\"name\":\"Home\",\"item\":\"https:\/\/gearxtools.com\/de\/\"},{\"@type\":\"ListItem\",\"position\":2,\"name\":\"Kollektion\",\"item\":\"https:\/\/gearxtools.com\/de\/kollektion\/\"},{\"@type\":\"ListItem\",\"position\":3,\"name\":\"Gear X faltbares EDC-Werkzeug mit Karabinerhaken, schwarz\"}]},{\"@type\":\"WebSite\",\"@id\":\"https:\/\/gearxtools.com\/de\/#website\",\"url\":\"https:\/\/gearxtools.com\/de\/\",\"name\":\"Gear X Tools\",\"description\":\"Gear X always there when you need it\",\"potentialAction\":[{\"@type\":\"SearchAction\",\"target\":{\"@type\":\"EntryPoint\",\"urlTemplate\":\"https:\/\/gearxtools.com\/de\/?s={search_term_string}\"},\"query-input\":{\"@type\":\"PropertyValueSpecification\",\"valueRequired\":true,\"valueName\":\"search_term_string\"}}],\"inLanguage\":\"de\"}]}<\/script>\n<!-- \/ Yoast SEO plugin. -->","yoast_head_json":{"title":"Gear X faltbares EDC-Werkzeug mit Karabinerhaken, schwarz - Gear X Tools","robots":{"index":"index","follow":"follow","max-snippet":"max-snippet:-1","max-image-preview":"max-image-preview:large","max-video-preview":"max-video-preview:-1"},"canonical":"https:\/\/gearxtools.com\/de\/gear-x-faltbares-edc-werkzeug-mit-karabinerhaken-schwarz\/","og_locale":"de_DE","og_type":"article","og_title":"Gear X faltbares EDC-Werkzeug mit Karabinerhaken, schwarz - Gear X Tools","og_description":"Das Gear X Foldable EDC Tool vereint au\u00dfergew\u00f6hnliche Handwerkskunst und Vielseitigkeit in einem kompakten Design und ist damit der ultimative Begleiter f\u00fcr den Alltag. Dieses hochwertige Werkzeug aus strapazierf\u00e4higem 420 Edelstahl bietet 11 unverzichtbare Funktionen, darunter M5-, M4-, M3,5-, M2,5-, M2- und M1,6-Schraubenschl\u00fcssel, einen Schlitzschraubendreher, einen Kreuzschlitzschraubendreher, einen Cutter, einen Kapselheber und einen Karabiner. Es [&hellip;]","og_url":"https:\/\/gearxtools.com\/de\/gear-x-faltbares-edc-werkzeug-mit-karabinerhaken-schwarz\/","og_site_name":"Gear X Tools","article_modified_time":"2026-03-12T02:04:15+00:00","og_image":[{"width":1024,"height":1024,"url":"https:\/\/gearxtools.com\/wp-content\/uploads\/sites\/8\/2025\/10\/P221.2701__S_0__c001aa98d4104538b250799916cbe5fa.jpg","type":"image\/jpeg"}],"twitter_card":"summary_large_image","schema":{"@context":"https:\/\/schema.org","@graph":[{"@type":"WebPage","@id":"https:\/\/gearxtools.com\/de\/gear-x-faltbares-edc-werkzeug-mit-karabinerhaken-schwarz\/","url":"https:\/\/gearxtools.com\/de\/gear-x-faltbares-edc-werkzeug-mit-karabinerhaken-schwarz\/","name":"Gear X faltbares EDC-Werkzeug mit Karabinerhaken, schwarz - Gear X Tools","isPartOf":{"@id":"https:\/\/gearxtools.com\/de\/#website"},"primaryImageOfPage":{"@id":"https:\/\/gearxtools.com\/de\/gear-x-faltbares-edc-werkzeug-mit-karabinerhaken-schwarz\/#primaryimage"},"image":{"@id":"https:\/\/gearxtools.com\/de\/gear-x-faltbares-edc-werkzeug-mit-karabinerhaken-schwarz\/#primaryimage"},"thumbnailUrl":"https:\/\/gearxtools.com\/wp-content\/uploads\/sites\/8\/2025\/10\/P221.2701__S_0__c001aa98d4104538b250799916cbe5fa.jpg","datePublished":"2025-08-01T00:02:10+00:00","dateModified":"2026-03-12T02:04:15+00:00","breadcrumb":{"@id":"https:\/\/gearxtools.com\/de\/gear-x-faltbares-edc-werkzeug-mit-karabinerhaken-schwarz\/#breadcrumb"},"inLanguage":"de","potentialAction":[{"@type":"ReadAction","target":["https:\/\/gearxtools.com\/de\/gear-x-faltbares-edc-werkzeug-mit-karabinerhaken-schwarz\/"]}]},{"@type":"ImageObject","inLanguage":"de","@id":"https:\/\/gearxtools.com\/de\/gear-x-faltbares-edc-werkzeug-mit-karabinerhaken-schwarz\/#primaryimage","url":"https:\/\/gearxtools.com\/wp-content\/uploads\/sites\/8\/2025\/10\/P221.2701__S_0__c001aa98d4104538b250799916cbe5fa.jpg","contentUrl":"https:\/\/gearxtools.com\/wp-content\/uploads\/sites\/8\/2025\/10\/P221.2701__S_0__c001aa98d4104538b250799916cbe5fa.jpg","width":1024,"height":1024},{"@type":"BreadcrumbList","@id":"https:\/\/gearxtools.com\/de\/gear-x-faltbares-edc-werkzeug-mit-karabinerhaken-schwarz\/#breadcrumb","itemListElement":[{"@type":"ListItem","position":1,"name":"Home","item":"https:\/\/gearxtools.com\/de\/"},{"@type":"ListItem","position":2,"name":"Kollektion","item":"https:\/\/gearxtools.com\/de\/kollektion\/"},{"@type":"ListItem","position":3,"name":"Gear X faltbares EDC-Werkzeug mit Karabinerhaken, schwarz"}]},{"@type":"WebSite","@id":"https:\/\/gearxtools.com\/de\/#website","url":"https:\/\/gearxtools.com\/de\/","name":"Gear X Tools","description":"Gear X always there when you need it","potentialAction":[{"@type":"SearchAction","target":{"@type":"EntryPoint","urlTemplate":"https:\/\/gearxtools.com\/de\/?s={search_term_string}"},"query-input":{"@type":"PropertyValueSpecification","valueRequired":true,"valueName":"search_term_string"}}],"inLanguage":"de"}]}},"aioseo_notices":[],"_links":{"self":[{"href":"https:\/\/gearxtools.com\/de\/wp-json\/wp\/v2\/product\/6799","targetHints":{"allow":["GET"]}}],"collection":[{"href":"https:\/\/gearxtools.com\/de\/wp-json\/wp\/v2\/product"}],"about":[{"href":"https:\/\/gearxtools.com\/de\/wp-json\/wp\/v2\/types\/product"}],"replies":[{"embeddable":true,"href":"https:\/\/gearxtools.com\/de\/wp-json\/wp\/v2\/comments?post=6799"}],"wp:featuredmedia":[{"embeddable":true,"href":"https:\/\/gearxtools.com\/de\/wp-json\/wp\/v2\/media\/6871"}],"wp:attachment":[{"href":"https:\/\/gearxtools.com\/de\/wp-json\/wp\/v2\/media?parent=6799"}],"wp:term":[{"taxonomy":"product_cat","embeddable":true,"href":"https:\/\/gearxtools.com\/de\/wp-json\/wp\/v2\/product_cat?post=6799"},{"taxonomy":"product_tag","embeddable":true,"href":"https:\/\/gearxtools.com\/de\/wp-json\/wp\/v2\/product_tag?post=6799"}],"curies":[{"name":"wp","href":"https:\/\/api.w.org\/{rel}","templated":true}]}}