{"id":7085,"date":"2026-05-07T00:02:10","date_gmt":"2026-05-07T00:02:10","guid":{"rendered":"https:\/\/gearxtools.com\/gear-x-stirnlampe-mit-bewegungssensor-aus-rcs-rec-abs-schwarz\/"},"modified":"2026-05-07T01:02:10","modified_gmt":"2026-05-07T01:02:10","slug":"gear-x-stirnlampe-mit-bewegungssensor-aus-rcs-rec-abs-schwarz","status":"publish","type":"product","link":"https:\/\/gearxtools.com\/de\/gear-x-stirnlampe-mit-bewegungssensor-aus-rcs-rec-abs-schwarz\/","title":{"rendered":"Gear X Stirnlampe mit Bewegungssensor aus RCS rec. ABS, schwarz"},"content":{"rendered":"<p>Diese Stirnlampe bietet zuverl\u00e4ssige Beleuchtung und freih\u00e4ndigen Komfort in jeder Situation. Ausgestattet mit einem Bewegungssensor kann sie mit einer einfachen Handbewegung aktiviert oder ausgeschaltet werden, ideal, wenn Sie Ihre H\u00e4nde voll haben oder Handschuhe tragen. Mit zwei hochwertigen XTE-LED-Leuchten liefert sie eine Lichtleistung von 500 Lumen mit einer Leuchtweite von bis zu 70 Metern und bietet 5 Leuchtmodi f\u00fcr unterschiedliche Umgebungen und Aktivit\u00e4ten. Der integrierte 800mAh-Akku bietet eine Betriebsdauer von bis zu 4 Stunden und kann einfach \u00fcber USB-C aufgeladen werden. Entspricht der EU-Verordnung 2023\/1542 zum einfachen Austausch der Batterie. Das verstellbare elastische Stirnband sorgt f\u00fcr einen bequemen Sitz und kann am Kopf oder um einen Helm herum getragen werden. Hergestellt aus 33% RCS-zertifiziert (Recycled Claim Standard) recyceltem ABS, bezogen auf das Gesamtgewicht des Artikels. Artikel und Zubeh\u00f6r sind PVC-frei und in einer plastikfreien Geschenkverpacku<\/p>\n","protected":false},"excerpt":{"rendered":"<p>Diese Stirnlampe bietet zuverl\u00e4ssige Beleuchtung und freih\u00e4ndigen Komfort in jeder Situation. Ausgestattet mit einem Bewegungssensor kann sie mit einer einfachen Handbewegung aktiviert oder ausgeschaltet werden, ideal, wenn Sie Ihre H\u00e4nde voll haben oder Handschuhe tragen. Mit zwei hochwertigen XTE-LED-Leuchten liefert sie eine Lichtleistung von 500 Lumen mit einer Leuchtweite von bis zu 70 Metern und [&hellip;]<\/p>\n","protected":false},"featured_media":7016,"comment_status":"closed","ping_status":"closed","template":"","meta":{"_acf_changed":false,"_monsterinsights_skip_tracking":false,"_monsterinsights_sitenote_active":false,"_monsterinsights_sitenote_note":"","_monsterinsights_sitenote_category":0},"product_cat":[15],"product_tag":[],"class_list":["post-7085","product","type-product","status-publish","has-post-thumbnail","hentry","product_cat-uncategorized","pa_color-black"],"acf":[],"yoast_head":"<!-- This site is optimized with the Yoast SEO plugin v27.0 - https:\/\/yoast.com\/product\/yoast-seo-wordpress\/ -->\n<title>Gear X Stirnlampe mit Bewegungssensor aus RCS rec. ABS, schwarz - Gear X Tools<\/title>\n<meta name=\"robots\" content=\"index, follow, max-snippet:-1, max-image-preview:large, max-video-preview:-1\" \/>\n<link rel=\"canonical\" href=\"https:\/\/gearxtools.com\/de\/gear-x-stirnlampe-mit-bewegungssensor-aus-rcs-rec-abs-schwarz\/\" \/>\n<meta property=\"og:locale\" content=\"de_DE\" \/>\n<meta property=\"og:type\" content=\"article\" \/>\n<meta property=\"og:title\" content=\"Gear X Stirnlampe mit Bewegungssensor aus RCS rec. ABS, schwarz - Gear X Tools\" \/>\n<meta property=\"og:description\" content=\"Diese Stirnlampe bietet zuverl\u00e4ssige Beleuchtung und freih\u00e4ndigen Komfort in jeder Situation. Ausgestattet mit einem Bewegungssensor kann sie mit einer einfachen Handbewegung aktiviert oder ausgeschaltet werden, ideal, wenn Sie Ihre H\u00e4nde voll haben oder Handschuhe tragen. Mit zwei hochwertigen XTE-LED-Leuchten liefert sie eine Lichtleistung von 500 Lumen mit einer Leuchtweite von bis zu 70 Metern und [&hellip;]\" \/>\n<meta property=\"og:url\" content=\"https:\/\/gearxtools.com\/de\/gear-x-stirnlampe-mit-bewegungssensor-aus-rcs-rec-abs-schwarz\/\" \/>\n<meta property=\"og:site_name\" content=\"Gear X Tools\" \/>\n<meta property=\"article:modified_time\" content=\"2026-05-07T01:02:10+00:00\" \/>\n<meta property=\"og:image\" content=\"https:\/\/gearxtools.com\/wp-content\/uploads\/sites\/8\/2026\/05\/P518.0501__S_0__73f5fb43985747b8a004095d980ef15b.jpg\" \/>\n\t<meta property=\"og:image:width\" content=\"1024\" \/>\n\t<meta property=\"og:image:height\" content=\"1024\" \/>\n\t<meta property=\"og:image:type\" content=\"image\/jpeg\" \/>\n<meta name=\"twitter:card\" content=\"summary_large_image\" \/>\n<meta name=\"twitter:label1\" content=\"Gesch\u00e4tzte Lesezeit\" \/>\n\t<meta name=\"twitter:data1\" content=\"1\u00a0Minute\" \/>\n<script type=\"application\/ld+json\" class=\"yoast-schema-graph\">{\"@context\":\"https:\/\/schema.org\",\"@graph\":[{\"@type\":\"WebPage\",\"@id\":\"https:\/\/gearxtools.com\/de\/gear-x-stirnlampe-mit-bewegungssensor-aus-rcs-rec-abs-schwarz\/\",\"url\":\"https:\/\/gearxtools.com\/de\/gear-x-stirnlampe-mit-bewegungssensor-aus-rcs-rec-abs-schwarz\/\",\"name\":\"Gear X Stirnlampe mit Bewegungssensor aus RCS rec. ABS, schwarz - Gear X Tools\",\"isPartOf\":{\"@id\":\"https:\/\/gearxtools.com\/de\/#website\"},\"primaryImageOfPage\":{\"@id\":\"https:\/\/gearxtools.com\/de\/gear-x-stirnlampe-mit-bewegungssensor-aus-rcs-rec-abs-schwarz\/#primaryimage\"},\"image\":{\"@id\":\"https:\/\/gearxtools.com\/de\/gear-x-stirnlampe-mit-bewegungssensor-aus-rcs-rec-abs-schwarz\/#primaryimage\"},\"thumbnailUrl\":\"https:\/\/gearxtools.com\/wp-content\/uploads\/sites\/8\/2026\/05\/P518.0501__S_0__73f5fb43985747b8a004095d980ef15b.jpg\",\"datePublished\":\"2026-05-07T00:02:10+00:00\",\"dateModified\":\"2026-05-07T01:02:10+00:00\",\"breadcrumb\":{\"@id\":\"https:\/\/gearxtools.com\/de\/gear-x-stirnlampe-mit-bewegungssensor-aus-rcs-rec-abs-schwarz\/#breadcrumb\"},\"inLanguage\":\"de\",\"potentialAction\":[{\"@type\":\"ReadAction\",\"target\":[\"https:\/\/gearxtools.com\/de\/gear-x-stirnlampe-mit-bewegungssensor-aus-rcs-rec-abs-schwarz\/\"]}]},{\"@type\":\"ImageObject\",\"inLanguage\":\"de\",\"@id\":\"https:\/\/gearxtools.com\/de\/gear-x-stirnlampe-mit-bewegungssensor-aus-rcs-rec-abs-schwarz\/#primaryimage\",\"url\":\"https:\/\/gearxtools.com\/wp-content\/uploads\/sites\/8\/2026\/05\/P518.0501__S_0__73f5fb43985747b8a004095d980ef15b.jpg\",\"contentUrl\":\"https:\/\/gearxtools.com\/wp-content\/uploads\/sites\/8\/2026\/05\/P518.0501__S_0__73f5fb43985747b8a004095d980ef15b.jpg\",\"width\":1024,\"height\":1024},{\"@type\":\"BreadcrumbList\",\"@id\":\"https:\/\/gearxtools.com\/de\/gear-x-stirnlampe-mit-bewegungssensor-aus-rcs-rec-abs-schwarz\/#breadcrumb\",\"itemListElement\":[{\"@type\":\"ListItem\",\"position\":1,\"name\":\"Home\",\"item\":\"https:\/\/gearxtools.com\/de\/\"},{\"@type\":\"ListItem\",\"position\":2,\"name\":\"Kollektion\",\"item\":\"https:\/\/gearxtools.com\/de\/kollektion\/\"},{\"@type\":\"ListItem\",\"position\":3,\"name\":\"Gear X Stirnlampe mit Bewegungssensor aus RCS rec. ABS, schwarz\"}]},{\"@type\":\"WebSite\",\"@id\":\"https:\/\/gearxtools.com\/de\/#website\",\"url\":\"https:\/\/gearxtools.com\/de\/\",\"name\":\"Gear X Tools\",\"description\":\"Gear X always there when you need it\",\"potentialAction\":[{\"@type\":\"SearchAction\",\"target\":{\"@type\":\"EntryPoint\",\"urlTemplate\":\"https:\/\/gearxtools.com\/de\/?s={search_term_string}\"},\"query-input\":{\"@type\":\"PropertyValueSpecification\",\"valueRequired\":true,\"valueName\":\"search_term_string\"}}],\"inLanguage\":\"de\"}]}<\/script>\n<!-- \/ Yoast SEO plugin. -->","yoast_head_json":{"title":"Gear X Stirnlampe mit Bewegungssensor aus RCS rec. ABS, schwarz - Gear X Tools","robots":{"index":"index","follow":"follow","max-snippet":"max-snippet:-1","max-image-preview":"max-image-preview:large","max-video-preview":"max-video-preview:-1"},"canonical":"https:\/\/gearxtools.com\/de\/gear-x-stirnlampe-mit-bewegungssensor-aus-rcs-rec-abs-schwarz\/","og_locale":"de_DE","og_type":"article","og_title":"Gear X Stirnlampe mit Bewegungssensor aus RCS rec. ABS, schwarz - Gear X Tools","og_description":"Diese Stirnlampe bietet zuverl\u00e4ssige Beleuchtung und freih\u00e4ndigen Komfort in jeder Situation. Ausgestattet mit einem Bewegungssensor kann sie mit einer einfachen Handbewegung aktiviert oder ausgeschaltet werden, ideal, wenn Sie Ihre H\u00e4nde voll haben oder Handschuhe tragen. Mit zwei hochwertigen XTE-LED-Leuchten liefert sie eine Lichtleistung von 500 Lumen mit einer Leuchtweite von bis zu 70 Metern und [&hellip;]","og_url":"https:\/\/gearxtools.com\/de\/gear-x-stirnlampe-mit-bewegungssensor-aus-rcs-rec-abs-schwarz\/","og_site_name":"Gear X Tools","article_modified_time":"2026-05-07T01:02:10+00:00","og_image":[{"width":1024,"height":1024,"url":"https:\/\/gearxtools.com\/wp-content\/uploads\/sites\/8\/2026\/05\/P518.0501__S_0__73f5fb43985747b8a004095d980ef15b.jpg","type":"image\/jpeg"}],"twitter_card":"summary_large_image","twitter_misc":{"Gesch\u00e4tzte Lesezeit":"1\u00a0Minute"},"schema":{"@context":"https:\/\/schema.org","@graph":[{"@type":"WebPage","@id":"https:\/\/gearxtools.com\/de\/gear-x-stirnlampe-mit-bewegungssensor-aus-rcs-rec-abs-schwarz\/","url":"https:\/\/gearxtools.com\/de\/gear-x-stirnlampe-mit-bewegungssensor-aus-rcs-rec-abs-schwarz\/","name":"Gear X Stirnlampe mit Bewegungssensor aus RCS rec. ABS, schwarz - Gear X Tools","isPartOf":{"@id":"https:\/\/gearxtools.com\/de\/#website"},"primaryImageOfPage":{"@id":"https:\/\/gearxtools.com\/de\/gear-x-stirnlampe-mit-bewegungssensor-aus-rcs-rec-abs-schwarz\/#primaryimage"},"image":{"@id":"https:\/\/gearxtools.com\/de\/gear-x-stirnlampe-mit-bewegungssensor-aus-rcs-rec-abs-schwarz\/#primaryimage"},"thumbnailUrl":"https:\/\/gearxtools.com\/wp-content\/uploads\/sites\/8\/2026\/05\/P518.0501__S_0__73f5fb43985747b8a004095d980ef15b.jpg","datePublished":"2026-05-07T00:02:10+00:00","dateModified":"2026-05-07T01:02:10+00:00","breadcrumb":{"@id":"https:\/\/gearxtools.com\/de\/gear-x-stirnlampe-mit-bewegungssensor-aus-rcs-rec-abs-schwarz\/#breadcrumb"},"inLanguage":"de","potentialAction":[{"@type":"ReadAction","target":["https:\/\/gearxtools.com\/de\/gear-x-stirnlampe-mit-bewegungssensor-aus-rcs-rec-abs-schwarz\/"]}]},{"@type":"ImageObject","inLanguage":"de","@id":"https:\/\/gearxtools.com\/de\/gear-x-stirnlampe-mit-bewegungssensor-aus-rcs-rec-abs-schwarz\/#primaryimage","url":"https:\/\/gearxtools.com\/wp-content\/uploads\/sites\/8\/2026\/05\/P518.0501__S_0__73f5fb43985747b8a004095d980ef15b.jpg","contentUrl":"https:\/\/gearxtools.com\/wp-content\/uploads\/sites\/8\/2026\/05\/P518.0501__S_0__73f5fb43985747b8a004095d980ef15b.jpg","width":1024,"height":1024},{"@type":"BreadcrumbList","@id":"https:\/\/gearxtools.com\/de\/gear-x-stirnlampe-mit-bewegungssensor-aus-rcs-rec-abs-schwarz\/#breadcrumb","itemListElement":[{"@type":"ListItem","position":1,"name":"Home","item":"https:\/\/gearxtools.com\/de\/"},{"@type":"ListItem","position":2,"name":"Kollektion","item":"https:\/\/gearxtools.com\/de\/kollektion\/"},{"@type":"ListItem","position":3,"name":"Gear X Stirnlampe mit Bewegungssensor aus RCS rec. ABS, schwarz"}]},{"@type":"WebSite","@id":"https:\/\/gearxtools.com\/de\/#website","url":"https:\/\/gearxtools.com\/de\/","name":"Gear X Tools","description":"Gear X always there when you need it","potentialAction":[{"@type":"SearchAction","target":{"@type":"EntryPoint","urlTemplate":"https:\/\/gearxtools.com\/de\/?s={search_term_string}"},"query-input":{"@type":"PropertyValueSpecification","valueRequired":true,"valueName":"search_term_string"}}],"inLanguage":"de"}]}},"aioseo_notices":[],"_links":{"self":[{"href":"https:\/\/gearxtools.com\/de\/wp-json\/wp\/v2\/product\/7085","targetHints":{"allow":["GET"]}}],"collection":[{"href":"https:\/\/gearxtools.com\/de\/wp-json\/wp\/v2\/product"}],"about":[{"href":"https:\/\/gearxtools.com\/de\/wp-json\/wp\/v2\/types\/product"}],"replies":[{"embeddable":true,"href":"https:\/\/gearxtools.com\/de\/wp-json\/wp\/v2\/comments?post=7085"}],"wp:featuredmedia":[{"embeddable":true,"href":"https:\/\/gearxtools.com\/de\/wp-json\/wp\/v2\/media\/7016"}],"wp:attachment":[{"href":"https:\/\/gearxtools.com\/de\/wp-json\/wp\/v2\/media?parent=7085"}],"wp:term":[{"taxonomy":"product_cat","embeddable":true,"href":"https:\/\/gearxtools.com\/de\/wp-json\/wp\/v2\/product_cat?post=7085"},{"taxonomy":"product_tag","embeddable":true,"href":"https:\/\/gearxtools.com\/de\/wp-json\/wp\/v2\/product_tag?post=7085"}],"curies":[{"name":"wp","href":"https:\/\/api.w.org\/{rel}","templated":true}]}}