{"id":1224,"date":"2023-03-16T15:54:11","date_gmt":"2023-03-16T15:54:11","guid":{"rendered":"https:\/\/xdsomename.tempurl.host\/gearx-website\/product\/flexometro-5m-retractil-lento-rapido-negro\/"},"modified":"2026-03-12T02:14:10","modified_gmt":"2026-03-12T02:14:10","slug":"flexometro-5m-retractil-lento-rapido-negro","status":"publish","type":"product","link":"https:\/\/gearxtools.com\/es\/flexometro-5m-retractil-lento-rapido-negro\/","title":{"rendered":"Flex\u00f3metro 5M retr\u00e1ctil lento\/r\u00e1pido, negro"},"content":{"rendered":"<p>Mide con estilo con esta cinta m\u00e9trica de alta calidad de 5 M\/19 mm. El flex\u00f3metro viene en un estuche premium a prueba de golpes con bot\u00f3n de bloqueo y clip para cintur\u00f3n. Ofrece dos velocidades de retracci\u00f3n a diferencia de la mayor\u00eda de los otros flex\u00f3metros. La duradera hoja de carbono en negro es resistente al rendimiento y viene con dos potentes imanes. La impresi\u00f3n es resistente al desgaste, por lo que el flex\u00f3metro estar\u00e1 listo para usar cuando lo necesites. Presentado en caja de regalo de lujo.<\/p>\n","protected":false},"excerpt":{"rendered":"<p>Mide con estilo con esta cinta m\u00e9trica de alta calidad de 5 M\/19 mm. El flex\u00f3metro viene en un estuche premium a prueba de golpes con bot\u00f3n de bloqueo y clip para cintur\u00f3n. Ofrece dos velocidades de retracci\u00f3n a diferencia de la mayor\u00eda de los otros flex\u00f3metros. La duradera hoja de carbono en negro es [&hellip;]<\/p>\n","protected":false},"featured_media":3805,"comment_status":"closed","ping_status":"closed","template":"","meta":{"_acf_changed":false,"_monsterinsights_skip_tracking":false,"_monsterinsights_sitenote_active":false,"_monsterinsights_sitenote_note":"","_monsterinsights_sitenote_category":0},"product_cat":[53],"product_tag":[],"class_list":["post-1224","product","type-product","status-publish","has-post-thumbnail","hentry","product_cat-multiherramientas","pa_color-black"],"acf":[],"yoast_head":"<!-- This site is optimized with the Yoast SEO plugin v27.0 - https:\/\/yoast.com\/product\/yoast-seo-wordpress\/ -->\n<title>Flex\u00f3metro 5M retr\u00e1ctil lento\/r\u00e1pido, negro - Gear X Tools<\/title>\n<meta name=\"robots\" content=\"index, follow, max-snippet:-1, max-image-preview:large, max-video-preview:-1\" \/>\n<link rel=\"canonical\" href=\"https:\/\/gearxtools.com\/es\/flexometro-5m-retractil-lento-rapido-negro\/\" \/>\n<meta property=\"og:locale\" content=\"es_ES\" \/>\n<meta property=\"og:type\" content=\"article\" \/>\n<meta property=\"og:title\" content=\"Flex\u00f3metro 5M retr\u00e1ctil lento\/r\u00e1pido, negro - Gear X Tools\" \/>\n<meta property=\"og:description\" content=\"Mide con estilo con esta cinta m\u00e9trica de alta calidad de 5 M\/19 mm. El flex\u00f3metro viene en un estuche premium a prueba de golpes con bot\u00f3n de bloqueo y clip para cintur\u00f3n. Ofrece dos velocidades de retracci\u00f3n a diferencia de la mayor\u00eda de los otros flex\u00f3metros. La duradera hoja de carbono en negro es [&hellip;]\" \/>\n<meta property=\"og:url\" content=\"https:\/\/gearxtools.com\/es\/flexometro-5m-retractil-lento-rapido-negro\/\" \/>\n<meta property=\"og:site_name\" content=\"Gear X Tools\" \/>\n<meta property=\"article:modified_time\" content=\"2026-03-12T02:14:10+00:00\" \/>\n<meta property=\"og:image\" content=\"https:\/\/gearxtools.com\/wp-content\/uploads\/sites\/8\/2024\/02\/P113.201__S_0__c7d29d0d8bd3437baba84b0423401123.jpg\" \/>\n\t<meta property=\"og:image:width\" content=\"1024\" \/>\n\t<meta property=\"og:image:height\" content=\"1024\" \/>\n\t<meta property=\"og:image:type\" content=\"image\/jpeg\" \/>\n<meta name=\"twitter:card\" content=\"summary_large_image\" \/>\n<script type=\"application\/ld+json\" class=\"yoast-schema-graph\">{\"@context\":\"https:\/\/schema.org\",\"@graph\":[{\"@type\":\"WebPage\",\"@id\":\"https:\/\/gearxtools.com\/es\/flexometro-5m-retractil-lento-rapido-negro\/\",\"url\":\"https:\/\/gearxtools.com\/es\/flexometro-5m-retractil-lento-rapido-negro\/\",\"name\":\"Flex\u00f3metro 5M retr\u00e1ctil lento\/r\u00e1pido, negro - Gear X Tools\",\"isPartOf\":{\"@id\":\"https:\/\/gearxtools.com\/es\/#website\"},\"primaryImageOfPage\":{\"@id\":\"https:\/\/gearxtools.com\/es\/flexometro-5m-retractil-lento-rapido-negro\/#primaryimage\"},\"image\":{\"@id\":\"https:\/\/gearxtools.com\/es\/flexometro-5m-retractil-lento-rapido-negro\/#primaryimage\"},\"thumbnailUrl\":\"https:\/\/gearxtools.com\/wp-content\/uploads\/sites\/8\/2024\/02\/P113.201__S_0__c7d29d0d8bd3437baba84b0423401123.jpg\",\"datePublished\":\"2023-03-16T15:54:11+00:00\",\"dateModified\":\"2026-03-12T02:14:10+00:00\",\"breadcrumb\":{\"@id\":\"https:\/\/gearxtools.com\/es\/flexometro-5m-retractil-lento-rapido-negro\/#breadcrumb\"},\"inLanguage\":\"es\",\"potentialAction\":[{\"@type\":\"ReadAction\",\"target\":[\"https:\/\/gearxtools.com\/es\/flexometro-5m-retractil-lento-rapido-negro\/\"]}]},{\"@type\":\"ImageObject\",\"inLanguage\":\"es\",\"@id\":\"https:\/\/gearxtools.com\/es\/flexometro-5m-retractil-lento-rapido-negro\/#primaryimage\",\"url\":\"https:\/\/gearxtools.com\/wp-content\/uploads\/sites\/8\/2024\/02\/P113.201__S_0__c7d29d0d8bd3437baba84b0423401123.jpg\",\"contentUrl\":\"https:\/\/gearxtools.com\/wp-content\/uploads\/sites\/8\/2024\/02\/P113.201__S_0__c7d29d0d8bd3437baba84b0423401123.jpg\",\"width\":1024,\"height\":1024},{\"@type\":\"BreadcrumbList\",\"@id\":\"https:\/\/gearxtools.com\/es\/flexometro-5m-retractil-lento-rapido-negro\/#breadcrumb\",\"itemListElement\":[{\"@type\":\"ListItem\",\"position\":1,\"name\":\"Home\",\"item\":\"https:\/\/gearxtools.com\/es\/\"},{\"@type\":\"ListItem\",\"position\":2,\"name\":\"Colecci\u00f3n\",\"item\":\"https:\/\/gearxtools.com\/es\/coleccion\/\"},{\"@type\":\"ListItem\",\"position\":3,\"name\":\"Flex\u00f3metro 5M retr\u00e1ctil lento\/r\u00e1pido, negro\"}]},{\"@type\":\"WebSite\",\"@id\":\"https:\/\/gearxtools.com\/es\/#website\",\"url\":\"https:\/\/gearxtools.com\/es\/\",\"name\":\"Gear X Tools\",\"description\":\"Gear X always there when you need it\",\"potentialAction\":[{\"@type\":\"SearchAction\",\"target\":{\"@type\":\"EntryPoint\",\"urlTemplate\":\"https:\/\/gearxtools.com\/es\/?s={search_term_string}\"},\"query-input\":{\"@type\":\"PropertyValueSpecification\",\"valueRequired\":true,\"valueName\":\"search_term_string\"}}],\"inLanguage\":\"es\"}]}<\/script>\n<!-- \/ Yoast SEO plugin. -->","yoast_head_json":{"title":"Flex\u00f3metro 5M retr\u00e1ctil lento\/r\u00e1pido, negro - Gear X Tools","robots":{"index":"index","follow":"follow","max-snippet":"max-snippet:-1","max-image-preview":"max-image-preview:large","max-video-preview":"max-video-preview:-1"},"canonical":"https:\/\/gearxtools.com\/es\/flexometro-5m-retractil-lento-rapido-negro\/","og_locale":"es_ES","og_type":"article","og_title":"Flex\u00f3metro 5M retr\u00e1ctil lento\/r\u00e1pido, negro - Gear X Tools","og_description":"Mide con estilo con esta cinta m\u00e9trica de alta calidad de 5 M\/19 mm. El flex\u00f3metro viene en un estuche premium a prueba de golpes con bot\u00f3n de bloqueo y clip para cintur\u00f3n. Ofrece dos velocidades de retracci\u00f3n a diferencia de la mayor\u00eda de los otros flex\u00f3metros. La duradera hoja de carbono en negro es [&hellip;]","og_url":"https:\/\/gearxtools.com\/es\/flexometro-5m-retractil-lento-rapido-negro\/","og_site_name":"Gear X Tools","article_modified_time":"2026-03-12T02:14:10+00:00","og_image":[{"width":1024,"height":1024,"url":"https:\/\/gearxtools.com\/wp-content\/uploads\/sites\/8\/2024\/02\/P113.201__S_0__c7d29d0d8bd3437baba84b0423401123.jpg","type":"image\/jpeg"}],"twitter_card":"summary_large_image","schema":{"@context":"https:\/\/schema.org","@graph":[{"@type":"WebPage","@id":"https:\/\/gearxtools.com\/es\/flexometro-5m-retractil-lento-rapido-negro\/","url":"https:\/\/gearxtools.com\/es\/flexometro-5m-retractil-lento-rapido-negro\/","name":"Flex\u00f3metro 5M retr\u00e1ctil lento\/r\u00e1pido, negro - Gear X Tools","isPartOf":{"@id":"https:\/\/gearxtools.com\/es\/#website"},"primaryImageOfPage":{"@id":"https:\/\/gearxtools.com\/es\/flexometro-5m-retractil-lento-rapido-negro\/#primaryimage"},"image":{"@id":"https:\/\/gearxtools.com\/es\/flexometro-5m-retractil-lento-rapido-negro\/#primaryimage"},"thumbnailUrl":"https:\/\/gearxtools.com\/wp-content\/uploads\/sites\/8\/2024\/02\/P113.201__S_0__c7d29d0d8bd3437baba84b0423401123.jpg","datePublished":"2023-03-16T15:54:11+00:00","dateModified":"2026-03-12T02:14:10+00:00","breadcrumb":{"@id":"https:\/\/gearxtools.com\/es\/flexometro-5m-retractil-lento-rapido-negro\/#breadcrumb"},"inLanguage":"es","potentialAction":[{"@type":"ReadAction","target":["https:\/\/gearxtools.com\/es\/flexometro-5m-retractil-lento-rapido-negro\/"]}]},{"@type":"ImageObject","inLanguage":"es","@id":"https:\/\/gearxtools.com\/es\/flexometro-5m-retractil-lento-rapido-negro\/#primaryimage","url":"https:\/\/gearxtools.com\/wp-content\/uploads\/sites\/8\/2024\/02\/P113.201__S_0__c7d29d0d8bd3437baba84b0423401123.jpg","contentUrl":"https:\/\/gearxtools.com\/wp-content\/uploads\/sites\/8\/2024\/02\/P113.201__S_0__c7d29d0d8bd3437baba84b0423401123.jpg","width":1024,"height":1024},{"@type":"BreadcrumbList","@id":"https:\/\/gearxtools.com\/es\/flexometro-5m-retractil-lento-rapido-negro\/#breadcrumb","itemListElement":[{"@type":"ListItem","position":1,"name":"Home","item":"https:\/\/gearxtools.com\/es\/"},{"@type":"ListItem","position":2,"name":"Colecci\u00f3n","item":"https:\/\/gearxtools.com\/es\/coleccion\/"},{"@type":"ListItem","position":3,"name":"Flex\u00f3metro 5M retr\u00e1ctil lento\/r\u00e1pido, negro"}]},{"@type":"WebSite","@id":"https:\/\/gearxtools.com\/es\/#website","url":"https:\/\/gearxtools.com\/es\/","name":"Gear X Tools","description":"Gear X always there when you need it","potentialAction":[{"@type":"SearchAction","target":{"@type":"EntryPoint","urlTemplate":"https:\/\/gearxtools.com\/es\/?s={search_term_string}"},"query-input":{"@type":"PropertyValueSpecification","valueRequired":true,"valueName":"search_term_string"}}],"inLanguage":"es"}]}},"aioseo_notices":[],"_links":{"self":[{"href":"https:\/\/gearxtools.com\/es\/wp-json\/wp\/v2\/product\/1224","targetHints":{"allow":["GET"]}}],"collection":[{"href":"https:\/\/gearxtools.com\/es\/wp-json\/wp\/v2\/product"}],"about":[{"href":"https:\/\/gearxtools.com\/es\/wp-json\/wp\/v2\/types\/product"}],"replies":[{"embeddable":true,"href":"https:\/\/gearxtools.com\/es\/wp-json\/wp\/v2\/comments?post=1224"}],"wp:featuredmedia":[{"embeddable":true,"href":"https:\/\/gearxtools.com\/es\/wp-json\/wp\/v2\/media\/3805"}],"wp:attachment":[{"href":"https:\/\/gearxtools.com\/es\/wp-json\/wp\/v2\/media?parent=1224"}],"wp:term":[{"taxonomy":"product_cat","embeddable":true,"href":"https:\/\/gearxtools.com\/es\/wp-json\/wp\/v2\/product_cat?post=1224"},{"taxonomy":"product_tag","embeddable":true,"href":"https:\/\/gearxtools.com\/es\/wp-json\/wp\/v2\/product_tag?post=1224"}],"curies":[{"name":"wp","href":"https:\/\/api.w.org\/{rel}","templated":true}]}}