{"id":1225,"date":"2023-03-16T15:54:11","date_gmt":"2023-03-16T15:54:11","guid":{"rendered":"https:\/\/xdsomename.tempurl.host\/gearx-website\/product\/flexometro-de-5m-con-laser-de-30m-negro\/"},"modified":"2026-04-16T01:12:09","modified_gmt":"2026-04-16T01:12:09","slug":"flexometro-de-5m-con-laser-de-30m-negro","status":"publish","type":"product","link":"https:\/\/gearxtools.com\/es\/flexometro-de-5m-con-laser-de-30m-negro\/","title":{"rendered":"Flex\u00f3metro 5M y l\u00e1ser 30M, negro"},"content":{"rendered":"<p>Combina funcionalidad, durabilidad y rendimiento con este flex\u00f3metro l\u00e1ser de primera calidad. La carcasa de goma a prueba de golpes tiene un medidor de distancia l\u00e1ser integrado de 30M (clase 2). Tambi\u00e9n tiene una cinta de carbono 5M resistente al desgaste duradera. La hoja es de color negro y de doble cara. Con pantalla LCD integrada para leer r\u00e1pidamente los detalles. Con bater\u00eda recargable integrada. Presentado en caja de regalo de lujo.<\/p>\n","protected":false},"excerpt":{"rendered":"<p>Combina funcionalidad, durabilidad y rendimiento con este flex\u00f3metro l\u00e1ser de primera calidad. La carcasa de goma a prueba de golpes tiene un medidor de distancia l\u00e1ser integrado de 30M (clase 2). Tambi\u00e9n tiene una cinta de carbono 5M resistente al desgaste duradera. La hoja es de color negro y de doble cara. Con pantalla LCD [&hellip;]<\/p>\n","protected":false},"featured_media":6884,"comment_status":"closed","ping_status":"closed","template":"","meta":{"_acf_changed":false,"_monsterinsights_skip_tracking":false,"_monsterinsights_sitenote_active":false,"_monsterinsights_sitenote_note":"","_monsterinsights_sitenote_category":0},"product_cat":[53],"product_tag":[],"class_list":["post-1225","product","type-product","status-publish","has-post-thumbnail","hentry","product_cat-multiherramientas","pa_color-black"],"acf":[],"yoast_head":"<!-- This site is optimized with the Yoast SEO plugin v27.0 - https:\/\/yoast.com\/product\/yoast-seo-wordpress\/ -->\n<title>Flex\u00f3metro 5M y l\u00e1ser 30M, negro - Gear X Tools<\/title>\n<meta name=\"robots\" content=\"index, follow, max-snippet:-1, max-image-preview:large, max-video-preview:-1\" \/>\n<link rel=\"canonical\" href=\"https:\/\/gearxtools.com\/es\/flexometro-de-5m-con-laser-de-30m-negro\/\" \/>\n<meta property=\"og:locale\" content=\"es_ES\" \/>\n<meta property=\"og:type\" content=\"article\" \/>\n<meta property=\"og:title\" content=\"Flex\u00f3metro 5M y l\u00e1ser 30M, negro - Gear X Tools\" \/>\n<meta property=\"og:description\" content=\"Combina funcionalidad, durabilidad y rendimiento con este flex\u00f3metro l\u00e1ser de primera calidad. La carcasa de goma a prueba de golpes tiene un medidor de distancia l\u00e1ser integrado de 30M (clase 2). Tambi\u00e9n tiene una cinta de carbono 5M resistente al desgaste duradera. La hoja es de color negro y de doble cara. Con pantalla LCD [&hellip;]\" \/>\n<meta property=\"og:url\" content=\"https:\/\/gearxtools.com\/es\/flexometro-de-5m-con-laser-de-30m-negro\/\" \/>\n<meta property=\"og:site_name\" content=\"Gear X Tools\" \/>\n<meta property=\"article:modified_time\" content=\"2026-04-16T01:12:09+00:00\" \/>\n<meta property=\"og:image\" content=\"https:\/\/gearxtools.com\/wp-content\/uploads\/sites\/8\/2026\/04\/P113.211__S_0__db376d58d5154205a3db79705bed2acf.jpg\" \/>\n\t<meta property=\"og:image:width\" content=\"1024\" \/>\n\t<meta property=\"og:image:height\" content=\"1024\" \/>\n\t<meta property=\"og:image:type\" content=\"image\/jpeg\" \/>\n<meta name=\"twitter:card\" content=\"summary_large_image\" \/>\n<script type=\"application\/ld+json\" class=\"yoast-schema-graph\">{\"@context\":\"https:\/\/schema.org\",\"@graph\":[{\"@type\":\"WebPage\",\"@id\":\"https:\/\/gearxtools.com\/es\/flexometro-de-5m-con-laser-de-30m-negro\/\",\"url\":\"https:\/\/gearxtools.com\/es\/flexometro-de-5m-con-laser-de-30m-negro\/\",\"name\":\"Flex\u00f3metro 5M y l\u00e1ser 30M, negro - Gear X Tools\",\"isPartOf\":{\"@id\":\"https:\/\/gearxtools.com\/es\/#website\"},\"primaryImageOfPage\":{\"@id\":\"https:\/\/gearxtools.com\/es\/flexometro-de-5m-con-laser-de-30m-negro\/#primaryimage\"},\"image\":{\"@id\":\"https:\/\/gearxtools.com\/es\/flexometro-de-5m-con-laser-de-30m-negro\/#primaryimage\"},\"thumbnailUrl\":\"https:\/\/gearxtools.com\/wp-content\/uploads\/sites\/8\/2026\/04\/P113.211__S_0__db376d58d5154205a3db79705bed2acf.jpg\",\"datePublished\":\"2023-03-16T15:54:11+00:00\",\"dateModified\":\"2026-04-16T01:12:09+00:00\",\"breadcrumb\":{\"@id\":\"https:\/\/gearxtools.com\/es\/flexometro-de-5m-con-laser-de-30m-negro\/#breadcrumb\"},\"inLanguage\":\"es\",\"potentialAction\":[{\"@type\":\"ReadAction\",\"target\":[\"https:\/\/gearxtools.com\/es\/flexometro-de-5m-con-laser-de-30m-negro\/\"]}]},{\"@type\":\"ImageObject\",\"inLanguage\":\"es\",\"@id\":\"https:\/\/gearxtools.com\/es\/flexometro-de-5m-con-laser-de-30m-negro\/#primaryimage\",\"url\":\"https:\/\/gearxtools.com\/wp-content\/uploads\/sites\/8\/2026\/04\/P113.211__S_0__db376d58d5154205a3db79705bed2acf.jpg\",\"contentUrl\":\"https:\/\/gearxtools.com\/wp-content\/uploads\/sites\/8\/2026\/04\/P113.211__S_0__db376d58d5154205a3db79705bed2acf.jpg\",\"width\":1024,\"height\":1024},{\"@type\":\"BreadcrumbList\",\"@id\":\"https:\/\/gearxtools.com\/es\/flexometro-de-5m-con-laser-de-30m-negro\/#breadcrumb\",\"itemListElement\":[{\"@type\":\"ListItem\",\"position\":1,\"name\":\"Home\",\"item\":\"https:\/\/gearxtools.com\/es\/\"},{\"@type\":\"ListItem\",\"position\":2,\"name\":\"Colecci\u00f3n\",\"item\":\"https:\/\/gearxtools.com\/es\/coleccion\/\"},{\"@type\":\"ListItem\",\"position\":3,\"name\":\"Flex\u00f3metro 5M y l\u00e1ser 30M, negro\"}]},{\"@type\":\"WebSite\",\"@id\":\"https:\/\/gearxtools.com\/es\/#website\",\"url\":\"https:\/\/gearxtools.com\/es\/\",\"name\":\"Gear X Tools\",\"description\":\"Gear X always there when you need it\",\"potentialAction\":[{\"@type\":\"SearchAction\",\"target\":{\"@type\":\"EntryPoint\",\"urlTemplate\":\"https:\/\/gearxtools.com\/es\/?s={search_term_string}\"},\"query-input\":{\"@type\":\"PropertyValueSpecification\",\"valueRequired\":true,\"valueName\":\"search_term_string\"}}],\"inLanguage\":\"es\"}]}<\/script>\n<!-- \/ Yoast SEO plugin. -->","yoast_head_json":{"title":"Flex\u00f3metro 5M y l\u00e1ser 30M, negro - Gear X Tools","robots":{"index":"index","follow":"follow","max-snippet":"max-snippet:-1","max-image-preview":"max-image-preview:large","max-video-preview":"max-video-preview:-1"},"canonical":"https:\/\/gearxtools.com\/es\/flexometro-de-5m-con-laser-de-30m-negro\/","og_locale":"es_ES","og_type":"article","og_title":"Flex\u00f3metro 5M y l\u00e1ser 30M, negro - Gear X Tools","og_description":"Combina funcionalidad, durabilidad y rendimiento con este flex\u00f3metro l\u00e1ser de primera calidad. La carcasa de goma a prueba de golpes tiene un medidor de distancia l\u00e1ser integrado de 30M (clase 2). Tambi\u00e9n tiene una cinta de carbono 5M resistente al desgaste duradera. La hoja es de color negro y de doble cara. Con pantalla LCD [&hellip;]","og_url":"https:\/\/gearxtools.com\/es\/flexometro-de-5m-con-laser-de-30m-negro\/","og_site_name":"Gear X Tools","article_modified_time":"2026-04-16T01:12:09+00:00","og_image":[{"width":1024,"height":1024,"url":"https:\/\/gearxtools.com\/wp-content\/uploads\/sites\/8\/2026\/04\/P113.211__S_0__db376d58d5154205a3db79705bed2acf.jpg","type":"image\/jpeg"}],"twitter_card":"summary_large_image","schema":{"@context":"https:\/\/schema.org","@graph":[{"@type":"WebPage","@id":"https:\/\/gearxtools.com\/es\/flexometro-de-5m-con-laser-de-30m-negro\/","url":"https:\/\/gearxtools.com\/es\/flexometro-de-5m-con-laser-de-30m-negro\/","name":"Flex\u00f3metro 5M y l\u00e1ser 30M, negro - Gear X Tools","isPartOf":{"@id":"https:\/\/gearxtools.com\/es\/#website"},"primaryImageOfPage":{"@id":"https:\/\/gearxtools.com\/es\/flexometro-de-5m-con-laser-de-30m-negro\/#primaryimage"},"image":{"@id":"https:\/\/gearxtools.com\/es\/flexometro-de-5m-con-laser-de-30m-negro\/#primaryimage"},"thumbnailUrl":"https:\/\/gearxtools.com\/wp-content\/uploads\/sites\/8\/2026\/04\/P113.211__S_0__db376d58d5154205a3db79705bed2acf.jpg","datePublished":"2023-03-16T15:54:11+00:00","dateModified":"2026-04-16T01:12:09+00:00","breadcrumb":{"@id":"https:\/\/gearxtools.com\/es\/flexometro-de-5m-con-laser-de-30m-negro\/#breadcrumb"},"inLanguage":"es","potentialAction":[{"@type":"ReadAction","target":["https:\/\/gearxtools.com\/es\/flexometro-de-5m-con-laser-de-30m-negro\/"]}]},{"@type":"ImageObject","inLanguage":"es","@id":"https:\/\/gearxtools.com\/es\/flexometro-de-5m-con-laser-de-30m-negro\/#primaryimage","url":"https:\/\/gearxtools.com\/wp-content\/uploads\/sites\/8\/2026\/04\/P113.211__S_0__db376d58d5154205a3db79705bed2acf.jpg","contentUrl":"https:\/\/gearxtools.com\/wp-content\/uploads\/sites\/8\/2026\/04\/P113.211__S_0__db376d58d5154205a3db79705bed2acf.jpg","width":1024,"height":1024},{"@type":"BreadcrumbList","@id":"https:\/\/gearxtools.com\/es\/flexometro-de-5m-con-laser-de-30m-negro\/#breadcrumb","itemListElement":[{"@type":"ListItem","position":1,"name":"Home","item":"https:\/\/gearxtools.com\/es\/"},{"@type":"ListItem","position":2,"name":"Colecci\u00f3n","item":"https:\/\/gearxtools.com\/es\/coleccion\/"},{"@type":"ListItem","position":3,"name":"Flex\u00f3metro 5M y l\u00e1ser 30M, negro"}]},{"@type":"WebSite","@id":"https:\/\/gearxtools.com\/es\/#website","url":"https:\/\/gearxtools.com\/es\/","name":"Gear X Tools","description":"Gear X always there when you need it","potentialAction":[{"@type":"SearchAction","target":{"@type":"EntryPoint","urlTemplate":"https:\/\/gearxtools.com\/es\/?s={search_term_string}"},"query-input":{"@type":"PropertyValueSpecification","valueRequired":true,"valueName":"search_term_string"}}],"inLanguage":"es"}]}},"aioseo_notices":[],"_links":{"self":[{"href":"https:\/\/gearxtools.com\/es\/wp-json\/wp\/v2\/product\/1225","targetHints":{"allow":["GET"]}}],"collection":[{"href":"https:\/\/gearxtools.com\/es\/wp-json\/wp\/v2\/product"}],"about":[{"href":"https:\/\/gearxtools.com\/es\/wp-json\/wp\/v2\/types\/product"}],"replies":[{"embeddable":true,"href":"https:\/\/gearxtools.com\/es\/wp-json\/wp\/v2\/comments?post=1225"}],"wp:featuredmedia":[{"embeddable":true,"href":"https:\/\/gearxtools.com\/es\/wp-json\/wp\/v2\/media\/6884"}],"wp:attachment":[{"href":"https:\/\/gearxtools.com\/es\/wp-json\/wp\/v2\/media?parent=1225"}],"wp:term":[{"taxonomy":"product_cat","embeddable":true,"href":"https:\/\/gearxtools.com\/es\/wp-json\/wp\/v2\/product_cat?post=1225"},{"taxonomy":"product_tag","embeddable":true,"href":"https:\/\/gearxtools.com\/es\/wp-json\/wp\/v2\/product_tag?post=1225"}],"curies":[{"name":"wp","href":"https:\/\/api.w.org\/{rel}","templated":true}]}}