{"id":1228,"date":"2023-03-16T15:54:11","date_gmt":"2023-03-16T15:54:11","guid":{"rendered":"https:\/\/xdsomename.tempurl.host\/gearx-website\/product\/cuchillo-multifuncional-negro\/"},"modified":"2026-03-12T02:14:13","modified_gmt":"2026-03-12T02:14:13","slug":"cuchillo-multifuncional-negro","status":"publish","type":"product","link":"https:\/\/gearxtools.com\/es\/cuchillo-multifuncional-negro\/","title":{"rendered":"Cuchillo multifuncional, negro"},"content":{"rendered":"<p>L\u00edneas rectas y claras combinadas con una gran funcionalidad. Esta herramienta multifuncional lo combina todo en un esencial de bolsillo. El cuerpo de aluminio de lujo se combina con herramientas de acero inoxidable 420 de primera calidad, todas completamente negras. Las 13 funciones incluyen: cuchillo, sierra, destornillador plano, abrelatas, lima, destornillador Philips peque\u00f1o, destornillador Philips, sacacorchos, punz\u00f3n para cuero, cortador de cajas, abrebotellas y hoja peque\u00f1a. Este cuchillo multifuncional est\u00e1 listo para usar cuando lo necesites. Presentado en caja de regalo de lujo.<\/p>\n","protected":false},"excerpt":{"rendered":"<p>L\u00edneas rectas y claras combinadas con una gran funcionalidad. Esta herramienta multifuncional lo combina todo en un esencial de bolsillo. El cuerpo de aluminio de lujo se combina con herramientas de acero inoxidable 420 de primera calidad, todas completamente negras. Las 13 funciones incluyen: cuchillo, sierra, destornillador plano, abrelatas, lima, destornillador Philips peque\u00f1o, destornillador Philips, [&hellip;]<\/p>\n","protected":false},"featured_media":4246,"comment_status":"closed","ping_status":"closed","template":"","meta":{"_acf_changed":false,"_monsterinsights_skip_tracking":false,"_monsterinsights_sitenote_active":false,"_monsterinsights_sitenote_note":"","_monsterinsights_sitenote_category":0},"product_cat":[57,45],"product_tag":[],"class_list":["post-1228","product","type-product","status-publish","has-post-thumbnail","hentry","product_cat-medicion","product_cat-navajas","pa_color-black"],"acf":[],"yoast_head":"<!-- This site is optimized with the Yoast SEO plugin v27.0 - https:\/\/yoast.com\/product\/yoast-seo-wordpress\/ -->\n<title>Cuchillo multifuncional, negro - Gear X Tools<\/title>\n<meta name=\"robots\" content=\"index, follow, max-snippet:-1, max-image-preview:large, max-video-preview:-1\" \/>\n<link rel=\"canonical\" href=\"https:\/\/gearxtools.com\/es\/cuchillo-multifuncional-negro\/\" \/>\n<meta property=\"og:locale\" content=\"es_ES\" \/>\n<meta property=\"og:type\" content=\"article\" \/>\n<meta property=\"og:title\" content=\"Cuchillo multifuncional, negro - Gear X Tools\" \/>\n<meta property=\"og:description\" content=\"L\u00edneas rectas y claras combinadas con una gran funcionalidad. Esta herramienta multifuncional lo combina todo en un esencial de bolsillo. El cuerpo de aluminio de lujo se combina con herramientas de acero inoxidable 420 de primera calidad, todas completamente negras. Las 13 funciones incluyen: cuchillo, sierra, destornillador plano, abrelatas, lima, destornillador Philips peque\u00f1o, destornillador Philips, [&hellip;]\" \/>\n<meta property=\"og:url\" content=\"https:\/\/gearxtools.com\/es\/cuchillo-multifuncional-negro\/\" \/>\n<meta property=\"og:site_name\" content=\"Gear X Tools\" \/>\n<meta property=\"article:modified_time\" content=\"2026-03-12T02:14:13+00:00\" \/>\n<meta property=\"og:image\" content=\"https:\/\/gearxtools.com\/wp-content\/uploads\/sites\/8\/2024\/02\/P221.221__S_0__b3e08011c3664825bf6001e2d73d0cca.jpg\" \/>\n\t<meta property=\"og:image:width\" content=\"1024\" \/>\n\t<meta property=\"og:image:height\" content=\"1024\" \/>\n\t<meta property=\"og:image:type\" content=\"image\/jpeg\" \/>\n<meta name=\"twitter:card\" content=\"summary_large_image\" \/>\n<script type=\"application\/ld+json\" class=\"yoast-schema-graph\">{\"@context\":\"https:\/\/schema.org\",\"@graph\":[{\"@type\":\"WebPage\",\"@id\":\"https:\/\/gearxtools.com\/es\/cuchillo-multifuncional-negro\/\",\"url\":\"https:\/\/gearxtools.com\/es\/cuchillo-multifuncional-negro\/\",\"name\":\"Cuchillo multifuncional, negro - Gear X Tools\",\"isPartOf\":{\"@id\":\"https:\/\/gearxtools.com\/es\/#website\"},\"primaryImageOfPage\":{\"@id\":\"https:\/\/gearxtools.com\/es\/cuchillo-multifuncional-negro\/#primaryimage\"},\"image\":{\"@id\":\"https:\/\/gearxtools.com\/es\/cuchillo-multifuncional-negro\/#primaryimage\"},\"thumbnailUrl\":\"https:\/\/gearxtools.com\/wp-content\/uploads\/sites\/8\/2024\/02\/P221.221__S_0__b3e08011c3664825bf6001e2d73d0cca.jpg\",\"datePublished\":\"2023-03-16T15:54:11+00:00\",\"dateModified\":\"2026-03-12T02:14:13+00:00\",\"breadcrumb\":{\"@id\":\"https:\/\/gearxtools.com\/es\/cuchillo-multifuncional-negro\/#breadcrumb\"},\"inLanguage\":\"es\",\"potentialAction\":[{\"@type\":\"ReadAction\",\"target\":[\"https:\/\/gearxtools.com\/es\/cuchillo-multifuncional-negro\/\"]}]},{\"@type\":\"ImageObject\",\"inLanguage\":\"es\",\"@id\":\"https:\/\/gearxtools.com\/es\/cuchillo-multifuncional-negro\/#primaryimage\",\"url\":\"https:\/\/gearxtools.com\/wp-content\/uploads\/sites\/8\/2024\/02\/P221.221__S_0__b3e08011c3664825bf6001e2d73d0cca.jpg\",\"contentUrl\":\"https:\/\/gearxtools.com\/wp-content\/uploads\/sites\/8\/2024\/02\/P221.221__S_0__b3e08011c3664825bf6001e2d73d0cca.jpg\",\"width\":1024,\"height\":1024},{\"@type\":\"BreadcrumbList\",\"@id\":\"https:\/\/gearxtools.com\/es\/cuchillo-multifuncional-negro\/#breadcrumb\",\"itemListElement\":[{\"@type\":\"ListItem\",\"position\":1,\"name\":\"Home\",\"item\":\"https:\/\/gearxtools.com\/es\/\"},{\"@type\":\"ListItem\",\"position\":2,\"name\":\"Colecci\u00f3n\",\"item\":\"https:\/\/gearxtools.com\/es\/coleccion\/\"},{\"@type\":\"ListItem\",\"position\":3,\"name\":\"Cuchillo multifuncional, negro\"}]},{\"@type\":\"WebSite\",\"@id\":\"https:\/\/gearxtools.com\/es\/#website\",\"url\":\"https:\/\/gearxtools.com\/es\/\",\"name\":\"Gear X Tools\",\"description\":\"Gear X always there when you need it\",\"potentialAction\":[{\"@type\":\"SearchAction\",\"target\":{\"@type\":\"EntryPoint\",\"urlTemplate\":\"https:\/\/gearxtools.com\/es\/?s={search_term_string}\"},\"query-input\":{\"@type\":\"PropertyValueSpecification\",\"valueRequired\":true,\"valueName\":\"search_term_string\"}}],\"inLanguage\":\"es\"}]}<\/script>\n<!-- \/ Yoast SEO plugin. -->","yoast_head_json":{"title":"Cuchillo multifuncional, negro - Gear X Tools","robots":{"index":"index","follow":"follow","max-snippet":"max-snippet:-1","max-image-preview":"max-image-preview:large","max-video-preview":"max-video-preview:-1"},"canonical":"https:\/\/gearxtools.com\/es\/cuchillo-multifuncional-negro\/","og_locale":"es_ES","og_type":"article","og_title":"Cuchillo multifuncional, negro - Gear X Tools","og_description":"L\u00edneas rectas y claras combinadas con una gran funcionalidad. Esta herramienta multifuncional lo combina todo en un esencial de bolsillo. El cuerpo de aluminio de lujo se combina con herramientas de acero inoxidable 420 de primera calidad, todas completamente negras. Las 13 funciones incluyen: cuchillo, sierra, destornillador plano, abrelatas, lima, destornillador Philips peque\u00f1o, destornillador Philips, [&hellip;]","og_url":"https:\/\/gearxtools.com\/es\/cuchillo-multifuncional-negro\/","og_site_name":"Gear X Tools","article_modified_time":"2026-03-12T02:14:13+00:00","og_image":[{"width":1024,"height":1024,"url":"https:\/\/gearxtools.com\/wp-content\/uploads\/sites\/8\/2024\/02\/P221.221__S_0__b3e08011c3664825bf6001e2d73d0cca.jpg","type":"image\/jpeg"}],"twitter_card":"summary_large_image","schema":{"@context":"https:\/\/schema.org","@graph":[{"@type":"WebPage","@id":"https:\/\/gearxtools.com\/es\/cuchillo-multifuncional-negro\/","url":"https:\/\/gearxtools.com\/es\/cuchillo-multifuncional-negro\/","name":"Cuchillo multifuncional, negro - Gear X Tools","isPartOf":{"@id":"https:\/\/gearxtools.com\/es\/#website"},"primaryImageOfPage":{"@id":"https:\/\/gearxtools.com\/es\/cuchillo-multifuncional-negro\/#primaryimage"},"image":{"@id":"https:\/\/gearxtools.com\/es\/cuchillo-multifuncional-negro\/#primaryimage"},"thumbnailUrl":"https:\/\/gearxtools.com\/wp-content\/uploads\/sites\/8\/2024\/02\/P221.221__S_0__b3e08011c3664825bf6001e2d73d0cca.jpg","datePublished":"2023-03-16T15:54:11+00:00","dateModified":"2026-03-12T02:14:13+00:00","breadcrumb":{"@id":"https:\/\/gearxtools.com\/es\/cuchillo-multifuncional-negro\/#breadcrumb"},"inLanguage":"es","potentialAction":[{"@type":"ReadAction","target":["https:\/\/gearxtools.com\/es\/cuchillo-multifuncional-negro\/"]}]},{"@type":"ImageObject","inLanguage":"es","@id":"https:\/\/gearxtools.com\/es\/cuchillo-multifuncional-negro\/#primaryimage","url":"https:\/\/gearxtools.com\/wp-content\/uploads\/sites\/8\/2024\/02\/P221.221__S_0__b3e08011c3664825bf6001e2d73d0cca.jpg","contentUrl":"https:\/\/gearxtools.com\/wp-content\/uploads\/sites\/8\/2024\/02\/P221.221__S_0__b3e08011c3664825bf6001e2d73d0cca.jpg","width":1024,"height":1024},{"@type":"BreadcrumbList","@id":"https:\/\/gearxtools.com\/es\/cuchillo-multifuncional-negro\/#breadcrumb","itemListElement":[{"@type":"ListItem","position":1,"name":"Home","item":"https:\/\/gearxtools.com\/es\/"},{"@type":"ListItem","position":2,"name":"Colecci\u00f3n","item":"https:\/\/gearxtools.com\/es\/coleccion\/"},{"@type":"ListItem","position":3,"name":"Cuchillo multifuncional, negro"}]},{"@type":"WebSite","@id":"https:\/\/gearxtools.com\/es\/#website","url":"https:\/\/gearxtools.com\/es\/","name":"Gear X Tools","description":"Gear X always there when you need it","potentialAction":[{"@type":"SearchAction","target":{"@type":"EntryPoint","urlTemplate":"https:\/\/gearxtools.com\/es\/?s={search_term_string}"},"query-input":{"@type":"PropertyValueSpecification","valueRequired":true,"valueName":"search_term_string"}}],"inLanguage":"es"}]}},"aioseo_notices":[],"_links":{"self":[{"href":"https:\/\/gearxtools.com\/es\/wp-json\/wp\/v2\/product\/1228","targetHints":{"allow":["GET"]}}],"collection":[{"href":"https:\/\/gearxtools.com\/es\/wp-json\/wp\/v2\/product"}],"about":[{"href":"https:\/\/gearxtools.com\/es\/wp-json\/wp\/v2\/types\/product"}],"replies":[{"embeddable":true,"href":"https:\/\/gearxtools.com\/es\/wp-json\/wp\/v2\/comments?post=1228"}],"wp:featuredmedia":[{"embeddable":true,"href":"https:\/\/gearxtools.com\/es\/wp-json\/wp\/v2\/media\/4246"}],"wp:attachment":[{"href":"https:\/\/gearxtools.com\/es\/wp-json\/wp\/v2\/media?parent=1228"}],"wp:term":[{"taxonomy":"product_cat","embeddable":true,"href":"https:\/\/gearxtools.com\/es\/wp-json\/wp\/v2\/product_cat?post=1228"},{"taxonomy":"product_tag","embeddable":true,"href":"https:\/\/gearxtools.com\/es\/wp-json\/wp\/v2\/product_tag?post=1228"}],"curies":[{"name":"wp","href":"https:\/\/api.w.org\/{rel}","templated":true}]}}