{"id":1231,"date":"2023-03-16T15:54:11","date_gmt":"2023-03-16T15:54:11","guid":{"rendered":"https:\/\/xdsomename.tempurl.host\/gearx-website\/product\/alicates-multifuncional-negro\/"},"modified":"2026-04-16T01:12:12","modified_gmt":"2026-04-16T01:12:12","slug":"alicates-multifuncional-negro","status":"publish","type":"product","link":"https:\/\/gearxtools.com\/es\/alicates-multifuncional-negro\/","title":{"rendered":"Alicates multifuncional, negro"},"content":{"rendered":"<p>Una lujosa pieza que muestra de lo que es capaz esta herramienta. La herramienta m\u00e1s vers\u00e1til y duradera para tus trabajos diarios tanto en casa como al aire libre. El cuerpo de aluminio de lujo se combina con herramientas de acero inoxidable 420 de primera calidad, todas completamente negras. Las herramientas duraderas est\u00e1n hechas para durar mucho tiempo. Las 13 funciones incluyen: cuchillo (con seguro), lima, sierra, destornillador plano grande (con seguro), destornillador Philips, destornillador ranurado, alicates, alicates est\u00e1ndar, cortador de alambre, abrebotellas, destornillador, cortador de cintur\u00f3n de seguridad, cortador de cajas . Esta herramienta multifuncional est\u00e1 lista para usar cuando la necesites. Presentado en caja de regalo de lujo.<\/p>\n","protected":false},"excerpt":{"rendered":"<p>Una lujosa pieza que muestra de lo que es capaz esta herramienta. La herramienta m\u00e1s vers\u00e1til y duradera para tus trabajos diarios tanto en casa como al aire libre. El cuerpo de aluminio de lujo se combina con herramientas de acero inoxidable 420 de primera calidad, todas completamente negras. Las herramientas duraderas est\u00e1n hechas para [&hellip;]<\/p>\n","protected":false},"featured_media":6905,"comment_status":"closed","ping_status":"closed","template":"","meta":{"_acf_changed":false,"_monsterinsights_skip_tracking":false,"_monsterinsights_sitenote_active":false,"_monsterinsights_sitenote_note":"","_monsterinsights_sitenote_category":0},"product_cat":[57],"product_tag":[],"class_list":["post-1231","product","type-product","status-publish","has-post-thumbnail","hentry","product_cat-medicion","pa_color-black"],"acf":[],"yoast_head":"<!-- This site is optimized with the Yoast SEO plugin v27.0 - https:\/\/yoast.com\/product\/yoast-seo-wordpress\/ -->\n<title>Alicates multifuncional, negro - Gear X Tools<\/title>\n<meta name=\"robots\" content=\"index, follow, max-snippet:-1, max-image-preview:large, max-video-preview:-1\" \/>\n<link rel=\"canonical\" href=\"https:\/\/gearxtools.com\/es\/alicates-multifuncional-negro\/\" \/>\n<meta property=\"og:locale\" content=\"es_ES\" \/>\n<meta property=\"og:type\" content=\"article\" \/>\n<meta property=\"og:title\" content=\"Alicates multifuncional, negro - Gear X Tools\" \/>\n<meta property=\"og:description\" content=\"Una lujosa pieza que muestra de lo que es capaz esta herramienta. La herramienta m\u00e1s vers\u00e1til y duradera para tus trabajos diarios tanto en casa como al aire libre. El cuerpo de aluminio de lujo se combina con herramientas de acero inoxidable 420 de primera calidad, todas completamente negras. Las herramientas duraderas est\u00e1n hechas para [&hellip;]\" \/>\n<meta property=\"og:url\" content=\"https:\/\/gearxtools.com\/es\/alicates-multifuncional-negro\/\" \/>\n<meta property=\"og:site_name\" content=\"Gear X Tools\" \/>\n<meta property=\"article:modified_time\" content=\"2026-04-16T01:12:12+00:00\" \/>\n<meta property=\"og:image\" content=\"https:\/\/gearxtools.com\/wp-content\/uploads\/sites\/8\/2026\/04\/P221.251__S_0__a4d0c331fbda4d1faf152b149bf1e3ea.jpg\" \/>\n\t<meta property=\"og:image:width\" content=\"1024\" \/>\n\t<meta property=\"og:image:height\" content=\"1024\" \/>\n\t<meta property=\"og:image:type\" content=\"image\/jpeg\" \/>\n<meta name=\"twitter:card\" content=\"summary_large_image\" \/>\n<meta name=\"twitter:label1\" content=\"Tiempo de lectura\" \/>\n\t<meta name=\"twitter:data1\" content=\"1 minuto\" \/>\n<script type=\"application\/ld+json\" class=\"yoast-schema-graph\">{\"@context\":\"https:\/\/schema.org\",\"@graph\":[{\"@type\":\"WebPage\",\"@id\":\"https:\/\/gearxtools.com\/es\/alicates-multifuncional-negro\/\",\"url\":\"https:\/\/gearxtools.com\/es\/alicates-multifuncional-negro\/\",\"name\":\"Alicates multifuncional, negro - Gear X Tools\",\"isPartOf\":{\"@id\":\"https:\/\/gearxtools.com\/es\/#website\"},\"primaryImageOfPage\":{\"@id\":\"https:\/\/gearxtools.com\/es\/alicates-multifuncional-negro\/#primaryimage\"},\"image\":{\"@id\":\"https:\/\/gearxtools.com\/es\/alicates-multifuncional-negro\/#primaryimage\"},\"thumbnailUrl\":\"https:\/\/gearxtools.com\/wp-content\/uploads\/sites\/8\/2026\/04\/P221.251__S_0__a4d0c331fbda4d1faf152b149bf1e3ea.jpg\",\"datePublished\":\"2023-03-16T15:54:11+00:00\",\"dateModified\":\"2026-04-16T01:12:12+00:00\",\"breadcrumb\":{\"@id\":\"https:\/\/gearxtools.com\/es\/alicates-multifuncional-negro\/#breadcrumb\"},\"inLanguage\":\"es\",\"potentialAction\":[{\"@type\":\"ReadAction\",\"target\":[\"https:\/\/gearxtools.com\/es\/alicates-multifuncional-negro\/\"]}]},{\"@type\":\"ImageObject\",\"inLanguage\":\"es\",\"@id\":\"https:\/\/gearxtools.com\/es\/alicates-multifuncional-negro\/#primaryimage\",\"url\":\"https:\/\/gearxtools.com\/wp-content\/uploads\/sites\/8\/2026\/04\/P221.251__S_0__a4d0c331fbda4d1faf152b149bf1e3ea.jpg\",\"contentUrl\":\"https:\/\/gearxtools.com\/wp-content\/uploads\/sites\/8\/2026\/04\/P221.251__S_0__a4d0c331fbda4d1faf152b149bf1e3ea.jpg\",\"width\":1024,\"height\":1024},{\"@type\":\"BreadcrumbList\",\"@id\":\"https:\/\/gearxtools.com\/es\/alicates-multifuncional-negro\/#breadcrumb\",\"itemListElement\":[{\"@type\":\"ListItem\",\"position\":1,\"name\":\"Home\",\"item\":\"https:\/\/gearxtools.com\/es\/\"},{\"@type\":\"ListItem\",\"position\":2,\"name\":\"Colecci\u00f3n\",\"item\":\"https:\/\/gearxtools.com\/es\/coleccion\/\"},{\"@type\":\"ListItem\",\"position\":3,\"name\":\"Alicates multifuncional, negro\"}]},{\"@type\":\"WebSite\",\"@id\":\"https:\/\/gearxtools.com\/es\/#website\",\"url\":\"https:\/\/gearxtools.com\/es\/\",\"name\":\"Gear X Tools\",\"description\":\"Gear X always there when you need it\",\"potentialAction\":[{\"@type\":\"SearchAction\",\"target\":{\"@type\":\"EntryPoint\",\"urlTemplate\":\"https:\/\/gearxtools.com\/es\/?s={search_term_string}\"},\"query-input\":{\"@type\":\"PropertyValueSpecification\",\"valueRequired\":true,\"valueName\":\"search_term_string\"}}],\"inLanguage\":\"es\"}]}<\/script>\n<!-- \/ Yoast SEO plugin. -->","yoast_head_json":{"title":"Alicates multifuncional, negro - Gear X Tools","robots":{"index":"index","follow":"follow","max-snippet":"max-snippet:-1","max-image-preview":"max-image-preview:large","max-video-preview":"max-video-preview:-1"},"canonical":"https:\/\/gearxtools.com\/es\/alicates-multifuncional-negro\/","og_locale":"es_ES","og_type":"article","og_title":"Alicates multifuncional, negro - Gear X Tools","og_description":"Una lujosa pieza que muestra de lo que es capaz esta herramienta. La herramienta m\u00e1s vers\u00e1til y duradera para tus trabajos diarios tanto en casa como al aire libre. El cuerpo de aluminio de lujo se combina con herramientas de acero inoxidable 420 de primera calidad, todas completamente negras. Las herramientas duraderas est\u00e1n hechas para [&hellip;]","og_url":"https:\/\/gearxtools.com\/es\/alicates-multifuncional-negro\/","og_site_name":"Gear X Tools","article_modified_time":"2026-04-16T01:12:12+00:00","og_image":[{"width":1024,"height":1024,"url":"https:\/\/gearxtools.com\/wp-content\/uploads\/sites\/8\/2026\/04\/P221.251__S_0__a4d0c331fbda4d1faf152b149bf1e3ea.jpg","type":"image\/jpeg"}],"twitter_card":"summary_large_image","twitter_misc":{"Tiempo de lectura":"1 minuto"},"schema":{"@context":"https:\/\/schema.org","@graph":[{"@type":"WebPage","@id":"https:\/\/gearxtools.com\/es\/alicates-multifuncional-negro\/","url":"https:\/\/gearxtools.com\/es\/alicates-multifuncional-negro\/","name":"Alicates multifuncional, negro - Gear X Tools","isPartOf":{"@id":"https:\/\/gearxtools.com\/es\/#website"},"primaryImageOfPage":{"@id":"https:\/\/gearxtools.com\/es\/alicates-multifuncional-negro\/#primaryimage"},"image":{"@id":"https:\/\/gearxtools.com\/es\/alicates-multifuncional-negro\/#primaryimage"},"thumbnailUrl":"https:\/\/gearxtools.com\/wp-content\/uploads\/sites\/8\/2026\/04\/P221.251__S_0__a4d0c331fbda4d1faf152b149bf1e3ea.jpg","datePublished":"2023-03-16T15:54:11+00:00","dateModified":"2026-04-16T01:12:12+00:00","breadcrumb":{"@id":"https:\/\/gearxtools.com\/es\/alicates-multifuncional-negro\/#breadcrumb"},"inLanguage":"es","potentialAction":[{"@type":"ReadAction","target":["https:\/\/gearxtools.com\/es\/alicates-multifuncional-negro\/"]}]},{"@type":"ImageObject","inLanguage":"es","@id":"https:\/\/gearxtools.com\/es\/alicates-multifuncional-negro\/#primaryimage","url":"https:\/\/gearxtools.com\/wp-content\/uploads\/sites\/8\/2026\/04\/P221.251__S_0__a4d0c331fbda4d1faf152b149bf1e3ea.jpg","contentUrl":"https:\/\/gearxtools.com\/wp-content\/uploads\/sites\/8\/2026\/04\/P221.251__S_0__a4d0c331fbda4d1faf152b149bf1e3ea.jpg","width":1024,"height":1024},{"@type":"BreadcrumbList","@id":"https:\/\/gearxtools.com\/es\/alicates-multifuncional-negro\/#breadcrumb","itemListElement":[{"@type":"ListItem","position":1,"name":"Home","item":"https:\/\/gearxtools.com\/es\/"},{"@type":"ListItem","position":2,"name":"Colecci\u00f3n","item":"https:\/\/gearxtools.com\/es\/coleccion\/"},{"@type":"ListItem","position":3,"name":"Alicates multifuncional, negro"}]},{"@type":"WebSite","@id":"https:\/\/gearxtools.com\/es\/#website","url":"https:\/\/gearxtools.com\/es\/","name":"Gear X Tools","description":"Gear X always there when you need it","potentialAction":[{"@type":"SearchAction","target":{"@type":"EntryPoint","urlTemplate":"https:\/\/gearxtools.com\/es\/?s={search_term_string}"},"query-input":{"@type":"PropertyValueSpecification","valueRequired":true,"valueName":"search_term_string"}}],"inLanguage":"es"}]}},"aioseo_notices":[],"_links":{"self":[{"href":"https:\/\/gearxtools.com\/es\/wp-json\/wp\/v2\/product\/1231","targetHints":{"allow":["GET"]}}],"collection":[{"href":"https:\/\/gearxtools.com\/es\/wp-json\/wp\/v2\/product"}],"about":[{"href":"https:\/\/gearxtools.com\/es\/wp-json\/wp\/v2\/types\/product"}],"replies":[{"embeddable":true,"href":"https:\/\/gearxtools.com\/es\/wp-json\/wp\/v2\/comments?post=1231"}],"wp:featuredmedia":[{"embeddable":true,"href":"https:\/\/gearxtools.com\/es\/wp-json\/wp\/v2\/media\/6905"}],"wp:attachment":[{"href":"https:\/\/gearxtools.com\/es\/wp-json\/wp\/v2\/media?parent=1231"}],"wp:term":[{"taxonomy":"product_cat","embeddable":true,"href":"https:\/\/gearxtools.com\/es\/wp-json\/wp\/v2\/product_cat?post=1231"},{"taxonomy":"product_tag","embeddable":true,"href":"https:\/\/gearxtools.com\/es\/wp-json\/wp\/v2\/product_tag?post=1231"}],"curies":[{"name":"wp","href":"https:\/\/api.w.org\/{rel}","templated":true}]}}