{"id":1232,"date":"2023-03-16T15:54:11","date_gmt":"2023-03-16T15:54:11","guid":{"rendered":"https:\/\/xdsomename.tempurl.host\/gearx-website\/product\/destornillador-negro\/"},"modified":"2026-03-12T02:14:17","modified_gmt":"2026-03-12T02:14:17","slug":"destornillador-negro","status":"publish","type":"product","link":"https:\/\/gearxtools.com\/es\/destornillador-negro\/","title":{"rendered":"Destornillador, negro"},"content":{"rendered":"<p>Set de destornilladores de lujo con puntas de acero de aleaci\u00f3n S2 de alta calidad. El conjunto incluye varios bits:PH0\/PH1\/PH2,SL3\/SL4\/SL5\/HEX3\/HEX4\/HEX5\/TX8\/TX10\/TX20. F\u00e1cil de sujetar con un im\u00e1n extrafuerte. Este destornillador multifuncional est\u00e1 listo para usar cuando lo necesites. Presentado en caja de regalo de lujo. Nivel de dureza de las brocas 60-62 HRC.<\/p>\n","protected":false},"excerpt":{"rendered":"<p>Set de destornilladores de lujo con puntas de acero de aleaci\u00f3n S2 de alta calidad. El conjunto incluye varios bits:PH0\/PH1\/PH2,SL3\/SL4\/SL5\/HEX3\/HEX4\/HEX5\/TX8\/TX10\/TX20. F\u00e1cil de sujetar con un im\u00e1n extrafuerte. Este destornillador multifuncional est\u00e1 listo para usar cuando lo necesites. Presentado en caja de regalo de lujo. Nivel de dureza de las brocas 60-62 HRC.<\/p>\n","protected":false},"featured_media":4750,"comment_status":"closed","ping_status":"closed","template":"","meta":{"_acf_changed":false,"_monsterinsights_skip_tracking":false,"_monsterinsights_sitenote_active":false,"_monsterinsights_sitenote_note":"","_monsterinsights_sitenote_category":0},"product_cat":[57],"product_tag":[],"class_list":["post-1232","product","type-product","status-publish","has-post-thumbnail","hentry","product_cat-medicion","pa_color-black"],"acf":[],"yoast_head":"<!-- This site is optimized with the Yoast SEO plugin v27.0 - https:\/\/yoast.com\/product\/yoast-seo-wordpress\/ -->\n<title>Destornillador, negro - Gear X Tools<\/title>\n<meta name=\"robots\" content=\"index, follow, max-snippet:-1, max-image-preview:large, max-video-preview:-1\" \/>\n<link rel=\"canonical\" href=\"https:\/\/gearxtools.com\/es\/destornillador-negro\/\" \/>\n<meta property=\"og:locale\" content=\"es_ES\" \/>\n<meta property=\"og:type\" content=\"article\" \/>\n<meta property=\"og:title\" content=\"Destornillador, negro - Gear X Tools\" \/>\n<meta property=\"og:description\" content=\"Set de destornilladores de lujo con puntas de acero de aleaci\u00f3n S2 de alta calidad. El conjunto incluye varios bits:PH0\/PH1\/PH2,SL3\/SL4\/SL5\/HEX3\/HEX4\/HEX5\/TX8\/TX10\/TX20. F\u00e1cil de sujetar con un im\u00e1n extrafuerte. Este destornillador multifuncional est\u00e1 listo para usar cuando lo necesites. Presentado en caja de regalo de lujo. Nivel de dureza de las brocas 60-62 HRC.\" \/>\n<meta property=\"og:url\" content=\"https:\/\/gearxtools.com\/es\/destornillador-negro\/\" \/>\n<meta property=\"og:site_name\" content=\"Gear X Tools\" \/>\n<meta property=\"article:modified_time\" content=\"2026-03-12T02:14:17+00:00\" \/>\n<meta property=\"og:image\" content=\"https:\/\/gearxtools.com\/wp-content\/uploads\/sites\/8\/2024\/02\/P221.501__S_0__3fa58dce43fc4a48ac6dc5af1bdc6a31.jpg\" \/>\n\t<meta property=\"og:image:width\" content=\"1024\" \/>\n\t<meta property=\"og:image:height\" content=\"1024\" \/>\n\t<meta property=\"og:image:type\" content=\"image\/jpeg\" \/>\n<meta name=\"twitter:card\" content=\"summary_large_image\" \/>\n<script type=\"application\/ld+json\" class=\"yoast-schema-graph\">{\"@context\":\"https:\/\/schema.org\",\"@graph\":[{\"@type\":\"WebPage\",\"@id\":\"https:\/\/gearxtools.com\/es\/destornillador-negro\/\",\"url\":\"https:\/\/gearxtools.com\/es\/destornillador-negro\/\",\"name\":\"Destornillador, negro - Gear X Tools\",\"isPartOf\":{\"@id\":\"https:\/\/gearxtools.com\/es\/#website\"},\"primaryImageOfPage\":{\"@id\":\"https:\/\/gearxtools.com\/es\/destornillador-negro\/#primaryimage\"},\"image\":{\"@id\":\"https:\/\/gearxtools.com\/es\/destornillador-negro\/#primaryimage\"},\"thumbnailUrl\":\"https:\/\/gearxtools.com\/wp-content\/uploads\/sites\/8\/2024\/02\/P221.501__S_0__3fa58dce43fc4a48ac6dc5af1bdc6a31.jpg\",\"datePublished\":\"2023-03-16T15:54:11+00:00\",\"dateModified\":\"2026-03-12T02:14:17+00:00\",\"breadcrumb\":{\"@id\":\"https:\/\/gearxtools.com\/es\/destornillador-negro\/#breadcrumb\"},\"inLanguage\":\"es\",\"potentialAction\":[{\"@type\":\"ReadAction\",\"target\":[\"https:\/\/gearxtools.com\/es\/destornillador-negro\/\"]}]},{\"@type\":\"ImageObject\",\"inLanguage\":\"es\",\"@id\":\"https:\/\/gearxtools.com\/es\/destornillador-negro\/#primaryimage\",\"url\":\"https:\/\/gearxtools.com\/wp-content\/uploads\/sites\/8\/2024\/02\/P221.501__S_0__3fa58dce43fc4a48ac6dc5af1bdc6a31.jpg\",\"contentUrl\":\"https:\/\/gearxtools.com\/wp-content\/uploads\/sites\/8\/2024\/02\/P221.501__S_0__3fa58dce43fc4a48ac6dc5af1bdc6a31.jpg\",\"width\":1024,\"height\":1024},{\"@type\":\"BreadcrumbList\",\"@id\":\"https:\/\/gearxtools.com\/es\/destornillador-negro\/#breadcrumb\",\"itemListElement\":[{\"@type\":\"ListItem\",\"position\":1,\"name\":\"Home\",\"item\":\"https:\/\/gearxtools.com\/es\/\"},{\"@type\":\"ListItem\",\"position\":2,\"name\":\"Colecci\u00f3n\",\"item\":\"https:\/\/gearxtools.com\/es\/coleccion\/\"},{\"@type\":\"ListItem\",\"position\":3,\"name\":\"Destornillador, negro\"}]},{\"@type\":\"WebSite\",\"@id\":\"https:\/\/gearxtools.com\/es\/#website\",\"url\":\"https:\/\/gearxtools.com\/es\/\",\"name\":\"Gear X Tools\",\"description\":\"Gear X always there when you need it\",\"potentialAction\":[{\"@type\":\"SearchAction\",\"target\":{\"@type\":\"EntryPoint\",\"urlTemplate\":\"https:\/\/gearxtools.com\/es\/?s={search_term_string}\"},\"query-input\":{\"@type\":\"PropertyValueSpecification\",\"valueRequired\":true,\"valueName\":\"search_term_string\"}}],\"inLanguage\":\"es\"}]}<\/script>\n<!-- \/ Yoast SEO plugin. -->","yoast_head_json":{"title":"Destornillador, negro - Gear X Tools","robots":{"index":"index","follow":"follow","max-snippet":"max-snippet:-1","max-image-preview":"max-image-preview:large","max-video-preview":"max-video-preview:-1"},"canonical":"https:\/\/gearxtools.com\/es\/destornillador-negro\/","og_locale":"es_ES","og_type":"article","og_title":"Destornillador, negro - Gear X Tools","og_description":"Set de destornilladores de lujo con puntas de acero de aleaci\u00f3n S2 de alta calidad. El conjunto incluye varios bits:PH0\/PH1\/PH2,SL3\/SL4\/SL5\/HEX3\/HEX4\/HEX5\/TX8\/TX10\/TX20. F\u00e1cil de sujetar con un im\u00e1n extrafuerte. Este destornillador multifuncional est\u00e1 listo para usar cuando lo necesites. Presentado en caja de regalo de lujo. Nivel de dureza de las brocas 60-62 HRC.","og_url":"https:\/\/gearxtools.com\/es\/destornillador-negro\/","og_site_name":"Gear X Tools","article_modified_time":"2026-03-12T02:14:17+00:00","og_image":[{"width":1024,"height":1024,"url":"https:\/\/gearxtools.com\/wp-content\/uploads\/sites\/8\/2024\/02\/P221.501__S_0__3fa58dce43fc4a48ac6dc5af1bdc6a31.jpg","type":"image\/jpeg"}],"twitter_card":"summary_large_image","schema":{"@context":"https:\/\/schema.org","@graph":[{"@type":"WebPage","@id":"https:\/\/gearxtools.com\/es\/destornillador-negro\/","url":"https:\/\/gearxtools.com\/es\/destornillador-negro\/","name":"Destornillador, negro - Gear X Tools","isPartOf":{"@id":"https:\/\/gearxtools.com\/es\/#website"},"primaryImageOfPage":{"@id":"https:\/\/gearxtools.com\/es\/destornillador-negro\/#primaryimage"},"image":{"@id":"https:\/\/gearxtools.com\/es\/destornillador-negro\/#primaryimage"},"thumbnailUrl":"https:\/\/gearxtools.com\/wp-content\/uploads\/sites\/8\/2024\/02\/P221.501__S_0__3fa58dce43fc4a48ac6dc5af1bdc6a31.jpg","datePublished":"2023-03-16T15:54:11+00:00","dateModified":"2026-03-12T02:14:17+00:00","breadcrumb":{"@id":"https:\/\/gearxtools.com\/es\/destornillador-negro\/#breadcrumb"},"inLanguage":"es","potentialAction":[{"@type":"ReadAction","target":["https:\/\/gearxtools.com\/es\/destornillador-negro\/"]}]},{"@type":"ImageObject","inLanguage":"es","@id":"https:\/\/gearxtools.com\/es\/destornillador-negro\/#primaryimage","url":"https:\/\/gearxtools.com\/wp-content\/uploads\/sites\/8\/2024\/02\/P221.501__S_0__3fa58dce43fc4a48ac6dc5af1bdc6a31.jpg","contentUrl":"https:\/\/gearxtools.com\/wp-content\/uploads\/sites\/8\/2024\/02\/P221.501__S_0__3fa58dce43fc4a48ac6dc5af1bdc6a31.jpg","width":1024,"height":1024},{"@type":"BreadcrumbList","@id":"https:\/\/gearxtools.com\/es\/destornillador-negro\/#breadcrumb","itemListElement":[{"@type":"ListItem","position":1,"name":"Home","item":"https:\/\/gearxtools.com\/es\/"},{"@type":"ListItem","position":2,"name":"Colecci\u00f3n","item":"https:\/\/gearxtools.com\/es\/coleccion\/"},{"@type":"ListItem","position":3,"name":"Destornillador, negro"}]},{"@type":"WebSite","@id":"https:\/\/gearxtools.com\/es\/#website","url":"https:\/\/gearxtools.com\/es\/","name":"Gear X Tools","description":"Gear X always there when you need it","potentialAction":[{"@type":"SearchAction","target":{"@type":"EntryPoint","urlTemplate":"https:\/\/gearxtools.com\/es\/?s={search_term_string}"},"query-input":{"@type":"PropertyValueSpecification","valueRequired":true,"valueName":"search_term_string"}}],"inLanguage":"es"}]}},"aioseo_notices":[],"_links":{"self":[{"href":"https:\/\/gearxtools.com\/es\/wp-json\/wp\/v2\/product\/1232","targetHints":{"allow":["GET"]}}],"collection":[{"href":"https:\/\/gearxtools.com\/es\/wp-json\/wp\/v2\/product"}],"about":[{"href":"https:\/\/gearxtools.com\/es\/wp-json\/wp\/v2\/types\/product"}],"replies":[{"embeddable":true,"href":"https:\/\/gearxtools.com\/es\/wp-json\/wp\/v2\/comments?post=1232"}],"wp:featuredmedia":[{"embeddable":true,"href":"https:\/\/gearxtools.com\/es\/wp-json\/wp\/v2\/media\/4750"}],"wp:attachment":[{"href":"https:\/\/gearxtools.com\/es\/wp-json\/wp\/v2\/media?parent=1232"}],"wp:term":[{"taxonomy":"product_cat","embeddable":true,"href":"https:\/\/gearxtools.com\/es\/wp-json\/wp\/v2\/product_cat?post=1232"},{"taxonomy":"product_tag","embeddable":true,"href":"https:\/\/gearxtools.com\/es\/wp-json\/wp\/v2\/product_tag?post=1232"}],"curies":[{"name":"wp","href":"https:\/\/api.w.org\/{rel}","templated":true}]}}