{"id":1233,"date":"2023-03-16T15:54:11","date_gmt":"2023-03-16T15:54:11","guid":{"rendered":"https:\/\/xdsomename.tempurl.host\/gearx-website\/product\/set-de-destornilladores-de-precision-gear-x-31-en-1-negro\/"},"modified":"2026-03-12T02:14:18","modified_gmt":"2026-03-12T02:14:18","slug":"set-de-destornilladores-de-precision-gear-x-31-en-1-negro","status":"publish","type":"product","link":"https:\/\/gearxtools.com\/es\/set-de-destornilladores-de-precision-gear-x-31-en-1-negro\/","title":{"rendered":"Set destornilladores de precisi\u00f3n 31 pc, negro"},"content":{"rendered":"<p>El \u00faltimo kit de bits de precisi\u00f3n de alto rendimiento incluye piezas esenciales para reparar tel\u00e9fonos m\u00f3viles, tablets, PC y otros art\u00edculos. La vida \u00fatil de la mayor\u00eda de los productos electr\u00f3nicos se puede posponer f\u00e1cilmente con una reparaci\u00f3n simple que a menudo se puede encontrar online sobre c\u00f3mo realizarla. 31 piezas presentadas en estuche de aluminio de lujo. El set incluye mango de destornillador. T5H, T6H, T8H, T10H, T15H, SL1.5, SL2.0, SL3.0, SL4.0, PH000, PH00, PH0, PH1, PH2, H1.5, H2.0, H3.0, H4. 0, T2, T3, T4, Y0.6, Y1, Y2.5, P2, P5, P6, U2.6, \u25b32.3, Placa mediana 2.5. Presentado en caja de regalo de lujo.<\/p>\n","protected":false},"excerpt":{"rendered":"<p>El \u00faltimo kit de bits de precisi\u00f3n de alto rendimiento incluye piezas esenciales para reparar tel\u00e9fonos m\u00f3viles, tablets, PC y otros art\u00edculos. La vida \u00fatil de la mayor\u00eda de los productos electr\u00f3nicos se puede posponer f\u00e1cilmente con una reparaci\u00f3n simple que a menudo se puede encontrar online sobre c\u00f3mo realizarla. 31 piezas presentadas en estuche [&hellip;]<\/p>\n","protected":false},"featured_media":4820,"comment_status":"closed","ping_status":"closed","template":"","meta":{"_acf_changed":false,"_monsterinsights_skip_tracking":false,"_monsterinsights_sitenote_active":false,"_monsterinsights_sitenote_note":"","_monsterinsights_sitenote_category":0},"product_cat":[57],"product_tag":[],"class_list":["post-1233","product","type-product","status-publish","has-post-thumbnail","hentry","product_cat-medicion","pa_color-black"],"acf":[],"yoast_head":"<!-- This site is optimized with the Yoast SEO plugin v27.0 - https:\/\/yoast.com\/product\/yoast-seo-wordpress\/ -->\n<title>Set destornilladores de precisi\u00f3n 31 pc, negro - Gear X Tools<\/title>\n<meta name=\"robots\" content=\"index, follow, max-snippet:-1, max-image-preview:large, max-video-preview:-1\" \/>\n<link rel=\"canonical\" href=\"https:\/\/gearxtools.com\/es\/set-de-destornilladores-de-precision-gear-x-31-en-1-negro\/\" \/>\n<meta property=\"og:locale\" content=\"es_ES\" \/>\n<meta property=\"og:type\" content=\"article\" \/>\n<meta property=\"og:title\" content=\"Set destornilladores de precisi\u00f3n 31 pc, negro - Gear X Tools\" \/>\n<meta property=\"og:description\" content=\"El \u00faltimo kit de bits de precisi\u00f3n de alto rendimiento incluye piezas esenciales para reparar tel\u00e9fonos m\u00f3viles, tablets, PC y otros art\u00edculos. La vida \u00fatil de la mayor\u00eda de los productos electr\u00f3nicos se puede posponer f\u00e1cilmente con una reparaci\u00f3n simple que a menudo se puede encontrar online sobre c\u00f3mo realizarla. 31 piezas presentadas en estuche [&hellip;]\" \/>\n<meta property=\"og:url\" content=\"https:\/\/gearxtools.com\/es\/set-de-destornilladores-de-precision-gear-x-31-en-1-negro\/\" \/>\n<meta property=\"og:site_name\" content=\"Gear X Tools\" \/>\n<meta property=\"article:modified_time\" content=\"2026-03-12T02:14:18+00:00\" \/>\n<meta property=\"og:image\" content=\"https:\/\/gearxtools.com\/wp-content\/uploads\/sites\/8\/2024\/02\/P221.531__S_0__5737e46556694e739bbededf6b30bdf8.jpg\" \/>\n\t<meta property=\"og:image:width\" content=\"1024\" \/>\n\t<meta property=\"og:image:height\" content=\"1024\" \/>\n\t<meta property=\"og:image:type\" content=\"image\/jpeg\" \/>\n<meta name=\"twitter:card\" content=\"summary_large_image\" \/>\n<meta name=\"twitter:label1\" content=\"Tiempo de lectura\" \/>\n\t<meta name=\"twitter:data1\" content=\"1 minuto\" \/>\n<script type=\"application\/ld+json\" class=\"yoast-schema-graph\">{\"@context\":\"https:\/\/schema.org\",\"@graph\":[{\"@type\":\"WebPage\",\"@id\":\"https:\/\/gearxtools.com\/es\/set-de-destornilladores-de-precision-gear-x-31-en-1-negro\/\",\"url\":\"https:\/\/gearxtools.com\/es\/set-de-destornilladores-de-precision-gear-x-31-en-1-negro\/\",\"name\":\"Set destornilladores de precisi\u00f3n 31 pc, negro - Gear X Tools\",\"isPartOf\":{\"@id\":\"https:\/\/gearxtools.com\/es\/#website\"},\"primaryImageOfPage\":{\"@id\":\"https:\/\/gearxtools.com\/es\/set-de-destornilladores-de-precision-gear-x-31-en-1-negro\/#primaryimage\"},\"image\":{\"@id\":\"https:\/\/gearxtools.com\/es\/set-de-destornilladores-de-precision-gear-x-31-en-1-negro\/#primaryimage\"},\"thumbnailUrl\":\"https:\/\/gearxtools.com\/wp-content\/uploads\/sites\/8\/2024\/02\/P221.531__S_0__5737e46556694e739bbededf6b30bdf8.jpg\",\"datePublished\":\"2023-03-16T15:54:11+00:00\",\"dateModified\":\"2026-03-12T02:14:18+00:00\",\"breadcrumb\":{\"@id\":\"https:\/\/gearxtools.com\/es\/set-de-destornilladores-de-precision-gear-x-31-en-1-negro\/#breadcrumb\"},\"inLanguage\":\"es\",\"potentialAction\":[{\"@type\":\"ReadAction\",\"target\":[\"https:\/\/gearxtools.com\/es\/set-de-destornilladores-de-precision-gear-x-31-en-1-negro\/\"]}]},{\"@type\":\"ImageObject\",\"inLanguage\":\"es\",\"@id\":\"https:\/\/gearxtools.com\/es\/set-de-destornilladores-de-precision-gear-x-31-en-1-negro\/#primaryimage\",\"url\":\"https:\/\/gearxtools.com\/wp-content\/uploads\/sites\/8\/2024\/02\/P221.531__S_0__5737e46556694e739bbededf6b30bdf8.jpg\",\"contentUrl\":\"https:\/\/gearxtools.com\/wp-content\/uploads\/sites\/8\/2024\/02\/P221.531__S_0__5737e46556694e739bbededf6b30bdf8.jpg\",\"width\":1024,\"height\":1024},{\"@type\":\"BreadcrumbList\",\"@id\":\"https:\/\/gearxtools.com\/es\/set-de-destornilladores-de-precision-gear-x-31-en-1-negro\/#breadcrumb\",\"itemListElement\":[{\"@type\":\"ListItem\",\"position\":1,\"name\":\"Home\",\"item\":\"https:\/\/gearxtools.com\/es\/\"},{\"@type\":\"ListItem\",\"position\":2,\"name\":\"Colecci\u00f3n\",\"item\":\"https:\/\/gearxtools.com\/es\/coleccion\/\"},{\"@type\":\"ListItem\",\"position\":3,\"name\":\"Set destornilladores de precisi\u00f3n 31 pc, negro\"}]},{\"@type\":\"WebSite\",\"@id\":\"https:\/\/gearxtools.com\/es\/#website\",\"url\":\"https:\/\/gearxtools.com\/es\/\",\"name\":\"Gear X Tools\",\"description\":\"Gear X always there when you need it\",\"potentialAction\":[{\"@type\":\"SearchAction\",\"target\":{\"@type\":\"EntryPoint\",\"urlTemplate\":\"https:\/\/gearxtools.com\/es\/?s={search_term_string}\"},\"query-input\":{\"@type\":\"PropertyValueSpecification\",\"valueRequired\":true,\"valueName\":\"search_term_string\"}}],\"inLanguage\":\"es\"}]}<\/script>\n<!-- \/ Yoast SEO plugin. -->","yoast_head_json":{"title":"Set destornilladores de precisi\u00f3n 31 pc, negro - Gear X Tools","robots":{"index":"index","follow":"follow","max-snippet":"max-snippet:-1","max-image-preview":"max-image-preview:large","max-video-preview":"max-video-preview:-1"},"canonical":"https:\/\/gearxtools.com\/es\/set-de-destornilladores-de-precision-gear-x-31-en-1-negro\/","og_locale":"es_ES","og_type":"article","og_title":"Set destornilladores de precisi\u00f3n 31 pc, negro - Gear X Tools","og_description":"El \u00faltimo kit de bits de precisi\u00f3n de alto rendimiento incluye piezas esenciales para reparar tel\u00e9fonos m\u00f3viles, tablets, PC y otros art\u00edculos. La vida \u00fatil de la mayor\u00eda de los productos electr\u00f3nicos se puede posponer f\u00e1cilmente con una reparaci\u00f3n simple que a menudo se puede encontrar online sobre c\u00f3mo realizarla. 31 piezas presentadas en estuche [&hellip;]","og_url":"https:\/\/gearxtools.com\/es\/set-de-destornilladores-de-precision-gear-x-31-en-1-negro\/","og_site_name":"Gear X Tools","article_modified_time":"2026-03-12T02:14:18+00:00","og_image":[{"width":1024,"height":1024,"url":"https:\/\/gearxtools.com\/wp-content\/uploads\/sites\/8\/2024\/02\/P221.531__S_0__5737e46556694e739bbededf6b30bdf8.jpg","type":"image\/jpeg"}],"twitter_card":"summary_large_image","twitter_misc":{"Tiempo de lectura":"1 minuto"},"schema":{"@context":"https:\/\/schema.org","@graph":[{"@type":"WebPage","@id":"https:\/\/gearxtools.com\/es\/set-de-destornilladores-de-precision-gear-x-31-en-1-negro\/","url":"https:\/\/gearxtools.com\/es\/set-de-destornilladores-de-precision-gear-x-31-en-1-negro\/","name":"Set destornilladores de precisi\u00f3n 31 pc, negro - Gear X Tools","isPartOf":{"@id":"https:\/\/gearxtools.com\/es\/#website"},"primaryImageOfPage":{"@id":"https:\/\/gearxtools.com\/es\/set-de-destornilladores-de-precision-gear-x-31-en-1-negro\/#primaryimage"},"image":{"@id":"https:\/\/gearxtools.com\/es\/set-de-destornilladores-de-precision-gear-x-31-en-1-negro\/#primaryimage"},"thumbnailUrl":"https:\/\/gearxtools.com\/wp-content\/uploads\/sites\/8\/2024\/02\/P221.531__S_0__5737e46556694e739bbededf6b30bdf8.jpg","datePublished":"2023-03-16T15:54:11+00:00","dateModified":"2026-03-12T02:14:18+00:00","breadcrumb":{"@id":"https:\/\/gearxtools.com\/es\/set-de-destornilladores-de-precision-gear-x-31-en-1-negro\/#breadcrumb"},"inLanguage":"es","potentialAction":[{"@type":"ReadAction","target":["https:\/\/gearxtools.com\/es\/set-de-destornilladores-de-precision-gear-x-31-en-1-negro\/"]}]},{"@type":"ImageObject","inLanguage":"es","@id":"https:\/\/gearxtools.com\/es\/set-de-destornilladores-de-precision-gear-x-31-en-1-negro\/#primaryimage","url":"https:\/\/gearxtools.com\/wp-content\/uploads\/sites\/8\/2024\/02\/P221.531__S_0__5737e46556694e739bbededf6b30bdf8.jpg","contentUrl":"https:\/\/gearxtools.com\/wp-content\/uploads\/sites\/8\/2024\/02\/P221.531__S_0__5737e46556694e739bbededf6b30bdf8.jpg","width":1024,"height":1024},{"@type":"BreadcrumbList","@id":"https:\/\/gearxtools.com\/es\/set-de-destornilladores-de-precision-gear-x-31-en-1-negro\/#breadcrumb","itemListElement":[{"@type":"ListItem","position":1,"name":"Home","item":"https:\/\/gearxtools.com\/es\/"},{"@type":"ListItem","position":2,"name":"Colecci\u00f3n","item":"https:\/\/gearxtools.com\/es\/coleccion\/"},{"@type":"ListItem","position":3,"name":"Set destornilladores de precisi\u00f3n 31 pc, negro"}]},{"@type":"WebSite","@id":"https:\/\/gearxtools.com\/es\/#website","url":"https:\/\/gearxtools.com\/es\/","name":"Gear X Tools","description":"Gear X always there when you need it","potentialAction":[{"@type":"SearchAction","target":{"@type":"EntryPoint","urlTemplate":"https:\/\/gearxtools.com\/es\/?s={search_term_string}"},"query-input":{"@type":"PropertyValueSpecification","valueRequired":true,"valueName":"search_term_string"}}],"inLanguage":"es"}]}},"aioseo_notices":[],"_links":{"self":[{"href":"https:\/\/gearxtools.com\/es\/wp-json\/wp\/v2\/product\/1233","targetHints":{"allow":["GET"]}}],"collection":[{"href":"https:\/\/gearxtools.com\/es\/wp-json\/wp\/v2\/product"}],"about":[{"href":"https:\/\/gearxtools.com\/es\/wp-json\/wp\/v2\/types\/product"}],"replies":[{"embeddable":true,"href":"https:\/\/gearxtools.com\/es\/wp-json\/wp\/v2\/comments?post=1233"}],"wp:featuredmedia":[{"embeddable":true,"href":"https:\/\/gearxtools.com\/es\/wp-json\/wp\/v2\/media\/4820"}],"wp:attachment":[{"href":"https:\/\/gearxtools.com\/es\/wp-json\/wp\/v2\/media?parent=1233"}],"wp:term":[{"taxonomy":"product_cat","embeddable":true,"href":"https:\/\/gearxtools.com\/es\/wp-json\/wp\/v2\/product_cat?post=1233"},{"taxonomy":"product_tag","embeddable":true,"href":"https:\/\/gearxtools.com\/es\/wp-json\/wp\/v2\/product_tag?post=1233"}],"curies":[{"name":"wp","href":"https:\/\/api.w.org\/{rel}","templated":true}]}}