{"id":1234,"date":"2023-03-16T15:54:11","date_gmt":"2023-03-16T15:54:11","guid":{"rendered":"https:\/\/xdsomename.tempurl.host\/gearx-website\/product\/linterna-recargable-usb-negro\/"},"modified":"2026-04-16T01:12:20","modified_gmt":"2026-04-16T01:12:20","slug":"linterna-recargable-usb-negro","status":"publish","type":"product","link":"https:\/\/gearxtools.com\/es\/linterna-recargable-usb-negro\/","title":{"rendered":"Linterna recargable USB, negro"},"content":{"rendered":"<p>Funcionalidad, rendimiento y dise\u00f1o se unen en esta linterna recargable. El cuerpo de aleaci\u00f3n de aluminio de alta calidad se adapta perfectamente a tu mano. La luz de enfoque premium te permite extender la luz hasta 2000 veces. Debido a su clasificaci\u00f3n IP4, es resistente a la intemperie, por lo que se puede sacar f\u00e1cilmente al exterior. La potente bombilla crea hasta 1000 l\u00famenes y un haz que alcanza hasta 500 metros. La linterna utiliza una bater\u00eda recargable, por lo que no es necesario reemplazar las bater\u00edas. Simplemente recarga a trav\u00e9s de su toma USB. La bombilla de alta calidad viene con 5 modos, incluida la funci\u00f3n SOS. La bater\u00eda de 2000 mah permite un uso de hasta 4 horas con una sola carga.<\/p>\n","protected":false},"excerpt":{"rendered":"<p>Funcionalidad, rendimiento y dise\u00f1o se unen en esta linterna recargable. El cuerpo de aleaci\u00f3n de aluminio de alta calidad se adapta perfectamente a tu mano. La luz de enfoque premium te permite extender la luz hasta 2000 veces. Debido a su clasificaci\u00f3n IP4, es resistente a la intemperie, por lo que se puede sacar f\u00e1cilmente [&hellip;]<\/p>\n","protected":false},"featured_media":6961,"comment_status":"closed","ping_status":"closed","template":"","meta":{"_acf_changed":false,"_monsterinsights_skip_tracking":false,"_monsterinsights_sitenote_active":false,"_monsterinsights_sitenote_note":"","_monsterinsights_sitenote_category":0},"product_cat":[62],"product_tag":[],"class_list":["post-1234","product","type-product","status-publish","has-post-thumbnail","hentry","product_cat-linternas-de-bolsillo","pa_color-black"],"acf":[],"yoast_head":"<!-- This site is optimized with the Yoast SEO plugin v27.0 - https:\/\/yoast.com\/product\/yoast-seo-wordpress\/ -->\n<title>Linterna recargable USB, negro - Gear X Tools<\/title>\n<meta name=\"robots\" content=\"index, follow, max-snippet:-1, max-image-preview:large, max-video-preview:-1\" \/>\n<link rel=\"canonical\" href=\"https:\/\/gearxtools.com\/es\/linterna-recargable-usb-negro\/\" \/>\n<meta property=\"og:locale\" content=\"es_ES\" \/>\n<meta property=\"og:type\" content=\"article\" \/>\n<meta property=\"og:title\" content=\"Linterna recargable USB, negro - Gear X Tools\" \/>\n<meta property=\"og:description\" content=\"Funcionalidad, rendimiento y dise\u00f1o se unen en esta linterna recargable. El cuerpo de aleaci\u00f3n de aluminio de alta calidad se adapta perfectamente a tu mano. La luz de enfoque premium te permite extender la luz hasta 2000 veces. Debido a su clasificaci\u00f3n IP4, es resistente a la intemperie, por lo que se puede sacar f\u00e1cilmente [&hellip;]\" \/>\n<meta property=\"og:url\" content=\"https:\/\/gearxtools.com\/es\/linterna-recargable-usb-negro\/\" \/>\n<meta property=\"og:site_name\" content=\"Gear X Tools\" \/>\n<meta property=\"article:modified_time\" content=\"2026-04-16T01:12:20+00:00\" \/>\n<meta property=\"og:image\" content=\"https:\/\/gearxtools.com\/wp-content\/uploads\/sites\/8\/2026\/04\/P513.851__S_0__8410a2dff25346aa888209e88670fb0e.jpg\" \/>\n\t<meta property=\"og:image:width\" content=\"1024\" \/>\n\t<meta property=\"og:image:height\" content=\"1024\" \/>\n\t<meta property=\"og:image:type\" content=\"image\/jpeg\" \/>\n<meta name=\"twitter:card\" content=\"summary_large_image\" \/>\n<meta name=\"twitter:label1\" content=\"Tiempo de lectura\" \/>\n\t<meta name=\"twitter:data1\" content=\"1 minuto\" \/>\n<script type=\"application\/ld+json\" class=\"yoast-schema-graph\">{\"@context\":\"https:\/\/schema.org\",\"@graph\":[{\"@type\":\"WebPage\",\"@id\":\"https:\/\/gearxtools.com\/es\/linterna-recargable-usb-negro\/\",\"url\":\"https:\/\/gearxtools.com\/es\/linterna-recargable-usb-negro\/\",\"name\":\"Linterna recargable USB, negro - Gear X Tools\",\"isPartOf\":{\"@id\":\"https:\/\/gearxtools.com\/es\/#website\"},\"primaryImageOfPage\":{\"@id\":\"https:\/\/gearxtools.com\/es\/linterna-recargable-usb-negro\/#primaryimage\"},\"image\":{\"@id\":\"https:\/\/gearxtools.com\/es\/linterna-recargable-usb-negro\/#primaryimage\"},\"thumbnailUrl\":\"https:\/\/gearxtools.com\/wp-content\/uploads\/sites\/8\/2026\/04\/P513.851__S_0__8410a2dff25346aa888209e88670fb0e.jpg\",\"datePublished\":\"2023-03-16T15:54:11+00:00\",\"dateModified\":\"2026-04-16T01:12:20+00:00\",\"breadcrumb\":{\"@id\":\"https:\/\/gearxtools.com\/es\/linterna-recargable-usb-negro\/#breadcrumb\"},\"inLanguage\":\"es\",\"potentialAction\":[{\"@type\":\"ReadAction\",\"target\":[\"https:\/\/gearxtools.com\/es\/linterna-recargable-usb-negro\/\"]}]},{\"@type\":\"ImageObject\",\"inLanguage\":\"es\",\"@id\":\"https:\/\/gearxtools.com\/es\/linterna-recargable-usb-negro\/#primaryimage\",\"url\":\"https:\/\/gearxtools.com\/wp-content\/uploads\/sites\/8\/2026\/04\/P513.851__S_0__8410a2dff25346aa888209e88670fb0e.jpg\",\"contentUrl\":\"https:\/\/gearxtools.com\/wp-content\/uploads\/sites\/8\/2026\/04\/P513.851__S_0__8410a2dff25346aa888209e88670fb0e.jpg\",\"width\":1024,\"height\":1024},{\"@type\":\"BreadcrumbList\",\"@id\":\"https:\/\/gearxtools.com\/es\/linterna-recargable-usb-negro\/#breadcrumb\",\"itemListElement\":[{\"@type\":\"ListItem\",\"position\":1,\"name\":\"Home\",\"item\":\"https:\/\/gearxtools.com\/es\/\"},{\"@type\":\"ListItem\",\"position\":2,\"name\":\"Colecci\u00f3n\",\"item\":\"https:\/\/gearxtools.com\/es\/coleccion\/\"},{\"@type\":\"ListItem\",\"position\":3,\"name\":\"Linterna recargable USB, negro\"}]},{\"@type\":\"WebSite\",\"@id\":\"https:\/\/gearxtools.com\/es\/#website\",\"url\":\"https:\/\/gearxtools.com\/es\/\",\"name\":\"Gear X Tools\",\"description\":\"Gear X always there when you need it\",\"potentialAction\":[{\"@type\":\"SearchAction\",\"target\":{\"@type\":\"EntryPoint\",\"urlTemplate\":\"https:\/\/gearxtools.com\/es\/?s={search_term_string}\"},\"query-input\":{\"@type\":\"PropertyValueSpecification\",\"valueRequired\":true,\"valueName\":\"search_term_string\"}}],\"inLanguage\":\"es\"}]}<\/script>\n<!-- \/ Yoast SEO plugin. -->","yoast_head_json":{"title":"Linterna recargable USB, negro - Gear X Tools","robots":{"index":"index","follow":"follow","max-snippet":"max-snippet:-1","max-image-preview":"max-image-preview:large","max-video-preview":"max-video-preview:-1"},"canonical":"https:\/\/gearxtools.com\/es\/linterna-recargable-usb-negro\/","og_locale":"es_ES","og_type":"article","og_title":"Linterna recargable USB, negro - Gear X Tools","og_description":"Funcionalidad, rendimiento y dise\u00f1o se unen en esta linterna recargable. El cuerpo de aleaci\u00f3n de aluminio de alta calidad se adapta perfectamente a tu mano. La luz de enfoque premium te permite extender la luz hasta 2000 veces. Debido a su clasificaci\u00f3n IP4, es resistente a la intemperie, por lo que se puede sacar f\u00e1cilmente [&hellip;]","og_url":"https:\/\/gearxtools.com\/es\/linterna-recargable-usb-negro\/","og_site_name":"Gear X Tools","article_modified_time":"2026-04-16T01:12:20+00:00","og_image":[{"width":1024,"height":1024,"url":"https:\/\/gearxtools.com\/wp-content\/uploads\/sites\/8\/2026\/04\/P513.851__S_0__8410a2dff25346aa888209e88670fb0e.jpg","type":"image\/jpeg"}],"twitter_card":"summary_large_image","twitter_misc":{"Tiempo de lectura":"1 minuto"},"schema":{"@context":"https:\/\/schema.org","@graph":[{"@type":"WebPage","@id":"https:\/\/gearxtools.com\/es\/linterna-recargable-usb-negro\/","url":"https:\/\/gearxtools.com\/es\/linterna-recargable-usb-negro\/","name":"Linterna recargable USB, negro - Gear X Tools","isPartOf":{"@id":"https:\/\/gearxtools.com\/es\/#website"},"primaryImageOfPage":{"@id":"https:\/\/gearxtools.com\/es\/linterna-recargable-usb-negro\/#primaryimage"},"image":{"@id":"https:\/\/gearxtools.com\/es\/linterna-recargable-usb-negro\/#primaryimage"},"thumbnailUrl":"https:\/\/gearxtools.com\/wp-content\/uploads\/sites\/8\/2026\/04\/P513.851__S_0__8410a2dff25346aa888209e88670fb0e.jpg","datePublished":"2023-03-16T15:54:11+00:00","dateModified":"2026-04-16T01:12:20+00:00","breadcrumb":{"@id":"https:\/\/gearxtools.com\/es\/linterna-recargable-usb-negro\/#breadcrumb"},"inLanguage":"es","potentialAction":[{"@type":"ReadAction","target":["https:\/\/gearxtools.com\/es\/linterna-recargable-usb-negro\/"]}]},{"@type":"ImageObject","inLanguage":"es","@id":"https:\/\/gearxtools.com\/es\/linterna-recargable-usb-negro\/#primaryimage","url":"https:\/\/gearxtools.com\/wp-content\/uploads\/sites\/8\/2026\/04\/P513.851__S_0__8410a2dff25346aa888209e88670fb0e.jpg","contentUrl":"https:\/\/gearxtools.com\/wp-content\/uploads\/sites\/8\/2026\/04\/P513.851__S_0__8410a2dff25346aa888209e88670fb0e.jpg","width":1024,"height":1024},{"@type":"BreadcrumbList","@id":"https:\/\/gearxtools.com\/es\/linterna-recargable-usb-negro\/#breadcrumb","itemListElement":[{"@type":"ListItem","position":1,"name":"Home","item":"https:\/\/gearxtools.com\/es\/"},{"@type":"ListItem","position":2,"name":"Colecci\u00f3n","item":"https:\/\/gearxtools.com\/es\/coleccion\/"},{"@type":"ListItem","position":3,"name":"Linterna recargable USB, negro"}]},{"@type":"WebSite","@id":"https:\/\/gearxtools.com\/es\/#website","url":"https:\/\/gearxtools.com\/es\/","name":"Gear X Tools","description":"Gear X always there when you need it","potentialAction":[{"@type":"SearchAction","target":{"@type":"EntryPoint","urlTemplate":"https:\/\/gearxtools.com\/es\/?s={search_term_string}"},"query-input":{"@type":"PropertyValueSpecification","valueRequired":true,"valueName":"search_term_string"}}],"inLanguage":"es"}]}},"aioseo_notices":[],"_links":{"self":[{"href":"https:\/\/gearxtools.com\/es\/wp-json\/wp\/v2\/product\/1234","targetHints":{"allow":["GET"]}}],"collection":[{"href":"https:\/\/gearxtools.com\/es\/wp-json\/wp\/v2\/product"}],"about":[{"href":"https:\/\/gearxtools.com\/es\/wp-json\/wp\/v2\/types\/product"}],"replies":[{"embeddable":true,"href":"https:\/\/gearxtools.com\/es\/wp-json\/wp\/v2\/comments?post=1234"}],"wp:featuredmedia":[{"embeddable":true,"href":"https:\/\/gearxtools.com\/es\/wp-json\/wp\/v2\/media\/6961"}],"wp:attachment":[{"href":"https:\/\/gearxtools.com\/es\/wp-json\/wp\/v2\/media?parent=1234"}],"wp:term":[{"taxonomy":"product_cat","embeddable":true,"href":"https:\/\/gearxtools.com\/es\/wp-json\/wp\/v2\/product_cat?post=1234"},{"taxonomy":"product_tag","embeddable":true,"href":"https:\/\/gearxtools.com\/es\/wp-json\/wp\/v2\/product_tag?post=1234"}],"curies":[{"name":"wp","href":"https:\/\/api.w.org\/{rel}","templated":true}]}}