{"id":2058,"date":"2023-08-09T00:04:06","date_gmt":"2023-08-09T00:04:06","guid":{"rendered":"https:\/\/gearxtools.com\/linterna-grande-recargable-usb-gear-x-rcs-aluminio-reciclado-negro\/"},"modified":"2026-03-12T02:14:25","modified_gmt":"2026-03-12T02:14:25","slug":"linterna-grande-recargable-usb-gear-x-rcs-aluminio-reciclado-negro","status":"publish","type":"product","link":"https:\/\/gearxtools.com\/es\/linterna-grande-recargable-usb-gear-x-rcs-aluminio-reciclado-negro\/","title":{"rendered":"Linterna grande recargable USB RCS aluminio reciclado, negro"},"content":{"rendered":"<p>Funcionalidad, rendimiento y dise\u00f1o se unen en esta linterna recargable de 10W fabricada con aluminio reciclado certificado RCS. Contenido reciclado total: 20% basado en el peso total del art\u00edculo. La certificaci\u00f3n RCS garantiza una cadena de suministro completamente certificada de los materiales reciclados. Debido a su clasificaci\u00f3n IP4, es resistente a exteriores. La potente bombilla crea hasta 800 l\u00famenes y un haz que alcanza hasta 500 metros. Bater\u00eda recargable de grado A. Simplemente recarga a trav\u00e9s de su toma USB y el cable tipo C reciclado certificado por RCS. La bombilla de alta calidad viene con 5 modos, incluida la funci\u00f3n SOS. La bater\u00eda de 2000 mah permite un uso de hasta 8 horas con una sola carga y tambi\u00e9n permite cargar tus dispositivos m\u00f3viles v\u00eda tipo C. El aluminio no pierde sus caracter\u00edsticas en el proceso de reciclaje y puede reciclarse infinitamente. Art\u00edculo y accesorios 100% libres de PVC. Presentado en embalaje mixto FSC. Entrada Tipo-C 5V, 1A; Salida 5V.<\/p>\n","protected":false},"excerpt":{"rendered":"<p>Funcionalidad, rendimiento y dise\u00f1o se unen en esta linterna recargable de 10W fabricada con aluminio reciclado certificado RCS. Contenido reciclado total: 20% basado en el peso total del art\u00edculo. La certificaci\u00f3n RCS garantiza una cadena de suministro completamente certificada de los materiales reciclados. Debido a su clasificaci\u00f3n IP4, es resistente a exteriores. La potente bombilla [&hellip;]<\/p>\n","protected":false},"featured_media":6349,"comment_status":"closed","ping_status":"closed","template":"","meta":{"_acf_changed":false,"_monsterinsights_skip_tracking":false,"_monsterinsights_sitenote_active":false,"_monsterinsights_sitenote_note":"","_monsterinsights_sitenote_category":0},"product_cat":[62],"product_tag":[],"class_list":["post-2058","product","type-product","status-publish","has-post-thumbnail","hentry","product_cat-linternas-de-bolsillo","pa_color-black"],"acf":[],"yoast_head":"<!-- This site is optimized with the Yoast SEO plugin v27.0 - https:\/\/yoast.com\/product\/yoast-seo-wordpress\/ -->\n<title>Linterna grande recargable USB RCS aluminio reciclado, negro - Gear X Tools<\/title>\n<meta name=\"robots\" content=\"index, follow, max-snippet:-1, max-image-preview:large, max-video-preview:-1\" \/>\n<link rel=\"canonical\" href=\"https:\/\/gearxtools.com\/es\/linterna-grande-recargable-usb-gear-x-rcs-aluminio-reciclado-negro\/\" \/>\n<meta property=\"og:locale\" content=\"es_ES\" \/>\n<meta property=\"og:type\" content=\"article\" \/>\n<meta property=\"og:title\" content=\"Linterna grande recargable USB RCS aluminio reciclado, negro - Gear X Tools\" \/>\n<meta property=\"og:description\" content=\"Funcionalidad, rendimiento y dise\u00f1o se unen en esta linterna recargable de 10W fabricada con aluminio reciclado certificado RCS. Contenido reciclado total: 20% basado en el peso total del art\u00edculo. La certificaci\u00f3n RCS garantiza una cadena de suministro completamente certificada de los materiales reciclados. Debido a su clasificaci\u00f3n IP4, es resistente a exteriores. La potente bombilla [&hellip;]\" \/>\n<meta property=\"og:url\" content=\"https:\/\/gearxtools.com\/es\/linterna-grande-recargable-usb-gear-x-rcs-aluminio-reciclado-negro\/\" \/>\n<meta property=\"og:site_name\" content=\"Gear X Tools\" \/>\n<meta property=\"article:modified_time\" content=\"2026-03-12T02:14:25+00:00\" \/>\n<meta property=\"og:image\" content=\"https:\/\/gearxtools.com\/wp-content\/uploads\/sites\/8\/2024\/11\/P513.921__S_0__cfc840a19bde4c8394c7bd4cec2450f7.jpg\" \/>\n\t<meta property=\"og:image:width\" content=\"1024\" \/>\n\t<meta property=\"og:image:height\" content=\"1024\" \/>\n\t<meta property=\"og:image:type\" content=\"image\/jpeg\" \/>\n<meta name=\"twitter:card\" content=\"summary_large_image\" \/>\n<meta name=\"twitter:label1\" content=\"Tiempo de lectura\" \/>\n\t<meta name=\"twitter:data1\" content=\"1 minuto\" \/>\n<script type=\"application\/ld+json\" class=\"yoast-schema-graph\">{\"@context\":\"https:\/\/schema.org\",\"@graph\":[{\"@type\":\"WebPage\",\"@id\":\"https:\/\/gearxtools.com\/es\/linterna-grande-recargable-usb-gear-x-rcs-aluminio-reciclado-negro\/\",\"url\":\"https:\/\/gearxtools.com\/es\/linterna-grande-recargable-usb-gear-x-rcs-aluminio-reciclado-negro\/\",\"name\":\"Linterna grande recargable USB RCS aluminio reciclado, negro - Gear X Tools\",\"isPartOf\":{\"@id\":\"https:\/\/gearxtools.com\/es\/#website\"},\"primaryImageOfPage\":{\"@id\":\"https:\/\/gearxtools.com\/es\/linterna-grande-recargable-usb-gear-x-rcs-aluminio-reciclado-negro\/#primaryimage\"},\"image\":{\"@id\":\"https:\/\/gearxtools.com\/es\/linterna-grande-recargable-usb-gear-x-rcs-aluminio-reciclado-negro\/#primaryimage\"},\"thumbnailUrl\":\"https:\/\/gearxtools.com\/wp-content\/uploads\/sites\/8\/2024\/11\/P513.921__S_0__cfc840a19bde4c8394c7bd4cec2450f7.jpg\",\"datePublished\":\"2023-08-09T00:04:06+00:00\",\"dateModified\":\"2026-03-12T02:14:25+00:00\",\"breadcrumb\":{\"@id\":\"https:\/\/gearxtools.com\/es\/linterna-grande-recargable-usb-gear-x-rcs-aluminio-reciclado-negro\/#breadcrumb\"},\"inLanguage\":\"es\",\"potentialAction\":[{\"@type\":\"ReadAction\",\"target\":[\"https:\/\/gearxtools.com\/es\/linterna-grande-recargable-usb-gear-x-rcs-aluminio-reciclado-negro\/\"]}]},{\"@type\":\"ImageObject\",\"inLanguage\":\"es\",\"@id\":\"https:\/\/gearxtools.com\/es\/linterna-grande-recargable-usb-gear-x-rcs-aluminio-reciclado-negro\/#primaryimage\",\"url\":\"https:\/\/gearxtools.com\/wp-content\/uploads\/sites\/8\/2024\/11\/P513.921__S_0__cfc840a19bde4c8394c7bd4cec2450f7.jpg\",\"contentUrl\":\"https:\/\/gearxtools.com\/wp-content\/uploads\/sites\/8\/2024\/11\/P513.921__S_0__cfc840a19bde4c8394c7bd4cec2450f7.jpg\",\"width\":1024,\"height\":1024},{\"@type\":\"BreadcrumbList\",\"@id\":\"https:\/\/gearxtools.com\/es\/linterna-grande-recargable-usb-gear-x-rcs-aluminio-reciclado-negro\/#breadcrumb\",\"itemListElement\":[{\"@type\":\"ListItem\",\"position\":1,\"name\":\"Home\",\"item\":\"https:\/\/gearxtools.com\/es\/\"},{\"@type\":\"ListItem\",\"position\":2,\"name\":\"Colecci\u00f3n\",\"item\":\"https:\/\/gearxtools.com\/es\/coleccion\/\"},{\"@type\":\"ListItem\",\"position\":3,\"name\":\"Linterna grande recargable USB RCS aluminio reciclado, negro\"}]},{\"@type\":\"WebSite\",\"@id\":\"https:\/\/gearxtools.com\/es\/#website\",\"url\":\"https:\/\/gearxtools.com\/es\/\",\"name\":\"Gear X Tools\",\"description\":\"Gear X always there when you need it\",\"potentialAction\":[{\"@type\":\"SearchAction\",\"target\":{\"@type\":\"EntryPoint\",\"urlTemplate\":\"https:\/\/gearxtools.com\/es\/?s={search_term_string}\"},\"query-input\":{\"@type\":\"PropertyValueSpecification\",\"valueRequired\":true,\"valueName\":\"search_term_string\"}}],\"inLanguage\":\"es\"}]}<\/script>\n<!-- \/ Yoast SEO plugin. -->","yoast_head_json":{"title":"Linterna grande recargable USB RCS aluminio reciclado, negro - Gear X Tools","robots":{"index":"index","follow":"follow","max-snippet":"max-snippet:-1","max-image-preview":"max-image-preview:large","max-video-preview":"max-video-preview:-1"},"canonical":"https:\/\/gearxtools.com\/es\/linterna-grande-recargable-usb-gear-x-rcs-aluminio-reciclado-negro\/","og_locale":"es_ES","og_type":"article","og_title":"Linterna grande recargable USB RCS aluminio reciclado, negro - Gear X Tools","og_description":"Funcionalidad, rendimiento y dise\u00f1o se unen en esta linterna recargable de 10W fabricada con aluminio reciclado certificado RCS. Contenido reciclado total: 20% basado en el peso total del art\u00edculo. La certificaci\u00f3n RCS garantiza una cadena de suministro completamente certificada de los materiales reciclados. Debido a su clasificaci\u00f3n IP4, es resistente a exteriores. La potente bombilla [&hellip;]","og_url":"https:\/\/gearxtools.com\/es\/linterna-grande-recargable-usb-gear-x-rcs-aluminio-reciclado-negro\/","og_site_name":"Gear X Tools","article_modified_time":"2026-03-12T02:14:25+00:00","og_image":[{"width":1024,"height":1024,"url":"https:\/\/gearxtools.com\/wp-content\/uploads\/sites\/8\/2024\/11\/P513.921__S_0__cfc840a19bde4c8394c7bd4cec2450f7.jpg","type":"image\/jpeg"}],"twitter_card":"summary_large_image","twitter_misc":{"Tiempo de lectura":"1 minuto"},"schema":{"@context":"https:\/\/schema.org","@graph":[{"@type":"WebPage","@id":"https:\/\/gearxtools.com\/es\/linterna-grande-recargable-usb-gear-x-rcs-aluminio-reciclado-negro\/","url":"https:\/\/gearxtools.com\/es\/linterna-grande-recargable-usb-gear-x-rcs-aluminio-reciclado-negro\/","name":"Linterna grande recargable USB RCS aluminio reciclado, negro - Gear X Tools","isPartOf":{"@id":"https:\/\/gearxtools.com\/es\/#website"},"primaryImageOfPage":{"@id":"https:\/\/gearxtools.com\/es\/linterna-grande-recargable-usb-gear-x-rcs-aluminio-reciclado-negro\/#primaryimage"},"image":{"@id":"https:\/\/gearxtools.com\/es\/linterna-grande-recargable-usb-gear-x-rcs-aluminio-reciclado-negro\/#primaryimage"},"thumbnailUrl":"https:\/\/gearxtools.com\/wp-content\/uploads\/sites\/8\/2024\/11\/P513.921__S_0__cfc840a19bde4c8394c7bd4cec2450f7.jpg","datePublished":"2023-08-09T00:04:06+00:00","dateModified":"2026-03-12T02:14:25+00:00","breadcrumb":{"@id":"https:\/\/gearxtools.com\/es\/linterna-grande-recargable-usb-gear-x-rcs-aluminio-reciclado-negro\/#breadcrumb"},"inLanguage":"es","potentialAction":[{"@type":"ReadAction","target":["https:\/\/gearxtools.com\/es\/linterna-grande-recargable-usb-gear-x-rcs-aluminio-reciclado-negro\/"]}]},{"@type":"ImageObject","inLanguage":"es","@id":"https:\/\/gearxtools.com\/es\/linterna-grande-recargable-usb-gear-x-rcs-aluminio-reciclado-negro\/#primaryimage","url":"https:\/\/gearxtools.com\/wp-content\/uploads\/sites\/8\/2024\/11\/P513.921__S_0__cfc840a19bde4c8394c7bd4cec2450f7.jpg","contentUrl":"https:\/\/gearxtools.com\/wp-content\/uploads\/sites\/8\/2024\/11\/P513.921__S_0__cfc840a19bde4c8394c7bd4cec2450f7.jpg","width":1024,"height":1024},{"@type":"BreadcrumbList","@id":"https:\/\/gearxtools.com\/es\/linterna-grande-recargable-usb-gear-x-rcs-aluminio-reciclado-negro\/#breadcrumb","itemListElement":[{"@type":"ListItem","position":1,"name":"Home","item":"https:\/\/gearxtools.com\/es\/"},{"@type":"ListItem","position":2,"name":"Colecci\u00f3n","item":"https:\/\/gearxtools.com\/es\/coleccion\/"},{"@type":"ListItem","position":3,"name":"Linterna grande recargable USB RCS aluminio reciclado, negro"}]},{"@type":"WebSite","@id":"https:\/\/gearxtools.com\/es\/#website","url":"https:\/\/gearxtools.com\/es\/","name":"Gear X Tools","description":"Gear X always there when you need it","potentialAction":[{"@type":"SearchAction","target":{"@type":"EntryPoint","urlTemplate":"https:\/\/gearxtools.com\/es\/?s={search_term_string}"},"query-input":{"@type":"PropertyValueSpecification","valueRequired":true,"valueName":"search_term_string"}}],"inLanguage":"es"}]}},"aioseo_notices":[],"_links":{"self":[{"href":"https:\/\/gearxtools.com\/es\/wp-json\/wp\/v2\/product\/2058","targetHints":{"allow":["GET"]}}],"collection":[{"href":"https:\/\/gearxtools.com\/es\/wp-json\/wp\/v2\/product"}],"about":[{"href":"https:\/\/gearxtools.com\/es\/wp-json\/wp\/v2\/types\/product"}],"replies":[{"embeddable":true,"href":"https:\/\/gearxtools.com\/es\/wp-json\/wp\/v2\/comments?post=2058"}],"wp:featuredmedia":[{"embeddable":true,"href":"https:\/\/gearxtools.com\/es\/wp-json\/wp\/v2\/media\/6349"}],"wp:attachment":[{"href":"https:\/\/gearxtools.com\/es\/wp-json\/wp\/v2\/media?parent=2058"}],"wp:term":[{"taxonomy":"product_cat","embeddable":true,"href":"https:\/\/gearxtools.com\/es\/wp-json\/wp\/v2\/product_cat?post=2058"},{"taxonomy":"product_tag","embeddable":true,"href":"https:\/\/gearxtools.com\/es\/wp-json\/wp\/v2\/product_tag?post=2058"}],"curies":[{"name":"wp","href":"https:\/\/api.w.org\/{rel}","templated":true}]}}