{"id":3492,"date":"2024-01-03T01:02:09","date_gmt":"2024-01-03T01:02:09","guid":{"rendered":"https:\/\/gearxtools.com\/medidor-laser-de-30-metros-de-aluminio-reciclado-gear-x-rcs-negro\/"},"modified":"2026-03-12T02:14:12","modified_gmt":"2026-03-12T02:14:12","slug":"medidor-laser-de-30-metros-de-aluminio-reciclado-gear-x-rcs-negro","status":"publish","type":"product","link":"https:\/\/gearxtools.com\/es\/medidor-laser-de-30-metros-de-aluminio-reciclado-gear-x-rcs-negro\/","title":{"rendered":"Medidor l\u00e1ser 30M aluminio reciclado RCS, negro"},"content":{"rendered":"<p>Funcionalidad, materiales y dise\u00f1o se unen en este medidor l\u00e1ser recargable de 30 metros fabricado con aluminio reciclado certificado RCS. Contenido reciclado total: 22% basado en el peso total del art\u00edculo. La certificaci\u00f3n RCS garantiza una cadena de suministro de materiales reciclados completamente certificada. El medidor l\u00e1ser utiliza una bater\u00eda recargable de grado A de 250 mah, por lo que no es necesario reemplazar las bater\u00edas. Simplemente rec\u00e1rgalo a trav\u00e9s de su toma USB y el cable tipo C reciclado certificado RCS incluido. L\u00e1ser clase 2. Tiempo de respuesta 0,1 segundos. El sistema de medici\u00f3n se puede ajustar a metros\/pulgadas\/pies. Color del l\u00e1ser: rojo. Con recordatorio sonoro cuando finaliza la medici\u00f3n. Entrada tipo C, 5V\/1A.<\/p>\n","protected":false},"excerpt":{"rendered":"<p>Funcionalidad, materiales y dise\u00f1o se unen en este medidor l\u00e1ser recargable de 30 metros fabricado con aluminio reciclado certificado RCS. Contenido reciclado total: 22% basado en el peso total del art\u00edculo. La certificaci\u00f3n RCS garantiza una cadena de suministro de materiales reciclados completamente certificada. El medidor l\u00e1ser utiliza una bater\u00eda recargable de grado A de [&hellip;]<\/p>\n","protected":false},"featured_media":4008,"comment_status":"closed","ping_status":"closed","template":"","meta":{"_acf_changed":false,"_monsterinsights_skip_tracking":false,"_monsterinsights_sitenote_active":false,"_monsterinsights_sitenote_note":"","_monsterinsights_sitenote_category":0},"product_cat":[53],"product_tag":[],"class_list":["post-3492","product","type-product","status-publish","has-post-thumbnail","hentry","product_cat-multiherramientas","pa_color-black"],"acf":[],"yoast_head":"<!-- This site is optimized with the Yoast SEO plugin v27.0 - https:\/\/yoast.com\/product\/yoast-seo-wordpress\/ -->\n<title>Medidor l\u00e1ser 30M aluminio reciclado RCS, negro - Gear X Tools<\/title>\n<meta name=\"robots\" content=\"index, follow, max-snippet:-1, max-image-preview:large, max-video-preview:-1\" \/>\n<link rel=\"canonical\" href=\"https:\/\/gearxtools.com\/es\/medidor-laser-de-30-metros-de-aluminio-reciclado-gear-x-rcs-negro\/\" \/>\n<meta property=\"og:locale\" content=\"es_ES\" \/>\n<meta property=\"og:type\" content=\"article\" \/>\n<meta property=\"og:title\" content=\"Medidor l\u00e1ser 30M aluminio reciclado RCS, negro - Gear X Tools\" \/>\n<meta property=\"og:description\" content=\"Funcionalidad, materiales y dise\u00f1o se unen en este medidor l\u00e1ser recargable de 30 metros fabricado con aluminio reciclado certificado RCS. Contenido reciclado total: 22% basado en el peso total del art\u00edculo. La certificaci\u00f3n RCS garantiza una cadena de suministro de materiales reciclados completamente certificada. El medidor l\u00e1ser utiliza una bater\u00eda recargable de grado A de [&hellip;]\" \/>\n<meta property=\"og:url\" content=\"https:\/\/gearxtools.com\/es\/medidor-laser-de-30-metros-de-aluminio-reciclado-gear-x-rcs-negro\/\" \/>\n<meta property=\"og:site_name\" content=\"Gear X Tools\" \/>\n<meta property=\"article:modified_time\" content=\"2026-03-12T02:14:12+00:00\" \/>\n<meta property=\"og:image\" content=\"https:\/\/gearxtools.com\/wp-content\/uploads\/sites\/8\/2024\/02\/P113.501__S_0__a730d39b2350480db526caf40c4b4a12.jpg\" \/>\n\t<meta property=\"og:image:width\" content=\"1024\" \/>\n\t<meta property=\"og:image:height\" content=\"1024\" \/>\n\t<meta property=\"og:image:type\" content=\"image\/jpeg\" \/>\n<meta name=\"twitter:card\" content=\"summary_large_image\" \/>\n<meta name=\"twitter:label1\" content=\"Tiempo de lectura\" \/>\n\t<meta name=\"twitter:data1\" content=\"1 minuto\" \/>\n<script type=\"application\/ld+json\" class=\"yoast-schema-graph\">{\"@context\":\"https:\/\/schema.org\",\"@graph\":[{\"@type\":\"WebPage\",\"@id\":\"https:\/\/gearxtools.com\/es\/medidor-laser-de-30-metros-de-aluminio-reciclado-gear-x-rcs-negro\/\",\"url\":\"https:\/\/gearxtools.com\/es\/medidor-laser-de-30-metros-de-aluminio-reciclado-gear-x-rcs-negro\/\",\"name\":\"Medidor l\u00e1ser 30M aluminio reciclado RCS, negro - Gear X Tools\",\"isPartOf\":{\"@id\":\"https:\/\/gearxtools.com\/es\/#website\"},\"primaryImageOfPage\":{\"@id\":\"https:\/\/gearxtools.com\/es\/medidor-laser-de-30-metros-de-aluminio-reciclado-gear-x-rcs-negro\/#primaryimage\"},\"image\":{\"@id\":\"https:\/\/gearxtools.com\/es\/medidor-laser-de-30-metros-de-aluminio-reciclado-gear-x-rcs-negro\/#primaryimage\"},\"thumbnailUrl\":\"https:\/\/gearxtools.com\/wp-content\/uploads\/sites\/8\/2024\/02\/P113.501__S_0__a730d39b2350480db526caf40c4b4a12.jpg\",\"datePublished\":\"2024-01-03T01:02:09+00:00\",\"dateModified\":\"2026-03-12T02:14:12+00:00\",\"breadcrumb\":{\"@id\":\"https:\/\/gearxtools.com\/es\/medidor-laser-de-30-metros-de-aluminio-reciclado-gear-x-rcs-negro\/#breadcrumb\"},\"inLanguage\":\"es\",\"potentialAction\":[{\"@type\":\"ReadAction\",\"target\":[\"https:\/\/gearxtools.com\/es\/medidor-laser-de-30-metros-de-aluminio-reciclado-gear-x-rcs-negro\/\"]}]},{\"@type\":\"ImageObject\",\"inLanguage\":\"es\",\"@id\":\"https:\/\/gearxtools.com\/es\/medidor-laser-de-30-metros-de-aluminio-reciclado-gear-x-rcs-negro\/#primaryimage\",\"url\":\"https:\/\/gearxtools.com\/wp-content\/uploads\/sites\/8\/2024\/02\/P113.501__S_0__a730d39b2350480db526caf40c4b4a12.jpg\",\"contentUrl\":\"https:\/\/gearxtools.com\/wp-content\/uploads\/sites\/8\/2024\/02\/P113.501__S_0__a730d39b2350480db526caf40c4b4a12.jpg\",\"width\":1024,\"height\":1024},{\"@type\":\"BreadcrumbList\",\"@id\":\"https:\/\/gearxtools.com\/es\/medidor-laser-de-30-metros-de-aluminio-reciclado-gear-x-rcs-negro\/#breadcrumb\",\"itemListElement\":[{\"@type\":\"ListItem\",\"position\":1,\"name\":\"Home\",\"item\":\"https:\/\/gearxtools.com\/es\/\"},{\"@type\":\"ListItem\",\"position\":2,\"name\":\"Colecci\u00f3n\",\"item\":\"https:\/\/gearxtools.com\/es\/coleccion\/\"},{\"@type\":\"ListItem\",\"position\":3,\"name\":\"Medidor l\u00e1ser 30M aluminio reciclado RCS, negro\"}]},{\"@type\":\"WebSite\",\"@id\":\"https:\/\/gearxtools.com\/es\/#website\",\"url\":\"https:\/\/gearxtools.com\/es\/\",\"name\":\"Gear X Tools\",\"description\":\"Gear X always there when you need it\",\"potentialAction\":[{\"@type\":\"SearchAction\",\"target\":{\"@type\":\"EntryPoint\",\"urlTemplate\":\"https:\/\/gearxtools.com\/es\/?s={search_term_string}\"},\"query-input\":{\"@type\":\"PropertyValueSpecification\",\"valueRequired\":true,\"valueName\":\"search_term_string\"}}],\"inLanguage\":\"es\"}]}<\/script>\n<!-- \/ Yoast SEO plugin. -->","yoast_head_json":{"title":"Medidor l\u00e1ser 30M aluminio reciclado RCS, negro - Gear X Tools","robots":{"index":"index","follow":"follow","max-snippet":"max-snippet:-1","max-image-preview":"max-image-preview:large","max-video-preview":"max-video-preview:-1"},"canonical":"https:\/\/gearxtools.com\/es\/medidor-laser-de-30-metros-de-aluminio-reciclado-gear-x-rcs-negro\/","og_locale":"es_ES","og_type":"article","og_title":"Medidor l\u00e1ser 30M aluminio reciclado RCS, negro - Gear X Tools","og_description":"Funcionalidad, materiales y dise\u00f1o se unen en este medidor l\u00e1ser recargable de 30 metros fabricado con aluminio reciclado certificado RCS. Contenido reciclado total: 22% basado en el peso total del art\u00edculo. La certificaci\u00f3n RCS garantiza una cadena de suministro de materiales reciclados completamente certificada. El medidor l\u00e1ser utiliza una bater\u00eda recargable de grado A de [&hellip;]","og_url":"https:\/\/gearxtools.com\/es\/medidor-laser-de-30-metros-de-aluminio-reciclado-gear-x-rcs-negro\/","og_site_name":"Gear X Tools","article_modified_time":"2026-03-12T02:14:12+00:00","og_image":[{"width":1024,"height":1024,"url":"https:\/\/gearxtools.com\/wp-content\/uploads\/sites\/8\/2024\/02\/P113.501__S_0__a730d39b2350480db526caf40c4b4a12.jpg","type":"image\/jpeg"}],"twitter_card":"summary_large_image","twitter_misc":{"Tiempo de lectura":"1 minuto"},"schema":{"@context":"https:\/\/schema.org","@graph":[{"@type":"WebPage","@id":"https:\/\/gearxtools.com\/es\/medidor-laser-de-30-metros-de-aluminio-reciclado-gear-x-rcs-negro\/","url":"https:\/\/gearxtools.com\/es\/medidor-laser-de-30-metros-de-aluminio-reciclado-gear-x-rcs-negro\/","name":"Medidor l\u00e1ser 30M aluminio reciclado RCS, negro - Gear X Tools","isPartOf":{"@id":"https:\/\/gearxtools.com\/es\/#website"},"primaryImageOfPage":{"@id":"https:\/\/gearxtools.com\/es\/medidor-laser-de-30-metros-de-aluminio-reciclado-gear-x-rcs-negro\/#primaryimage"},"image":{"@id":"https:\/\/gearxtools.com\/es\/medidor-laser-de-30-metros-de-aluminio-reciclado-gear-x-rcs-negro\/#primaryimage"},"thumbnailUrl":"https:\/\/gearxtools.com\/wp-content\/uploads\/sites\/8\/2024\/02\/P113.501__S_0__a730d39b2350480db526caf40c4b4a12.jpg","datePublished":"2024-01-03T01:02:09+00:00","dateModified":"2026-03-12T02:14:12+00:00","breadcrumb":{"@id":"https:\/\/gearxtools.com\/es\/medidor-laser-de-30-metros-de-aluminio-reciclado-gear-x-rcs-negro\/#breadcrumb"},"inLanguage":"es","potentialAction":[{"@type":"ReadAction","target":["https:\/\/gearxtools.com\/es\/medidor-laser-de-30-metros-de-aluminio-reciclado-gear-x-rcs-negro\/"]}]},{"@type":"ImageObject","inLanguage":"es","@id":"https:\/\/gearxtools.com\/es\/medidor-laser-de-30-metros-de-aluminio-reciclado-gear-x-rcs-negro\/#primaryimage","url":"https:\/\/gearxtools.com\/wp-content\/uploads\/sites\/8\/2024\/02\/P113.501__S_0__a730d39b2350480db526caf40c4b4a12.jpg","contentUrl":"https:\/\/gearxtools.com\/wp-content\/uploads\/sites\/8\/2024\/02\/P113.501__S_0__a730d39b2350480db526caf40c4b4a12.jpg","width":1024,"height":1024},{"@type":"BreadcrumbList","@id":"https:\/\/gearxtools.com\/es\/medidor-laser-de-30-metros-de-aluminio-reciclado-gear-x-rcs-negro\/#breadcrumb","itemListElement":[{"@type":"ListItem","position":1,"name":"Home","item":"https:\/\/gearxtools.com\/es\/"},{"@type":"ListItem","position":2,"name":"Colecci\u00f3n","item":"https:\/\/gearxtools.com\/es\/coleccion\/"},{"@type":"ListItem","position":3,"name":"Medidor l\u00e1ser 30M aluminio reciclado RCS, negro"}]},{"@type":"WebSite","@id":"https:\/\/gearxtools.com\/es\/#website","url":"https:\/\/gearxtools.com\/es\/","name":"Gear X Tools","description":"Gear X always there when you need it","potentialAction":[{"@type":"SearchAction","target":{"@type":"EntryPoint","urlTemplate":"https:\/\/gearxtools.com\/es\/?s={search_term_string}"},"query-input":{"@type":"PropertyValueSpecification","valueRequired":true,"valueName":"search_term_string"}}],"inLanguage":"es"}]}},"aioseo_notices":[],"_links":{"self":[{"href":"https:\/\/gearxtools.com\/es\/wp-json\/wp\/v2\/product\/3492","targetHints":{"allow":["GET"]}}],"collection":[{"href":"https:\/\/gearxtools.com\/es\/wp-json\/wp\/v2\/product"}],"about":[{"href":"https:\/\/gearxtools.com\/es\/wp-json\/wp\/v2\/types\/product"}],"replies":[{"embeddable":true,"href":"https:\/\/gearxtools.com\/es\/wp-json\/wp\/v2\/comments?post=3492"}],"wp:featuredmedia":[{"embeddable":true,"href":"https:\/\/gearxtools.com\/es\/wp-json\/wp\/v2\/media\/4008"}],"wp:attachment":[{"href":"https:\/\/gearxtools.com\/es\/wp-json\/wp\/v2\/media?parent=3492"}],"wp:term":[{"taxonomy":"product_cat","embeddable":true,"href":"https:\/\/gearxtools.com\/es\/wp-json\/wp\/v2\/product_cat?post=3492"},{"taxonomy":"product_tag","embeddable":true,"href":"https:\/\/gearxtools.com\/es\/wp-json\/wp\/v2\/product_tag?post=3492"}],"curies":[{"name":"wp","href":"https:\/\/api.w.org\/{rel}","templated":true}]}}