{"id":3494,"date":"2024-01-03T01:02:09","date_gmt":"2024-01-03T01:02:09","guid":{"rendered":"https:\/\/gearxtools.com\/linterna-frontal-gear-x-rcs-rplastic-de-alta-resistencia-negro\/"},"modified":"2026-04-16T01:12:16","modified_gmt":"2026-04-16T01:12:16","slug":"linterna-frontal-gear-x-rcs-rplastic-de-alta-resistencia-negro","status":"publish","type":"product","link":"https:\/\/gearxtools.com\/es\/linterna-frontal-gear-x-rcs-rplastic-de-alta-resistencia-negro\/","title":{"rendered":"Linterna frontal RCS rPlastic de alta resistencia, negro"},"content":{"rendered":"<p>Linterna frontal de alta resistencia con luz LED y COB de alta potencia integradas. La linterna frontal puede producir hasta 250 l\u00famenes y tiene una distancia de haz de 70 metros. La carcasa de la linterna frontal est\u00e1 hecha de pl\u00e1stico ABS reciclado certificado RCS. RCS (Recycled Claim Standard) es un est\u00e1ndar para verificar el contenido reciclado de un producto a lo largo de toda la cadena de suministro. Contenido total reciclado: 23% basado en el peso total del art\u00edculo. La linterna frontal es resistente al agua y al polvo IPX4. Con diadema ajustable para adaptarse a todos los tama\u00f1os. La linterna frontal tiene una bater\u00eda de litio recargable de 800 mAh que permite 3 horas de uso continuo con una sola carga. Con 6 modos de luz que incluyen 100%-50% y modo SOS. La recarga es sencilla mediantel tipo C.<\/p>\n","protected":false},"excerpt":{"rendered":"<p>Linterna frontal de alta resistencia con luz LED y COB de alta potencia integradas. La linterna frontal puede producir hasta 250 l\u00famenes y tiene una distancia de haz de 70 metros. La carcasa de la linterna frontal est\u00e1 hecha de pl\u00e1stico ABS reciclado certificado RCS. RCS (Recycled Claim Standard) es un est\u00e1ndar para verificar el [&hellip;]<\/p>\n","protected":false},"featured_media":6933,"comment_status":"closed","ping_status":"closed","template":"","meta":{"_acf_changed":false,"_monsterinsights_skip_tracking":false,"_monsterinsights_sitenote_active":false,"_monsterinsights_sitenote_note":"","_monsterinsights_sitenote_category":0},"product_cat":[62],"product_tag":[],"class_list":["post-3494","product","type-product","status-publish","has-post-thumbnail","hentry","product_cat-linternas-de-bolsillo","pa_color-black","pa_color-grey"],"acf":[],"yoast_head":"<!-- This site is optimized with the Yoast SEO plugin v27.0 - https:\/\/yoast.com\/product\/yoast-seo-wordpress\/ -->\n<title>Linterna frontal RCS rPlastic de alta resistencia, negro - Gear X Tools<\/title>\n<meta name=\"robots\" content=\"index, follow, max-snippet:-1, max-image-preview:large, max-video-preview:-1\" \/>\n<link rel=\"canonical\" href=\"https:\/\/gearxtools.com\/es\/linterna-frontal-gear-x-rcs-rplastic-de-alta-resistencia-negro\/\" \/>\n<meta property=\"og:locale\" content=\"es_ES\" \/>\n<meta property=\"og:type\" content=\"article\" \/>\n<meta property=\"og:title\" content=\"Linterna frontal RCS rPlastic de alta resistencia, negro - Gear X Tools\" \/>\n<meta property=\"og:description\" content=\"Linterna frontal de alta resistencia con luz LED y COB de alta potencia integradas. La linterna frontal puede producir hasta 250 l\u00famenes y tiene una distancia de haz de 70 metros. La carcasa de la linterna frontal est\u00e1 hecha de pl\u00e1stico ABS reciclado certificado RCS. RCS (Recycled Claim Standard) es un est\u00e1ndar para verificar el [&hellip;]\" \/>\n<meta property=\"og:url\" content=\"https:\/\/gearxtools.com\/es\/linterna-frontal-gear-x-rcs-rplastic-de-alta-resistencia-negro\/\" \/>\n<meta property=\"og:site_name\" content=\"Gear X Tools\" \/>\n<meta property=\"article:modified_time\" content=\"2026-04-16T01:12:16+00:00\" \/>\n<meta property=\"og:image\" content=\"https:\/\/gearxtools.com\/wp-content\/uploads\/sites\/8\/2026\/04\/P513.102__S_0__c88b52dcc0604fe1a909468d31f3d3b6.jpg\" \/>\n\t<meta property=\"og:image:width\" content=\"1024\" \/>\n\t<meta property=\"og:image:height\" content=\"1024\" \/>\n\t<meta property=\"og:image:type\" content=\"image\/jpeg\" \/>\n<meta name=\"twitter:card\" content=\"summary_large_image\" \/>\n<meta name=\"twitter:label1\" content=\"Tiempo de lectura\" \/>\n\t<meta name=\"twitter:data1\" content=\"1 minuto\" \/>\n<script type=\"application\/ld+json\" class=\"yoast-schema-graph\">{\"@context\":\"https:\/\/schema.org\",\"@graph\":[{\"@type\":\"WebPage\",\"@id\":\"https:\/\/gearxtools.com\/es\/linterna-frontal-gear-x-rcs-rplastic-de-alta-resistencia-negro\/\",\"url\":\"https:\/\/gearxtools.com\/es\/linterna-frontal-gear-x-rcs-rplastic-de-alta-resistencia-negro\/\",\"name\":\"Linterna frontal RCS rPlastic de alta resistencia, negro - Gear X Tools\",\"isPartOf\":{\"@id\":\"https:\/\/gearxtools.com\/es\/#website\"},\"primaryImageOfPage\":{\"@id\":\"https:\/\/gearxtools.com\/es\/linterna-frontal-gear-x-rcs-rplastic-de-alta-resistencia-negro\/#primaryimage\"},\"image\":{\"@id\":\"https:\/\/gearxtools.com\/es\/linterna-frontal-gear-x-rcs-rplastic-de-alta-resistencia-negro\/#primaryimage\"},\"thumbnailUrl\":\"https:\/\/gearxtools.com\/wp-content\/uploads\/sites\/8\/2026\/04\/P513.102__S_0__c88b52dcc0604fe1a909468d31f3d3b6.jpg\",\"datePublished\":\"2024-01-03T01:02:09+00:00\",\"dateModified\":\"2026-04-16T01:12:16+00:00\",\"breadcrumb\":{\"@id\":\"https:\/\/gearxtools.com\/es\/linterna-frontal-gear-x-rcs-rplastic-de-alta-resistencia-negro\/#breadcrumb\"},\"inLanguage\":\"es\",\"potentialAction\":[{\"@type\":\"ReadAction\",\"target\":[\"https:\/\/gearxtools.com\/es\/linterna-frontal-gear-x-rcs-rplastic-de-alta-resistencia-negro\/\"]}]},{\"@type\":\"ImageObject\",\"inLanguage\":\"es\",\"@id\":\"https:\/\/gearxtools.com\/es\/linterna-frontal-gear-x-rcs-rplastic-de-alta-resistencia-negro\/#primaryimage\",\"url\":\"https:\/\/gearxtools.com\/wp-content\/uploads\/sites\/8\/2026\/04\/P513.102__S_0__c88b52dcc0604fe1a909468d31f3d3b6.jpg\",\"contentUrl\":\"https:\/\/gearxtools.com\/wp-content\/uploads\/sites\/8\/2026\/04\/P513.102__S_0__c88b52dcc0604fe1a909468d31f3d3b6.jpg\",\"width\":1024,\"height\":1024},{\"@type\":\"BreadcrumbList\",\"@id\":\"https:\/\/gearxtools.com\/es\/linterna-frontal-gear-x-rcs-rplastic-de-alta-resistencia-negro\/#breadcrumb\",\"itemListElement\":[{\"@type\":\"ListItem\",\"position\":1,\"name\":\"Home\",\"item\":\"https:\/\/gearxtools.com\/es\/\"},{\"@type\":\"ListItem\",\"position\":2,\"name\":\"Colecci\u00f3n\",\"item\":\"https:\/\/gearxtools.com\/es\/coleccion\/\"},{\"@type\":\"ListItem\",\"position\":3,\"name\":\"Linterna frontal RCS rPlastic de alta resistencia, negro\"}]},{\"@type\":\"WebSite\",\"@id\":\"https:\/\/gearxtools.com\/es\/#website\",\"url\":\"https:\/\/gearxtools.com\/es\/\",\"name\":\"Gear X Tools\",\"description\":\"Gear X always there when you need it\",\"potentialAction\":[{\"@type\":\"SearchAction\",\"target\":{\"@type\":\"EntryPoint\",\"urlTemplate\":\"https:\/\/gearxtools.com\/es\/?s={search_term_string}\"},\"query-input\":{\"@type\":\"PropertyValueSpecification\",\"valueRequired\":true,\"valueName\":\"search_term_string\"}}],\"inLanguage\":\"es\"}]}<\/script>\n<!-- \/ Yoast SEO plugin. -->","yoast_head_json":{"title":"Linterna frontal RCS rPlastic de alta resistencia, negro - Gear X Tools","robots":{"index":"index","follow":"follow","max-snippet":"max-snippet:-1","max-image-preview":"max-image-preview:large","max-video-preview":"max-video-preview:-1"},"canonical":"https:\/\/gearxtools.com\/es\/linterna-frontal-gear-x-rcs-rplastic-de-alta-resistencia-negro\/","og_locale":"es_ES","og_type":"article","og_title":"Linterna frontal RCS rPlastic de alta resistencia, negro - Gear X Tools","og_description":"Linterna frontal de alta resistencia con luz LED y COB de alta potencia integradas. La linterna frontal puede producir hasta 250 l\u00famenes y tiene una distancia de haz de 70 metros. La carcasa de la linterna frontal est\u00e1 hecha de pl\u00e1stico ABS reciclado certificado RCS. RCS (Recycled Claim Standard) es un est\u00e1ndar para verificar el [&hellip;]","og_url":"https:\/\/gearxtools.com\/es\/linterna-frontal-gear-x-rcs-rplastic-de-alta-resistencia-negro\/","og_site_name":"Gear X Tools","article_modified_time":"2026-04-16T01:12:16+00:00","og_image":[{"width":1024,"height":1024,"url":"https:\/\/gearxtools.com\/wp-content\/uploads\/sites\/8\/2026\/04\/P513.102__S_0__c88b52dcc0604fe1a909468d31f3d3b6.jpg","type":"image\/jpeg"}],"twitter_card":"summary_large_image","twitter_misc":{"Tiempo de lectura":"1 minuto"},"schema":{"@context":"https:\/\/schema.org","@graph":[{"@type":"WebPage","@id":"https:\/\/gearxtools.com\/es\/linterna-frontal-gear-x-rcs-rplastic-de-alta-resistencia-negro\/","url":"https:\/\/gearxtools.com\/es\/linterna-frontal-gear-x-rcs-rplastic-de-alta-resistencia-negro\/","name":"Linterna frontal RCS rPlastic de alta resistencia, negro - Gear X Tools","isPartOf":{"@id":"https:\/\/gearxtools.com\/es\/#website"},"primaryImageOfPage":{"@id":"https:\/\/gearxtools.com\/es\/linterna-frontal-gear-x-rcs-rplastic-de-alta-resistencia-negro\/#primaryimage"},"image":{"@id":"https:\/\/gearxtools.com\/es\/linterna-frontal-gear-x-rcs-rplastic-de-alta-resistencia-negro\/#primaryimage"},"thumbnailUrl":"https:\/\/gearxtools.com\/wp-content\/uploads\/sites\/8\/2026\/04\/P513.102__S_0__c88b52dcc0604fe1a909468d31f3d3b6.jpg","datePublished":"2024-01-03T01:02:09+00:00","dateModified":"2026-04-16T01:12:16+00:00","breadcrumb":{"@id":"https:\/\/gearxtools.com\/es\/linterna-frontal-gear-x-rcs-rplastic-de-alta-resistencia-negro\/#breadcrumb"},"inLanguage":"es","potentialAction":[{"@type":"ReadAction","target":["https:\/\/gearxtools.com\/es\/linterna-frontal-gear-x-rcs-rplastic-de-alta-resistencia-negro\/"]}]},{"@type":"ImageObject","inLanguage":"es","@id":"https:\/\/gearxtools.com\/es\/linterna-frontal-gear-x-rcs-rplastic-de-alta-resistencia-negro\/#primaryimage","url":"https:\/\/gearxtools.com\/wp-content\/uploads\/sites\/8\/2026\/04\/P513.102__S_0__c88b52dcc0604fe1a909468d31f3d3b6.jpg","contentUrl":"https:\/\/gearxtools.com\/wp-content\/uploads\/sites\/8\/2026\/04\/P513.102__S_0__c88b52dcc0604fe1a909468d31f3d3b6.jpg","width":1024,"height":1024},{"@type":"BreadcrumbList","@id":"https:\/\/gearxtools.com\/es\/linterna-frontal-gear-x-rcs-rplastic-de-alta-resistencia-negro\/#breadcrumb","itemListElement":[{"@type":"ListItem","position":1,"name":"Home","item":"https:\/\/gearxtools.com\/es\/"},{"@type":"ListItem","position":2,"name":"Colecci\u00f3n","item":"https:\/\/gearxtools.com\/es\/coleccion\/"},{"@type":"ListItem","position":3,"name":"Linterna frontal RCS rPlastic de alta resistencia, negro"}]},{"@type":"WebSite","@id":"https:\/\/gearxtools.com\/es\/#website","url":"https:\/\/gearxtools.com\/es\/","name":"Gear X Tools","description":"Gear X always there when you need it","potentialAction":[{"@type":"SearchAction","target":{"@type":"EntryPoint","urlTemplate":"https:\/\/gearxtools.com\/es\/?s={search_term_string}"},"query-input":{"@type":"PropertyValueSpecification","valueRequired":true,"valueName":"search_term_string"}}],"inLanguage":"es"}]}},"aioseo_notices":[],"_links":{"self":[{"href":"https:\/\/gearxtools.com\/es\/wp-json\/wp\/v2\/product\/3494","targetHints":{"allow":["GET"]}}],"collection":[{"href":"https:\/\/gearxtools.com\/es\/wp-json\/wp\/v2\/product"}],"about":[{"href":"https:\/\/gearxtools.com\/es\/wp-json\/wp\/v2\/types\/product"}],"replies":[{"embeddable":true,"href":"https:\/\/gearxtools.com\/es\/wp-json\/wp\/v2\/comments?post=3494"}],"wp:featuredmedia":[{"embeddable":true,"href":"https:\/\/gearxtools.com\/es\/wp-json\/wp\/v2\/media\/6933"}],"wp:attachment":[{"href":"https:\/\/gearxtools.com\/es\/wp-json\/wp\/v2\/media?parent=3494"}],"wp:term":[{"taxonomy":"product_cat","embeddable":true,"href":"https:\/\/gearxtools.com\/es\/wp-json\/wp\/v2\/product_cat?post=3494"},{"taxonomy":"product_tag","embeddable":true,"href":"https:\/\/gearxtools.com\/es\/wp-json\/wp\/v2\/product_tag?post=3494"}],"curies":[{"name":"wp","href":"https:\/\/api.w.org\/{rel}","templated":true}]}}