{"id":3496,"date":"2024-01-03T01:02:09","date_gmt":"2024-01-03T01:02:09","guid":{"rendered":"https:\/\/gearxtools.com\/luz-de-trabajo-recargable-usb-gear-x-rcs-rplastic-gris\/"},"modified":"2026-04-16T01:12:17","modified_gmt":"2026-04-16T01:12:17","slug":"luz-de-trabajo-recargable-usb-gear-x-rcs-rplastic-gris","status":"publish","type":"product","link":"https:\/\/gearxtools.com\/es\/luz-de-trabajo-recargable-usb-gear-x-rcs-rplastic-gris\/","title":{"rendered":"Luz de trabajo recargable USB RCS rPlastic, gris"},"content":{"rendered":"<p>Luz de trabajo con luz LED extensible fabricada con pl\u00e1stico ABS reciclado certificado RCS. Contenido reciclado total: 36% basado en el peso total del art\u00edculo. La certificaci\u00f3n RCS garantiza una cadena de suministro de materiales reciclados completamente certificada. La luz de trabajo utiliza una bater\u00eda de litio recargable de grado A de 1000 mah, por lo que no es necesario reemplazar las bater\u00edas. Simplemente rec\u00e1rgalo a trav\u00e9s de su toma USB. La luz de trabajo viene con una luz COB de 260 l\u00famenes y una luz LED extensible de 80 l\u00famenes. Con 3 modos: LED, COB y COB 50%. Con im\u00e1n en la parte trasera. Con puerto tipo C para recarga. Tiempo de funcionamiento con una carga: 3 horas.<\/p>\n","protected":false},"excerpt":{"rendered":"<p>Luz de trabajo con luz LED extensible fabricada con pl\u00e1stico ABS reciclado certificado RCS. Contenido reciclado total: 36% basado en el peso total del art\u00edculo. La certificaci\u00f3n RCS garantiza una cadena de suministro de materiales reciclados completamente certificada. La luz de trabajo utiliza una bater\u00eda de litio recargable de grado A de 1000 mah, por [&hellip;]<\/p>\n","protected":false},"featured_media":6940,"comment_status":"closed","ping_status":"closed","template":"","meta":{"_acf_changed":false,"_monsterinsights_skip_tracking":false,"_monsterinsights_sitenote_active":false,"_monsterinsights_sitenote_note":"","_monsterinsights_sitenote_category":0},"product_cat":[62],"product_tag":[],"class_list":["post-3496","product","type-product","status-publish","has-post-thumbnail","hentry","product_cat-linternas-de-bolsillo","pa_color-grey"],"acf":[],"yoast_head":"<!-- This site is optimized with the Yoast SEO plugin v27.0 - https:\/\/yoast.com\/product\/yoast-seo-wordpress\/ -->\n<title>Luz de trabajo recargable USB RCS rPlastic, gris - Gear X Tools<\/title>\n<meta name=\"robots\" content=\"index, follow, max-snippet:-1, max-image-preview:large, max-video-preview:-1\" \/>\n<link rel=\"canonical\" href=\"https:\/\/gearxtools.com\/es\/luz-de-trabajo-recargable-usb-gear-x-rcs-rplastic-gris\/\" \/>\n<meta property=\"og:locale\" content=\"es_ES\" \/>\n<meta property=\"og:type\" content=\"article\" \/>\n<meta property=\"og:title\" content=\"Luz de trabajo recargable USB RCS rPlastic, gris - Gear X Tools\" \/>\n<meta property=\"og:description\" content=\"Luz de trabajo con luz LED extensible fabricada con pl\u00e1stico ABS reciclado certificado RCS. Contenido reciclado total: 36% basado en el peso total del art\u00edculo. La certificaci\u00f3n RCS garantiza una cadena de suministro de materiales reciclados completamente certificada. La luz de trabajo utiliza una bater\u00eda de litio recargable de grado A de 1000 mah, por [&hellip;]\" \/>\n<meta property=\"og:url\" content=\"https:\/\/gearxtools.com\/es\/luz-de-trabajo-recargable-usb-gear-x-rcs-rplastic-gris\/\" \/>\n<meta property=\"og:site_name\" content=\"Gear X Tools\" \/>\n<meta property=\"article:modified_time\" content=\"2026-04-16T01:12:17+00:00\" \/>\n<meta property=\"og:image\" content=\"https:\/\/gearxtools.com\/wp-content\/uploads\/sites\/8\/2026\/04\/P513.162__S_0__319eb3b64ca24c569ad0667acc81d717.jpg\" \/>\n\t<meta property=\"og:image:width\" content=\"1024\" \/>\n\t<meta property=\"og:image:height\" content=\"1024\" \/>\n\t<meta property=\"og:image:type\" content=\"image\/jpeg\" \/>\n<meta name=\"twitter:card\" content=\"summary_large_image\" \/>\n<meta name=\"twitter:label1\" content=\"Tiempo de lectura\" \/>\n\t<meta name=\"twitter:data1\" content=\"1 minuto\" \/>\n<script type=\"application\/ld+json\" class=\"yoast-schema-graph\">{\"@context\":\"https:\/\/schema.org\",\"@graph\":[{\"@type\":\"WebPage\",\"@id\":\"https:\/\/gearxtools.com\/es\/luz-de-trabajo-recargable-usb-gear-x-rcs-rplastic-gris\/\",\"url\":\"https:\/\/gearxtools.com\/es\/luz-de-trabajo-recargable-usb-gear-x-rcs-rplastic-gris\/\",\"name\":\"Luz de trabajo recargable USB RCS rPlastic, gris - Gear X Tools\",\"isPartOf\":{\"@id\":\"https:\/\/gearxtools.com\/es\/#website\"},\"primaryImageOfPage\":{\"@id\":\"https:\/\/gearxtools.com\/es\/luz-de-trabajo-recargable-usb-gear-x-rcs-rplastic-gris\/#primaryimage\"},\"image\":{\"@id\":\"https:\/\/gearxtools.com\/es\/luz-de-trabajo-recargable-usb-gear-x-rcs-rplastic-gris\/#primaryimage\"},\"thumbnailUrl\":\"https:\/\/gearxtools.com\/wp-content\/uploads\/sites\/8\/2026\/04\/P513.162__S_0__319eb3b64ca24c569ad0667acc81d717.jpg\",\"datePublished\":\"2024-01-03T01:02:09+00:00\",\"dateModified\":\"2026-04-16T01:12:17+00:00\",\"breadcrumb\":{\"@id\":\"https:\/\/gearxtools.com\/es\/luz-de-trabajo-recargable-usb-gear-x-rcs-rplastic-gris\/#breadcrumb\"},\"inLanguage\":\"es\",\"potentialAction\":[{\"@type\":\"ReadAction\",\"target\":[\"https:\/\/gearxtools.com\/es\/luz-de-trabajo-recargable-usb-gear-x-rcs-rplastic-gris\/\"]}]},{\"@type\":\"ImageObject\",\"inLanguage\":\"es\",\"@id\":\"https:\/\/gearxtools.com\/es\/luz-de-trabajo-recargable-usb-gear-x-rcs-rplastic-gris\/#primaryimage\",\"url\":\"https:\/\/gearxtools.com\/wp-content\/uploads\/sites\/8\/2026\/04\/P513.162__S_0__319eb3b64ca24c569ad0667acc81d717.jpg\",\"contentUrl\":\"https:\/\/gearxtools.com\/wp-content\/uploads\/sites\/8\/2026\/04\/P513.162__S_0__319eb3b64ca24c569ad0667acc81d717.jpg\",\"width\":1024,\"height\":1024},{\"@type\":\"BreadcrumbList\",\"@id\":\"https:\/\/gearxtools.com\/es\/luz-de-trabajo-recargable-usb-gear-x-rcs-rplastic-gris\/#breadcrumb\",\"itemListElement\":[{\"@type\":\"ListItem\",\"position\":1,\"name\":\"Home\",\"item\":\"https:\/\/gearxtools.com\/es\/\"},{\"@type\":\"ListItem\",\"position\":2,\"name\":\"Colecci\u00f3n\",\"item\":\"https:\/\/gearxtools.com\/es\/coleccion\/\"},{\"@type\":\"ListItem\",\"position\":3,\"name\":\"Luz de trabajo recargable USB RCS rPlastic, gris\"}]},{\"@type\":\"WebSite\",\"@id\":\"https:\/\/gearxtools.com\/es\/#website\",\"url\":\"https:\/\/gearxtools.com\/es\/\",\"name\":\"Gear X Tools\",\"description\":\"Gear X always there when you need it\",\"potentialAction\":[{\"@type\":\"SearchAction\",\"target\":{\"@type\":\"EntryPoint\",\"urlTemplate\":\"https:\/\/gearxtools.com\/es\/?s={search_term_string}\"},\"query-input\":{\"@type\":\"PropertyValueSpecification\",\"valueRequired\":true,\"valueName\":\"search_term_string\"}}],\"inLanguage\":\"es\"}]}<\/script>\n<!-- \/ Yoast SEO plugin. -->","yoast_head_json":{"title":"Luz de trabajo recargable USB RCS rPlastic, gris - Gear X Tools","robots":{"index":"index","follow":"follow","max-snippet":"max-snippet:-1","max-image-preview":"max-image-preview:large","max-video-preview":"max-video-preview:-1"},"canonical":"https:\/\/gearxtools.com\/es\/luz-de-trabajo-recargable-usb-gear-x-rcs-rplastic-gris\/","og_locale":"es_ES","og_type":"article","og_title":"Luz de trabajo recargable USB RCS rPlastic, gris - Gear X Tools","og_description":"Luz de trabajo con luz LED extensible fabricada con pl\u00e1stico ABS reciclado certificado RCS. Contenido reciclado total: 36% basado en el peso total del art\u00edculo. La certificaci\u00f3n RCS garantiza una cadena de suministro de materiales reciclados completamente certificada. La luz de trabajo utiliza una bater\u00eda de litio recargable de grado A de 1000 mah, por [&hellip;]","og_url":"https:\/\/gearxtools.com\/es\/luz-de-trabajo-recargable-usb-gear-x-rcs-rplastic-gris\/","og_site_name":"Gear X Tools","article_modified_time":"2026-04-16T01:12:17+00:00","og_image":[{"width":1024,"height":1024,"url":"https:\/\/gearxtools.com\/wp-content\/uploads\/sites\/8\/2026\/04\/P513.162__S_0__319eb3b64ca24c569ad0667acc81d717.jpg","type":"image\/jpeg"}],"twitter_card":"summary_large_image","twitter_misc":{"Tiempo de lectura":"1 minuto"},"schema":{"@context":"https:\/\/schema.org","@graph":[{"@type":"WebPage","@id":"https:\/\/gearxtools.com\/es\/luz-de-trabajo-recargable-usb-gear-x-rcs-rplastic-gris\/","url":"https:\/\/gearxtools.com\/es\/luz-de-trabajo-recargable-usb-gear-x-rcs-rplastic-gris\/","name":"Luz de trabajo recargable USB RCS rPlastic, gris - Gear X Tools","isPartOf":{"@id":"https:\/\/gearxtools.com\/es\/#website"},"primaryImageOfPage":{"@id":"https:\/\/gearxtools.com\/es\/luz-de-trabajo-recargable-usb-gear-x-rcs-rplastic-gris\/#primaryimage"},"image":{"@id":"https:\/\/gearxtools.com\/es\/luz-de-trabajo-recargable-usb-gear-x-rcs-rplastic-gris\/#primaryimage"},"thumbnailUrl":"https:\/\/gearxtools.com\/wp-content\/uploads\/sites\/8\/2026\/04\/P513.162__S_0__319eb3b64ca24c569ad0667acc81d717.jpg","datePublished":"2024-01-03T01:02:09+00:00","dateModified":"2026-04-16T01:12:17+00:00","breadcrumb":{"@id":"https:\/\/gearxtools.com\/es\/luz-de-trabajo-recargable-usb-gear-x-rcs-rplastic-gris\/#breadcrumb"},"inLanguage":"es","potentialAction":[{"@type":"ReadAction","target":["https:\/\/gearxtools.com\/es\/luz-de-trabajo-recargable-usb-gear-x-rcs-rplastic-gris\/"]}]},{"@type":"ImageObject","inLanguage":"es","@id":"https:\/\/gearxtools.com\/es\/luz-de-trabajo-recargable-usb-gear-x-rcs-rplastic-gris\/#primaryimage","url":"https:\/\/gearxtools.com\/wp-content\/uploads\/sites\/8\/2026\/04\/P513.162__S_0__319eb3b64ca24c569ad0667acc81d717.jpg","contentUrl":"https:\/\/gearxtools.com\/wp-content\/uploads\/sites\/8\/2026\/04\/P513.162__S_0__319eb3b64ca24c569ad0667acc81d717.jpg","width":1024,"height":1024},{"@type":"BreadcrumbList","@id":"https:\/\/gearxtools.com\/es\/luz-de-trabajo-recargable-usb-gear-x-rcs-rplastic-gris\/#breadcrumb","itemListElement":[{"@type":"ListItem","position":1,"name":"Home","item":"https:\/\/gearxtools.com\/es\/"},{"@type":"ListItem","position":2,"name":"Colecci\u00f3n","item":"https:\/\/gearxtools.com\/es\/coleccion\/"},{"@type":"ListItem","position":3,"name":"Luz de trabajo recargable USB RCS rPlastic, gris"}]},{"@type":"WebSite","@id":"https:\/\/gearxtools.com\/es\/#website","url":"https:\/\/gearxtools.com\/es\/","name":"Gear X Tools","description":"Gear X always there when you need it","potentialAction":[{"@type":"SearchAction","target":{"@type":"EntryPoint","urlTemplate":"https:\/\/gearxtools.com\/es\/?s={search_term_string}"},"query-input":{"@type":"PropertyValueSpecification","valueRequired":true,"valueName":"search_term_string"}}],"inLanguage":"es"}]}},"aioseo_notices":[],"_links":{"self":[{"href":"https:\/\/gearxtools.com\/es\/wp-json\/wp\/v2\/product\/3496","targetHints":{"allow":["GET"]}}],"collection":[{"href":"https:\/\/gearxtools.com\/es\/wp-json\/wp\/v2\/product"}],"about":[{"href":"https:\/\/gearxtools.com\/es\/wp-json\/wp\/v2\/types\/product"}],"replies":[{"embeddable":true,"href":"https:\/\/gearxtools.com\/es\/wp-json\/wp\/v2\/comments?post=3496"}],"wp:featuredmedia":[{"embeddable":true,"href":"https:\/\/gearxtools.com\/es\/wp-json\/wp\/v2\/media\/6940"}],"wp:attachment":[{"href":"https:\/\/gearxtools.com\/es\/wp-json\/wp\/v2\/media?parent=3496"}],"wp:term":[{"taxonomy":"product_cat","embeddable":true,"href":"https:\/\/gearxtools.com\/es\/wp-json\/wp\/v2\/product_cat?post=3496"},{"taxonomy":"product_tag","embeddable":true,"href":"https:\/\/gearxtools.com\/es\/wp-json\/wp\/v2\/product_tag?post=3496"}],"curies":[{"name":"wp","href":"https:\/\/api.w.org\/{rel}","templated":true}]}}