{"id":3498,"date":"2024-01-03T01:02:09","date_gmt":"2024-01-03T01:02:09","guid":{"rendered":"https:\/\/gearxtools.com\/luz-de-trabajo-de-bolsillo-usb-de-plastico-reciclado-gear-x-gris\/"},"modified":"2026-03-12T02:14:21","modified_gmt":"2026-03-12T02:14:21","slug":"luz-de-trabajo-de-bolsillo-usb-de-plastico-reciclado-gear-x-gris","status":"publish","type":"product","link":"https:\/\/gearxtools.com\/es\/luz-de-trabajo-de-bolsillo-usb-de-plastico-reciclado-gear-x-gris\/","title":{"rendered":"Luz de trabajo de bolsillo USB de pl\u00e1stico reciclado, gris"},"content":{"rendered":"<p>Luz de trabajo de bolsillo con COB superbrillante fabricada con pl\u00e1stico ABS reciclado certificado RCS. Contenido reciclado total: 36% basado en el peso total del art\u00edculo. La certificaci\u00f3n RCS garantiza una cadena de suministro de materiales reciclados completamente certificada. La luz de trabajo utiliza una bater\u00eda de litio recargable de grado A de 900 mah, por lo que no es necesario reemplazar las bater\u00edas. Simplemente rec\u00e1rgalo a trav\u00e9s de su toma USB. La luz de trabajo viene con COB de 260 l\u00famenes. Con 2 modos: COB y COB 50%. Con im\u00e1n en la parte trasera. Con funci\u00f3n de soporte. Con puerto tipo C para recarga. Tiempo de funcionamiento con una carga: 3 horas.<\/p>\n","protected":false},"excerpt":{"rendered":"<p>Luz de trabajo de bolsillo con COB superbrillante fabricada con pl\u00e1stico ABS reciclado certificado RCS. Contenido reciclado total: 36% basado en el peso total del art\u00edculo. La certificaci\u00f3n RCS garantiza una cadena de suministro de materiales reciclados completamente certificada. La luz de trabajo utiliza una bater\u00eda de litio recargable de grado A de 900 mah, [&hellip;]<\/p>\n","protected":false},"featured_media":6118,"comment_status":"closed","ping_status":"closed","template":"","meta":{"_acf_changed":false,"_monsterinsights_skip_tracking":false,"_monsterinsights_sitenote_active":false,"_monsterinsights_sitenote_note":"","_monsterinsights_sitenote_category":0},"product_cat":[62],"product_tag":[],"class_list":["post-3498","product","type-product","status-publish","has-post-thumbnail","hentry","product_cat-linternas-de-bolsillo","pa_color-black","pa_color-grey"],"acf":[],"yoast_head":"<!-- This site is optimized with the Yoast SEO plugin v27.0 - https:\/\/yoast.com\/product\/yoast-seo-wordpress\/ -->\n<title>Luz de trabajo de bolsillo USB de pl\u00e1stico reciclado, gris - Gear X Tools<\/title>\n<meta name=\"robots\" content=\"index, follow, max-snippet:-1, max-image-preview:large, max-video-preview:-1\" \/>\n<link rel=\"canonical\" href=\"https:\/\/gearxtools.com\/es\/luz-de-trabajo-de-bolsillo-usb-de-plastico-reciclado-gear-x-gris\/\" \/>\n<meta property=\"og:locale\" content=\"es_ES\" \/>\n<meta property=\"og:type\" content=\"article\" \/>\n<meta property=\"og:title\" content=\"Luz de trabajo de bolsillo USB de pl\u00e1stico reciclado, gris - Gear X Tools\" \/>\n<meta property=\"og:description\" content=\"Luz de trabajo de bolsillo con COB superbrillante fabricada con pl\u00e1stico ABS reciclado certificado RCS. Contenido reciclado total: 36% basado en el peso total del art\u00edculo. La certificaci\u00f3n RCS garantiza una cadena de suministro de materiales reciclados completamente certificada. La luz de trabajo utiliza una bater\u00eda de litio recargable de grado A de 900 mah, [&hellip;]\" \/>\n<meta property=\"og:url\" content=\"https:\/\/gearxtools.com\/es\/luz-de-trabajo-de-bolsillo-usb-de-plastico-reciclado-gear-x-gris\/\" \/>\n<meta property=\"og:site_name\" content=\"Gear X Tools\" \/>\n<meta property=\"article:modified_time\" content=\"2026-03-12T02:14:21+00:00\" \/>\n<meta property=\"og:image\" content=\"https:\/\/gearxtools.com\/wp-content\/uploads\/sites\/8\/2024\/05\/P513.242__S_0__d432fb7ca2854f64b6efe4be4a07c0d2.jpg\" \/>\n\t<meta property=\"og:image:width\" content=\"1024\" \/>\n\t<meta property=\"og:image:height\" content=\"1024\" \/>\n\t<meta property=\"og:image:type\" content=\"image\/jpeg\" \/>\n<meta name=\"twitter:card\" content=\"summary_large_image\" \/>\n<meta name=\"twitter:label1\" content=\"Tiempo de lectura\" \/>\n\t<meta name=\"twitter:data1\" content=\"1 minuto\" \/>\n<script type=\"application\/ld+json\" class=\"yoast-schema-graph\">{\"@context\":\"https:\/\/schema.org\",\"@graph\":[{\"@type\":\"WebPage\",\"@id\":\"https:\/\/gearxtools.com\/es\/luz-de-trabajo-de-bolsillo-usb-de-plastico-reciclado-gear-x-gris\/\",\"url\":\"https:\/\/gearxtools.com\/es\/luz-de-trabajo-de-bolsillo-usb-de-plastico-reciclado-gear-x-gris\/\",\"name\":\"Luz de trabajo de bolsillo USB de pl\u00e1stico reciclado, gris - Gear X Tools\",\"isPartOf\":{\"@id\":\"https:\/\/gearxtools.com\/es\/#website\"},\"primaryImageOfPage\":{\"@id\":\"https:\/\/gearxtools.com\/es\/luz-de-trabajo-de-bolsillo-usb-de-plastico-reciclado-gear-x-gris\/#primaryimage\"},\"image\":{\"@id\":\"https:\/\/gearxtools.com\/es\/luz-de-trabajo-de-bolsillo-usb-de-plastico-reciclado-gear-x-gris\/#primaryimage\"},\"thumbnailUrl\":\"https:\/\/gearxtools.com\/wp-content\/uploads\/sites\/8\/2024\/05\/P513.242__S_0__d432fb7ca2854f64b6efe4be4a07c0d2.jpg\",\"datePublished\":\"2024-01-03T01:02:09+00:00\",\"dateModified\":\"2026-03-12T02:14:21+00:00\",\"breadcrumb\":{\"@id\":\"https:\/\/gearxtools.com\/es\/luz-de-trabajo-de-bolsillo-usb-de-plastico-reciclado-gear-x-gris\/#breadcrumb\"},\"inLanguage\":\"es\",\"potentialAction\":[{\"@type\":\"ReadAction\",\"target\":[\"https:\/\/gearxtools.com\/es\/luz-de-trabajo-de-bolsillo-usb-de-plastico-reciclado-gear-x-gris\/\"]}]},{\"@type\":\"ImageObject\",\"inLanguage\":\"es\",\"@id\":\"https:\/\/gearxtools.com\/es\/luz-de-trabajo-de-bolsillo-usb-de-plastico-reciclado-gear-x-gris\/#primaryimage\",\"url\":\"https:\/\/gearxtools.com\/wp-content\/uploads\/sites\/8\/2024\/05\/P513.242__S_0__d432fb7ca2854f64b6efe4be4a07c0d2.jpg\",\"contentUrl\":\"https:\/\/gearxtools.com\/wp-content\/uploads\/sites\/8\/2024\/05\/P513.242__S_0__d432fb7ca2854f64b6efe4be4a07c0d2.jpg\",\"width\":1024,\"height\":1024},{\"@type\":\"BreadcrumbList\",\"@id\":\"https:\/\/gearxtools.com\/es\/luz-de-trabajo-de-bolsillo-usb-de-plastico-reciclado-gear-x-gris\/#breadcrumb\",\"itemListElement\":[{\"@type\":\"ListItem\",\"position\":1,\"name\":\"Home\",\"item\":\"https:\/\/gearxtools.com\/es\/\"},{\"@type\":\"ListItem\",\"position\":2,\"name\":\"Colecci\u00f3n\",\"item\":\"https:\/\/gearxtools.com\/es\/coleccion\/\"},{\"@type\":\"ListItem\",\"position\":3,\"name\":\"Luz de trabajo de bolsillo USB de pl\u00e1stico reciclado, gris\"}]},{\"@type\":\"WebSite\",\"@id\":\"https:\/\/gearxtools.com\/es\/#website\",\"url\":\"https:\/\/gearxtools.com\/es\/\",\"name\":\"Gear X Tools\",\"description\":\"Gear X always there when you need it\",\"potentialAction\":[{\"@type\":\"SearchAction\",\"target\":{\"@type\":\"EntryPoint\",\"urlTemplate\":\"https:\/\/gearxtools.com\/es\/?s={search_term_string}\"},\"query-input\":{\"@type\":\"PropertyValueSpecification\",\"valueRequired\":true,\"valueName\":\"search_term_string\"}}],\"inLanguage\":\"es\"}]}<\/script>\n<!-- \/ Yoast SEO plugin. -->","yoast_head_json":{"title":"Luz de trabajo de bolsillo USB de pl\u00e1stico reciclado, gris - Gear X Tools","robots":{"index":"index","follow":"follow","max-snippet":"max-snippet:-1","max-image-preview":"max-image-preview:large","max-video-preview":"max-video-preview:-1"},"canonical":"https:\/\/gearxtools.com\/es\/luz-de-trabajo-de-bolsillo-usb-de-plastico-reciclado-gear-x-gris\/","og_locale":"es_ES","og_type":"article","og_title":"Luz de trabajo de bolsillo USB de pl\u00e1stico reciclado, gris - Gear X Tools","og_description":"Luz de trabajo de bolsillo con COB superbrillante fabricada con pl\u00e1stico ABS reciclado certificado RCS. Contenido reciclado total: 36% basado en el peso total del art\u00edculo. La certificaci\u00f3n RCS garantiza una cadena de suministro de materiales reciclados completamente certificada. La luz de trabajo utiliza una bater\u00eda de litio recargable de grado A de 900 mah, [&hellip;]","og_url":"https:\/\/gearxtools.com\/es\/luz-de-trabajo-de-bolsillo-usb-de-plastico-reciclado-gear-x-gris\/","og_site_name":"Gear X Tools","article_modified_time":"2026-03-12T02:14:21+00:00","og_image":[{"width":1024,"height":1024,"url":"https:\/\/gearxtools.com\/wp-content\/uploads\/sites\/8\/2024\/05\/P513.242__S_0__d432fb7ca2854f64b6efe4be4a07c0d2.jpg","type":"image\/jpeg"}],"twitter_card":"summary_large_image","twitter_misc":{"Tiempo de lectura":"1 minuto"},"schema":{"@context":"https:\/\/schema.org","@graph":[{"@type":"WebPage","@id":"https:\/\/gearxtools.com\/es\/luz-de-trabajo-de-bolsillo-usb-de-plastico-reciclado-gear-x-gris\/","url":"https:\/\/gearxtools.com\/es\/luz-de-trabajo-de-bolsillo-usb-de-plastico-reciclado-gear-x-gris\/","name":"Luz de trabajo de bolsillo USB de pl\u00e1stico reciclado, gris - Gear X Tools","isPartOf":{"@id":"https:\/\/gearxtools.com\/es\/#website"},"primaryImageOfPage":{"@id":"https:\/\/gearxtools.com\/es\/luz-de-trabajo-de-bolsillo-usb-de-plastico-reciclado-gear-x-gris\/#primaryimage"},"image":{"@id":"https:\/\/gearxtools.com\/es\/luz-de-trabajo-de-bolsillo-usb-de-plastico-reciclado-gear-x-gris\/#primaryimage"},"thumbnailUrl":"https:\/\/gearxtools.com\/wp-content\/uploads\/sites\/8\/2024\/05\/P513.242__S_0__d432fb7ca2854f64b6efe4be4a07c0d2.jpg","datePublished":"2024-01-03T01:02:09+00:00","dateModified":"2026-03-12T02:14:21+00:00","breadcrumb":{"@id":"https:\/\/gearxtools.com\/es\/luz-de-trabajo-de-bolsillo-usb-de-plastico-reciclado-gear-x-gris\/#breadcrumb"},"inLanguage":"es","potentialAction":[{"@type":"ReadAction","target":["https:\/\/gearxtools.com\/es\/luz-de-trabajo-de-bolsillo-usb-de-plastico-reciclado-gear-x-gris\/"]}]},{"@type":"ImageObject","inLanguage":"es","@id":"https:\/\/gearxtools.com\/es\/luz-de-trabajo-de-bolsillo-usb-de-plastico-reciclado-gear-x-gris\/#primaryimage","url":"https:\/\/gearxtools.com\/wp-content\/uploads\/sites\/8\/2024\/05\/P513.242__S_0__d432fb7ca2854f64b6efe4be4a07c0d2.jpg","contentUrl":"https:\/\/gearxtools.com\/wp-content\/uploads\/sites\/8\/2024\/05\/P513.242__S_0__d432fb7ca2854f64b6efe4be4a07c0d2.jpg","width":1024,"height":1024},{"@type":"BreadcrumbList","@id":"https:\/\/gearxtools.com\/es\/luz-de-trabajo-de-bolsillo-usb-de-plastico-reciclado-gear-x-gris\/#breadcrumb","itemListElement":[{"@type":"ListItem","position":1,"name":"Home","item":"https:\/\/gearxtools.com\/es\/"},{"@type":"ListItem","position":2,"name":"Colecci\u00f3n","item":"https:\/\/gearxtools.com\/es\/coleccion\/"},{"@type":"ListItem","position":3,"name":"Luz de trabajo de bolsillo USB de pl\u00e1stico reciclado, gris"}]},{"@type":"WebSite","@id":"https:\/\/gearxtools.com\/es\/#website","url":"https:\/\/gearxtools.com\/es\/","name":"Gear X Tools","description":"Gear X always there when you need it","potentialAction":[{"@type":"SearchAction","target":{"@type":"EntryPoint","urlTemplate":"https:\/\/gearxtools.com\/es\/?s={search_term_string}"},"query-input":{"@type":"PropertyValueSpecification","valueRequired":true,"valueName":"search_term_string"}}],"inLanguage":"es"}]}},"aioseo_notices":[],"_links":{"self":[{"href":"https:\/\/gearxtools.com\/es\/wp-json\/wp\/v2\/product\/3498","targetHints":{"allow":["GET"]}}],"collection":[{"href":"https:\/\/gearxtools.com\/es\/wp-json\/wp\/v2\/product"}],"about":[{"href":"https:\/\/gearxtools.com\/es\/wp-json\/wp\/v2\/types\/product"}],"replies":[{"embeddable":true,"href":"https:\/\/gearxtools.com\/es\/wp-json\/wp\/v2\/comments?post=3498"}],"wp:featuredmedia":[{"embeddable":true,"href":"https:\/\/gearxtools.com\/es\/wp-json\/wp\/v2\/media\/6118"}],"wp:attachment":[{"href":"https:\/\/gearxtools.com\/es\/wp-json\/wp\/v2\/media?parent=3498"}],"wp:term":[{"taxonomy":"product_cat","embeddable":true,"href":"https:\/\/gearxtools.com\/es\/wp-json\/wp\/v2\/product_cat?post=3498"},{"taxonomy":"product_tag","embeddable":true,"href":"https:\/\/gearxtools.com\/es\/wp-json\/wp\/v2\/product_tag?post=3498"}],"curies":[{"name":"wp","href":"https:\/\/api.w.org\/{rel}","templated":true}]}}