{"id":6426,"date":"2025-01-03T01:02:08","date_gmt":"2025-01-03T01:02:08","guid":{"rendered":"https:\/\/gearxtools.com\/linterna-llavero-ultra-brillante-y-recargable-negro\/"},"modified":"2026-03-12T02:14:27","modified_gmt":"2026-03-12T02:14:27","slug":"linterna-llavero-ultra-brillante-y-recargable-negro","status":"publish","type":"product","link":"https:\/\/gearxtools.com\/es\/linterna-llavero-ultra-brillante-y-recargable-negro\/","title":{"rendered":"Linterna llavero ultra brillante y recargable, negro"},"content":{"rendered":"<p>Linterna de bolsillo ultra brillante fabricada con aluminio reciclado RCS. Contenido reciclado total: 58% basado en el peso total del art\u00edculo. La certificaci\u00f3n RCS garantiza una cadena de suministro completamente certificada de los materiales reciclados. La linterna tiene una luz LED XTE superbrillante de 120 l\u00famenes que crear\u00e1 un haz de hasta 30 metros. La linterna tiene una bater\u00eda de litio de grado A de 200 mAh que proporciona un tiempo de funcionamiento de hasta 1 hora con recarga r\u00e1pida a trav\u00e9s de USB-C en menos de 1 hora. La linterna es resistente al agua IPX 4, por lo que tambi\u00e9n es adecuada para usar en condiciones clim\u00e1ticas adversas. La linterna ofrece 3 modos: 100% \/ 50% y parpadeante. Presentada en una caja de regalo FSC sin pl\u00e1stico. Incluye cable de carga USB C de TPE reciclado.<\/p>\n","protected":false},"excerpt":{"rendered":"<p>Linterna de bolsillo ultra brillante fabricada con aluminio reciclado RCS. Contenido reciclado total: 58% basado en el peso total del art\u00edculo. La certificaci\u00f3n RCS garantiza una cadena de suministro completamente certificada de los materiales reciclados. La linterna tiene una luz LED XTE superbrillante de 120 l\u00famenes que crear\u00e1 un haz de hasta 30 metros. La [&hellip;]<\/p>\n","protected":false},"featured_media":6638,"comment_status":"closed","ping_status":"closed","template":"","meta":{"_acf_changed":false,"_monsterinsights_skip_tracking":false,"_monsterinsights_sitenote_active":false,"_monsterinsights_sitenote_note":"","_monsterinsights_sitenote_category":0},"product_cat":[62],"product_tag":[],"class_list":["post-6426","product","type-product","status-publish","has-post-thumbnail","hentry","product_cat-linternas-de-bolsillo","pa_color-black"],"acf":[],"yoast_head":"<!-- This site is optimized with the Yoast SEO plugin v27.0 - https:\/\/yoast.com\/product\/yoast-seo-wordpress\/ -->\n<title>Linterna llavero ultra brillante y recargable, negro - Gear X Tools<\/title>\n<meta name=\"robots\" content=\"index, follow, max-snippet:-1, max-image-preview:large, max-video-preview:-1\" \/>\n<link rel=\"canonical\" href=\"https:\/\/gearxtools.com\/es\/linterna-llavero-ultra-brillante-y-recargable-negro\/\" \/>\n<meta property=\"og:locale\" content=\"es_ES\" \/>\n<meta property=\"og:type\" content=\"article\" \/>\n<meta property=\"og:title\" content=\"Linterna llavero ultra brillante y recargable, negro - Gear X Tools\" \/>\n<meta property=\"og:description\" content=\"Linterna de bolsillo ultra brillante fabricada con aluminio reciclado RCS. Contenido reciclado total: 58% basado en el peso total del art\u00edculo. La certificaci\u00f3n RCS garantiza una cadena de suministro completamente certificada de los materiales reciclados. La linterna tiene una luz LED XTE superbrillante de 120 l\u00famenes que crear\u00e1 un haz de hasta 30 metros. La [&hellip;]\" \/>\n<meta property=\"og:url\" content=\"https:\/\/gearxtools.com\/es\/linterna-llavero-ultra-brillante-y-recargable-negro\/\" \/>\n<meta property=\"og:site_name\" content=\"Gear X Tools\" \/>\n<meta property=\"article:modified_time\" content=\"2026-03-12T02:14:27+00:00\" \/>\n<meta property=\"og:image\" content=\"https:\/\/gearxtools.com\/wp-content\/uploads\/sites\/8\/2025\/02\/P514.5001__S_0__792d7e72901d4693811e803aee84b6dd.jpg\" \/>\n\t<meta property=\"og:image:width\" content=\"1024\" \/>\n\t<meta property=\"og:image:height\" content=\"1024\" \/>\n\t<meta property=\"og:image:type\" content=\"image\/jpeg\" \/>\n<meta name=\"twitter:card\" content=\"summary_large_image\" \/>\n<meta name=\"twitter:label1\" content=\"Tiempo de lectura\" \/>\n\t<meta name=\"twitter:data1\" content=\"1 minuto\" \/>\n<script type=\"application\/ld+json\" class=\"yoast-schema-graph\">{\"@context\":\"https:\/\/schema.org\",\"@graph\":[{\"@type\":\"WebPage\",\"@id\":\"https:\/\/gearxtools.com\/es\/linterna-llavero-ultra-brillante-y-recargable-negro\/\",\"url\":\"https:\/\/gearxtools.com\/es\/linterna-llavero-ultra-brillante-y-recargable-negro\/\",\"name\":\"Linterna llavero ultra brillante y recargable, negro - Gear X Tools\",\"isPartOf\":{\"@id\":\"https:\/\/gearxtools.com\/es\/#website\"},\"primaryImageOfPage\":{\"@id\":\"https:\/\/gearxtools.com\/es\/linterna-llavero-ultra-brillante-y-recargable-negro\/#primaryimage\"},\"image\":{\"@id\":\"https:\/\/gearxtools.com\/es\/linterna-llavero-ultra-brillante-y-recargable-negro\/#primaryimage\"},\"thumbnailUrl\":\"https:\/\/gearxtools.com\/wp-content\/uploads\/sites\/8\/2025\/02\/P514.5001__S_0__792d7e72901d4693811e803aee84b6dd.jpg\",\"datePublished\":\"2025-01-03T01:02:08+00:00\",\"dateModified\":\"2026-03-12T02:14:27+00:00\",\"breadcrumb\":{\"@id\":\"https:\/\/gearxtools.com\/es\/linterna-llavero-ultra-brillante-y-recargable-negro\/#breadcrumb\"},\"inLanguage\":\"es\",\"potentialAction\":[{\"@type\":\"ReadAction\",\"target\":[\"https:\/\/gearxtools.com\/es\/linterna-llavero-ultra-brillante-y-recargable-negro\/\"]}]},{\"@type\":\"ImageObject\",\"inLanguage\":\"es\",\"@id\":\"https:\/\/gearxtools.com\/es\/linterna-llavero-ultra-brillante-y-recargable-negro\/#primaryimage\",\"url\":\"https:\/\/gearxtools.com\/wp-content\/uploads\/sites\/8\/2025\/02\/P514.5001__S_0__792d7e72901d4693811e803aee84b6dd.jpg\",\"contentUrl\":\"https:\/\/gearxtools.com\/wp-content\/uploads\/sites\/8\/2025\/02\/P514.5001__S_0__792d7e72901d4693811e803aee84b6dd.jpg\",\"width\":1024,\"height\":1024},{\"@type\":\"BreadcrumbList\",\"@id\":\"https:\/\/gearxtools.com\/es\/linterna-llavero-ultra-brillante-y-recargable-negro\/#breadcrumb\",\"itemListElement\":[{\"@type\":\"ListItem\",\"position\":1,\"name\":\"Home\",\"item\":\"https:\/\/gearxtools.com\/es\/\"},{\"@type\":\"ListItem\",\"position\":2,\"name\":\"Colecci\u00f3n\",\"item\":\"https:\/\/gearxtools.com\/es\/coleccion\/\"},{\"@type\":\"ListItem\",\"position\":3,\"name\":\"Linterna llavero ultra brillante y recargable, negro\"}]},{\"@type\":\"WebSite\",\"@id\":\"https:\/\/gearxtools.com\/es\/#website\",\"url\":\"https:\/\/gearxtools.com\/es\/\",\"name\":\"Gear X Tools\",\"description\":\"Gear X always there when you need it\",\"potentialAction\":[{\"@type\":\"SearchAction\",\"target\":{\"@type\":\"EntryPoint\",\"urlTemplate\":\"https:\/\/gearxtools.com\/es\/?s={search_term_string}\"},\"query-input\":{\"@type\":\"PropertyValueSpecification\",\"valueRequired\":true,\"valueName\":\"search_term_string\"}}],\"inLanguage\":\"es\"}]}<\/script>\n<!-- \/ Yoast SEO plugin. -->","yoast_head_json":{"title":"Linterna llavero ultra brillante y recargable, negro - Gear X Tools","robots":{"index":"index","follow":"follow","max-snippet":"max-snippet:-1","max-image-preview":"max-image-preview:large","max-video-preview":"max-video-preview:-1"},"canonical":"https:\/\/gearxtools.com\/es\/linterna-llavero-ultra-brillante-y-recargable-negro\/","og_locale":"es_ES","og_type":"article","og_title":"Linterna llavero ultra brillante y recargable, negro - Gear X Tools","og_description":"Linterna de bolsillo ultra brillante fabricada con aluminio reciclado RCS. Contenido reciclado total: 58% basado en el peso total del art\u00edculo. La certificaci\u00f3n RCS garantiza una cadena de suministro completamente certificada de los materiales reciclados. La linterna tiene una luz LED XTE superbrillante de 120 l\u00famenes que crear\u00e1 un haz de hasta 30 metros. La [&hellip;]","og_url":"https:\/\/gearxtools.com\/es\/linterna-llavero-ultra-brillante-y-recargable-negro\/","og_site_name":"Gear X Tools","article_modified_time":"2026-03-12T02:14:27+00:00","og_image":[{"width":1024,"height":1024,"url":"https:\/\/gearxtools.com\/wp-content\/uploads\/sites\/8\/2025\/02\/P514.5001__S_0__792d7e72901d4693811e803aee84b6dd.jpg","type":"image\/jpeg"}],"twitter_card":"summary_large_image","twitter_misc":{"Tiempo de lectura":"1 minuto"},"schema":{"@context":"https:\/\/schema.org","@graph":[{"@type":"WebPage","@id":"https:\/\/gearxtools.com\/es\/linterna-llavero-ultra-brillante-y-recargable-negro\/","url":"https:\/\/gearxtools.com\/es\/linterna-llavero-ultra-brillante-y-recargable-negro\/","name":"Linterna llavero ultra brillante y recargable, negro - Gear X Tools","isPartOf":{"@id":"https:\/\/gearxtools.com\/es\/#website"},"primaryImageOfPage":{"@id":"https:\/\/gearxtools.com\/es\/linterna-llavero-ultra-brillante-y-recargable-negro\/#primaryimage"},"image":{"@id":"https:\/\/gearxtools.com\/es\/linterna-llavero-ultra-brillante-y-recargable-negro\/#primaryimage"},"thumbnailUrl":"https:\/\/gearxtools.com\/wp-content\/uploads\/sites\/8\/2025\/02\/P514.5001__S_0__792d7e72901d4693811e803aee84b6dd.jpg","datePublished":"2025-01-03T01:02:08+00:00","dateModified":"2026-03-12T02:14:27+00:00","breadcrumb":{"@id":"https:\/\/gearxtools.com\/es\/linterna-llavero-ultra-brillante-y-recargable-negro\/#breadcrumb"},"inLanguage":"es","potentialAction":[{"@type":"ReadAction","target":["https:\/\/gearxtools.com\/es\/linterna-llavero-ultra-brillante-y-recargable-negro\/"]}]},{"@type":"ImageObject","inLanguage":"es","@id":"https:\/\/gearxtools.com\/es\/linterna-llavero-ultra-brillante-y-recargable-negro\/#primaryimage","url":"https:\/\/gearxtools.com\/wp-content\/uploads\/sites\/8\/2025\/02\/P514.5001__S_0__792d7e72901d4693811e803aee84b6dd.jpg","contentUrl":"https:\/\/gearxtools.com\/wp-content\/uploads\/sites\/8\/2025\/02\/P514.5001__S_0__792d7e72901d4693811e803aee84b6dd.jpg","width":1024,"height":1024},{"@type":"BreadcrumbList","@id":"https:\/\/gearxtools.com\/es\/linterna-llavero-ultra-brillante-y-recargable-negro\/#breadcrumb","itemListElement":[{"@type":"ListItem","position":1,"name":"Home","item":"https:\/\/gearxtools.com\/es\/"},{"@type":"ListItem","position":2,"name":"Colecci\u00f3n","item":"https:\/\/gearxtools.com\/es\/coleccion\/"},{"@type":"ListItem","position":3,"name":"Linterna llavero ultra brillante y recargable, negro"}]},{"@type":"WebSite","@id":"https:\/\/gearxtools.com\/es\/#website","url":"https:\/\/gearxtools.com\/es\/","name":"Gear X Tools","description":"Gear X always there when you need it","potentialAction":[{"@type":"SearchAction","target":{"@type":"EntryPoint","urlTemplate":"https:\/\/gearxtools.com\/es\/?s={search_term_string}"},"query-input":{"@type":"PropertyValueSpecification","valueRequired":true,"valueName":"search_term_string"}}],"inLanguage":"es"}]}},"aioseo_notices":[],"_links":{"self":[{"href":"https:\/\/gearxtools.com\/es\/wp-json\/wp\/v2\/product\/6426","targetHints":{"allow":["GET"]}}],"collection":[{"href":"https:\/\/gearxtools.com\/es\/wp-json\/wp\/v2\/product"}],"about":[{"href":"https:\/\/gearxtools.com\/es\/wp-json\/wp\/v2\/types\/product"}],"replies":[{"embeddable":true,"href":"https:\/\/gearxtools.com\/es\/wp-json\/wp\/v2\/comments?post=6426"}],"wp:featuredmedia":[{"embeddable":true,"href":"https:\/\/gearxtools.com\/es\/wp-json\/wp\/v2\/media\/6638"}],"wp:attachment":[{"href":"https:\/\/gearxtools.com\/es\/wp-json\/wp\/v2\/media?parent=6426"}],"wp:term":[{"taxonomy":"product_cat","embeddable":true,"href":"https:\/\/gearxtools.com\/es\/wp-json\/wp\/v2\/product_cat?post=6426"},{"taxonomy":"product_tag","embeddable":true,"href":"https:\/\/gearxtools.com\/es\/wp-json\/wp\/v2\/product_tag?post=6426"}],"curies":[{"name":"wp","href":"https:\/\/api.w.org\/{rel}","templated":true}]}}