{"id":6800,"date":"2025-08-01T00:02:10","date_gmt":"2025-08-01T00:02:10","guid":{"rendered":"https:\/\/gearxtools.com\/herramienta-edc-plegable-gear-x-con-mosqueton-negro\/"},"modified":"2026-03-12T02:14:16","modified_gmt":"2026-03-12T02:14:16","slug":"herramienta-edc-plegable-gear-x-con-mosqueton-negro","status":"publish","type":"product","link":"https:\/\/gearxtools.com\/es\/herramienta-edc-plegable-gear-x-con-mosqueton-negro\/","title":{"rendered":"Herramienta EDC plegable Gear X con mosquet\u00f3n, negro"},"content":{"rendered":"<p>La herramienta EDC plegable Gear X combina una artesan\u00eda excepcional y versatilidad en un dise\u00f1o compacto, lo que la convierte en la herramienta ideal para el d\u00eda a d\u00eda. Fabricada en resistente acero inoxidable 420, esta herramienta de alta calidad ofrece 11 funciones esenciales, incluyendo llaves M5, M4, M3.5, M2.5, M2 y M1.6, un destornillador plano, un destornillador Phillips, un c\u00fater, un abrebotellas y un gancho. Mide tan solo 9,1 cm plegada y 12,8 cm desplegada, e incorpora un mosquet\u00f3n integrado para facilitar su fijaci\u00f3n. Se presenta en un sobre FSC.<\/p>\n","protected":false},"excerpt":{"rendered":"<p>La herramienta EDC plegable Gear X combina una artesan\u00eda excepcional y versatilidad en un dise\u00f1o compacto, lo que la convierte en la herramienta ideal para el d\u00eda a d\u00eda. Fabricada en resistente acero inoxidable 420, esta herramienta de alta calidad ofrece 11 funciones esenciales, incluyendo llaves M5, M4, M3.5, M2.5, M2 y M1.6, un destornillador [&hellip;]<\/p>\n","protected":false},"featured_media":6873,"comment_status":"closed","ping_status":"closed","template":"","meta":{"_acf_changed":false,"_monsterinsights_skip_tracking":false,"_monsterinsights_sitenote_active":false,"_monsterinsights_sitenote_note":"","_monsterinsights_sitenote_category":0},"product_cat":[57],"product_tag":[],"class_list":["post-6800","product","type-product","status-publish","has-post-thumbnail","hentry","product_cat-medicion","pa_color-black"],"acf":[],"yoast_head":"<!-- This site is optimized with the Yoast SEO plugin v27.0 - https:\/\/yoast.com\/product\/yoast-seo-wordpress\/ -->\n<title>Herramienta EDC plegable Gear X con mosquet\u00f3n, negro - Gear X Tools<\/title>\n<meta name=\"robots\" content=\"index, follow, max-snippet:-1, max-image-preview:large, max-video-preview:-1\" \/>\n<link rel=\"canonical\" href=\"https:\/\/gearxtools.com\/es\/herramienta-edc-plegable-gear-x-con-mosqueton-negro\/\" \/>\n<meta property=\"og:locale\" content=\"es_ES\" \/>\n<meta property=\"og:type\" content=\"article\" \/>\n<meta property=\"og:title\" content=\"Herramienta EDC plegable Gear X con mosquet\u00f3n, negro - Gear X Tools\" \/>\n<meta property=\"og:description\" content=\"La herramienta EDC plegable Gear X combina una artesan\u00eda excepcional y versatilidad en un dise\u00f1o compacto, lo que la convierte en la herramienta ideal para el d\u00eda a d\u00eda. Fabricada en resistente acero inoxidable 420, esta herramienta de alta calidad ofrece 11 funciones esenciales, incluyendo llaves M5, M4, M3.5, M2.5, M2 y M1.6, un destornillador [&hellip;]\" \/>\n<meta property=\"og:url\" content=\"https:\/\/gearxtools.com\/es\/herramienta-edc-plegable-gear-x-con-mosqueton-negro\/\" \/>\n<meta property=\"og:site_name\" content=\"Gear X Tools\" \/>\n<meta property=\"article:modified_time\" content=\"2026-03-12T02:14:16+00:00\" \/>\n<meta property=\"og:image\" content=\"https:\/\/gearxtools.com\/wp-content\/uploads\/sites\/8\/2025\/10\/P221.2701__S_0__c001aa98d4104538b250799916cbe5fa.jpg\" \/>\n\t<meta property=\"og:image:width\" content=\"1024\" \/>\n\t<meta property=\"og:image:height\" content=\"1024\" \/>\n\t<meta property=\"og:image:type\" content=\"image\/jpeg\" \/>\n<meta name=\"twitter:card\" content=\"summary_large_image\" \/>\n<script type=\"application\/ld+json\" class=\"yoast-schema-graph\">{\"@context\":\"https:\/\/schema.org\",\"@graph\":[{\"@type\":\"WebPage\",\"@id\":\"https:\/\/gearxtools.com\/es\/herramienta-edc-plegable-gear-x-con-mosqueton-negro\/\",\"url\":\"https:\/\/gearxtools.com\/es\/herramienta-edc-plegable-gear-x-con-mosqueton-negro\/\",\"name\":\"Herramienta EDC plegable Gear X con mosquet\u00f3n, negro - Gear X Tools\",\"isPartOf\":{\"@id\":\"https:\/\/gearxtools.com\/es\/#website\"},\"primaryImageOfPage\":{\"@id\":\"https:\/\/gearxtools.com\/es\/herramienta-edc-plegable-gear-x-con-mosqueton-negro\/#primaryimage\"},\"image\":{\"@id\":\"https:\/\/gearxtools.com\/es\/herramienta-edc-plegable-gear-x-con-mosqueton-negro\/#primaryimage\"},\"thumbnailUrl\":\"https:\/\/gearxtools.com\/wp-content\/uploads\/sites\/8\/2025\/10\/P221.2701__S_0__c001aa98d4104538b250799916cbe5fa.jpg\",\"datePublished\":\"2025-08-01T00:02:10+00:00\",\"dateModified\":\"2026-03-12T02:14:16+00:00\",\"breadcrumb\":{\"@id\":\"https:\/\/gearxtools.com\/es\/herramienta-edc-plegable-gear-x-con-mosqueton-negro\/#breadcrumb\"},\"inLanguage\":\"es\",\"potentialAction\":[{\"@type\":\"ReadAction\",\"target\":[\"https:\/\/gearxtools.com\/es\/herramienta-edc-plegable-gear-x-con-mosqueton-negro\/\"]}]},{\"@type\":\"ImageObject\",\"inLanguage\":\"es\",\"@id\":\"https:\/\/gearxtools.com\/es\/herramienta-edc-plegable-gear-x-con-mosqueton-negro\/#primaryimage\",\"url\":\"https:\/\/gearxtools.com\/wp-content\/uploads\/sites\/8\/2025\/10\/P221.2701__S_0__c001aa98d4104538b250799916cbe5fa.jpg\",\"contentUrl\":\"https:\/\/gearxtools.com\/wp-content\/uploads\/sites\/8\/2025\/10\/P221.2701__S_0__c001aa98d4104538b250799916cbe5fa.jpg\",\"width\":1024,\"height\":1024},{\"@type\":\"BreadcrumbList\",\"@id\":\"https:\/\/gearxtools.com\/es\/herramienta-edc-plegable-gear-x-con-mosqueton-negro\/#breadcrumb\",\"itemListElement\":[{\"@type\":\"ListItem\",\"position\":1,\"name\":\"Home\",\"item\":\"https:\/\/gearxtools.com\/es\/\"},{\"@type\":\"ListItem\",\"position\":2,\"name\":\"Colecci\u00f3n\",\"item\":\"https:\/\/gearxtools.com\/es\/coleccion\/\"},{\"@type\":\"ListItem\",\"position\":3,\"name\":\"Herramienta EDC plegable Gear X con mosquet\u00f3n, negro\"}]},{\"@type\":\"WebSite\",\"@id\":\"https:\/\/gearxtools.com\/es\/#website\",\"url\":\"https:\/\/gearxtools.com\/es\/\",\"name\":\"Gear X Tools\",\"description\":\"Gear X always there when you need it\",\"potentialAction\":[{\"@type\":\"SearchAction\",\"target\":{\"@type\":\"EntryPoint\",\"urlTemplate\":\"https:\/\/gearxtools.com\/es\/?s={search_term_string}\"},\"query-input\":{\"@type\":\"PropertyValueSpecification\",\"valueRequired\":true,\"valueName\":\"search_term_string\"}}],\"inLanguage\":\"es\"}]}<\/script>\n<!-- \/ Yoast SEO plugin. -->","yoast_head_json":{"title":"Herramienta EDC plegable Gear X con mosquet\u00f3n, negro - Gear X Tools","robots":{"index":"index","follow":"follow","max-snippet":"max-snippet:-1","max-image-preview":"max-image-preview:large","max-video-preview":"max-video-preview:-1"},"canonical":"https:\/\/gearxtools.com\/es\/herramienta-edc-plegable-gear-x-con-mosqueton-negro\/","og_locale":"es_ES","og_type":"article","og_title":"Herramienta EDC plegable Gear X con mosquet\u00f3n, negro - Gear X Tools","og_description":"La herramienta EDC plegable Gear X combina una artesan\u00eda excepcional y versatilidad en un dise\u00f1o compacto, lo que la convierte en la herramienta ideal para el d\u00eda a d\u00eda. Fabricada en resistente acero inoxidable 420, esta herramienta de alta calidad ofrece 11 funciones esenciales, incluyendo llaves M5, M4, M3.5, M2.5, M2 y M1.6, un destornillador [&hellip;]","og_url":"https:\/\/gearxtools.com\/es\/herramienta-edc-plegable-gear-x-con-mosqueton-negro\/","og_site_name":"Gear X Tools","article_modified_time":"2026-03-12T02:14:16+00:00","og_image":[{"width":1024,"height":1024,"url":"https:\/\/gearxtools.com\/wp-content\/uploads\/sites\/8\/2025\/10\/P221.2701__S_0__c001aa98d4104538b250799916cbe5fa.jpg","type":"image\/jpeg"}],"twitter_card":"summary_large_image","schema":{"@context":"https:\/\/schema.org","@graph":[{"@type":"WebPage","@id":"https:\/\/gearxtools.com\/es\/herramienta-edc-plegable-gear-x-con-mosqueton-negro\/","url":"https:\/\/gearxtools.com\/es\/herramienta-edc-plegable-gear-x-con-mosqueton-negro\/","name":"Herramienta EDC plegable Gear X con mosquet\u00f3n, negro - Gear X Tools","isPartOf":{"@id":"https:\/\/gearxtools.com\/es\/#website"},"primaryImageOfPage":{"@id":"https:\/\/gearxtools.com\/es\/herramienta-edc-plegable-gear-x-con-mosqueton-negro\/#primaryimage"},"image":{"@id":"https:\/\/gearxtools.com\/es\/herramienta-edc-plegable-gear-x-con-mosqueton-negro\/#primaryimage"},"thumbnailUrl":"https:\/\/gearxtools.com\/wp-content\/uploads\/sites\/8\/2025\/10\/P221.2701__S_0__c001aa98d4104538b250799916cbe5fa.jpg","datePublished":"2025-08-01T00:02:10+00:00","dateModified":"2026-03-12T02:14:16+00:00","breadcrumb":{"@id":"https:\/\/gearxtools.com\/es\/herramienta-edc-plegable-gear-x-con-mosqueton-negro\/#breadcrumb"},"inLanguage":"es","potentialAction":[{"@type":"ReadAction","target":["https:\/\/gearxtools.com\/es\/herramienta-edc-plegable-gear-x-con-mosqueton-negro\/"]}]},{"@type":"ImageObject","inLanguage":"es","@id":"https:\/\/gearxtools.com\/es\/herramienta-edc-plegable-gear-x-con-mosqueton-negro\/#primaryimage","url":"https:\/\/gearxtools.com\/wp-content\/uploads\/sites\/8\/2025\/10\/P221.2701__S_0__c001aa98d4104538b250799916cbe5fa.jpg","contentUrl":"https:\/\/gearxtools.com\/wp-content\/uploads\/sites\/8\/2025\/10\/P221.2701__S_0__c001aa98d4104538b250799916cbe5fa.jpg","width":1024,"height":1024},{"@type":"BreadcrumbList","@id":"https:\/\/gearxtools.com\/es\/herramienta-edc-plegable-gear-x-con-mosqueton-negro\/#breadcrumb","itemListElement":[{"@type":"ListItem","position":1,"name":"Home","item":"https:\/\/gearxtools.com\/es\/"},{"@type":"ListItem","position":2,"name":"Colecci\u00f3n","item":"https:\/\/gearxtools.com\/es\/coleccion\/"},{"@type":"ListItem","position":3,"name":"Herramienta EDC plegable Gear X con mosquet\u00f3n, negro"}]},{"@type":"WebSite","@id":"https:\/\/gearxtools.com\/es\/#website","url":"https:\/\/gearxtools.com\/es\/","name":"Gear X Tools","description":"Gear X always there when you need it","potentialAction":[{"@type":"SearchAction","target":{"@type":"EntryPoint","urlTemplate":"https:\/\/gearxtools.com\/es\/?s={search_term_string}"},"query-input":{"@type":"PropertyValueSpecification","valueRequired":true,"valueName":"search_term_string"}}],"inLanguage":"es"}]}},"aioseo_notices":[],"_links":{"self":[{"href":"https:\/\/gearxtools.com\/es\/wp-json\/wp\/v2\/product\/6800","targetHints":{"allow":["GET"]}}],"collection":[{"href":"https:\/\/gearxtools.com\/es\/wp-json\/wp\/v2\/product"}],"about":[{"href":"https:\/\/gearxtools.com\/es\/wp-json\/wp\/v2\/types\/product"}],"replies":[{"embeddable":true,"href":"https:\/\/gearxtools.com\/es\/wp-json\/wp\/v2\/comments?post=6800"}],"wp:featuredmedia":[{"embeddable":true,"href":"https:\/\/gearxtools.com\/es\/wp-json\/wp\/v2\/media\/6873"}],"wp:attachment":[{"href":"https:\/\/gearxtools.com\/es\/wp-json\/wp\/v2\/media?parent=6800"}],"wp:term":[{"taxonomy":"product_cat","embeddable":true,"href":"https:\/\/gearxtools.com\/es\/wp-json\/wp\/v2\/product_cat?post=6800"},{"taxonomy":"product_tag","embeddable":true,"href":"https:\/\/gearxtools.com\/es\/wp-json\/wp\/v2\/product_tag?post=6800"}],"curies":[{"name":"wp","href":"https:\/\/api.w.org\/{rel}","templated":true}]}}