{"id":7086,"date":"2026-05-07T00:02:10","date_gmt":"2026-05-07T00:02:10","guid":{"rendered":"https:\/\/gearxtools.com\/linterna-frontal-gear-x-rcs-rplastic-con-sensor-movimiento-negro\/"},"modified":"2026-05-07T01:14:10","modified_gmt":"2026-05-07T01:14:10","slug":"linterna-frontal-gear-x-rcs-rplastic-con-sensor-movimiento-negro","status":"publish","type":"product","link":"https:\/\/gearxtools.com\/es\/linterna-frontal-gear-x-rcs-rplastic-con-sensor-movimiento-negro\/","title":{"rendered":"Linterna frontal Gear X RCS rPlastic con sensor movimiento, negro"},"content":{"rendered":"<p>Esta linterna frontal ofrece una iluminaci\u00f3n fiable y la comodidad de usarla sin usar las manos en cualquier situaci\u00f3n. Equipada con un sensor de movimiento, se activa o apaga con un simple gesto, ideal para usar con las manos ocupadas o con guantes. Con dos luces LED XTE de alta calidad, ofrece una potencia de 500 l\u00famenes con un alcance de hasta 70 metros y 5 modos de iluminaci\u00f3n para diferentes entornos y actividades. La bater\u00eda recargable integrada de 800 mAh proporciona hasta 4 horas de autonom\u00eda y se recarga f\u00e1cilmente mediante USB-C. Dise\u00f1ada para un f\u00e1cil reemplazo de la bater\u00eda seg\u00fan el reglamento UE 2023\/1542. La diadema el\u00e1stica ajustable garantiza un ajuste c\u00f3modo y se puede usar en la cabeza o alrededor de un casco. Fabricada con un 33% de ABS reciclado con certificaci\u00f3n RCS (Recycled Claim Standard) basado en el peso total del art\u00edculo. El art\u00edculo y los accesorios no contienen PVC y se presentan en un embalaje de regalo sin pl\u00e1stico.<\/p>\n","protected":false},"excerpt":{"rendered":"<p>Esta linterna frontal ofrece una iluminaci\u00f3n fiable y la comodidad de usarla sin usar las manos en cualquier situaci\u00f3n. Equipada con un sensor de movimiento, se activa o apaga con un simple gesto, ideal para usar con las manos ocupadas o con guantes. Con dos luces LED XTE de alta calidad, ofrece una potencia de [&hellip;]<\/p>\n","protected":false},"featured_media":7018,"comment_status":"closed","ping_status":"closed","template":"","meta":{"_acf_changed":false,"_monsterinsights_skip_tracking":false,"_monsterinsights_sitenote_active":false,"_monsterinsights_sitenote_note":"","_monsterinsights_sitenote_category":0},"product_cat":[15],"product_tag":[],"class_list":["post-7086","product","type-product","status-publish","has-post-thumbnail","hentry","product_cat-uncategorized","pa_color-black"],"acf":[],"yoast_head":"<!-- This site is optimized with the Yoast SEO plugin v27.0 - https:\/\/yoast.com\/product\/yoast-seo-wordpress\/ -->\n<title>Linterna frontal Gear X RCS rPlastic con sensor movimiento, negro - Gear X Tools<\/title>\n<meta name=\"robots\" content=\"index, follow, max-snippet:-1, max-image-preview:large, max-video-preview:-1\" \/>\n<link rel=\"canonical\" href=\"https:\/\/gearxtools.com\/es\/linterna-frontal-gear-x-rcs-rplastic-con-sensor-movimiento-negro\/\" \/>\n<meta property=\"og:locale\" content=\"es_ES\" \/>\n<meta property=\"og:type\" content=\"article\" \/>\n<meta property=\"og:title\" content=\"Linterna frontal Gear X RCS rPlastic con sensor movimiento, negro - Gear X Tools\" \/>\n<meta property=\"og:description\" content=\"Esta linterna frontal ofrece una iluminaci\u00f3n fiable y la comodidad de usarla sin usar las manos en cualquier situaci\u00f3n. Equipada con un sensor de movimiento, se activa o apaga con un simple gesto, ideal para usar con las manos ocupadas o con guantes. Con dos luces LED XTE de alta calidad, ofrece una potencia de [&hellip;]\" \/>\n<meta property=\"og:url\" content=\"https:\/\/gearxtools.com\/es\/linterna-frontal-gear-x-rcs-rplastic-con-sensor-movimiento-negro\/\" \/>\n<meta property=\"og:site_name\" content=\"Gear X Tools\" \/>\n<meta property=\"article:modified_time\" content=\"2026-05-07T01:14:10+00:00\" \/>\n<meta property=\"og:image\" content=\"https:\/\/gearxtools.com\/wp-content\/uploads\/sites\/8\/2026\/05\/P518.0501__S_0__73f5fb43985747b8a004095d980ef15b.jpg\" \/>\n\t<meta property=\"og:image:width\" content=\"1024\" \/>\n\t<meta property=\"og:image:height\" content=\"1024\" \/>\n\t<meta property=\"og:image:type\" content=\"image\/jpeg\" \/>\n<meta name=\"twitter:card\" content=\"summary_large_image\" \/>\n<meta name=\"twitter:label1\" content=\"Tiempo de lectura\" \/>\n\t<meta name=\"twitter:data1\" content=\"1 minuto\" \/>\n<script type=\"application\/ld+json\" class=\"yoast-schema-graph\">{\"@context\":\"https:\/\/schema.org\",\"@graph\":[{\"@type\":\"WebPage\",\"@id\":\"https:\/\/gearxtools.com\/es\/linterna-frontal-gear-x-rcs-rplastic-con-sensor-movimiento-negro\/\",\"url\":\"https:\/\/gearxtools.com\/es\/linterna-frontal-gear-x-rcs-rplastic-con-sensor-movimiento-negro\/\",\"name\":\"Linterna frontal Gear X RCS rPlastic con sensor movimiento, negro - Gear X Tools\",\"isPartOf\":{\"@id\":\"https:\/\/gearxtools.com\/es\/#website\"},\"primaryImageOfPage\":{\"@id\":\"https:\/\/gearxtools.com\/es\/linterna-frontal-gear-x-rcs-rplastic-con-sensor-movimiento-negro\/#primaryimage\"},\"image\":{\"@id\":\"https:\/\/gearxtools.com\/es\/linterna-frontal-gear-x-rcs-rplastic-con-sensor-movimiento-negro\/#primaryimage\"},\"thumbnailUrl\":\"https:\/\/gearxtools.com\/wp-content\/uploads\/sites\/8\/2026\/05\/P518.0501__S_0__73f5fb43985747b8a004095d980ef15b.jpg\",\"datePublished\":\"2026-05-07T00:02:10+00:00\",\"dateModified\":\"2026-05-07T01:14:10+00:00\",\"breadcrumb\":{\"@id\":\"https:\/\/gearxtools.com\/es\/linterna-frontal-gear-x-rcs-rplastic-con-sensor-movimiento-negro\/#breadcrumb\"},\"inLanguage\":\"es\",\"potentialAction\":[{\"@type\":\"ReadAction\",\"target\":[\"https:\/\/gearxtools.com\/es\/linterna-frontal-gear-x-rcs-rplastic-con-sensor-movimiento-negro\/\"]}]},{\"@type\":\"ImageObject\",\"inLanguage\":\"es\",\"@id\":\"https:\/\/gearxtools.com\/es\/linterna-frontal-gear-x-rcs-rplastic-con-sensor-movimiento-negro\/#primaryimage\",\"url\":\"https:\/\/gearxtools.com\/wp-content\/uploads\/sites\/8\/2026\/05\/P518.0501__S_0__73f5fb43985747b8a004095d980ef15b.jpg\",\"contentUrl\":\"https:\/\/gearxtools.com\/wp-content\/uploads\/sites\/8\/2026\/05\/P518.0501__S_0__73f5fb43985747b8a004095d980ef15b.jpg\",\"width\":1024,\"height\":1024},{\"@type\":\"BreadcrumbList\",\"@id\":\"https:\/\/gearxtools.com\/es\/linterna-frontal-gear-x-rcs-rplastic-con-sensor-movimiento-negro\/#breadcrumb\",\"itemListElement\":[{\"@type\":\"ListItem\",\"position\":1,\"name\":\"Home\",\"item\":\"https:\/\/gearxtools.com\/es\/\"},{\"@type\":\"ListItem\",\"position\":2,\"name\":\"Colecci\u00f3n\",\"item\":\"https:\/\/gearxtools.com\/es\/coleccion\/\"},{\"@type\":\"ListItem\",\"position\":3,\"name\":\"Linterna frontal Gear X RCS rPlastic con sensor movimiento, negro\"}]},{\"@type\":\"WebSite\",\"@id\":\"https:\/\/gearxtools.com\/es\/#website\",\"url\":\"https:\/\/gearxtools.com\/es\/\",\"name\":\"Gear X Tools\",\"description\":\"Gear X always there when you need it\",\"potentialAction\":[{\"@type\":\"SearchAction\",\"target\":{\"@type\":\"EntryPoint\",\"urlTemplate\":\"https:\/\/gearxtools.com\/es\/?s={search_term_string}\"},\"query-input\":{\"@type\":\"PropertyValueSpecification\",\"valueRequired\":true,\"valueName\":\"search_term_string\"}}],\"inLanguage\":\"es\"}]}<\/script>\n<!-- \/ Yoast SEO plugin. -->","yoast_head_json":{"title":"Linterna frontal Gear X RCS rPlastic con sensor movimiento, negro - Gear X Tools","robots":{"index":"index","follow":"follow","max-snippet":"max-snippet:-1","max-image-preview":"max-image-preview:large","max-video-preview":"max-video-preview:-1"},"canonical":"https:\/\/gearxtools.com\/es\/linterna-frontal-gear-x-rcs-rplastic-con-sensor-movimiento-negro\/","og_locale":"es_ES","og_type":"article","og_title":"Linterna frontal Gear X RCS rPlastic con sensor movimiento, negro - Gear X Tools","og_description":"Esta linterna frontal ofrece una iluminaci\u00f3n fiable y la comodidad de usarla sin usar las manos en cualquier situaci\u00f3n. Equipada con un sensor de movimiento, se activa o apaga con un simple gesto, ideal para usar con las manos ocupadas o con guantes. Con dos luces LED XTE de alta calidad, ofrece una potencia de [&hellip;]","og_url":"https:\/\/gearxtools.com\/es\/linterna-frontal-gear-x-rcs-rplastic-con-sensor-movimiento-negro\/","og_site_name":"Gear X Tools","article_modified_time":"2026-05-07T01:14:10+00:00","og_image":[{"width":1024,"height":1024,"url":"https:\/\/gearxtools.com\/wp-content\/uploads\/sites\/8\/2026\/05\/P518.0501__S_0__73f5fb43985747b8a004095d980ef15b.jpg","type":"image\/jpeg"}],"twitter_card":"summary_large_image","twitter_misc":{"Tiempo de lectura":"1 minuto"},"schema":{"@context":"https:\/\/schema.org","@graph":[{"@type":"WebPage","@id":"https:\/\/gearxtools.com\/es\/linterna-frontal-gear-x-rcs-rplastic-con-sensor-movimiento-negro\/","url":"https:\/\/gearxtools.com\/es\/linterna-frontal-gear-x-rcs-rplastic-con-sensor-movimiento-negro\/","name":"Linterna frontal Gear X RCS rPlastic con sensor movimiento, negro - Gear X Tools","isPartOf":{"@id":"https:\/\/gearxtools.com\/es\/#website"},"primaryImageOfPage":{"@id":"https:\/\/gearxtools.com\/es\/linterna-frontal-gear-x-rcs-rplastic-con-sensor-movimiento-negro\/#primaryimage"},"image":{"@id":"https:\/\/gearxtools.com\/es\/linterna-frontal-gear-x-rcs-rplastic-con-sensor-movimiento-negro\/#primaryimage"},"thumbnailUrl":"https:\/\/gearxtools.com\/wp-content\/uploads\/sites\/8\/2026\/05\/P518.0501__S_0__73f5fb43985747b8a004095d980ef15b.jpg","datePublished":"2026-05-07T00:02:10+00:00","dateModified":"2026-05-07T01:14:10+00:00","breadcrumb":{"@id":"https:\/\/gearxtools.com\/es\/linterna-frontal-gear-x-rcs-rplastic-con-sensor-movimiento-negro\/#breadcrumb"},"inLanguage":"es","potentialAction":[{"@type":"ReadAction","target":["https:\/\/gearxtools.com\/es\/linterna-frontal-gear-x-rcs-rplastic-con-sensor-movimiento-negro\/"]}]},{"@type":"ImageObject","inLanguage":"es","@id":"https:\/\/gearxtools.com\/es\/linterna-frontal-gear-x-rcs-rplastic-con-sensor-movimiento-negro\/#primaryimage","url":"https:\/\/gearxtools.com\/wp-content\/uploads\/sites\/8\/2026\/05\/P518.0501__S_0__73f5fb43985747b8a004095d980ef15b.jpg","contentUrl":"https:\/\/gearxtools.com\/wp-content\/uploads\/sites\/8\/2026\/05\/P518.0501__S_0__73f5fb43985747b8a004095d980ef15b.jpg","width":1024,"height":1024},{"@type":"BreadcrumbList","@id":"https:\/\/gearxtools.com\/es\/linterna-frontal-gear-x-rcs-rplastic-con-sensor-movimiento-negro\/#breadcrumb","itemListElement":[{"@type":"ListItem","position":1,"name":"Home","item":"https:\/\/gearxtools.com\/es\/"},{"@type":"ListItem","position":2,"name":"Colecci\u00f3n","item":"https:\/\/gearxtools.com\/es\/coleccion\/"},{"@type":"ListItem","position":3,"name":"Linterna frontal Gear X RCS rPlastic con sensor movimiento, negro"}]},{"@type":"WebSite","@id":"https:\/\/gearxtools.com\/es\/#website","url":"https:\/\/gearxtools.com\/es\/","name":"Gear X Tools","description":"Gear X always there when you need it","potentialAction":[{"@type":"SearchAction","target":{"@type":"EntryPoint","urlTemplate":"https:\/\/gearxtools.com\/es\/?s={search_term_string}"},"query-input":{"@type":"PropertyValueSpecification","valueRequired":true,"valueName":"search_term_string"}}],"inLanguage":"es"}]}},"aioseo_notices":[],"_links":{"self":[{"href":"https:\/\/gearxtools.com\/es\/wp-json\/wp\/v2\/product\/7086","targetHints":{"allow":["GET"]}}],"collection":[{"href":"https:\/\/gearxtools.com\/es\/wp-json\/wp\/v2\/product"}],"about":[{"href":"https:\/\/gearxtools.com\/es\/wp-json\/wp\/v2\/types\/product"}],"replies":[{"embeddable":true,"href":"https:\/\/gearxtools.com\/es\/wp-json\/wp\/v2\/comments?post=7086"}],"wp:featuredmedia":[{"embeddable":true,"href":"https:\/\/gearxtools.com\/es\/wp-json\/wp\/v2\/media\/7018"}],"wp:attachment":[{"href":"https:\/\/gearxtools.com\/es\/wp-json\/wp\/v2\/media?parent=7086"}],"wp:term":[{"taxonomy":"product_cat","embeddable":true,"href":"https:\/\/gearxtools.com\/es\/wp-json\/wp\/v2\/product_cat?post=7086"},{"taxonomy":"product_tag","embeddable":true,"href":"https:\/\/gearxtools.com\/es\/wp-json\/wp\/v2\/product_tag?post=7086"}],"curies":[{"name":"wp","href":"https:\/\/api.w.org\/{rel}","templated":true}]}}