{"id":1202,"date":"2023-03-16T15:54:11","date_gmt":"2023-03-16T15:54:11","guid":{"rendered":"https:\/\/xdsomename.tempurl.host\/gearx-website\/product\/metre-ruban-5m-avec-retraction-lente-rapide-noir\/"},"modified":"2026-03-12T01:24:08","modified_gmt":"2026-03-12T01:24:08","slug":"metre-ruban-5m-avec-retraction-lente-rapide-noir","status":"publish","type":"product","link":"https:\/\/gearxtools.com\/fr\/metre-ruban-5m-avec-retraction-lente-rapide-noir\/","title":{"rendered":"M\u00e8tre ruban 5M avec r\u00e9traction lente\/rapide, noir"},"content":{"rendered":"<p>M\u00e8tre ruban 5M\/19mm avec un boitier antichoc de qualit\u00e9, bouton de verrouillage et clip ceinture. Le ruban est en carbone noir durable avec une impression r\u00e9sistante \u00e0 l\u2019usure, offre deux vitesses de r\u00e9tractation, contrairement \u00e0 la plupart des autres m\u00e8tres. Avec deux aimants puissants \u00e0 l&rsquo;extr\u00e9mit\u00e9. Emball\u00e9 dans une bo\u00eete cadeau.<\/p>\n","protected":false},"excerpt":{"rendered":"<p>M\u00e8tre ruban 5M\/19mm avec un boitier antichoc de qualit\u00e9, bouton de verrouillage et clip ceinture. Le ruban est en carbone noir durable avec une impression r\u00e9sistante \u00e0 l\u2019usure, offre deux vitesses de r\u00e9tractation, contrairement \u00e0 la plupart des autres m\u00e8tres. Avec deux aimants puissants \u00e0 l&rsquo;extr\u00e9mit\u00e9. Emball\u00e9 dans une bo\u00eete cadeau.<\/p>\n","protected":false},"featured_media":3802,"comment_status":"closed","ping_status":"closed","template":"","meta":{"_acf_changed":false,"_monsterinsights_skip_tracking":false,"_monsterinsights_sitenote_active":false,"_monsterinsights_sitenote_note":"","_monsterinsights_sitenote_category":0},"product_cat":[50],"product_tag":[],"class_list":["post-1202","product","type-product","status-publish","has-post-thumbnail","hentry","product_cat-mesurer","pa_color-black"],"acf":[],"yoast_head":"<!-- This site is optimized with the Yoast SEO plugin v27.0 - https:\/\/yoast.com\/product\/yoast-seo-wordpress\/ -->\n<title>M\u00e8tre ruban 5M avec r\u00e9traction lente\/rapide, noir - Gear X Tools<\/title>\n<meta name=\"robots\" content=\"index, follow, max-snippet:-1, max-image-preview:large, max-video-preview:-1\" \/>\n<link rel=\"canonical\" href=\"https:\/\/gearxtools.com\/fr\/metre-ruban-5m-avec-retraction-lente-rapide-noir\/\" \/>\n<meta property=\"og:locale\" content=\"fr_FR\" \/>\n<meta property=\"og:type\" content=\"article\" \/>\n<meta property=\"og:title\" content=\"M\u00e8tre ruban 5M avec r\u00e9traction lente\/rapide, noir - Gear X Tools\" \/>\n<meta property=\"og:description\" content=\"M\u00e8tre ruban 5M\/19mm avec un boitier antichoc de qualit\u00e9, bouton de verrouillage et clip ceinture. Le ruban est en carbone noir durable avec une impression r\u00e9sistante \u00e0 l\u2019usure, offre deux vitesses de r\u00e9tractation, contrairement \u00e0 la plupart des autres m\u00e8tres. Avec deux aimants puissants \u00e0 l&rsquo;extr\u00e9mit\u00e9. Emball\u00e9 dans une bo\u00eete cadeau.\" \/>\n<meta property=\"og:url\" content=\"https:\/\/gearxtools.com\/fr\/metre-ruban-5m-avec-retraction-lente-rapide-noir\/\" \/>\n<meta property=\"og:site_name\" content=\"Gear X Tools\" \/>\n<meta property=\"article:modified_time\" content=\"2026-03-12T01:24:08+00:00\" \/>\n<meta property=\"og:image\" content=\"https:\/\/gearxtools.com\/wp-content\/uploads\/sites\/8\/2024\/02\/P113.201__S_0__c7d29d0d8bd3437baba84b0423401123.jpg\" \/>\n\t<meta property=\"og:image:width\" content=\"1024\" \/>\n\t<meta property=\"og:image:height\" content=\"1024\" \/>\n\t<meta property=\"og:image:type\" content=\"image\/jpeg\" \/>\n<meta name=\"twitter:card\" content=\"summary_large_image\" \/>\n<script type=\"application\/ld+json\" class=\"yoast-schema-graph\">{\"@context\":\"https:\/\/schema.org\",\"@graph\":[{\"@type\":\"WebPage\",\"@id\":\"https:\/\/gearxtools.com\/fr\/metre-ruban-5m-avec-retraction-lente-rapide-noir\/\",\"url\":\"https:\/\/gearxtools.com\/fr\/metre-ruban-5m-avec-retraction-lente-rapide-noir\/\",\"name\":\"M\u00e8tre ruban 5M avec r\u00e9traction lente\/rapide, noir - Gear X Tools\",\"isPartOf\":{\"@id\":\"https:\/\/gearxtools.com\/fr\/#website\"},\"primaryImageOfPage\":{\"@id\":\"https:\/\/gearxtools.com\/fr\/metre-ruban-5m-avec-retraction-lente-rapide-noir\/#primaryimage\"},\"image\":{\"@id\":\"https:\/\/gearxtools.com\/fr\/metre-ruban-5m-avec-retraction-lente-rapide-noir\/#primaryimage\"},\"thumbnailUrl\":\"https:\/\/gearxtools.com\/wp-content\/uploads\/sites\/8\/2024\/02\/P113.201__S_0__c7d29d0d8bd3437baba84b0423401123.jpg\",\"datePublished\":\"2023-03-16T15:54:11+00:00\",\"dateModified\":\"2026-03-12T01:24:08+00:00\",\"breadcrumb\":{\"@id\":\"https:\/\/gearxtools.com\/fr\/metre-ruban-5m-avec-retraction-lente-rapide-noir\/#breadcrumb\"},\"inLanguage\":\"fr-FR\",\"potentialAction\":[{\"@type\":\"ReadAction\",\"target\":[\"https:\/\/gearxtools.com\/fr\/metre-ruban-5m-avec-retraction-lente-rapide-noir\/\"]}]},{\"@type\":\"ImageObject\",\"inLanguage\":\"fr-FR\",\"@id\":\"https:\/\/gearxtools.com\/fr\/metre-ruban-5m-avec-retraction-lente-rapide-noir\/#primaryimage\",\"url\":\"https:\/\/gearxtools.com\/wp-content\/uploads\/sites\/8\/2024\/02\/P113.201__S_0__c7d29d0d8bd3437baba84b0423401123.jpg\",\"contentUrl\":\"https:\/\/gearxtools.com\/wp-content\/uploads\/sites\/8\/2024\/02\/P113.201__S_0__c7d29d0d8bd3437baba84b0423401123.jpg\",\"width\":1024,\"height\":1024},{\"@type\":\"BreadcrumbList\",\"@id\":\"https:\/\/gearxtools.com\/fr\/metre-ruban-5m-avec-retraction-lente-rapide-noir\/#breadcrumb\",\"itemListElement\":[{\"@type\":\"ListItem\",\"position\":1,\"name\":\"Home\",\"item\":\"https:\/\/gearxtools.com\/fr\/\"},{\"@type\":\"ListItem\",\"position\":2,\"name\":\"Collection\",\"item\":\"https:\/\/gearxtools.com\/fr\/collection\/\"},{\"@type\":\"ListItem\",\"position\":3,\"name\":\"M\u00e8tre ruban 5M avec r\u00e9traction lente\/rapide, noir\"}]},{\"@type\":\"WebSite\",\"@id\":\"https:\/\/gearxtools.com\/fr\/#website\",\"url\":\"https:\/\/gearxtools.com\/fr\/\",\"name\":\"Gear X Tools\",\"description\":\"Gear X always there when you need it\",\"potentialAction\":[{\"@type\":\"SearchAction\",\"target\":{\"@type\":\"EntryPoint\",\"urlTemplate\":\"https:\/\/gearxtools.com\/fr\/?s={search_term_string}\"},\"query-input\":{\"@type\":\"PropertyValueSpecification\",\"valueRequired\":true,\"valueName\":\"search_term_string\"}}],\"inLanguage\":\"fr-FR\"}]}<\/script>\n<!-- \/ Yoast SEO plugin. -->","yoast_head_json":{"title":"M\u00e8tre ruban 5M avec r\u00e9traction lente\/rapide, noir - Gear X Tools","robots":{"index":"index","follow":"follow","max-snippet":"max-snippet:-1","max-image-preview":"max-image-preview:large","max-video-preview":"max-video-preview:-1"},"canonical":"https:\/\/gearxtools.com\/fr\/metre-ruban-5m-avec-retraction-lente-rapide-noir\/","og_locale":"fr_FR","og_type":"article","og_title":"M\u00e8tre ruban 5M avec r\u00e9traction lente\/rapide, noir - Gear X Tools","og_description":"M\u00e8tre ruban 5M\/19mm avec un boitier antichoc de qualit\u00e9, bouton de verrouillage et clip ceinture. Le ruban est en carbone noir durable avec une impression r\u00e9sistante \u00e0 l\u2019usure, offre deux vitesses de r\u00e9tractation, contrairement \u00e0 la plupart des autres m\u00e8tres. Avec deux aimants puissants \u00e0 l&rsquo;extr\u00e9mit\u00e9. Emball\u00e9 dans une bo\u00eete cadeau.","og_url":"https:\/\/gearxtools.com\/fr\/metre-ruban-5m-avec-retraction-lente-rapide-noir\/","og_site_name":"Gear X Tools","article_modified_time":"2026-03-12T01:24:08+00:00","og_image":[{"width":1024,"height":1024,"url":"https:\/\/gearxtools.com\/wp-content\/uploads\/sites\/8\/2024\/02\/P113.201__S_0__c7d29d0d8bd3437baba84b0423401123.jpg","type":"image\/jpeg"}],"twitter_card":"summary_large_image","schema":{"@context":"https:\/\/schema.org","@graph":[{"@type":"WebPage","@id":"https:\/\/gearxtools.com\/fr\/metre-ruban-5m-avec-retraction-lente-rapide-noir\/","url":"https:\/\/gearxtools.com\/fr\/metre-ruban-5m-avec-retraction-lente-rapide-noir\/","name":"M\u00e8tre ruban 5M avec r\u00e9traction lente\/rapide, noir - Gear X Tools","isPartOf":{"@id":"https:\/\/gearxtools.com\/fr\/#website"},"primaryImageOfPage":{"@id":"https:\/\/gearxtools.com\/fr\/metre-ruban-5m-avec-retraction-lente-rapide-noir\/#primaryimage"},"image":{"@id":"https:\/\/gearxtools.com\/fr\/metre-ruban-5m-avec-retraction-lente-rapide-noir\/#primaryimage"},"thumbnailUrl":"https:\/\/gearxtools.com\/wp-content\/uploads\/sites\/8\/2024\/02\/P113.201__S_0__c7d29d0d8bd3437baba84b0423401123.jpg","datePublished":"2023-03-16T15:54:11+00:00","dateModified":"2026-03-12T01:24:08+00:00","breadcrumb":{"@id":"https:\/\/gearxtools.com\/fr\/metre-ruban-5m-avec-retraction-lente-rapide-noir\/#breadcrumb"},"inLanguage":"fr-FR","potentialAction":[{"@type":"ReadAction","target":["https:\/\/gearxtools.com\/fr\/metre-ruban-5m-avec-retraction-lente-rapide-noir\/"]}]},{"@type":"ImageObject","inLanguage":"fr-FR","@id":"https:\/\/gearxtools.com\/fr\/metre-ruban-5m-avec-retraction-lente-rapide-noir\/#primaryimage","url":"https:\/\/gearxtools.com\/wp-content\/uploads\/sites\/8\/2024\/02\/P113.201__S_0__c7d29d0d8bd3437baba84b0423401123.jpg","contentUrl":"https:\/\/gearxtools.com\/wp-content\/uploads\/sites\/8\/2024\/02\/P113.201__S_0__c7d29d0d8bd3437baba84b0423401123.jpg","width":1024,"height":1024},{"@type":"BreadcrumbList","@id":"https:\/\/gearxtools.com\/fr\/metre-ruban-5m-avec-retraction-lente-rapide-noir\/#breadcrumb","itemListElement":[{"@type":"ListItem","position":1,"name":"Home","item":"https:\/\/gearxtools.com\/fr\/"},{"@type":"ListItem","position":2,"name":"Collection","item":"https:\/\/gearxtools.com\/fr\/collection\/"},{"@type":"ListItem","position":3,"name":"M\u00e8tre ruban 5M avec r\u00e9traction lente\/rapide, noir"}]},{"@type":"WebSite","@id":"https:\/\/gearxtools.com\/fr\/#website","url":"https:\/\/gearxtools.com\/fr\/","name":"Gear X Tools","description":"Gear X always there when you need it","potentialAction":[{"@type":"SearchAction","target":{"@type":"EntryPoint","urlTemplate":"https:\/\/gearxtools.com\/fr\/?s={search_term_string}"},"query-input":{"@type":"PropertyValueSpecification","valueRequired":true,"valueName":"search_term_string"}}],"inLanguage":"fr-FR"}]}},"aioseo_notices":[],"_links":{"self":[{"href":"https:\/\/gearxtools.com\/fr\/wp-json\/wp\/v2\/product\/1202","targetHints":{"allow":["GET"]}}],"collection":[{"href":"https:\/\/gearxtools.com\/fr\/wp-json\/wp\/v2\/product"}],"about":[{"href":"https:\/\/gearxtools.com\/fr\/wp-json\/wp\/v2\/types\/product"}],"replies":[{"embeddable":true,"href":"https:\/\/gearxtools.com\/fr\/wp-json\/wp\/v2\/comments?post=1202"}],"wp:featuredmedia":[{"embeddable":true,"href":"https:\/\/gearxtools.com\/fr\/wp-json\/wp\/v2\/media\/3802"}],"wp:attachment":[{"href":"https:\/\/gearxtools.com\/fr\/wp-json\/wp\/v2\/media?parent=1202"}],"wp:term":[{"taxonomy":"product_cat","embeddable":true,"href":"https:\/\/gearxtools.com\/fr\/wp-json\/wp\/v2\/product_cat?post=1202"},{"taxonomy":"product_tag","embeddable":true,"href":"https:\/\/gearxtools.com\/fr\/wp-json\/wp\/v2\/product_tag?post=1202"}],"curies":[{"name":"wp","href":"https:\/\/api.w.org\/{rel}","templated":true}]}}