{"id":1210,"date":"2023-03-16T15:54:11","date_gmt":"2023-03-16T15:54:11","guid":{"rendered":"https:\/\/xdsomename.tempurl.host\/gearx-website\/product\/tournevis-a-cliquet-noir\/"},"modified":"2026-03-12T01:24:15","modified_gmt":"2026-03-12T01:24:15","slug":"tournevis-a-cliquet-noir","status":"publish","type":"product","link":"https:\/\/gearxtools.com\/fr\/tournevis-a-cliquet-noir\/","title":{"rendered":"Tournevis \u00e0 cliquet, noir"},"content":{"rendered":"<p>Tournevis de luxe avec tige et embouts en acier alli\u00e9 S2 de haute qualit\u00e9. L&rsquo;ensemble comprend plusieurs embouts : PH0\/PH1\/PH2,SL3\/SL4\/SL5\/HEX3\/HEX4\/HEX5\/TX8\/TX10\/TX20. Facile \u00e0 fixer gr\u00e2ce \u00e0 un aimant tr\u00e8s puissant. Ce tournevis multifonctionnel est pr\u00eat \u00e0 \u00eatre utilis\u00e9 quand vous en avez besoin. Niveau de duret\u00e9 des embouts 60-62 HR. Emball\u00e9 dans une bo\u00eete cadeau de luxe.<\/p>\n","protected":false},"excerpt":{"rendered":"<p>Tournevis de luxe avec tige et embouts en acier alli\u00e9 S2 de haute qualit\u00e9. L&rsquo;ensemble comprend plusieurs embouts : PH0\/PH1\/PH2,SL3\/SL4\/SL5\/HEX3\/HEX4\/HEX5\/TX8\/TX10\/TX20. Facile \u00e0 fixer gr\u00e2ce \u00e0 un aimant tr\u00e8s puissant. Ce tournevis multifonctionnel est pr\u00eat \u00e0 \u00eatre utilis\u00e9 quand vous en avez besoin. Niveau de duret\u00e9 des embouts 60-62 HR. Emball\u00e9 dans une bo\u00eete cadeau de [&hellip;]<\/p>\n","protected":false},"featured_media":4747,"comment_status":"closed","ping_status":"closed","template":"","meta":{"_acf_changed":false,"_monsterinsights_skip_tracking":false,"_monsterinsights_sitenote_active":false,"_monsterinsights_sitenote_note":"","_monsterinsights_sitenote_category":0},"product_cat":[55],"product_tag":[],"class_list":["post-1210","product","type-product","status-publish","has-post-thumbnail","hentry","product_cat-outils-multifonctions","pa_color-black"],"acf":[],"yoast_head":"<!-- This site is optimized with the Yoast SEO plugin v27.0 - https:\/\/yoast.com\/product\/yoast-seo-wordpress\/ -->\n<title>Tournevis \u00e0 cliquet, noir - Gear X Tools<\/title>\n<meta name=\"robots\" content=\"index, follow, max-snippet:-1, max-image-preview:large, max-video-preview:-1\" \/>\n<link rel=\"canonical\" href=\"https:\/\/gearxtools.com\/fr\/tournevis-a-cliquet-noir\/\" \/>\n<meta property=\"og:locale\" content=\"fr_FR\" \/>\n<meta property=\"og:type\" content=\"article\" \/>\n<meta property=\"og:title\" content=\"Tournevis \u00e0 cliquet, noir - Gear X Tools\" \/>\n<meta property=\"og:description\" content=\"Tournevis de luxe avec tige et embouts en acier alli\u00e9 S2 de haute qualit\u00e9. L&rsquo;ensemble comprend plusieurs embouts : PH0\/PH1\/PH2,SL3\/SL4\/SL5\/HEX3\/HEX4\/HEX5\/TX8\/TX10\/TX20. Facile \u00e0 fixer gr\u00e2ce \u00e0 un aimant tr\u00e8s puissant. Ce tournevis multifonctionnel est pr\u00eat \u00e0 \u00eatre utilis\u00e9 quand vous en avez besoin. Niveau de duret\u00e9 des embouts 60-62 HR. Emball\u00e9 dans une bo\u00eete cadeau de [&hellip;]\" \/>\n<meta property=\"og:url\" content=\"https:\/\/gearxtools.com\/fr\/tournevis-a-cliquet-noir\/\" \/>\n<meta property=\"og:site_name\" content=\"Gear X Tools\" \/>\n<meta property=\"article:modified_time\" content=\"2026-03-12T01:24:15+00:00\" \/>\n<meta property=\"og:image\" content=\"https:\/\/gearxtools.com\/wp-content\/uploads\/sites\/8\/2024\/02\/P221.501__S_0__3fa58dce43fc4a48ac6dc5af1bdc6a31.jpg\" \/>\n\t<meta property=\"og:image:width\" content=\"1024\" \/>\n\t<meta property=\"og:image:height\" content=\"1024\" \/>\n\t<meta property=\"og:image:type\" content=\"image\/jpeg\" \/>\n<meta name=\"twitter:card\" content=\"summary_large_image\" \/>\n<script type=\"application\/ld+json\" class=\"yoast-schema-graph\">{\"@context\":\"https:\/\/schema.org\",\"@graph\":[{\"@type\":\"WebPage\",\"@id\":\"https:\/\/gearxtools.com\/fr\/tournevis-a-cliquet-noir\/\",\"url\":\"https:\/\/gearxtools.com\/fr\/tournevis-a-cliquet-noir\/\",\"name\":\"Tournevis \u00e0 cliquet, noir - Gear X Tools\",\"isPartOf\":{\"@id\":\"https:\/\/gearxtools.com\/fr\/#website\"},\"primaryImageOfPage\":{\"@id\":\"https:\/\/gearxtools.com\/fr\/tournevis-a-cliquet-noir\/#primaryimage\"},\"image\":{\"@id\":\"https:\/\/gearxtools.com\/fr\/tournevis-a-cliquet-noir\/#primaryimage\"},\"thumbnailUrl\":\"https:\/\/gearxtools.com\/wp-content\/uploads\/sites\/8\/2024\/02\/P221.501__S_0__3fa58dce43fc4a48ac6dc5af1bdc6a31.jpg\",\"datePublished\":\"2023-03-16T15:54:11+00:00\",\"dateModified\":\"2026-03-12T01:24:15+00:00\",\"breadcrumb\":{\"@id\":\"https:\/\/gearxtools.com\/fr\/tournevis-a-cliquet-noir\/#breadcrumb\"},\"inLanguage\":\"fr-FR\",\"potentialAction\":[{\"@type\":\"ReadAction\",\"target\":[\"https:\/\/gearxtools.com\/fr\/tournevis-a-cliquet-noir\/\"]}]},{\"@type\":\"ImageObject\",\"inLanguage\":\"fr-FR\",\"@id\":\"https:\/\/gearxtools.com\/fr\/tournevis-a-cliquet-noir\/#primaryimage\",\"url\":\"https:\/\/gearxtools.com\/wp-content\/uploads\/sites\/8\/2024\/02\/P221.501__S_0__3fa58dce43fc4a48ac6dc5af1bdc6a31.jpg\",\"contentUrl\":\"https:\/\/gearxtools.com\/wp-content\/uploads\/sites\/8\/2024\/02\/P221.501__S_0__3fa58dce43fc4a48ac6dc5af1bdc6a31.jpg\",\"width\":1024,\"height\":1024},{\"@type\":\"BreadcrumbList\",\"@id\":\"https:\/\/gearxtools.com\/fr\/tournevis-a-cliquet-noir\/#breadcrumb\",\"itemListElement\":[{\"@type\":\"ListItem\",\"position\":1,\"name\":\"Home\",\"item\":\"https:\/\/gearxtools.com\/fr\/\"},{\"@type\":\"ListItem\",\"position\":2,\"name\":\"Collection\",\"item\":\"https:\/\/gearxtools.com\/fr\/collection\/\"},{\"@type\":\"ListItem\",\"position\":3,\"name\":\"Tournevis \u00e0 cliquet, noir\"}]},{\"@type\":\"WebSite\",\"@id\":\"https:\/\/gearxtools.com\/fr\/#website\",\"url\":\"https:\/\/gearxtools.com\/fr\/\",\"name\":\"Gear X Tools\",\"description\":\"Gear X always there when you need it\",\"potentialAction\":[{\"@type\":\"SearchAction\",\"target\":{\"@type\":\"EntryPoint\",\"urlTemplate\":\"https:\/\/gearxtools.com\/fr\/?s={search_term_string}\"},\"query-input\":{\"@type\":\"PropertyValueSpecification\",\"valueRequired\":true,\"valueName\":\"search_term_string\"}}],\"inLanguage\":\"fr-FR\"}]}<\/script>\n<!-- \/ Yoast SEO plugin. -->","yoast_head_json":{"title":"Tournevis \u00e0 cliquet, noir - Gear X Tools","robots":{"index":"index","follow":"follow","max-snippet":"max-snippet:-1","max-image-preview":"max-image-preview:large","max-video-preview":"max-video-preview:-1"},"canonical":"https:\/\/gearxtools.com\/fr\/tournevis-a-cliquet-noir\/","og_locale":"fr_FR","og_type":"article","og_title":"Tournevis \u00e0 cliquet, noir - Gear X Tools","og_description":"Tournevis de luxe avec tige et embouts en acier alli\u00e9 S2 de haute qualit\u00e9. L&rsquo;ensemble comprend plusieurs embouts : PH0\/PH1\/PH2,SL3\/SL4\/SL5\/HEX3\/HEX4\/HEX5\/TX8\/TX10\/TX20. Facile \u00e0 fixer gr\u00e2ce \u00e0 un aimant tr\u00e8s puissant. Ce tournevis multifonctionnel est pr\u00eat \u00e0 \u00eatre utilis\u00e9 quand vous en avez besoin. Niveau de duret\u00e9 des embouts 60-62 HR. Emball\u00e9 dans une bo\u00eete cadeau de [&hellip;]","og_url":"https:\/\/gearxtools.com\/fr\/tournevis-a-cliquet-noir\/","og_site_name":"Gear X Tools","article_modified_time":"2026-03-12T01:24:15+00:00","og_image":[{"width":1024,"height":1024,"url":"https:\/\/gearxtools.com\/wp-content\/uploads\/sites\/8\/2024\/02\/P221.501__S_0__3fa58dce43fc4a48ac6dc5af1bdc6a31.jpg","type":"image\/jpeg"}],"twitter_card":"summary_large_image","schema":{"@context":"https:\/\/schema.org","@graph":[{"@type":"WebPage","@id":"https:\/\/gearxtools.com\/fr\/tournevis-a-cliquet-noir\/","url":"https:\/\/gearxtools.com\/fr\/tournevis-a-cliquet-noir\/","name":"Tournevis \u00e0 cliquet, noir - Gear X Tools","isPartOf":{"@id":"https:\/\/gearxtools.com\/fr\/#website"},"primaryImageOfPage":{"@id":"https:\/\/gearxtools.com\/fr\/tournevis-a-cliquet-noir\/#primaryimage"},"image":{"@id":"https:\/\/gearxtools.com\/fr\/tournevis-a-cliquet-noir\/#primaryimage"},"thumbnailUrl":"https:\/\/gearxtools.com\/wp-content\/uploads\/sites\/8\/2024\/02\/P221.501__S_0__3fa58dce43fc4a48ac6dc5af1bdc6a31.jpg","datePublished":"2023-03-16T15:54:11+00:00","dateModified":"2026-03-12T01:24:15+00:00","breadcrumb":{"@id":"https:\/\/gearxtools.com\/fr\/tournevis-a-cliquet-noir\/#breadcrumb"},"inLanguage":"fr-FR","potentialAction":[{"@type":"ReadAction","target":["https:\/\/gearxtools.com\/fr\/tournevis-a-cliquet-noir\/"]}]},{"@type":"ImageObject","inLanguage":"fr-FR","@id":"https:\/\/gearxtools.com\/fr\/tournevis-a-cliquet-noir\/#primaryimage","url":"https:\/\/gearxtools.com\/wp-content\/uploads\/sites\/8\/2024\/02\/P221.501__S_0__3fa58dce43fc4a48ac6dc5af1bdc6a31.jpg","contentUrl":"https:\/\/gearxtools.com\/wp-content\/uploads\/sites\/8\/2024\/02\/P221.501__S_0__3fa58dce43fc4a48ac6dc5af1bdc6a31.jpg","width":1024,"height":1024},{"@type":"BreadcrumbList","@id":"https:\/\/gearxtools.com\/fr\/tournevis-a-cliquet-noir\/#breadcrumb","itemListElement":[{"@type":"ListItem","position":1,"name":"Home","item":"https:\/\/gearxtools.com\/fr\/"},{"@type":"ListItem","position":2,"name":"Collection","item":"https:\/\/gearxtools.com\/fr\/collection\/"},{"@type":"ListItem","position":3,"name":"Tournevis \u00e0 cliquet, noir"}]},{"@type":"WebSite","@id":"https:\/\/gearxtools.com\/fr\/#website","url":"https:\/\/gearxtools.com\/fr\/","name":"Gear X Tools","description":"Gear X always there when you need it","potentialAction":[{"@type":"SearchAction","target":{"@type":"EntryPoint","urlTemplate":"https:\/\/gearxtools.com\/fr\/?s={search_term_string}"},"query-input":{"@type":"PropertyValueSpecification","valueRequired":true,"valueName":"search_term_string"}}],"inLanguage":"fr-FR"}]}},"aioseo_notices":[],"_links":{"self":[{"href":"https:\/\/gearxtools.com\/fr\/wp-json\/wp\/v2\/product\/1210","targetHints":{"allow":["GET"]}}],"collection":[{"href":"https:\/\/gearxtools.com\/fr\/wp-json\/wp\/v2\/product"}],"about":[{"href":"https:\/\/gearxtools.com\/fr\/wp-json\/wp\/v2\/types\/product"}],"replies":[{"embeddable":true,"href":"https:\/\/gearxtools.com\/fr\/wp-json\/wp\/v2\/comments?post=1210"}],"wp:featuredmedia":[{"embeddable":true,"href":"https:\/\/gearxtools.com\/fr\/wp-json\/wp\/v2\/media\/4747"}],"wp:attachment":[{"href":"https:\/\/gearxtools.com\/fr\/wp-json\/wp\/v2\/media?parent=1210"}],"wp:term":[{"taxonomy":"product_cat","embeddable":true,"href":"https:\/\/gearxtools.com\/fr\/wp-json\/wp\/v2\/product_cat?post=1210"},{"taxonomy":"product_tag","embeddable":true,"href":"https:\/\/gearxtools.com\/fr\/wp-json\/wp\/v2\/product_tag?post=1210"}],"curies":[{"name":"wp","href":"https:\/\/api.w.org\/{rel}","templated":true}]}}