{"id":1212,"date":"2023-03-16T15:54:11","date_gmt":"2023-03-16T15:54:11","guid":{"rendered":"https:\/\/xdsomename.tempurl.host\/gearx-website\/product\/torche-rechargeable-usb-noir\/"},"modified":"2026-03-12T01:24:21","modified_gmt":"2026-03-12T01:24:21","slug":"torche-rechargeable-usb-noir","status":"publish","type":"product","link":"https:\/\/gearxtools.com\/fr\/torche-rechargeable-usb-noir\/","title":{"rendered":"Torche rechargeable USB, noir"},"content":{"rendered":"<p>Lampe de poche rechargeable avec le corps en alliage d&rsquo;aluminium de qualit\u00e9 et une batterie 2000 mAh pour une utilisation jusqu&rsquo;\u00e0 4 heures sur une seule charge (via USB). Gr\u00e2ce \u00e0 son indice IPX4, elle est r\u00e9sistante aux intemp\u00e9ries et peut donc facilement \u00eatre utilis\u00e9e \u00e0 l&rsquo;ext\u00e9rieur. L&rsquo;ampoule puissante cr\u00e9e jusqu&rsquo;\u00e0 1000 lumens et un faisceau qui atteint jusqu&rsquo;\u00e0 500 m\u00e8tres. L&rsquo;ampoule de haute qualit\u00e9 est dot\u00e9e de 5 modes, dont la fonction SOS.<\/p>\n","protected":false},"excerpt":{"rendered":"<p>Lampe de poche rechargeable avec le corps en alliage d&rsquo;aluminium de qualit\u00e9 et une batterie 2000 mAh pour une utilisation jusqu&rsquo;\u00e0 4 heures sur une seule charge (via USB). Gr\u00e2ce \u00e0 son indice IPX4, elle est r\u00e9sistante aux intemp\u00e9ries et peut donc facilement \u00eatre utilis\u00e9e \u00e0 l&rsquo;ext\u00e9rieur. L&rsquo;ampoule puissante cr\u00e9e jusqu&rsquo;\u00e0 1000 lumens et un [&hellip;]<\/p>\n","protected":false},"featured_media":5608,"comment_status":"closed","ping_status":"closed","template":"","meta":{"_acf_changed":false,"_monsterinsights_skip_tracking":false,"_monsterinsights_sitenote_active":false,"_monsterinsights_sitenote_note":"","_monsterinsights_sitenote_category":0},"product_cat":[61],"product_tag":[],"class_list":["post-1212","product","type-product","status-publish","has-post-thumbnail","hentry","product_cat-lampes-torches","pa_color-black"],"acf":[],"yoast_head":"<!-- This site is optimized with the Yoast SEO plugin v27.0 - https:\/\/yoast.com\/product\/yoast-seo-wordpress\/ -->\n<title>Torche rechargeable USB, noir - Gear X Tools<\/title>\n<meta name=\"robots\" content=\"index, follow, max-snippet:-1, max-image-preview:large, max-video-preview:-1\" \/>\n<link rel=\"canonical\" href=\"https:\/\/gearxtools.com\/fr\/torche-rechargeable-usb-noir\/\" \/>\n<meta property=\"og:locale\" content=\"fr_FR\" \/>\n<meta property=\"og:type\" content=\"article\" \/>\n<meta property=\"og:title\" content=\"Torche rechargeable USB, noir - Gear X Tools\" \/>\n<meta property=\"og:description\" content=\"Lampe de poche rechargeable avec le corps en alliage d&rsquo;aluminium de qualit\u00e9 et une batterie 2000 mAh pour une utilisation jusqu&rsquo;\u00e0 4 heures sur une seule charge (via USB). Gr\u00e2ce \u00e0 son indice IPX4, elle est r\u00e9sistante aux intemp\u00e9ries et peut donc facilement \u00eatre utilis\u00e9e \u00e0 l&rsquo;ext\u00e9rieur. L&rsquo;ampoule puissante cr\u00e9e jusqu&rsquo;\u00e0 1000 lumens et un [&hellip;]\" \/>\n<meta property=\"og:url\" content=\"https:\/\/gearxtools.com\/fr\/torche-rechargeable-usb-noir\/\" \/>\n<meta property=\"og:site_name\" content=\"Gear X Tools\" \/>\n<meta property=\"article:modified_time\" content=\"2026-03-12T01:24:21+00:00\" \/>\n<meta property=\"og:image\" content=\"https:\/\/gearxtools.com\/wp-content\/uploads\/sites\/8\/2024\/02\/P513.851__S_0__8ee56cedc70e4b498f36a0c835ca0699.jpg\" \/>\n\t<meta property=\"og:image:width\" content=\"1024\" \/>\n\t<meta property=\"og:image:height\" content=\"1024\" \/>\n\t<meta property=\"og:image:type\" content=\"image\/jpeg\" \/>\n<meta name=\"twitter:card\" content=\"summary_large_image\" \/>\n<script type=\"application\/ld+json\" class=\"yoast-schema-graph\">{\"@context\":\"https:\/\/schema.org\",\"@graph\":[{\"@type\":\"WebPage\",\"@id\":\"https:\/\/gearxtools.com\/fr\/torche-rechargeable-usb-noir\/\",\"url\":\"https:\/\/gearxtools.com\/fr\/torche-rechargeable-usb-noir\/\",\"name\":\"Torche rechargeable USB, noir - Gear X Tools\",\"isPartOf\":{\"@id\":\"https:\/\/gearxtools.com\/fr\/#website\"},\"primaryImageOfPage\":{\"@id\":\"https:\/\/gearxtools.com\/fr\/torche-rechargeable-usb-noir\/#primaryimage\"},\"image\":{\"@id\":\"https:\/\/gearxtools.com\/fr\/torche-rechargeable-usb-noir\/#primaryimage\"},\"thumbnailUrl\":\"https:\/\/gearxtools.com\/wp-content\/uploads\/sites\/8\/2024\/02\/P513.851__S_0__8ee56cedc70e4b498f36a0c835ca0699.jpg\",\"datePublished\":\"2023-03-16T15:54:11+00:00\",\"dateModified\":\"2026-03-12T01:24:21+00:00\",\"breadcrumb\":{\"@id\":\"https:\/\/gearxtools.com\/fr\/torche-rechargeable-usb-noir\/#breadcrumb\"},\"inLanguage\":\"fr-FR\",\"potentialAction\":[{\"@type\":\"ReadAction\",\"target\":[\"https:\/\/gearxtools.com\/fr\/torche-rechargeable-usb-noir\/\"]}]},{\"@type\":\"ImageObject\",\"inLanguage\":\"fr-FR\",\"@id\":\"https:\/\/gearxtools.com\/fr\/torche-rechargeable-usb-noir\/#primaryimage\",\"url\":\"https:\/\/gearxtools.com\/wp-content\/uploads\/sites\/8\/2024\/02\/P513.851__S_0__8ee56cedc70e4b498f36a0c835ca0699.jpg\",\"contentUrl\":\"https:\/\/gearxtools.com\/wp-content\/uploads\/sites\/8\/2024\/02\/P513.851__S_0__8ee56cedc70e4b498f36a0c835ca0699.jpg\",\"width\":1024,\"height\":1024},{\"@type\":\"BreadcrumbList\",\"@id\":\"https:\/\/gearxtools.com\/fr\/torche-rechargeable-usb-noir\/#breadcrumb\",\"itemListElement\":[{\"@type\":\"ListItem\",\"position\":1,\"name\":\"Home\",\"item\":\"https:\/\/gearxtools.com\/fr\/\"},{\"@type\":\"ListItem\",\"position\":2,\"name\":\"Collection\",\"item\":\"https:\/\/gearxtools.com\/fr\/collection\/\"},{\"@type\":\"ListItem\",\"position\":3,\"name\":\"Torche rechargeable USB, noir\"}]},{\"@type\":\"WebSite\",\"@id\":\"https:\/\/gearxtools.com\/fr\/#website\",\"url\":\"https:\/\/gearxtools.com\/fr\/\",\"name\":\"Gear X Tools\",\"description\":\"Gear X always there when you need it\",\"potentialAction\":[{\"@type\":\"SearchAction\",\"target\":{\"@type\":\"EntryPoint\",\"urlTemplate\":\"https:\/\/gearxtools.com\/fr\/?s={search_term_string}\"},\"query-input\":{\"@type\":\"PropertyValueSpecification\",\"valueRequired\":true,\"valueName\":\"search_term_string\"}}],\"inLanguage\":\"fr-FR\"}]}<\/script>\n<!-- \/ Yoast SEO plugin. -->","yoast_head_json":{"title":"Torche rechargeable USB, noir - Gear X Tools","robots":{"index":"index","follow":"follow","max-snippet":"max-snippet:-1","max-image-preview":"max-image-preview:large","max-video-preview":"max-video-preview:-1"},"canonical":"https:\/\/gearxtools.com\/fr\/torche-rechargeable-usb-noir\/","og_locale":"fr_FR","og_type":"article","og_title":"Torche rechargeable USB, noir - Gear X Tools","og_description":"Lampe de poche rechargeable avec le corps en alliage d&rsquo;aluminium de qualit\u00e9 et une batterie 2000 mAh pour une utilisation jusqu&rsquo;\u00e0 4 heures sur une seule charge (via USB). Gr\u00e2ce \u00e0 son indice IPX4, elle est r\u00e9sistante aux intemp\u00e9ries et peut donc facilement \u00eatre utilis\u00e9e \u00e0 l&rsquo;ext\u00e9rieur. L&rsquo;ampoule puissante cr\u00e9e jusqu&rsquo;\u00e0 1000 lumens et un [&hellip;]","og_url":"https:\/\/gearxtools.com\/fr\/torche-rechargeable-usb-noir\/","og_site_name":"Gear X Tools","article_modified_time":"2026-03-12T01:24:21+00:00","og_image":[{"width":1024,"height":1024,"url":"https:\/\/gearxtools.com\/wp-content\/uploads\/sites\/8\/2024\/02\/P513.851__S_0__8ee56cedc70e4b498f36a0c835ca0699.jpg","type":"image\/jpeg"}],"twitter_card":"summary_large_image","schema":{"@context":"https:\/\/schema.org","@graph":[{"@type":"WebPage","@id":"https:\/\/gearxtools.com\/fr\/torche-rechargeable-usb-noir\/","url":"https:\/\/gearxtools.com\/fr\/torche-rechargeable-usb-noir\/","name":"Torche rechargeable USB, noir - Gear X Tools","isPartOf":{"@id":"https:\/\/gearxtools.com\/fr\/#website"},"primaryImageOfPage":{"@id":"https:\/\/gearxtools.com\/fr\/torche-rechargeable-usb-noir\/#primaryimage"},"image":{"@id":"https:\/\/gearxtools.com\/fr\/torche-rechargeable-usb-noir\/#primaryimage"},"thumbnailUrl":"https:\/\/gearxtools.com\/wp-content\/uploads\/sites\/8\/2024\/02\/P513.851__S_0__8ee56cedc70e4b498f36a0c835ca0699.jpg","datePublished":"2023-03-16T15:54:11+00:00","dateModified":"2026-03-12T01:24:21+00:00","breadcrumb":{"@id":"https:\/\/gearxtools.com\/fr\/torche-rechargeable-usb-noir\/#breadcrumb"},"inLanguage":"fr-FR","potentialAction":[{"@type":"ReadAction","target":["https:\/\/gearxtools.com\/fr\/torche-rechargeable-usb-noir\/"]}]},{"@type":"ImageObject","inLanguage":"fr-FR","@id":"https:\/\/gearxtools.com\/fr\/torche-rechargeable-usb-noir\/#primaryimage","url":"https:\/\/gearxtools.com\/wp-content\/uploads\/sites\/8\/2024\/02\/P513.851__S_0__8ee56cedc70e4b498f36a0c835ca0699.jpg","contentUrl":"https:\/\/gearxtools.com\/wp-content\/uploads\/sites\/8\/2024\/02\/P513.851__S_0__8ee56cedc70e4b498f36a0c835ca0699.jpg","width":1024,"height":1024},{"@type":"BreadcrumbList","@id":"https:\/\/gearxtools.com\/fr\/torche-rechargeable-usb-noir\/#breadcrumb","itemListElement":[{"@type":"ListItem","position":1,"name":"Home","item":"https:\/\/gearxtools.com\/fr\/"},{"@type":"ListItem","position":2,"name":"Collection","item":"https:\/\/gearxtools.com\/fr\/collection\/"},{"@type":"ListItem","position":3,"name":"Torche rechargeable USB, noir"}]},{"@type":"WebSite","@id":"https:\/\/gearxtools.com\/fr\/#website","url":"https:\/\/gearxtools.com\/fr\/","name":"Gear X Tools","description":"Gear X always there when you need it","potentialAction":[{"@type":"SearchAction","target":{"@type":"EntryPoint","urlTemplate":"https:\/\/gearxtools.com\/fr\/?s={search_term_string}"},"query-input":{"@type":"PropertyValueSpecification","valueRequired":true,"valueName":"search_term_string"}}],"inLanguage":"fr-FR"}]}},"aioseo_notices":[],"_links":{"self":[{"href":"https:\/\/gearxtools.com\/fr\/wp-json\/wp\/v2\/product\/1212","targetHints":{"allow":["GET"]}}],"collection":[{"href":"https:\/\/gearxtools.com\/fr\/wp-json\/wp\/v2\/product"}],"about":[{"href":"https:\/\/gearxtools.com\/fr\/wp-json\/wp\/v2\/types\/product"}],"replies":[{"embeddable":true,"href":"https:\/\/gearxtools.com\/fr\/wp-json\/wp\/v2\/comments?post=1212"}],"wp:featuredmedia":[{"embeddable":true,"href":"https:\/\/gearxtools.com\/fr\/wp-json\/wp\/v2\/media\/5608"}],"wp:attachment":[{"href":"https:\/\/gearxtools.com\/fr\/wp-json\/wp\/v2\/media?parent=1212"}],"wp:term":[{"taxonomy":"product_cat","embeddable":true,"href":"https:\/\/gearxtools.com\/fr\/wp-json\/wp\/v2\/product_cat?post=1212"},{"taxonomy":"product_tag","embeddable":true,"href":"https:\/\/gearxtools.com\/fr\/wp-json\/wp\/v2\/product_tag?post=1212"}],"curies":[{"name":"wp","href":"https:\/\/api.w.org\/{rel}","templated":true}]}}