{"id":3474,"date":"2024-01-03T01:02:09","date_gmt":"2024-01-03T01:02:09","guid":{"rendered":"https:\/\/gearxtools.com\/metre-laser-30-metres-en-aluminium-recycle-rcs-gear-x-noir\/"},"modified":"2026-04-16T00:24:10","modified_gmt":"2026-04-16T00:24:10","slug":"metre-laser-30-metres-en-aluminium-recycle-rcs-gear-x-noir","status":"publish","type":"product","link":"https:\/\/gearxtools.com\/fr\/metre-laser-30-metres-en-aluminium-recycle-rcs-gear-x-noir\/","title":{"rendered":"M\u00e8tre laser 30 m\u00e8tres en aluminium recycl\u00e9 RCS, noir"},"content":{"rendered":"<p>M\u00e8tre laser rechargeable de 30 m\u00e8tres fabriqu\u00e9 avec de l&rsquo;aluminium recycl\u00e9 certifi\u00e9 RCS. Contenu recycl\u00e9 total : 22 % sur la base du poids total de l&rsquo;article. La certification RCS garantit une cha\u00eene d&rsquo;approvisionnement enti\u00e8rement certifi\u00e9e pour les mat\u00e9riaux recycl\u00e9s.  Le laser de mesure utilise une batterie rechargeable de 250 mAh de qualit\u00e9 A. Il n&rsquo;est donc pas n\u00e9cessaire de remplacer les piles. Il suffit de la recharger via une prise USB et le c\u00e2ble de type C recycl\u00e9 certifi\u00e9 RCS inclus. Laser de classe 2. Temps de r\u00e9ponse de 0,1 seconde. Syst\u00e8me de mesure r\u00e9glable en m\u00e8tres\/inches\/pieds. Couleur du laser : rouge. Avec rappel sonore lorsque la mesure est finalis\u00e9e. Entr\u00e9e Type-C, 5V\/1A. 4 modes : distance, surface, volume et pythagore (coins).<\/p>\n","protected":false},"excerpt":{"rendered":"<p>M\u00e8tre laser rechargeable de 30 m\u00e8tres fabriqu\u00e9 avec de l&rsquo;aluminium recycl\u00e9 certifi\u00e9 RCS. Contenu recycl\u00e9 total : 22 % sur la base du poids total de l&rsquo;article. La certification RCS garantit une cha\u00eene d&rsquo;approvisionnement enti\u00e8rement certifi\u00e9e pour les mat\u00e9riaux recycl\u00e9s. Le laser de mesure utilise une batterie rechargeable de 250 mAh de qualit\u00e9 A. Il [&hellip;]<\/p>\n","protected":false},"featured_media":6888,"comment_status":"closed","ping_status":"closed","template":"","meta":{"_acf_changed":false,"_monsterinsights_skip_tracking":false,"_monsterinsights_sitenote_active":false,"_monsterinsights_sitenote_note":"","_monsterinsights_sitenote_category":0},"product_cat":[50],"product_tag":[],"class_list":["post-3474","product","type-product","status-publish","has-post-thumbnail","hentry","product_cat-mesurer","pa_color-black"],"acf":[],"yoast_head":"<!-- This site is optimized with the Yoast SEO plugin v27.0 - https:\/\/yoast.com\/product\/yoast-seo-wordpress\/ -->\n<title>M\u00e8tre laser 30 m\u00e8tres en aluminium recycl\u00e9 RCS, noir - Gear X Tools<\/title>\n<meta name=\"robots\" content=\"index, follow, max-snippet:-1, max-image-preview:large, max-video-preview:-1\" \/>\n<link rel=\"canonical\" href=\"https:\/\/gearxtools.com\/fr\/metre-laser-30-metres-en-aluminium-recycle-rcs-gear-x-noir\/\" \/>\n<meta property=\"og:locale\" content=\"fr_FR\" \/>\n<meta property=\"og:type\" content=\"article\" \/>\n<meta property=\"og:title\" content=\"M\u00e8tre laser 30 m\u00e8tres en aluminium recycl\u00e9 RCS, noir - Gear X Tools\" \/>\n<meta property=\"og:description\" content=\"M\u00e8tre laser rechargeable de 30 m\u00e8tres fabriqu\u00e9 avec de l&rsquo;aluminium recycl\u00e9 certifi\u00e9 RCS. Contenu recycl\u00e9 total : 22 % sur la base du poids total de l&rsquo;article. La certification RCS garantit une cha\u00eene d&rsquo;approvisionnement enti\u00e8rement certifi\u00e9e pour les mat\u00e9riaux recycl\u00e9s. Le laser de mesure utilise une batterie rechargeable de 250 mAh de qualit\u00e9 A. Il [&hellip;]\" \/>\n<meta property=\"og:url\" content=\"https:\/\/gearxtools.com\/fr\/metre-laser-30-metres-en-aluminium-recycle-rcs-gear-x-noir\/\" \/>\n<meta property=\"og:site_name\" content=\"Gear X Tools\" \/>\n<meta property=\"article:modified_time\" content=\"2026-04-16T00:24:10+00:00\" \/>\n<meta property=\"og:image\" content=\"https:\/\/gearxtools.com\/wp-content\/uploads\/sites\/8\/2026\/04\/P113.501__S_0__864b241a95df4c1fa67f8a30258aeca8.jpg\" \/>\n\t<meta property=\"og:image:width\" content=\"1024\" \/>\n\t<meta property=\"og:image:height\" content=\"1024\" \/>\n\t<meta property=\"og:image:type\" content=\"image\/jpeg\" \/>\n<meta name=\"twitter:card\" content=\"summary_large_image\" \/>\n<meta name=\"twitter:label1\" content=\"Dur\u00e9e de lecture estim\u00e9e\" \/>\n\t<meta name=\"twitter:data1\" content=\"1 minute\" \/>\n<script type=\"application\/ld+json\" class=\"yoast-schema-graph\">{\"@context\":\"https:\/\/schema.org\",\"@graph\":[{\"@type\":\"WebPage\",\"@id\":\"https:\/\/gearxtools.com\/fr\/metre-laser-30-metres-en-aluminium-recycle-rcs-gear-x-noir\/\",\"url\":\"https:\/\/gearxtools.com\/fr\/metre-laser-30-metres-en-aluminium-recycle-rcs-gear-x-noir\/\",\"name\":\"M\u00e8tre laser 30 m\u00e8tres en aluminium recycl\u00e9 RCS, noir - Gear X Tools\",\"isPartOf\":{\"@id\":\"https:\/\/gearxtools.com\/fr\/#website\"},\"primaryImageOfPage\":{\"@id\":\"https:\/\/gearxtools.com\/fr\/metre-laser-30-metres-en-aluminium-recycle-rcs-gear-x-noir\/#primaryimage\"},\"image\":{\"@id\":\"https:\/\/gearxtools.com\/fr\/metre-laser-30-metres-en-aluminium-recycle-rcs-gear-x-noir\/#primaryimage\"},\"thumbnailUrl\":\"https:\/\/gearxtools.com\/wp-content\/uploads\/sites\/8\/2026\/04\/P113.501__S_0__864b241a95df4c1fa67f8a30258aeca8.jpg\",\"datePublished\":\"2024-01-03T01:02:09+00:00\",\"dateModified\":\"2026-04-16T00:24:10+00:00\",\"breadcrumb\":{\"@id\":\"https:\/\/gearxtools.com\/fr\/metre-laser-30-metres-en-aluminium-recycle-rcs-gear-x-noir\/#breadcrumb\"},\"inLanguage\":\"fr-FR\",\"potentialAction\":[{\"@type\":\"ReadAction\",\"target\":[\"https:\/\/gearxtools.com\/fr\/metre-laser-30-metres-en-aluminium-recycle-rcs-gear-x-noir\/\"]}]},{\"@type\":\"ImageObject\",\"inLanguage\":\"fr-FR\",\"@id\":\"https:\/\/gearxtools.com\/fr\/metre-laser-30-metres-en-aluminium-recycle-rcs-gear-x-noir\/#primaryimage\",\"url\":\"https:\/\/gearxtools.com\/wp-content\/uploads\/sites\/8\/2026\/04\/P113.501__S_0__864b241a95df4c1fa67f8a30258aeca8.jpg\",\"contentUrl\":\"https:\/\/gearxtools.com\/wp-content\/uploads\/sites\/8\/2026\/04\/P113.501__S_0__864b241a95df4c1fa67f8a30258aeca8.jpg\",\"width\":1024,\"height\":1024},{\"@type\":\"BreadcrumbList\",\"@id\":\"https:\/\/gearxtools.com\/fr\/metre-laser-30-metres-en-aluminium-recycle-rcs-gear-x-noir\/#breadcrumb\",\"itemListElement\":[{\"@type\":\"ListItem\",\"position\":1,\"name\":\"Home\",\"item\":\"https:\/\/gearxtools.com\/fr\/\"},{\"@type\":\"ListItem\",\"position\":2,\"name\":\"Collection\",\"item\":\"https:\/\/gearxtools.com\/fr\/collection\/\"},{\"@type\":\"ListItem\",\"position\":3,\"name\":\"M\u00e8tre laser 30 m\u00e8tres en aluminium recycl\u00e9 RCS, noir\"}]},{\"@type\":\"WebSite\",\"@id\":\"https:\/\/gearxtools.com\/fr\/#website\",\"url\":\"https:\/\/gearxtools.com\/fr\/\",\"name\":\"Gear X Tools\",\"description\":\"Gear X always there when you need it\",\"potentialAction\":[{\"@type\":\"SearchAction\",\"target\":{\"@type\":\"EntryPoint\",\"urlTemplate\":\"https:\/\/gearxtools.com\/fr\/?s={search_term_string}\"},\"query-input\":{\"@type\":\"PropertyValueSpecification\",\"valueRequired\":true,\"valueName\":\"search_term_string\"}}],\"inLanguage\":\"fr-FR\"}]}<\/script>\n<!-- \/ Yoast SEO plugin. -->","yoast_head_json":{"title":"M\u00e8tre laser 30 m\u00e8tres en aluminium recycl\u00e9 RCS, noir - Gear X Tools","robots":{"index":"index","follow":"follow","max-snippet":"max-snippet:-1","max-image-preview":"max-image-preview:large","max-video-preview":"max-video-preview:-1"},"canonical":"https:\/\/gearxtools.com\/fr\/metre-laser-30-metres-en-aluminium-recycle-rcs-gear-x-noir\/","og_locale":"fr_FR","og_type":"article","og_title":"M\u00e8tre laser 30 m\u00e8tres en aluminium recycl\u00e9 RCS, noir - Gear X Tools","og_description":"M\u00e8tre laser rechargeable de 30 m\u00e8tres fabriqu\u00e9 avec de l&rsquo;aluminium recycl\u00e9 certifi\u00e9 RCS. Contenu recycl\u00e9 total : 22 % sur la base du poids total de l&rsquo;article. La certification RCS garantit une cha\u00eene d&rsquo;approvisionnement enti\u00e8rement certifi\u00e9e pour les mat\u00e9riaux recycl\u00e9s. Le laser de mesure utilise une batterie rechargeable de 250 mAh de qualit\u00e9 A. Il [&hellip;]","og_url":"https:\/\/gearxtools.com\/fr\/metre-laser-30-metres-en-aluminium-recycle-rcs-gear-x-noir\/","og_site_name":"Gear X Tools","article_modified_time":"2026-04-16T00:24:10+00:00","og_image":[{"width":1024,"height":1024,"url":"https:\/\/gearxtools.com\/wp-content\/uploads\/sites\/8\/2026\/04\/P113.501__S_0__864b241a95df4c1fa67f8a30258aeca8.jpg","type":"image\/jpeg"}],"twitter_card":"summary_large_image","twitter_misc":{"Dur\u00e9e de lecture estim\u00e9e":"1 minute"},"schema":{"@context":"https:\/\/schema.org","@graph":[{"@type":"WebPage","@id":"https:\/\/gearxtools.com\/fr\/metre-laser-30-metres-en-aluminium-recycle-rcs-gear-x-noir\/","url":"https:\/\/gearxtools.com\/fr\/metre-laser-30-metres-en-aluminium-recycle-rcs-gear-x-noir\/","name":"M\u00e8tre laser 30 m\u00e8tres en aluminium recycl\u00e9 RCS, noir - Gear X Tools","isPartOf":{"@id":"https:\/\/gearxtools.com\/fr\/#website"},"primaryImageOfPage":{"@id":"https:\/\/gearxtools.com\/fr\/metre-laser-30-metres-en-aluminium-recycle-rcs-gear-x-noir\/#primaryimage"},"image":{"@id":"https:\/\/gearxtools.com\/fr\/metre-laser-30-metres-en-aluminium-recycle-rcs-gear-x-noir\/#primaryimage"},"thumbnailUrl":"https:\/\/gearxtools.com\/wp-content\/uploads\/sites\/8\/2026\/04\/P113.501__S_0__864b241a95df4c1fa67f8a30258aeca8.jpg","datePublished":"2024-01-03T01:02:09+00:00","dateModified":"2026-04-16T00:24:10+00:00","breadcrumb":{"@id":"https:\/\/gearxtools.com\/fr\/metre-laser-30-metres-en-aluminium-recycle-rcs-gear-x-noir\/#breadcrumb"},"inLanguage":"fr-FR","potentialAction":[{"@type":"ReadAction","target":["https:\/\/gearxtools.com\/fr\/metre-laser-30-metres-en-aluminium-recycle-rcs-gear-x-noir\/"]}]},{"@type":"ImageObject","inLanguage":"fr-FR","@id":"https:\/\/gearxtools.com\/fr\/metre-laser-30-metres-en-aluminium-recycle-rcs-gear-x-noir\/#primaryimage","url":"https:\/\/gearxtools.com\/wp-content\/uploads\/sites\/8\/2026\/04\/P113.501__S_0__864b241a95df4c1fa67f8a30258aeca8.jpg","contentUrl":"https:\/\/gearxtools.com\/wp-content\/uploads\/sites\/8\/2026\/04\/P113.501__S_0__864b241a95df4c1fa67f8a30258aeca8.jpg","width":1024,"height":1024},{"@type":"BreadcrumbList","@id":"https:\/\/gearxtools.com\/fr\/metre-laser-30-metres-en-aluminium-recycle-rcs-gear-x-noir\/#breadcrumb","itemListElement":[{"@type":"ListItem","position":1,"name":"Home","item":"https:\/\/gearxtools.com\/fr\/"},{"@type":"ListItem","position":2,"name":"Collection","item":"https:\/\/gearxtools.com\/fr\/collection\/"},{"@type":"ListItem","position":3,"name":"M\u00e8tre laser 30 m\u00e8tres en aluminium recycl\u00e9 RCS, noir"}]},{"@type":"WebSite","@id":"https:\/\/gearxtools.com\/fr\/#website","url":"https:\/\/gearxtools.com\/fr\/","name":"Gear X Tools","description":"Gear X always there when you need it","potentialAction":[{"@type":"SearchAction","target":{"@type":"EntryPoint","urlTemplate":"https:\/\/gearxtools.com\/fr\/?s={search_term_string}"},"query-input":{"@type":"PropertyValueSpecification","valueRequired":true,"valueName":"search_term_string"}}],"inLanguage":"fr-FR"}]}},"aioseo_notices":[],"_links":{"self":[{"href":"https:\/\/gearxtools.com\/fr\/wp-json\/wp\/v2\/product\/3474","targetHints":{"allow":["GET"]}}],"collection":[{"href":"https:\/\/gearxtools.com\/fr\/wp-json\/wp\/v2\/product"}],"about":[{"href":"https:\/\/gearxtools.com\/fr\/wp-json\/wp\/v2\/types\/product"}],"replies":[{"embeddable":true,"href":"https:\/\/gearxtools.com\/fr\/wp-json\/wp\/v2\/comments?post=3474"}],"wp:featuredmedia":[{"embeddable":true,"href":"https:\/\/gearxtools.com\/fr\/wp-json\/wp\/v2\/media\/6888"}],"wp:attachment":[{"href":"https:\/\/gearxtools.com\/fr\/wp-json\/wp\/v2\/media?parent=3474"}],"wp:term":[{"taxonomy":"product_cat","embeddable":true,"href":"https:\/\/gearxtools.com\/fr\/wp-json\/wp\/v2\/product_cat?post=3474"},{"taxonomy":"product_tag","embeddable":true,"href":"https:\/\/gearxtools.com\/fr\/wp-json\/wp\/v2\/product_tag?post=3474"}],"curies":[{"name":"wp","href":"https:\/\/api.w.org\/{rel}","templated":true}]}}