{"id":3476,"date":"2024-01-03T01:02:09","date_gmt":"2024-01-03T01:02:09","guid":{"rendered":"https:\/\/gearxtools.com\/lampe-torche-frontale-en-abs-recycle-rcs-gear-x-noir\/"},"modified":"2026-04-16T00:24:17","modified_gmt":"2026-04-16T00:24:17","slug":"lampe-torche-frontale-en-abs-recycle-rcs-gear-x-noir","status":"publish","type":"product","link":"https:\/\/gearxtools.com\/fr\/lampe-torche-frontale-en-abs-recycle-rcs-gear-x-noir\/","title":{"rendered":"Lampe torche frontale en ABS recycl\u00e9 RCS, noir"},"content":{"rendered":"<p>Lampe frontale robuste avec lampe COB et LED haute puissance int\u00e9gr\u00e9e. La lampe frontale peut produire jusqu&rsquo;\u00e0 250 lumens et a une distance de faisceau de 70 m\u00e8tres. Le bo\u00eetier de la lampe frontale est fabriqu\u00e9 en plastique ABS recycl\u00e9 certifi\u00e9 RCS. Le RCS (Recycled Claim Standard) est une norme qui permet de v\u00e9rifier le contenu recycl\u00e9 d&rsquo;un produit tout au long de la cha\u00eene d&rsquo;approvisionnement. Contenu recycl\u00e9 total : 23 % par rapport au poids total de l&rsquo;article. La torche frontale est \u00e9tanche \u00e0 l&rsquo;eau et \u00e0 la poussi\u00e8re selon la norme IPX4. Le bandeau est r\u00e9glable pour s&rsquo;adapter \u00e0 toutes les tailles. La torche est \u00e9quip\u00e9e d&rsquo;une batterie au lithium rechargeable de 800 mAh qui permet 3 heures d&rsquo;utilisation non-stop avec une seule charge. Elle propose 6 modes d&rsquo;\u00e9clairage, dont le mode 100 %-50 % et le mode SOS. Le rechargement est facile gr\u00e2ce au type C.<\/p>\n","protected":false},"excerpt":{"rendered":"<p>Lampe frontale robuste avec lampe COB et LED haute puissance int\u00e9gr\u00e9e. La lampe frontale peut produire jusqu&rsquo;\u00e0 250 lumens et a une distance de faisceau de 70 m\u00e8tres. Le bo\u00eetier de la lampe frontale est fabriqu\u00e9 en plastique ABS recycl\u00e9 certifi\u00e9 RCS. Le RCS (Recycled Claim Standard) est une norme qui permet de v\u00e9rifier le [&hellip;]<\/p>\n","protected":false},"featured_media":6930,"comment_status":"closed","ping_status":"closed","template":"","meta":{"_acf_changed":false,"_monsterinsights_skip_tracking":false,"_monsterinsights_sitenote_active":false,"_monsterinsights_sitenote_note":"","_monsterinsights_sitenote_category":0},"product_cat":[61],"product_tag":[],"class_list":["post-3476","product","type-product","status-publish","has-post-thumbnail","hentry","product_cat-lampes-torches","pa_color-black","pa_color-grey"],"acf":[],"yoast_head":"<!-- This site is optimized with the Yoast SEO plugin v27.0 - https:\/\/yoast.com\/product\/yoast-seo-wordpress\/ -->\n<title>Lampe torche frontale en ABS recycl\u00e9 RCS, noir - Gear X Tools<\/title>\n<meta name=\"robots\" content=\"index, follow, max-snippet:-1, max-image-preview:large, max-video-preview:-1\" \/>\n<link rel=\"canonical\" href=\"https:\/\/gearxtools.com\/fr\/lampe-torche-frontale-en-abs-recycle-rcs-gear-x-noir\/\" \/>\n<meta property=\"og:locale\" content=\"fr_FR\" \/>\n<meta property=\"og:type\" content=\"article\" \/>\n<meta property=\"og:title\" content=\"Lampe torche frontale en ABS recycl\u00e9 RCS, noir - Gear X Tools\" \/>\n<meta property=\"og:description\" content=\"Lampe frontale robuste avec lampe COB et LED haute puissance int\u00e9gr\u00e9e. La lampe frontale peut produire jusqu&rsquo;\u00e0 250 lumens et a une distance de faisceau de 70 m\u00e8tres. Le bo\u00eetier de la lampe frontale est fabriqu\u00e9 en plastique ABS recycl\u00e9 certifi\u00e9 RCS. Le RCS (Recycled Claim Standard) est une norme qui permet de v\u00e9rifier le [&hellip;]\" \/>\n<meta property=\"og:url\" content=\"https:\/\/gearxtools.com\/fr\/lampe-torche-frontale-en-abs-recycle-rcs-gear-x-noir\/\" \/>\n<meta property=\"og:site_name\" content=\"Gear X Tools\" \/>\n<meta property=\"article:modified_time\" content=\"2026-04-16T00:24:17+00:00\" \/>\n<meta property=\"og:image\" content=\"https:\/\/gearxtools.com\/wp-content\/uploads\/sites\/8\/2026\/04\/P513.102__S_0__c88b52dcc0604fe1a909468d31f3d3b6.jpg\" \/>\n\t<meta property=\"og:image:width\" content=\"1024\" \/>\n\t<meta property=\"og:image:height\" content=\"1024\" \/>\n\t<meta property=\"og:image:type\" content=\"image\/jpeg\" \/>\n<meta name=\"twitter:card\" content=\"summary_large_image\" \/>\n<meta name=\"twitter:label1\" content=\"Dur\u00e9e de lecture estim\u00e9e\" \/>\n\t<meta name=\"twitter:data1\" content=\"1 minute\" \/>\n<script type=\"application\/ld+json\" class=\"yoast-schema-graph\">{\"@context\":\"https:\/\/schema.org\",\"@graph\":[{\"@type\":\"WebPage\",\"@id\":\"https:\/\/gearxtools.com\/fr\/lampe-torche-frontale-en-abs-recycle-rcs-gear-x-noir\/\",\"url\":\"https:\/\/gearxtools.com\/fr\/lampe-torche-frontale-en-abs-recycle-rcs-gear-x-noir\/\",\"name\":\"Lampe torche frontale en ABS recycl\u00e9 RCS, noir - Gear X Tools\",\"isPartOf\":{\"@id\":\"https:\/\/gearxtools.com\/fr\/#website\"},\"primaryImageOfPage\":{\"@id\":\"https:\/\/gearxtools.com\/fr\/lampe-torche-frontale-en-abs-recycle-rcs-gear-x-noir\/#primaryimage\"},\"image\":{\"@id\":\"https:\/\/gearxtools.com\/fr\/lampe-torche-frontale-en-abs-recycle-rcs-gear-x-noir\/#primaryimage\"},\"thumbnailUrl\":\"https:\/\/gearxtools.com\/wp-content\/uploads\/sites\/8\/2026\/04\/P513.102__S_0__c88b52dcc0604fe1a909468d31f3d3b6.jpg\",\"datePublished\":\"2024-01-03T01:02:09+00:00\",\"dateModified\":\"2026-04-16T00:24:17+00:00\",\"breadcrumb\":{\"@id\":\"https:\/\/gearxtools.com\/fr\/lampe-torche-frontale-en-abs-recycle-rcs-gear-x-noir\/#breadcrumb\"},\"inLanguage\":\"fr-FR\",\"potentialAction\":[{\"@type\":\"ReadAction\",\"target\":[\"https:\/\/gearxtools.com\/fr\/lampe-torche-frontale-en-abs-recycle-rcs-gear-x-noir\/\"]}]},{\"@type\":\"ImageObject\",\"inLanguage\":\"fr-FR\",\"@id\":\"https:\/\/gearxtools.com\/fr\/lampe-torche-frontale-en-abs-recycle-rcs-gear-x-noir\/#primaryimage\",\"url\":\"https:\/\/gearxtools.com\/wp-content\/uploads\/sites\/8\/2026\/04\/P513.102__S_0__c88b52dcc0604fe1a909468d31f3d3b6.jpg\",\"contentUrl\":\"https:\/\/gearxtools.com\/wp-content\/uploads\/sites\/8\/2026\/04\/P513.102__S_0__c88b52dcc0604fe1a909468d31f3d3b6.jpg\",\"width\":1024,\"height\":1024},{\"@type\":\"BreadcrumbList\",\"@id\":\"https:\/\/gearxtools.com\/fr\/lampe-torche-frontale-en-abs-recycle-rcs-gear-x-noir\/#breadcrumb\",\"itemListElement\":[{\"@type\":\"ListItem\",\"position\":1,\"name\":\"Home\",\"item\":\"https:\/\/gearxtools.com\/fr\/\"},{\"@type\":\"ListItem\",\"position\":2,\"name\":\"Collection\",\"item\":\"https:\/\/gearxtools.com\/fr\/collection\/\"},{\"@type\":\"ListItem\",\"position\":3,\"name\":\"Lampe torche frontale en ABS recycl\u00e9 RCS, noir\"}]},{\"@type\":\"WebSite\",\"@id\":\"https:\/\/gearxtools.com\/fr\/#website\",\"url\":\"https:\/\/gearxtools.com\/fr\/\",\"name\":\"Gear X Tools\",\"description\":\"Gear X always there when you need it\",\"potentialAction\":[{\"@type\":\"SearchAction\",\"target\":{\"@type\":\"EntryPoint\",\"urlTemplate\":\"https:\/\/gearxtools.com\/fr\/?s={search_term_string}\"},\"query-input\":{\"@type\":\"PropertyValueSpecification\",\"valueRequired\":true,\"valueName\":\"search_term_string\"}}],\"inLanguage\":\"fr-FR\"}]}<\/script>\n<!-- \/ Yoast SEO plugin. -->","yoast_head_json":{"title":"Lampe torche frontale en ABS recycl\u00e9 RCS, noir - Gear X Tools","robots":{"index":"index","follow":"follow","max-snippet":"max-snippet:-1","max-image-preview":"max-image-preview:large","max-video-preview":"max-video-preview:-1"},"canonical":"https:\/\/gearxtools.com\/fr\/lampe-torche-frontale-en-abs-recycle-rcs-gear-x-noir\/","og_locale":"fr_FR","og_type":"article","og_title":"Lampe torche frontale en ABS recycl\u00e9 RCS, noir - Gear X Tools","og_description":"Lampe frontale robuste avec lampe COB et LED haute puissance int\u00e9gr\u00e9e. La lampe frontale peut produire jusqu&rsquo;\u00e0 250 lumens et a une distance de faisceau de 70 m\u00e8tres. Le bo\u00eetier de la lampe frontale est fabriqu\u00e9 en plastique ABS recycl\u00e9 certifi\u00e9 RCS. Le RCS (Recycled Claim Standard) est une norme qui permet de v\u00e9rifier le [&hellip;]","og_url":"https:\/\/gearxtools.com\/fr\/lampe-torche-frontale-en-abs-recycle-rcs-gear-x-noir\/","og_site_name":"Gear X Tools","article_modified_time":"2026-04-16T00:24:17+00:00","og_image":[{"width":1024,"height":1024,"url":"https:\/\/gearxtools.com\/wp-content\/uploads\/sites\/8\/2026\/04\/P513.102__S_0__c88b52dcc0604fe1a909468d31f3d3b6.jpg","type":"image\/jpeg"}],"twitter_card":"summary_large_image","twitter_misc":{"Dur\u00e9e de lecture estim\u00e9e":"1 minute"},"schema":{"@context":"https:\/\/schema.org","@graph":[{"@type":"WebPage","@id":"https:\/\/gearxtools.com\/fr\/lampe-torche-frontale-en-abs-recycle-rcs-gear-x-noir\/","url":"https:\/\/gearxtools.com\/fr\/lampe-torche-frontale-en-abs-recycle-rcs-gear-x-noir\/","name":"Lampe torche frontale en ABS recycl\u00e9 RCS, noir - Gear X Tools","isPartOf":{"@id":"https:\/\/gearxtools.com\/fr\/#website"},"primaryImageOfPage":{"@id":"https:\/\/gearxtools.com\/fr\/lampe-torche-frontale-en-abs-recycle-rcs-gear-x-noir\/#primaryimage"},"image":{"@id":"https:\/\/gearxtools.com\/fr\/lampe-torche-frontale-en-abs-recycle-rcs-gear-x-noir\/#primaryimage"},"thumbnailUrl":"https:\/\/gearxtools.com\/wp-content\/uploads\/sites\/8\/2026\/04\/P513.102__S_0__c88b52dcc0604fe1a909468d31f3d3b6.jpg","datePublished":"2024-01-03T01:02:09+00:00","dateModified":"2026-04-16T00:24:17+00:00","breadcrumb":{"@id":"https:\/\/gearxtools.com\/fr\/lampe-torche-frontale-en-abs-recycle-rcs-gear-x-noir\/#breadcrumb"},"inLanguage":"fr-FR","potentialAction":[{"@type":"ReadAction","target":["https:\/\/gearxtools.com\/fr\/lampe-torche-frontale-en-abs-recycle-rcs-gear-x-noir\/"]}]},{"@type":"ImageObject","inLanguage":"fr-FR","@id":"https:\/\/gearxtools.com\/fr\/lampe-torche-frontale-en-abs-recycle-rcs-gear-x-noir\/#primaryimage","url":"https:\/\/gearxtools.com\/wp-content\/uploads\/sites\/8\/2026\/04\/P513.102__S_0__c88b52dcc0604fe1a909468d31f3d3b6.jpg","contentUrl":"https:\/\/gearxtools.com\/wp-content\/uploads\/sites\/8\/2026\/04\/P513.102__S_0__c88b52dcc0604fe1a909468d31f3d3b6.jpg","width":1024,"height":1024},{"@type":"BreadcrumbList","@id":"https:\/\/gearxtools.com\/fr\/lampe-torche-frontale-en-abs-recycle-rcs-gear-x-noir\/#breadcrumb","itemListElement":[{"@type":"ListItem","position":1,"name":"Home","item":"https:\/\/gearxtools.com\/fr\/"},{"@type":"ListItem","position":2,"name":"Collection","item":"https:\/\/gearxtools.com\/fr\/collection\/"},{"@type":"ListItem","position":3,"name":"Lampe torche frontale en ABS recycl\u00e9 RCS, noir"}]},{"@type":"WebSite","@id":"https:\/\/gearxtools.com\/fr\/#website","url":"https:\/\/gearxtools.com\/fr\/","name":"Gear X Tools","description":"Gear X always there when you need it","potentialAction":[{"@type":"SearchAction","target":{"@type":"EntryPoint","urlTemplate":"https:\/\/gearxtools.com\/fr\/?s={search_term_string}"},"query-input":{"@type":"PropertyValueSpecification","valueRequired":true,"valueName":"search_term_string"}}],"inLanguage":"fr-FR"}]}},"aioseo_notices":[],"_links":{"self":[{"href":"https:\/\/gearxtools.com\/fr\/wp-json\/wp\/v2\/product\/3476","targetHints":{"allow":["GET"]}}],"collection":[{"href":"https:\/\/gearxtools.com\/fr\/wp-json\/wp\/v2\/product"}],"about":[{"href":"https:\/\/gearxtools.com\/fr\/wp-json\/wp\/v2\/types\/product"}],"replies":[{"embeddable":true,"href":"https:\/\/gearxtools.com\/fr\/wp-json\/wp\/v2\/comments?post=3476"}],"wp:featuredmedia":[{"embeddable":true,"href":"https:\/\/gearxtools.com\/fr\/wp-json\/wp\/v2\/media\/6930"}],"wp:attachment":[{"href":"https:\/\/gearxtools.com\/fr\/wp-json\/wp\/v2\/media?parent=3476"}],"wp:term":[{"taxonomy":"product_cat","embeddable":true,"href":"https:\/\/gearxtools.com\/fr\/wp-json\/wp\/v2\/product_cat?post=3476"},{"taxonomy":"product_tag","embeddable":true,"href":"https:\/\/gearxtools.com\/fr\/wp-json\/wp\/v2\/product_tag?post=3476"}],"curies":[{"name":"wp","href":"https:\/\/api.w.org\/{rel}","templated":true}]}}