{"id":3482,"date":"2024-01-03T01:02:09","date_gmt":"2024-01-03T01:02:09","guid":{"rendered":"https:\/\/gearxtools.com\/torche-de-voiture-en-aluminium-recycle-rcs-gear-x-noir\/"},"modified":"2026-04-15T00:22:17","modified_gmt":"2026-04-15T00:22:17","slug":"torche-de-voiture-en-aluminium-recycle-rcs-gear-x-noir","status":"publish","type":"product","link":"https:\/\/gearxtools.com\/fr\/torche-de-voiture-en-aluminium-recycle-rcs-gear-x-noir\/","title":{"rendered":"Torche de voiture en aluminium recycl\u00e9 RCS, noir"},"content":{"rendered":"<p>Outil de s\u00e9curit\u00e9 automobile robuste fabriqu\u00e9 \u00e0 partir d&rsquo;aluminium recycl\u00e9 et d&rsquo;ABS certifi\u00e9s RCS. Contenu recycl\u00e9 total : 59% sur la base du poids total de l&rsquo;article. La certification RCS garantit une cha\u00eene d&rsquo;approvisionnement enti\u00e8rement certifi\u00e9e pour les mat\u00e9riaux recycl\u00e9s.  La torche utilise une batterie lithium rechargeable de qualit\u00e9 A de 2000 mAh, il n&rsquo;est donc pas n\u00e9cessaire de remplacer les piles. Il suffit de la recharger via une prise USB. Puissante torche de 500 lumens avec un faisceau jusqu&rsquo;\u00e0 100 m\u00e8tres. La lumi\u00e8re LED a 4 modes (100%, 50%, 30% et clignotant) Avec LED rouge d&rsquo;urgence qui peut fonctionner en 3 modes (flash rapide, flash lent et SOS).  Avec coupe-ceinture et marteau \u00e0 vitre int\u00e9gr\u00e9s. Aimant permettant de le fixer sur une surface magn\u00e9tique. Dur\u00e9e de fonctionnement avec une seule charge : 2 heures. \u00c9tanch\u00e9it\u00e9 IPX 4.<\/p>\n","protected":false},"excerpt":{"rendered":"<p>Outil de s\u00e9curit\u00e9 automobile robuste fabriqu\u00e9 \u00e0 partir d&rsquo;aluminium recycl\u00e9 et d&rsquo;ABS certifi\u00e9s RCS. Contenu recycl\u00e9 total : 59% sur la base du poids total de l&rsquo;article. La certification RCS garantit une cha\u00eene d&rsquo;approvisionnement enti\u00e8rement certifi\u00e9e pour les mat\u00e9riaux recycl\u00e9s. La torche utilise une batterie lithium rechargeable de qualit\u00e9 A de 2000 mAh, il n&rsquo;est [&hellip;]<\/p>\n","protected":false},"featured_media":6129,"comment_status":"closed","ping_status":"closed","template":"","meta":{"_acf_changed":false,"_monsterinsights_skip_tracking":false,"_monsterinsights_sitenote_active":false,"_monsterinsights_sitenote_note":"","_monsterinsights_sitenote_category":0},"product_cat":[61],"product_tag":[],"class_list":["post-3482","product","type-product","status-publish","has-post-thumbnail","hentry","product_cat-lampes-torches","pa_color-black"],"acf":[],"yoast_head":"<!-- This site is optimized with the Yoast SEO plugin v27.0 - https:\/\/yoast.com\/product\/yoast-seo-wordpress\/ -->\n<title>Torche de voiture en aluminium recycl\u00e9 RCS, noir - Gear X Tools<\/title>\n<meta name=\"robots\" content=\"index, follow, max-snippet:-1, max-image-preview:large, max-video-preview:-1\" \/>\n<link rel=\"canonical\" href=\"https:\/\/gearxtools.com\/fr\/torche-de-voiture-en-aluminium-recycle-rcs-gear-x-noir\/\" \/>\n<meta property=\"og:locale\" content=\"fr_FR\" \/>\n<meta property=\"og:type\" content=\"article\" \/>\n<meta property=\"og:title\" content=\"Torche de voiture en aluminium recycl\u00e9 RCS, noir - Gear X Tools\" \/>\n<meta property=\"og:description\" content=\"Outil de s\u00e9curit\u00e9 automobile robuste fabriqu\u00e9 \u00e0 partir d&rsquo;aluminium recycl\u00e9 et d&rsquo;ABS certifi\u00e9s RCS. Contenu recycl\u00e9 total : 59% sur la base du poids total de l&rsquo;article. La certification RCS garantit une cha\u00eene d&rsquo;approvisionnement enti\u00e8rement certifi\u00e9e pour les mat\u00e9riaux recycl\u00e9s. La torche utilise une batterie lithium rechargeable de qualit\u00e9 A de 2000 mAh, il n&rsquo;est [&hellip;]\" \/>\n<meta property=\"og:url\" content=\"https:\/\/gearxtools.com\/fr\/torche-de-voiture-en-aluminium-recycle-rcs-gear-x-noir\/\" \/>\n<meta property=\"og:site_name\" content=\"Gear X Tools\" \/>\n<meta property=\"article:modified_time\" content=\"2026-04-15T00:22:17+00:00\" \/>\n<meta property=\"og:image\" content=\"https:\/\/gearxtools.com\/wp-content\/uploads\/sites\/8\/2024\/05\/P513.321__S_0__c4b7b3b44fdb4469a6d39e5c534c7317.jpg\" \/>\n\t<meta property=\"og:image:width\" content=\"1024\" \/>\n\t<meta property=\"og:image:height\" content=\"1024\" \/>\n\t<meta property=\"og:image:type\" content=\"image\/jpeg\" \/>\n<meta name=\"twitter:card\" content=\"summary_large_image\" \/>\n<meta name=\"twitter:label1\" content=\"Dur\u00e9e de lecture estim\u00e9e\" \/>\n\t<meta name=\"twitter:data1\" content=\"1 minute\" \/>\n<script type=\"application\/ld+json\" class=\"yoast-schema-graph\">{\"@context\":\"https:\/\/schema.org\",\"@graph\":[{\"@type\":\"WebPage\",\"@id\":\"https:\/\/gearxtools.com\/fr\/torche-de-voiture-en-aluminium-recycle-rcs-gear-x-noir\/\",\"url\":\"https:\/\/gearxtools.com\/fr\/torche-de-voiture-en-aluminium-recycle-rcs-gear-x-noir\/\",\"name\":\"Torche de voiture en aluminium recycl\u00e9 RCS, noir - Gear X Tools\",\"isPartOf\":{\"@id\":\"https:\/\/gearxtools.com\/fr\/#website\"},\"primaryImageOfPage\":{\"@id\":\"https:\/\/gearxtools.com\/fr\/torche-de-voiture-en-aluminium-recycle-rcs-gear-x-noir\/#primaryimage\"},\"image\":{\"@id\":\"https:\/\/gearxtools.com\/fr\/torche-de-voiture-en-aluminium-recycle-rcs-gear-x-noir\/#primaryimage\"},\"thumbnailUrl\":\"https:\/\/gearxtools.com\/wp-content\/uploads\/sites\/8\/2024\/05\/P513.321__S_0__c4b7b3b44fdb4469a6d39e5c534c7317.jpg\",\"datePublished\":\"2024-01-03T01:02:09+00:00\",\"dateModified\":\"2026-04-15T00:22:17+00:00\",\"breadcrumb\":{\"@id\":\"https:\/\/gearxtools.com\/fr\/torche-de-voiture-en-aluminium-recycle-rcs-gear-x-noir\/#breadcrumb\"},\"inLanguage\":\"fr-FR\",\"potentialAction\":[{\"@type\":\"ReadAction\",\"target\":[\"https:\/\/gearxtools.com\/fr\/torche-de-voiture-en-aluminium-recycle-rcs-gear-x-noir\/\"]}]},{\"@type\":\"ImageObject\",\"inLanguage\":\"fr-FR\",\"@id\":\"https:\/\/gearxtools.com\/fr\/torche-de-voiture-en-aluminium-recycle-rcs-gear-x-noir\/#primaryimage\",\"url\":\"https:\/\/gearxtools.com\/wp-content\/uploads\/sites\/8\/2024\/05\/P513.321__S_0__c4b7b3b44fdb4469a6d39e5c534c7317.jpg\",\"contentUrl\":\"https:\/\/gearxtools.com\/wp-content\/uploads\/sites\/8\/2024\/05\/P513.321__S_0__c4b7b3b44fdb4469a6d39e5c534c7317.jpg\",\"width\":1024,\"height\":1024},{\"@type\":\"BreadcrumbList\",\"@id\":\"https:\/\/gearxtools.com\/fr\/torche-de-voiture-en-aluminium-recycle-rcs-gear-x-noir\/#breadcrumb\",\"itemListElement\":[{\"@type\":\"ListItem\",\"position\":1,\"name\":\"Home\",\"item\":\"https:\/\/gearxtools.com\/fr\/\"},{\"@type\":\"ListItem\",\"position\":2,\"name\":\"Collection\",\"item\":\"https:\/\/gearxtools.com\/fr\/collection\/\"},{\"@type\":\"ListItem\",\"position\":3,\"name\":\"Torche de voiture en aluminium recycl\u00e9 RCS, noir\"}]},{\"@type\":\"WebSite\",\"@id\":\"https:\/\/gearxtools.com\/fr\/#website\",\"url\":\"https:\/\/gearxtools.com\/fr\/\",\"name\":\"Gear X Tools\",\"description\":\"Gear X always there when you need it\",\"potentialAction\":[{\"@type\":\"SearchAction\",\"target\":{\"@type\":\"EntryPoint\",\"urlTemplate\":\"https:\/\/gearxtools.com\/fr\/?s={search_term_string}\"},\"query-input\":{\"@type\":\"PropertyValueSpecification\",\"valueRequired\":true,\"valueName\":\"search_term_string\"}}],\"inLanguage\":\"fr-FR\"}]}<\/script>\n<!-- \/ Yoast SEO plugin. -->","yoast_head_json":{"title":"Torche de voiture en aluminium recycl\u00e9 RCS, noir - Gear X Tools","robots":{"index":"index","follow":"follow","max-snippet":"max-snippet:-1","max-image-preview":"max-image-preview:large","max-video-preview":"max-video-preview:-1"},"canonical":"https:\/\/gearxtools.com\/fr\/torche-de-voiture-en-aluminium-recycle-rcs-gear-x-noir\/","og_locale":"fr_FR","og_type":"article","og_title":"Torche de voiture en aluminium recycl\u00e9 RCS, noir - Gear X Tools","og_description":"Outil de s\u00e9curit\u00e9 automobile robuste fabriqu\u00e9 \u00e0 partir d&rsquo;aluminium recycl\u00e9 et d&rsquo;ABS certifi\u00e9s RCS. Contenu recycl\u00e9 total : 59% sur la base du poids total de l&rsquo;article. La certification RCS garantit une cha\u00eene d&rsquo;approvisionnement enti\u00e8rement certifi\u00e9e pour les mat\u00e9riaux recycl\u00e9s. La torche utilise une batterie lithium rechargeable de qualit\u00e9 A de 2000 mAh, il n&rsquo;est [&hellip;]","og_url":"https:\/\/gearxtools.com\/fr\/torche-de-voiture-en-aluminium-recycle-rcs-gear-x-noir\/","og_site_name":"Gear X Tools","article_modified_time":"2026-04-15T00:22:17+00:00","og_image":[{"width":1024,"height":1024,"url":"https:\/\/gearxtools.com\/wp-content\/uploads\/sites\/8\/2024\/05\/P513.321__S_0__c4b7b3b44fdb4469a6d39e5c534c7317.jpg","type":"image\/jpeg"}],"twitter_card":"summary_large_image","twitter_misc":{"Dur\u00e9e de lecture estim\u00e9e":"1 minute"},"schema":{"@context":"https:\/\/schema.org","@graph":[{"@type":"WebPage","@id":"https:\/\/gearxtools.com\/fr\/torche-de-voiture-en-aluminium-recycle-rcs-gear-x-noir\/","url":"https:\/\/gearxtools.com\/fr\/torche-de-voiture-en-aluminium-recycle-rcs-gear-x-noir\/","name":"Torche de voiture en aluminium recycl\u00e9 RCS, noir - Gear X Tools","isPartOf":{"@id":"https:\/\/gearxtools.com\/fr\/#website"},"primaryImageOfPage":{"@id":"https:\/\/gearxtools.com\/fr\/torche-de-voiture-en-aluminium-recycle-rcs-gear-x-noir\/#primaryimage"},"image":{"@id":"https:\/\/gearxtools.com\/fr\/torche-de-voiture-en-aluminium-recycle-rcs-gear-x-noir\/#primaryimage"},"thumbnailUrl":"https:\/\/gearxtools.com\/wp-content\/uploads\/sites\/8\/2024\/05\/P513.321__S_0__c4b7b3b44fdb4469a6d39e5c534c7317.jpg","datePublished":"2024-01-03T01:02:09+00:00","dateModified":"2026-04-15T00:22:17+00:00","breadcrumb":{"@id":"https:\/\/gearxtools.com\/fr\/torche-de-voiture-en-aluminium-recycle-rcs-gear-x-noir\/#breadcrumb"},"inLanguage":"fr-FR","potentialAction":[{"@type":"ReadAction","target":["https:\/\/gearxtools.com\/fr\/torche-de-voiture-en-aluminium-recycle-rcs-gear-x-noir\/"]}]},{"@type":"ImageObject","inLanguage":"fr-FR","@id":"https:\/\/gearxtools.com\/fr\/torche-de-voiture-en-aluminium-recycle-rcs-gear-x-noir\/#primaryimage","url":"https:\/\/gearxtools.com\/wp-content\/uploads\/sites\/8\/2024\/05\/P513.321__S_0__c4b7b3b44fdb4469a6d39e5c534c7317.jpg","contentUrl":"https:\/\/gearxtools.com\/wp-content\/uploads\/sites\/8\/2024\/05\/P513.321__S_0__c4b7b3b44fdb4469a6d39e5c534c7317.jpg","width":1024,"height":1024},{"@type":"BreadcrumbList","@id":"https:\/\/gearxtools.com\/fr\/torche-de-voiture-en-aluminium-recycle-rcs-gear-x-noir\/#breadcrumb","itemListElement":[{"@type":"ListItem","position":1,"name":"Home","item":"https:\/\/gearxtools.com\/fr\/"},{"@type":"ListItem","position":2,"name":"Collection","item":"https:\/\/gearxtools.com\/fr\/collection\/"},{"@type":"ListItem","position":3,"name":"Torche de voiture en aluminium recycl\u00e9 RCS, noir"}]},{"@type":"WebSite","@id":"https:\/\/gearxtools.com\/fr\/#website","url":"https:\/\/gearxtools.com\/fr\/","name":"Gear X Tools","description":"Gear X always there when you need it","potentialAction":[{"@type":"SearchAction","target":{"@type":"EntryPoint","urlTemplate":"https:\/\/gearxtools.com\/fr\/?s={search_term_string}"},"query-input":{"@type":"PropertyValueSpecification","valueRequired":true,"valueName":"search_term_string"}}],"inLanguage":"fr-FR"}]}},"aioseo_notices":[],"_links":{"self":[{"href":"https:\/\/gearxtools.com\/fr\/wp-json\/wp\/v2\/product\/3482","targetHints":{"allow":["GET"]}}],"collection":[{"href":"https:\/\/gearxtools.com\/fr\/wp-json\/wp\/v2\/product"}],"about":[{"href":"https:\/\/gearxtools.com\/fr\/wp-json\/wp\/v2\/types\/product"}],"replies":[{"embeddable":true,"href":"https:\/\/gearxtools.com\/fr\/wp-json\/wp\/v2\/comments?post=3482"}],"wp:featuredmedia":[{"embeddable":true,"href":"https:\/\/gearxtools.com\/fr\/wp-json\/wp\/v2\/media\/6129"}],"wp:attachment":[{"href":"https:\/\/gearxtools.com\/fr\/wp-json\/wp\/v2\/media?parent=3482"}],"wp:term":[{"taxonomy":"product_cat","embeddable":true,"href":"https:\/\/gearxtools.com\/fr\/wp-json\/wp\/v2\/product_cat?post=3482"},{"taxonomy":"product_tag","embeddable":true,"href":"https:\/\/gearxtools.com\/fr\/wp-json\/wp\/v2\/product_tag?post=3482"}],"curies":[{"name":"wp","href":"https:\/\/api.w.org\/{rel}","templated":true}]}}