{"id":6624,"date":"2025-01-28T01:04:08","date_gmt":"2025-01-28T01:04:08","guid":{"rendered":"https:\/\/gearxtools.com\/tournevis-noir\/"},"modified":"2026-03-12T01:24:27","modified_gmt":"2026-03-12T01:24:27","slug":"tournevis-noir","status":"publish","type":"product","link":"https:\/\/gearxtools.com\/fr\/tournevis-noir\/","title":{"rendered":"Tournevis, noir"},"content":{"rendered":"<p>Tournevis de poche avec 6 embouts de qualit\u00e9. Facile \u00e0 emporter dans sa poche en cas de besoin. H3, H4, H5, H6, PH2 et SL5 inclus. Emball\u00e9 dans un emballage FSC\u00ae mix.<\/p>\n","protected":false},"excerpt":{"rendered":"<p>Tournevis de poche avec 6 embouts de qualit\u00e9. Facile \u00e0 emporter dans sa poche en cas de besoin. H3, H4, H5, H6, PH2 et SL5 inclus. Emball\u00e9 dans un emballage FSC\u00ae mix.<\/p>\n","protected":false},"featured_media":6649,"comment_status":"closed","ping_status":"closed","template":"","meta":{"_acf_changed":false,"_monsterinsights_skip_tracking":false,"_monsterinsights_sitenote_active":false,"_monsterinsights_sitenote_note":"","_monsterinsights_sitenote_category":0},"product_cat":[55],"product_tag":[],"class_list":["post-6624","product","type-product","status-publish","has-post-thumbnail","hentry","product_cat-outils-multifonctions","pa_color-black"],"acf":[],"yoast_head":"<!-- This site is optimized with the Yoast SEO plugin v27.0 - https:\/\/yoast.com\/product\/yoast-seo-wordpress\/ -->\n<title>Tournevis, noir - Gear X Tools<\/title>\n<meta name=\"robots\" content=\"index, follow, max-snippet:-1, max-image-preview:large, max-video-preview:-1\" \/>\n<link rel=\"canonical\" href=\"https:\/\/gearxtools.com\/fr\/tournevis-noir\/\" \/>\n<meta property=\"og:locale\" content=\"fr_FR\" \/>\n<meta property=\"og:type\" content=\"article\" \/>\n<meta property=\"og:title\" content=\"Tournevis, noir - Gear X Tools\" \/>\n<meta property=\"og:description\" content=\"Tournevis de poche avec 6 embouts de qualit\u00e9. Facile \u00e0 emporter dans sa poche en cas de besoin. H3, H4, H5, H6, PH2 et SL5 inclus. Emball\u00e9 dans un emballage FSC\u00ae mix.\" \/>\n<meta property=\"og:url\" content=\"https:\/\/gearxtools.com\/fr\/tournevis-noir\/\" \/>\n<meta property=\"og:site_name\" content=\"Gear X Tools\" \/>\n<meta property=\"article:modified_time\" content=\"2026-03-12T01:24:27+00:00\" \/>\n<meta property=\"og:image\" content=\"https:\/\/gearxtools.com\/wp-content\/uploads\/sites\/8\/2025\/02\/P514.5201__S_0__a222795210d34a1fa67acdfaa72811e7.jpg\" \/>\n\t<meta property=\"og:image:width\" content=\"1024\" \/>\n\t<meta property=\"og:image:height\" content=\"1024\" \/>\n\t<meta property=\"og:image:type\" content=\"image\/jpeg\" \/>\n<meta name=\"twitter:card\" content=\"summary_large_image\" \/>\n<script type=\"application\/ld+json\" class=\"yoast-schema-graph\">{\"@context\":\"https:\/\/schema.org\",\"@graph\":[{\"@type\":\"WebPage\",\"@id\":\"https:\/\/gearxtools.com\/fr\/tournevis-noir\/\",\"url\":\"https:\/\/gearxtools.com\/fr\/tournevis-noir\/\",\"name\":\"Tournevis, noir - Gear X Tools\",\"isPartOf\":{\"@id\":\"https:\/\/gearxtools.com\/fr\/#website\"},\"primaryImageOfPage\":{\"@id\":\"https:\/\/gearxtools.com\/fr\/tournevis-noir\/#primaryimage\"},\"image\":{\"@id\":\"https:\/\/gearxtools.com\/fr\/tournevis-noir\/#primaryimage\"},\"thumbnailUrl\":\"https:\/\/gearxtools.com\/wp-content\/uploads\/sites\/8\/2025\/02\/P514.5201__S_0__a222795210d34a1fa67acdfaa72811e7.jpg\",\"datePublished\":\"2025-01-28T01:04:08+00:00\",\"dateModified\":\"2026-03-12T01:24:27+00:00\",\"breadcrumb\":{\"@id\":\"https:\/\/gearxtools.com\/fr\/tournevis-noir\/#breadcrumb\"},\"inLanguage\":\"fr-FR\",\"potentialAction\":[{\"@type\":\"ReadAction\",\"target\":[\"https:\/\/gearxtools.com\/fr\/tournevis-noir\/\"]}]},{\"@type\":\"ImageObject\",\"inLanguage\":\"fr-FR\",\"@id\":\"https:\/\/gearxtools.com\/fr\/tournevis-noir\/#primaryimage\",\"url\":\"https:\/\/gearxtools.com\/wp-content\/uploads\/sites\/8\/2025\/02\/P514.5201__S_0__a222795210d34a1fa67acdfaa72811e7.jpg\",\"contentUrl\":\"https:\/\/gearxtools.com\/wp-content\/uploads\/sites\/8\/2025\/02\/P514.5201__S_0__a222795210d34a1fa67acdfaa72811e7.jpg\",\"width\":1024,\"height\":1024},{\"@type\":\"BreadcrumbList\",\"@id\":\"https:\/\/gearxtools.com\/fr\/tournevis-noir\/#breadcrumb\",\"itemListElement\":[{\"@type\":\"ListItem\",\"position\":1,\"name\":\"Home\",\"item\":\"https:\/\/gearxtools.com\/fr\/\"},{\"@type\":\"ListItem\",\"position\":2,\"name\":\"Collection\",\"item\":\"https:\/\/gearxtools.com\/fr\/collection\/\"},{\"@type\":\"ListItem\",\"position\":3,\"name\":\"Tournevis, noir\"}]},{\"@type\":\"WebSite\",\"@id\":\"https:\/\/gearxtools.com\/fr\/#website\",\"url\":\"https:\/\/gearxtools.com\/fr\/\",\"name\":\"Gear X Tools\",\"description\":\"Gear X always there when you need it\",\"potentialAction\":[{\"@type\":\"SearchAction\",\"target\":{\"@type\":\"EntryPoint\",\"urlTemplate\":\"https:\/\/gearxtools.com\/fr\/?s={search_term_string}\"},\"query-input\":{\"@type\":\"PropertyValueSpecification\",\"valueRequired\":true,\"valueName\":\"search_term_string\"}}],\"inLanguage\":\"fr-FR\"}]}<\/script>\n<!-- \/ Yoast SEO plugin. -->","yoast_head_json":{"title":"Tournevis, noir - Gear X Tools","robots":{"index":"index","follow":"follow","max-snippet":"max-snippet:-1","max-image-preview":"max-image-preview:large","max-video-preview":"max-video-preview:-1"},"canonical":"https:\/\/gearxtools.com\/fr\/tournevis-noir\/","og_locale":"fr_FR","og_type":"article","og_title":"Tournevis, noir - Gear X Tools","og_description":"Tournevis de poche avec 6 embouts de qualit\u00e9. Facile \u00e0 emporter dans sa poche en cas de besoin. H3, H4, H5, H6, PH2 et SL5 inclus. Emball\u00e9 dans un emballage FSC\u00ae mix.","og_url":"https:\/\/gearxtools.com\/fr\/tournevis-noir\/","og_site_name":"Gear X Tools","article_modified_time":"2026-03-12T01:24:27+00:00","og_image":[{"width":1024,"height":1024,"url":"https:\/\/gearxtools.com\/wp-content\/uploads\/sites\/8\/2025\/02\/P514.5201__S_0__a222795210d34a1fa67acdfaa72811e7.jpg","type":"image\/jpeg"}],"twitter_card":"summary_large_image","schema":{"@context":"https:\/\/schema.org","@graph":[{"@type":"WebPage","@id":"https:\/\/gearxtools.com\/fr\/tournevis-noir\/","url":"https:\/\/gearxtools.com\/fr\/tournevis-noir\/","name":"Tournevis, noir - Gear X Tools","isPartOf":{"@id":"https:\/\/gearxtools.com\/fr\/#website"},"primaryImageOfPage":{"@id":"https:\/\/gearxtools.com\/fr\/tournevis-noir\/#primaryimage"},"image":{"@id":"https:\/\/gearxtools.com\/fr\/tournevis-noir\/#primaryimage"},"thumbnailUrl":"https:\/\/gearxtools.com\/wp-content\/uploads\/sites\/8\/2025\/02\/P514.5201__S_0__a222795210d34a1fa67acdfaa72811e7.jpg","datePublished":"2025-01-28T01:04:08+00:00","dateModified":"2026-03-12T01:24:27+00:00","breadcrumb":{"@id":"https:\/\/gearxtools.com\/fr\/tournevis-noir\/#breadcrumb"},"inLanguage":"fr-FR","potentialAction":[{"@type":"ReadAction","target":["https:\/\/gearxtools.com\/fr\/tournevis-noir\/"]}]},{"@type":"ImageObject","inLanguage":"fr-FR","@id":"https:\/\/gearxtools.com\/fr\/tournevis-noir\/#primaryimage","url":"https:\/\/gearxtools.com\/wp-content\/uploads\/sites\/8\/2025\/02\/P514.5201__S_0__a222795210d34a1fa67acdfaa72811e7.jpg","contentUrl":"https:\/\/gearxtools.com\/wp-content\/uploads\/sites\/8\/2025\/02\/P514.5201__S_0__a222795210d34a1fa67acdfaa72811e7.jpg","width":1024,"height":1024},{"@type":"BreadcrumbList","@id":"https:\/\/gearxtools.com\/fr\/tournevis-noir\/#breadcrumb","itemListElement":[{"@type":"ListItem","position":1,"name":"Home","item":"https:\/\/gearxtools.com\/fr\/"},{"@type":"ListItem","position":2,"name":"Collection","item":"https:\/\/gearxtools.com\/fr\/collection\/"},{"@type":"ListItem","position":3,"name":"Tournevis, noir"}]},{"@type":"WebSite","@id":"https:\/\/gearxtools.com\/fr\/#website","url":"https:\/\/gearxtools.com\/fr\/","name":"Gear X Tools","description":"Gear X always there when you need it","potentialAction":[{"@type":"SearchAction","target":{"@type":"EntryPoint","urlTemplate":"https:\/\/gearxtools.com\/fr\/?s={search_term_string}"},"query-input":{"@type":"PropertyValueSpecification","valueRequired":true,"valueName":"search_term_string"}}],"inLanguage":"fr-FR"}]}},"aioseo_notices":[],"_links":{"self":[{"href":"https:\/\/gearxtools.com\/fr\/wp-json\/wp\/v2\/product\/6624","targetHints":{"allow":["GET"]}}],"collection":[{"href":"https:\/\/gearxtools.com\/fr\/wp-json\/wp\/v2\/product"}],"about":[{"href":"https:\/\/gearxtools.com\/fr\/wp-json\/wp\/v2\/types\/product"}],"replies":[{"embeddable":true,"href":"https:\/\/gearxtools.com\/fr\/wp-json\/wp\/v2\/comments?post=6624"}],"wp:featuredmedia":[{"embeddable":true,"href":"https:\/\/gearxtools.com\/fr\/wp-json\/wp\/v2\/media\/6649"}],"wp:attachment":[{"href":"https:\/\/gearxtools.com\/fr\/wp-json\/wp\/v2\/media?parent=6624"}],"wp:term":[{"taxonomy":"product_cat","embeddable":true,"href":"https:\/\/gearxtools.com\/fr\/wp-json\/wp\/v2\/product_cat?post=6624"},{"taxonomy":"product_tag","embeddable":true,"href":"https:\/\/gearxtools.com\/fr\/wp-json\/wp\/v2\/product_tag?post=6624"}],"curies":[{"name":"wp","href":"https:\/\/api.w.org\/{rel}","templated":true}]}}