{"id":6798,"date":"2025-08-01T00:02:10","date_gmt":"2025-08-01T00:02:10","guid":{"rendered":"https:\/\/gearxtools.com\/outil-multifonction-pliable-avec-mousqueton-gear-x-noir\/"},"modified":"2026-03-12T01:24:14","modified_gmt":"2026-03-12T01:24:14","slug":"outil-multifonction-pliable-avec-mousqueton-gear-x-noir","status":"publish","type":"product","link":"https:\/\/gearxtools.com\/fr\/outil-multifonction-pliable-avec-mousqueton-gear-x-noir\/","title":{"rendered":"Outil multifonction pliable avec mousqueton Gear X, noir"},"content":{"rendered":"<p>L&rsquo;outil EDC pliable Gear X allie savoir-faire exceptionnel et polyvalence dans un design compact, ce qui en fait le compagnon id\u00e9al du quotidien. En acier inoxydable 420 durable, cet outil de qualit\u00e9 offre 11 fonctions essentielles, dont des cl\u00e9s M5, M4, M3.5, M2.5, M2 et M1.6, un tournevis plat, un tournevis cruciforme, un cutter, un d\u00e9capsuleur et un crochet. Mesurant seulement 9,1 cm pli\u00e9 et 12,8 cm d\u00e9pli\u00e9, il est dot\u00e9 d&rsquo;un mousqueton int\u00e9gr\u00e9 pour une fixation facile. Livr\u00e9 dans une enveloppe FSC.<\/p>\n","protected":false},"excerpt":{"rendered":"<p>L&rsquo;outil EDC pliable Gear X allie savoir-faire exceptionnel et polyvalence dans un design compact, ce qui en fait le compagnon id\u00e9al du quotidien. En acier inoxydable 420 durable, cet outil de qualit\u00e9 offre 11 fonctions essentielles, dont des cl\u00e9s M5, M4, M3.5, M2.5, M2 et M1.6, un tournevis plat, un tournevis cruciforme, un cutter, un [&hellip;]<\/p>\n","protected":false},"featured_media":6870,"comment_status":"closed","ping_status":"closed","template":"","meta":{"_acf_changed":false,"_monsterinsights_skip_tracking":false,"_monsterinsights_sitenote_active":false,"_monsterinsights_sitenote_note":"","_monsterinsights_sitenote_category":0},"product_cat":[55],"product_tag":[],"class_list":["post-6798","product","type-product","status-publish","has-post-thumbnail","hentry","product_cat-outils-multifonctions","pa_color-black"],"acf":[],"yoast_head":"<!-- This site is optimized with the Yoast SEO plugin v27.0 - https:\/\/yoast.com\/product\/yoast-seo-wordpress\/ -->\n<title>Outil multifonction pliable avec mousqueton Gear X, noir - Gear X Tools<\/title>\n<meta name=\"robots\" content=\"index, follow, max-snippet:-1, max-image-preview:large, max-video-preview:-1\" \/>\n<link rel=\"canonical\" href=\"https:\/\/gearxtools.com\/fr\/outil-multifonction-pliable-avec-mousqueton-gear-x-noir\/\" \/>\n<meta property=\"og:locale\" content=\"fr_FR\" \/>\n<meta property=\"og:type\" content=\"article\" \/>\n<meta property=\"og:title\" content=\"Outil multifonction pliable avec mousqueton Gear X, noir - Gear X Tools\" \/>\n<meta property=\"og:description\" content=\"L&rsquo;outil EDC pliable Gear X allie savoir-faire exceptionnel et polyvalence dans un design compact, ce qui en fait le compagnon id\u00e9al du quotidien. En acier inoxydable 420 durable, cet outil de qualit\u00e9 offre 11 fonctions essentielles, dont des cl\u00e9s M5, M4, M3.5, M2.5, M2 et M1.6, un tournevis plat, un tournevis cruciforme, un cutter, un [&hellip;]\" \/>\n<meta property=\"og:url\" content=\"https:\/\/gearxtools.com\/fr\/outil-multifonction-pliable-avec-mousqueton-gear-x-noir\/\" \/>\n<meta property=\"og:site_name\" content=\"Gear X Tools\" \/>\n<meta property=\"article:modified_time\" content=\"2026-03-12T01:24:14+00:00\" \/>\n<meta property=\"og:image\" content=\"https:\/\/gearxtools.com\/wp-content\/uploads\/sites\/8\/2025\/10\/P221.2701__S_0__c001aa98d4104538b250799916cbe5fa.jpg\" \/>\n\t<meta property=\"og:image:width\" content=\"1024\" \/>\n\t<meta property=\"og:image:height\" content=\"1024\" \/>\n\t<meta property=\"og:image:type\" content=\"image\/jpeg\" \/>\n<meta name=\"twitter:card\" content=\"summary_large_image\" \/>\n<script type=\"application\/ld+json\" class=\"yoast-schema-graph\">{\"@context\":\"https:\/\/schema.org\",\"@graph\":[{\"@type\":\"WebPage\",\"@id\":\"https:\/\/gearxtools.com\/fr\/outil-multifonction-pliable-avec-mousqueton-gear-x-noir\/\",\"url\":\"https:\/\/gearxtools.com\/fr\/outil-multifonction-pliable-avec-mousqueton-gear-x-noir\/\",\"name\":\"Outil multifonction pliable avec mousqueton Gear X, noir - Gear X Tools\",\"isPartOf\":{\"@id\":\"https:\/\/gearxtools.com\/fr\/#website\"},\"primaryImageOfPage\":{\"@id\":\"https:\/\/gearxtools.com\/fr\/outil-multifonction-pliable-avec-mousqueton-gear-x-noir\/#primaryimage\"},\"image\":{\"@id\":\"https:\/\/gearxtools.com\/fr\/outil-multifonction-pliable-avec-mousqueton-gear-x-noir\/#primaryimage\"},\"thumbnailUrl\":\"https:\/\/gearxtools.com\/wp-content\/uploads\/sites\/8\/2025\/10\/P221.2701__S_0__c001aa98d4104538b250799916cbe5fa.jpg\",\"datePublished\":\"2025-08-01T00:02:10+00:00\",\"dateModified\":\"2026-03-12T01:24:14+00:00\",\"breadcrumb\":{\"@id\":\"https:\/\/gearxtools.com\/fr\/outil-multifonction-pliable-avec-mousqueton-gear-x-noir\/#breadcrumb\"},\"inLanguage\":\"fr-FR\",\"potentialAction\":[{\"@type\":\"ReadAction\",\"target\":[\"https:\/\/gearxtools.com\/fr\/outil-multifonction-pliable-avec-mousqueton-gear-x-noir\/\"]}]},{\"@type\":\"ImageObject\",\"inLanguage\":\"fr-FR\",\"@id\":\"https:\/\/gearxtools.com\/fr\/outil-multifonction-pliable-avec-mousqueton-gear-x-noir\/#primaryimage\",\"url\":\"https:\/\/gearxtools.com\/wp-content\/uploads\/sites\/8\/2025\/10\/P221.2701__S_0__c001aa98d4104538b250799916cbe5fa.jpg\",\"contentUrl\":\"https:\/\/gearxtools.com\/wp-content\/uploads\/sites\/8\/2025\/10\/P221.2701__S_0__c001aa98d4104538b250799916cbe5fa.jpg\",\"width\":1024,\"height\":1024},{\"@type\":\"BreadcrumbList\",\"@id\":\"https:\/\/gearxtools.com\/fr\/outil-multifonction-pliable-avec-mousqueton-gear-x-noir\/#breadcrumb\",\"itemListElement\":[{\"@type\":\"ListItem\",\"position\":1,\"name\":\"Home\",\"item\":\"https:\/\/gearxtools.com\/fr\/\"},{\"@type\":\"ListItem\",\"position\":2,\"name\":\"Collection\",\"item\":\"https:\/\/gearxtools.com\/fr\/collection\/\"},{\"@type\":\"ListItem\",\"position\":3,\"name\":\"Outil multifonction pliable avec mousqueton Gear X, noir\"}]},{\"@type\":\"WebSite\",\"@id\":\"https:\/\/gearxtools.com\/fr\/#website\",\"url\":\"https:\/\/gearxtools.com\/fr\/\",\"name\":\"Gear X Tools\",\"description\":\"Gear X always there when you need it\",\"potentialAction\":[{\"@type\":\"SearchAction\",\"target\":{\"@type\":\"EntryPoint\",\"urlTemplate\":\"https:\/\/gearxtools.com\/fr\/?s={search_term_string}\"},\"query-input\":{\"@type\":\"PropertyValueSpecification\",\"valueRequired\":true,\"valueName\":\"search_term_string\"}}],\"inLanguage\":\"fr-FR\"}]}<\/script>\n<!-- \/ Yoast SEO plugin. -->","yoast_head_json":{"title":"Outil multifonction pliable avec mousqueton Gear X, noir - Gear X Tools","robots":{"index":"index","follow":"follow","max-snippet":"max-snippet:-1","max-image-preview":"max-image-preview:large","max-video-preview":"max-video-preview:-1"},"canonical":"https:\/\/gearxtools.com\/fr\/outil-multifonction-pliable-avec-mousqueton-gear-x-noir\/","og_locale":"fr_FR","og_type":"article","og_title":"Outil multifonction pliable avec mousqueton Gear X, noir - Gear X Tools","og_description":"L&rsquo;outil EDC pliable Gear X allie savoir-faire exceptionnel et polyvalence dans un design compact, ce qui en fait le compagnon id\u00e9al du quotidien. En acier inoxydable 420 durable, cet outil de qualit\u00e9 offre 11 fonctions essentielles, dont des cl\u00e9s M5, M4, M3.5, M2.5, M2 et M1.6, un tournevis plat, un tournevis cruciforme, un cutter, un [&hellip;]","og_url":"https:\/\/gearxtools.com\/fr\/outil-multifonction-pliable-avec-mousqueton-gear-x-noir\/","og_site_name":"Gear X Tools","article_modified_time":"2026-03-12T01:24:14+00:00","og_image":[{"width":1024,"height":1024,"url":"https:\/\/gearxtools.com\/wp-content\/uploads\/sites\/8\/2025\/10\/P221.2701__S_0__c001aa98d4104538b250799916cbe5fa.jpg","type":"image\/jpeg"}],"twitter_card":"summary_large_image","schema":{"@context":"https:\/\/schema.org","@graph":[{"@type":"WebPage","@id":"https:\/\/gearxtools.com\/fr\/outil-multifonction-pliable-avec-mousqueton-gear-x-noir\/","url":"https:\/\/gearxtools.com\/fr\/outil-multifonction-pliable-avec-mousqueton-gear-x-noir\/","name":"Outil multifonction pliable avec mousqueton Gear X, noir - Gear X Tools","isPartOf":{"@id":"https:\/\/gearxtools.com\/fr\/#website"},"primaryImageOfPage":{"@id":"https:\/\/gearxtools.com\/fr\/outil-multifonction-pliable-avec-mousqueton-gear-x-noir\/#primaryimage"},"image":{"@id":"https:\/\/gearxtools.com\/fr\/outil-multifonction-pliable-avec-mousqueton-gear-x-noir\/#primaryimage"},"thumbnailUrl":"https:\/\/gearxtools.com\/wp-content\/uploads\/sites\/8\/2025\/10\/P221.2701__S_0__c001aa98d4104538b250799916cbe5fa.jpg","datePublished":"2025-08-01T00:02:10+00:00","dateModified":"2026-03-12T01:24:14+00:00","breadcrumb":{"@id":"https:\/\/gearxtools.com\/fr\/outil-multifonction-pliable-avec-mousqueton-gear-x-noir\/#breadcrumb"},"inLanguage":"fr-FR","potentialAction":[{"@type":"ReadAction","target":["https:\/\/gearxtools.com\/fr\/outil-multifonction-pliable-avec-mousqueton-gear-x-noir\/"]}]},{"@type":"ImageObject","inLanguage":"fr-FR","@id":"https:\/\/gearxtools.com\/fr\/outil-multifonction-pliable-avec-mousqueton-gear-x-noir\/#primaryimage","url":"https:\/\/gearxtools.com\/wp-content\/uploads\/sites\/8\/2025\/10\/P221.2701__S_0__c001aa98d4104538b250799916cbe5fa.jpg","contentUrl":"https:\/\/gearxtools.com\/wp-content\/uploads\/sites\/8\/2025\/10\/P221.2701__S_0__c001aa98d4104538b250799916cbe5fa.jpg","width":1024,"height":1024},{"@type":"BreadcrumbList","@id":"https:\/\/gearxtools.com\/fr\/outil-multifonction-pliable-avec-mousqueton-gear-x-noir\/#breadcrumb","itemListElement":[{"@type":"ListItem","position":1,"name":"Home","item":"https:\/\/gearxtools.com\/fr\/"},{"@type":"ListItem","position":2,"name":"Collection","item":"https:\/\/gearxtools.com\/fr\/collection\/"},{"@type":"ListItem","position":3,"name":"Outil multifonction pliable avec mousqueton Gear X, noir"}]},{"@type":"WebSite","@id":"https:\/\/gearxtools.com\/fr\/#website","url":"https:\/\/gearxtools.com\/fr\/","name":"Gear X Tools","description":"Gear X always there when you need it","potentialAction":[{"@type":"SearchAction","target":{"@type":"EntryPoint","urlTemplate":"https:\/\/gearxtools.com\/fr\/?s={search_term_string}"},"query-input":{"@type":"PropertyValueSpecification","valueRequired":true,"valueName":"search_term_string"}}],"inLanguage":"fr-FR"}]}},"aioseo_notices":[],"_links":{"self":[{"href":"https:\/\/gearxtools.com\/fr\/wp-json\/wp\/v2\/product\/6798","targetHints":{"allow":["GET"]}}],"collection":[{"href":"https:\/\/gearxtools.com\/fr\/wp-json\/wp\/v2\/product"}],"about":[{"href":"https:\/\/gearxtools.com\/fr\/wp-json\/wp\/v2\/types\/product"}],"replies":[{"embeddable":true,"href":"https:\/\/gearxtools.com\/fr\/wp-json\/wp\/v2\/comments?post=6798"}],"wp:featuredmedia":[{"embeddable":true,"href":"https:\/\/gearxtools.com\/fr\/wp-json\/wp\/v2\/media\/6870"}],"wp:attachment":[{"href":"https:\/\/gearxtools.com\/fr\/wp-json\/wp\/v2\/media?parent=6798"}],"wp:term":[{"taxonomy":"product_cat","embeddable":true,"href":"https:\/\/gearxtools.com\/fr\/wp-json\/wp\/v2\/product_cat?post=6798"},{"taxonomy":"product_tag","embeddable":true,"href":"https:\/\/gearxtools.com\/fr\/wp-json\/wp\/v2\/product_tag?post=6798"}],"curies":[{"name":"wp","href":"https:\/\/api.w.org\/{rel}","templated":true}]}}