{"id":2063,"date":"2023-08-09T00:04:06","date_gmt":"2023-08-09T00:04:06","guid":{"rendered":"https:\/\/gearxtools.com\/torcia-ricaricabile-usb-gear-x-in-r-alluminio-rcs-nero\/"},"modified":"2026-03-12T02:34:23","modified_gmt":"2026-03-12T02:34:23","slug":"torcia-ricaricabile-usb-gear-x-in-r-alluminio-rcs-nero","status":"publish","type":"product","link":"https:\/\/gearxtools.com\/it\/torcia-ricaricabile-usb-gear-x-in-r-alluminio-rcs-nero\/","title":{"rendered":"Torcia ricaricabile USB in rAlluminio RCS, nero"},"content":{"rendered":"<p>Funzionalit\u00e0, prestazioni e design si incontrano in questa torcia ricaricabile da 3W realizzata con alluminio riciclato certificato RCS. Contenuto riciclato totale: 20% in base al peso totale dell&#8217;articolo. La certificazione RCS garantisce una catena di approvvigionamento dei materiali riciclati completamente certificata. Grazie al suo grado di protezione IP4 \u00e8 resistente alle intemperie. La potente lampadina genera fino a 100 lumen e un fascio di luce che raggiunge i 100 metri. La torcia utilizza una batteria ricaricabile di grado A, quindi non \u00e8 necessario sostituire le batterie. \u00c8 sufficiente ricaricarla tramite la presa USB e il cavo riciclato di type C certificato RCS in dotazione. La lampadina di alta qualit\u00e0 \u00e8 dotata di 5 modalit\u00e0, compresa la funzione SOS. La batteria da 500 mah consente un utilizzo fino a 4 ore con una singola carica. L&#8217;alluminio non perde le sue caratteristiche nel processo di riciclo e pu\u00f2 essere riciclato all&#8217;infinito. Articolo e accessori 100% senza PVC.<\/p>\n","protected":false},"excerpt":{"rendered":"<p>Funzionalit\u00e0, prestazioni e design si incontrano in questa torcia ricaricabile da 3W realizzata con alluminio riciclato certificato RCS. Contenuto riciclato totale: 20% in base al peso totale dell&#8217;articolo. La certificazione RCS garantisce una catena di approvvigionamento dei materiali riciclati completamente certificata. Grazie al suo grado di protezione IP4 \u00e8 resistente alle intemperie. La potente lampadina [&hellip;]<\/p>\n","protected":false},"featured_media":6334,"comment_status":"closed","ping_status":"closed","template":"","meta":{"_acf_changed":false,"_monsterinsights_skip_tracking":false,"_monsterinsights_sitenote_active":false,"_monsterinsights_sitenote_note":"","_monsterinsights_sitenote_category":0},"product_cat":[90],"product_tag":[],"class_list":["post-2063","product","type-product","status-publish","has-post-thumbnail","hentry","product_cat-torce","pa_color-black"],"acf":[],"yoast_head":"<!-- This site is optimized with the Yoast SEO plugin v27.0 - https:\/\/yoast.com\/product\/yoast-seo-wordpress\/ -->\n<title>Torcia ricaricabile USB in rAlluminio RCS, nero - Gear X Tools<\/title>\n<meta name=\"robots\" content=\"index, follow, max-snippet:-1, max-image-preview:large, max-video-preview:-1\" \/>\n<link rel=\"canonical\" href=\"https:\/\/gearxtools.com\/it\/torcia-ricaricabile-usb-gear-x-in-r-alluminio-rcs-nero\/\" \/>\n<meta property=\"og:locale\" content=\"it_IT\" \/>\n<meta property=\"og:type\" content=\"article\" \/>\n<meta property=\"og:title\" content=\"Torcia ricaricabile USB in rAlluminio RCS, nero - Gear X Tools\" \/>\n<meta property=\"og:description\" content=\"Funzionalit\u00e0, prestazioni e design si incontrano in questa torcia ricaricabile da 3W realizzata con alluminio riciclato certificato RCS. Contenuto riciclato totale: 20% in base al peso totale dell&#8217;articolo. La certificazione RCS garantisce una catena di approvvigionamento dei materiali riciclati completamente certificata. Grazie al suo grado di protezione IP4 \u00e8 resistente alle intemperie. La potente lampadina [&hellip;]\" \/>\n<meta property=\"og:url\" content=\"https:\/\/gearxtools.com\/it\/torcia-ricaricabile-usb-gear-x-in-r-alluminio-rcs-nero\/\" \/>\n<meta property=\"og:site_name\" content=\"Gear X Tools\" \/>\n<meta property=\"article:modified_time\" content=\"2026-03-12T02:34:23+00:00\" \/>\n<meta property=\"og:image\" content=\"https:\/\/gearxtools.com\/wp-content\/uploads\/sites\/8\/2024\/11\/P513.901__S_0__6138225a55c4424b89bc60306882505d.jpg\" \/>\n\t<meta property=\"og:image:width\" content=\"1024\" \/>\n\t<meta property=\"og:image:height\" content=\"1024\" \/>\n\t<meta property=\"og:image:type\" content=\"image\/jpeg\" \/>\n<meta name=\"twitter:card\" content=\"summary_large_image\" \/>\n<meta name=\"twitter:label1\" content=\"Tempo di lettura stimato\" \/>\n\t<meta name=\"twitter:data1\" content=\"1 minuto\" \/>\n<script type=\"application\/ld+json\" class=\"yoast-schema-graph\">{\"@context\":\"https:\/\/schema.org\",\"@graph\":[{\"@type\":\"WebPage\",\"@id\":\"https:\/\/gearxtools.com\/it\/torcia-ricaricabile-usb-gear-x-in-r-alluminio-rcs-nero\/\",\"url\":\"https:\/\/gearxtools.com\/it\/torcia-ricaricabile-usb-gear-x-in-r-alluminio-rcs-nero\/\",\"name\":\"Torcia ricaricabile USB in rAlluminio RCS, nero - Gear X Tools\",\"isPartOf\":{\"@id\":\"https:\/\/gearxtools.com\/it\/#website\"},\"primaryImageOfPage\":{\"@id\":\"https:\/\/gearxtools.com\/it\/torcia-ricaricabile-usb-gear-x-in-r-alluminio-rcs-nero\/#primaryimage\"},\"image\":{\"@id\":\"https:\/\/gearxtools.com\/it\/torcia-ricaricabile-usb-gear-x-in-r-alluminio-rcs-nero\/#primaryimage\"},\"thumbnailUrl\":\"https:\/\/gearxtools.com\/wp-content\/uploads\/sites\/8\/2024\/11\/P513.901__S_0__6138225a55c4424b89bc60306882505d.jpg\",\"datePublished\":\"2023-08-09T00:04:06+00:00\",\"dateModified\":\"2026-03-12T02:34:23+00:00\",\"breadcrumb\":{\"@id\":\"https:\/\/gearxtools.com\/it\/torcia-ricaricabile-usb-gear-x-in-r-alluminio-rcs-nero\/#breadcrumb\"},\"inLanguage\":\"it-IT\",\"potentialAction\":[{\"@type\":\"ReadAction\",\"target\":[\"https:\/\/gearxtools.com\/it\/torcia-ricaricabile-usb-gear-x-in-r-alluminio-rcs-nero\/\"]}]},{\"@type\":\"ImageObject\",\"inLanguage\":\"it-IT\",\"@id\":\"https:\/\/gearxtools.com\/it\/torcia-ricaricabile-usb-gear-x-in-r-alluminio-rcs-nero\/#primaryimage\",\"url\":\"https:\/\/gearxtools.com\/wp-content\/uploads\/sites\/8\/2024\/11\/P513.901__S_0__6138225a55c4424b89bc60306882505d.jpg\",\"contentUrl\":\"https:\/\/gearxtools.com\/wp-content\/uploads\/sites\/8\/2024\/11\/P513.901__S_0__6138225a55c4424b89bc60306882505d.jpg\",\"width\":1024,\"height\":1024},{\"@type\":\"BreadcrumbList\",\"@id\":\"https:\/\/gearxtools.com\/it\/torcia-ricaricabile-usb-gear-x-in-r-alluminio-rcs-nero\/#breadcrumb\",\"itemListElement\":[{\"@type\":\"ListItem\",\"position\":1,\"name\":\"Home\",\"item\":\"https:\/\/gearxtools.com\/it\/\"},{\"@type\":\"ListItem\",\"position\":2,\"name\":\"Collezione\",\"item\":\"https:\/\/gearxtools.com\/it\/collection\/\"},{\"@type\":\"ListItem\",\"position\":3,\"name\":\"Torcia ricaricabile USB in rAlluminio RCS, nero\"}]},{\"@type\":\"WebSite\",\"@id\":\"https:\/\/gearxtools.com\/it\/#website\",\"url\":\"https:\/\/gearxtools.com\/it\/\",\"name\":\"Gear X Tools\",\"description\":\"Gear X always there when you need it\",\"potentialAction\":[{\"@type\":\"SearchAction\",\"target\":{\"@type\":\"EntryPoint\",\"urlTemplate\":\"https:\/\/gearxtools.com\/it\/?s={search_term_string}\"},\"query-input\":{\"@type\":\"PropertyValueSpecification\",\"valueRequired\":true,\"valueName\":\"search_term_string\"}}],\"inLanguage\":\"it-IT\"}]}<\/script>\n<!-- \/ Yoast SEO plugin. -->","yoast_head_json":{"title":"Torcia ricaricabile USB in rAlluminio RCS, nero - Gear X Tools","robots":{"index":"index","follow":"follow","max-snippet":"max-snippet:-1","max-image-preview":"max-image-preview:large","max-video-preview":"max-video-preview:-1"},"canonical":"https:\/\/gearxtools.com\/it\/torcia-ricaricabile-usb-gear-x-in-r-alluminio-rcs-nero\/","og_locale":"it_IT","og_type":"article","og_title":"Torcia ricaricabile USB in rAlluminio RCS, nero - Gear X Tools","og_description":"Funzionalit\u00e0, prestazioni e design si incontrano in questa torcia ricaricabile da 3W realizzata con alluminio riciclato certificato RCS. Contenuto riciclato totale: 20% in base al peso totale dell&#8217;articolo. La certificazione RCS garantisce una catena di approvvigionamento dei materiali riciclati completamente certificata. Grazie al suo grado di protezione IP4 \u00e8 resistente alle intemperie. La potente lampadina [&hellip;]","og_url":"https:\/\/gearxtools.com\/it\/torcia-ricaricabile-usb-gear-x-in-r-alluminio-rcs-nero\/","og_site_name":"Gear X Tools","article_modified_time":"2026-03-12T02:34:23+00:00","og_image":[{"width":1024,"height":1024,"url":"https:\/\/gearxtools.com\/wp-content\/uploads\/sites\/8\/2024\/11\/P513.901__S_0__6138225a55c4424b89bc60306882505d.jpg","type":"image\/jpeg"}],"twitter_card":"summary_large_image","twitter_misc":{"Tempo di lettura stimato":"1 minuto"},"schema":{"@context":"https:\/\/schema.org","@graph":[{"@type":"WebPage","@id":"https:\/\/gearxtools.com\/it\/torcia-ricaricabile-usb-gear-x-in-r-alluminio-rcs-nero\/","url":"https:\/\/gearxtools.com\/it\/torcia-ricaricabile-usb-gear-x-in-r-alluminio-rcs-nero\/","name":"Torcia ricaricabile USB in rAlluminio RCS, nero - Gear X Tools","isPartOf":{"@id":"https:\/\/gearxtools.com\/it\/#website"},"primaryImageOfPage":{"@id":"https:\/\/gearxtools.com\/it\/torcia-ricaricabile-usb-gear-x-in-r-alluminio-rcs-nero\/#primaryimage"},"image":{"@id":"https:\/\/gearxtools.com\/it\/torcia-ricaricabile-usb-gear-x-in-r-alluminio-rcs-nero\/#primaryimage"},"thumbnailUrl":"https:\/\/gearxtools.com\/wp-content\/uploads\/sites\/8\/2024\/11\/P513.901__S_0__6138225a55c4424b89bc60306882505d.jpg","datePublished":"2023-08-09T00:04:06+00:00","dateModified":"2026-03-12T02:34:23+00:00","breadcrumb":{"@id":"https:\/\/gearxtools.com\/it\/torcia-ricaricabile-usb-gear-x-in-r-alluminio-rcs-nero\/#breadcrumb"},"inLanguage":"it-IT","potentialAction":[{"@type":"ReadAction","target":["https:\/\/gearxtools.com\/it\/torcia-ricaricabile-usb-gear-x-in-r-alluminio-rcs-nero\/"]}]},{"@type":"ImageObject","inLanguage":"it-IT","@id":"https:\/\/gearxtools.com\/it\/torcia-ricaricabile-usb-gear-x-in-r-alluminio-rcs-nero\/#primaryimage","url":"https:\/\/gearxtools.com\/wp-content\/uploads\/sites\/8\/2024\/11\/P513.901__S_0__6138225a55c4424b89bc60306882505d.jpg","contentUrl":"https:\/\/gearxtools.com\/wp-content\/uploads\/sites\/8\/2024\/11\/P513.901__S_0__6138225a55c4424b89bc60306882505d.jpg","width":1024,"height":1024},{"@type":"BreadcrumbList","@id":"https:\/\/gearxtools.com\/it\/torcia-ricaricabile-usb-gear-x-in-r-alluminio-rcs-nero\/#breadcrumb","itemListElement":[{"@type":"ListItem","position":1,"name":"Home","item":"https:\/\/gearxtools.com\/it\/"},{"@type":"ListItem","position":2,"name":"Collezione","item":"https:\/\/gearxtools.com\/it\/collection\/"},{"@type":"ListItem","position":3,"name":"Torcia ricaricabile USB in rAlluminio RCS, nero"}]},{"@type":"WebSite","@id":"https:\/\/gearxtools.com\/it\/#website","url":"https:\/\/gearxtools.com\/it\/","name":"Gear X Tools","description":"Gear X always there when you need it","potentialAction":[{"@type":"SearchAction","target":{"@type":"EntryPoint","urlTemplate":"https:\/\/gearxtools.com\/it\/?s={search_term_string}"},"query-input":{"@type":"PropertyValueSpecification","valueRequired":true,"valueName":"search_term_string"}}],"inLanguage":"it-IT"}]}},"aioseo_notices":[],"_links":{"self":[{"href":"https:\/\/gearxtools.com\/it\/wp-json\/wp\/v2\/product\/2063","targetHints":{"allow":["GET"]}}],"collection":[{"href":"https:\/\/gearxtools.com\/it\/wp-json\/wp\/v2\/product"}],"about":[{"href":"https:\/\/gearxtools.com\/it\/wp-json\/wp\/v2\/types\/product"}],"replies":[{"embeddable":true,"href":"https:\/\/gearxtools.com\/it\/wp-json\/wp\/v2\/comments?post=2063"}],"wp:featuredmedia":[{"embeddable":true,"href":"https:\/\/gearxtools.com\/it\/wp-json\/wp\/v2\/media\/6334"}],"wp:attachment":[{"href":"https:\/\/gearxtools.com\/it\/wp-json\/wp\/v2\/media?parent=2063"}],"wp:term":[{"taxonomy":"product_cat","embeddable":true,"href":"https:\/\/gearxtools.com\/it\/wp-json\/wp\/v2\/product_cat?post=2063"},{"taxonomy":"product_tag","embeddable":true,"href":"https:\/\/gearxtools.com\/it\/wp-json\/wp\/v2\/product_tag?post=2063"}],"curies":[{"name":"wp","href":"https:\/\/api.w.org\/{rel}","templated":true}]}}