{"id":3516,"date":"2024-01-03T01:02:09","date_gmt":"2024-01-03T01:02:09","guid":{"rendered":"https:\/\/gearxtools.com\/luce-da-lavoro-usb-gear-x-in-rplastica-rcs-260-lumen-grigio\/"},"modified":"2026-03-12T02:34:20","modified_gmt":"2026-03-12T02:34:20","slug":"luce-da-lavoro-usb-gear-x-in-rplastica-rcs-260-lumen-grigio","status":"publish","type":"product","link":"https:\/\/gearxtools.com\/it\/luce-da-lavoro-usb-gear-x-in-rplastica-rcs-260-lumen-grigio\/","title":{"rendered":"Luce da lavoro USB in rPlastica RCS 260 lumen, grigio"},"content":{"rendered":"<p>Lampada da lavoro tascabile con COB super luminoso realizzata con plastica ABS riciclata certificata RCS. Contenuto totale riciclato: 36% in base al peso totale dell&#8217;articolo. La certificazione RCS garantisce una catena di approvvigionamento completamente certificata dei materiali riciclati.  La lampada da lavoro utilizza una batteria al litio ricaricabile di grado A da 900 mah, quindi non \u00e8 necessario sostituire le batterie. \u00c8 sufficiente ricaricarla tramite la presa USB. La lampada da lavoro \u00e8 dotata di 260 lumen COB. Con 2 modalit\u00e0: COB e COB 50%. Con magnete sul retro. Con funzione di supporto.  Con porta di tipo C per la ricarica. Autonomia con una sola carica: 3 ore.<\/p>\n","protected":false},"excerpt":{"rendered":"<p>Lampada da lavoro tascabile con COB super luminoso realizzata con plastica ABS riciclata certificata RCS. Contenuto totale riciclato: 36% in base al peso totale dell&#8217;articolo. La certificazione RCS garantisce una catena di approvvigionamento completamente certificata dei materiali riciclati. La lampada da lavoro utilizza una batteria al litio ricaricabile di grado A da 900 mah, quindi [&hellip;]<\/p>\n","protected":false},"featured_media":6117,"comment_status":"closed","ping_status":"closed","template":"","meta":{"_acf_changed":false,"_monsterinsights_skip_tracking":false,"_monsterinsights_sitenote_active":false,"_monsterinsights_sitenote_note":"","_monsterinsights_sitenote_category":0},"product_cat":[90],"product_tag":[],"class_list":["post-3516","product","type-product","status-publish","has-post-thumbnail","hentry","product_cat-torce","pa_color-black","pa_color-grey"],"acf":[],"yoast_head":"<!-- This site is optimized with the Yoast SEO plugin v27.0 - https:\/\/yoast.com\/product\/yoast-seo-wordpress\/ -->\n<title>Luce da lavoro USB in rPlastica RCS 260 lumen, grigio - Gear X Tools<\/title>\n<meta name=\"robots\" content=\"index, follow, max-snippet:-1, max-image-preview:large, max-video-preview:-1\" \/>\n<link rel=\"canonical\" href=\"https:\/\/gearxtools.com\/it\/luce-da-lavoro-usb-gear-x-in-rplastica-rcs-260-lumen-grigio\/\" \/>\n<meta property=\"og:locale\" content=\"it_IT\" \/>\n<meta property=\"og:type\" content=\"article\" \/>\n<meta property=\"og:title\" content=\"Luce da lavoro USB in rPlastica RCS 260 lumen, grigio - Gear X Tools\" \/>\n<meta property=\"og:description\" content=\"Lampada da lavoro tascabile con COB super luminoso realizzata con plastica ABS riciclata certificata RCS. Contenuto totale riciclato: 36% in base al peso totale dell&#8217;articolo. La certificazione RCS garantisce una catena di approvvigionamento completamente certificata dei materiali riciclati. La lampada da lavoro utilizza una batteria al litio ricaricabile di grado A da 900 mah, quindi [&hellip;]\" \/>\n<meta property=\"og:url\" content=\"https:\/\/gearxtools.com\/it\/luce-da-lavoro-usb-gear-x-in-rplastica-rcs-260-lumen-grigio\/\" \/>\n<meta property=\"og:site_name\" content=\"Gear X Tools\" \/>\n<meta property=\"article:modified_time\" content=\"2026-03-12T02:34:20+00:00\" \/>\n<meta property=\"og:image\" content=\"https:\/\/gearxtools.com\/wp-content\/uploads\/sites\/8\/2024\/05\/P513.242__S_0__d432fb7ca2854f64b6efe4be4a07c0d2.jpg\" \/>\n\t<meta property=\"og:image:width\" content=\"1024\" \/>\n\t<meta property=\"og:image:height\" content=\"1024\" \/>\n\t<meta property=\"og:image:type\" content=\"image\/jpeg\" \/>\n<meta name=\"twitter:card\" content=\"summary_large_image\" \/>\n<script type=\"application\/ld+json\" class=\"yoast-schema-graph\">{\"@context\":\"https:\/\/schema.org\",\"@graph\":[{\"@type\":\"WebPage\",\"@id\":\"https:\/\/gearxtools.com\/it\/luce-da-lavoro-usb-gear-x-in-rplastica-rcs-260-lumen-grigio\/\",\"url\":\"https:\/\/gearxtools.com\/it\/luce-da-lavoro-usb-gear-x-in-rplastica-rcs-260-lumen-grigio\/\",\"name\":\"Luce da lavoro USB in rPlastica RCS 260 lumen, grigio - Gear X Tools\",\"isPartOf\":{\"@id\":\"https:\/\/gearxtools.com\/it\/#website\"},\"primaryImageOfPage\":{\"@id\":\"https:\/\/gearxtools.com\/it\/luce-da-lavoro-usb-gear-x-in-rplastica-rcs-260-lumen-grigio\/#primaryimage\"},\"image\":{\"@id\":\"https:\/\/gearxtools.com\/it\/luce-da-lavoro-usb-gear-x-in-rplastica-rcs-260-lumen-grigio\/#primaryimage\"},\"thumbnailUrl\":\"https:\/\/gearxtools.com\/wp-content\/uploads\/sites\/8\/2024\/05\/P513.242__S_0__d432fb7ca2854f64b6efe4be4a07c0d2.jpg\",\"datePublished\":\"2024-01-03T01:02:09+00:00\",\"dateModified\":\"2026-03-12T02:34:20+00:00\",\"breadcrumb\":{\"@id\":\"https:\/\/gearxtools.com\/it\/luce-da-lavoro-usb-gear-x-in-rplastica-rcs-260-lumen-grigio\/#breadcrumb\"},\"inLanguage\":\"it-IT\",\"potentialAction\":[{\"@type\":\"ReadAction\",\"target\":[\"https:\/\/gearxtools.com\/it\/luce-da-lavoro-usb-gear-x-in-rplastica-rcs-260-lumen-grigio\/\"]}]},{\"@type\":\"ImageObject\",\"inLanguage\":\"it-IT\",\"@id\":\"https:\/\/gearxtools.com\/it\/luce-da-lavoro-usb-gear-x-in-rplastica-rcs-260-lumen-grigio\/#primaryimage\",\"url\":\"https:\/\/gearxtools.com\/wp-content\/uploads\/sites\/8\/2024\/05\/P513.242__S_0__d432fb7ca2854f64b6efe4be4a07c0d2.jpg\",\"contentUrl\":\"https:\/\/gearxtools.com\/wp-content\/uploads\/sites\/8\/2024\/05\/P513.242__S_0__d432fb7ca2854f64b6efe4be4a07c0d2.jpg\",\"width\":1024,\"height\":1024},{\"@type\":\"BreadcrumbList\",\"@id\":\"https:\/\/gearxtools.com\/it\/luce-da-lavoro-usb-gear-x-in-rplastica-rcs-260-lumen-grigio\/#breadcrumb\",\"itemListElement\":[{\"@type\":\"ListItem\",\"position\":1,\"name\":\"Home\",\"item\":\"https:\/\/gearxtools.com\/it\/\"},{\"@type\":\"ListItem\",\"position\":2,\"name\":\"Collezione\",\"item\":\"https:\/\/gearxtools.com\/it\/collection\/\"},{\"@type\":\"ListItem\",\"position\":3,\"name\":\"Luce da lavoro USB in rPlastica RCS 260 lumen, grigio\"}]},{\"@type\":\"WebSite\",\"@id\":\"https:\/\/gearxtools.com\/it\/#website\",\"url\":\"https:\/\/gearxtools.com\/it\/\",\"name\":\"Gear X Tools\",\"description\":\"Gear X always there when you need it\",\"potentialAction\":[{\"@type\":\"SearchAction\",\"target\":{\"@type\":\"EntryPoint\",\"urlTemplate\":\"https:\/\/gearxtools.com\/it\/?s={search_term_string}\"},\"query-input\":{\"@type\":\"PropertyValueSpecification\",\"valueRequired\":true,\"valueName\":\"search_term_string\"}}],\"inLanguage\":\"it-IT\"}]}<\/script>\n<!-- \/ Yoast SEO plugin. -->","yoast_head_json":{"title":"Luce da lavoro USB in rPlastica RCS 260 lumen, grigio - Gear X Tools","robots":{"index":"index","follow":"follow","max-snippet":"max-snippet:-1","max-image-preview":"max-image-preview:large","max-video-preview":"max-video-preview:-1"},"canonical":"https:\/\/gearxtools.com\/it\/luce-da-lavoro-usb-gear-x-in-rplastica-rcs-260-lumen-grigio\/","og_locale":"it_IT","og_type":"article","og_title":"Luce da lavoro USB in rPlastica RCS 260 lumen, grigio - Gear X Tools","og_description":"Lampada da lavoro tascabile con COB super luminoso realizzata con plastica ABS riciclata certificata RCS. Contenuto totale riciclato: 36% in base al peso totale dell&#8217;articolo. La certificazione RCS garantisce una catena di approvvigionamento completamente certificata dei materiali riciclati. La lampada da lavoro utilizza una batteria al litio ricaricabile di grado A da 900 mah, quindi [&hellip;]","og_url":"https:\/\/gearxtools.com\/it\/luce-da-lavoro-usb-gear-x-in-rplastica-rcs-260-lumen-grigio\/","og_site_name":"Gear X Tools","article_modified_time":"2026-03-12T02:34:20+00:00","og_image":[{"width":1024,"height":1024,"url":"https:\/\/gearxtools.com\/wp-content\/uploads\/sites\/8\/2024\/05\/P513.242__S_0__d432fb7ca2854f64b6efe4be4a07c0d2.jpg","type":"image\/jpeg"}],"twitter_card":"summary_large_image","schema":{"@context":"https:\/\/schema.org","@graph":[{"@type":"WebPage","@id":"https:\/\/gearxtools.com\/it\/luce-da-lavoro-usb-gear-x-in-rplastica-rcs-260-lumen-grigio\/","url":"https:\/\/gearxtools.com\/it\/luce-da-lavoro-usb-gear-x-in-rplastica-rcs-260-lumen-grigio\/","name":"Luce da lavoro USB in rPlastica RCS 260 lumen, grigio - Gear X Tools","isPartOf":{"@id":"https:\/\/gearxtools.com\/it\/#website"},"primaryImageOfPage":{"@id":"https:\/\/gearxtools.com\/it\/luce-da-lavoro-usb-gear-x-in-rplastica-rcs-260-lumen-grigio\/#primaryimage"},"image":{"@id":"https:\/\/gearxtools.com\/it\/luce-da-lavoro-usb-gear-x-in-rplastica-rcs-260-lumen-grigio\/#primaryimage"},"thumbnailUrl":"https:\/\/gearxtools.com\/wp-content\/uploads\/sites\/8\/2024\/05\/P513.242__S_0__d432fb7ca2854f64b6efe4be4a07c0d2.jpg","datePublished":"2024-01-03T01:02:09+00:00","dateModified":"2026-03-12T02:34:20+00:00","breadcrumb":{"@id":"https:\/\/gearxtools.com\/it\/luce-da-lavoro-usb-gear-x-in-rplastica-rcs-260-lumen-grigio\/#breadcrumb"},"inLanguage":"it-IT","potentialAction":[{"@type":"ReadAction","target":["https:\/\/gearxtools.com\/it\/luce-da-lavoro-usb-gear-x-in-rplastica-rcs-260-lumen-grigio\/"]}]},{"@type":"ImageObject","inLanguage":"it-IT","@id":"https:\/\/gearxtools.com\/it\/luce-da-lavoro-usb-gear-x-in-rplastica-rcs-260-lumen-grigio\/#primaryimage","url":"https:\/\/gearxtools.com\/wp-content\/uploads\/sites\/8\/2024\/05\/P513.242__S_0__d432fb7ca2854f64b6efe4be4a07c0d2.jpg","contentUrl":"https:\/\/gearxtools.com\/wp-content\/uploads\/sites\/8\/2024\/05\/P513.242__S_0__d432fb7ca2854f64b6efe4be4a07c0d2.jpg","width":1024,"height":1024},{"@type":"BreadcrumbList","@id":"https:\/\/gearxtools.com\/it\/luce-da-lavoro-usb-gear-x-in-rplastica-rcs-260-lumen-grigio\/#breadcrumb","itemListElement":[{"@type":"ListItem","position":1,"name":"Home","item":"https:\/\/gearxtools.com\/it\/"},{"@type":"ListItem","position":2,"name":"Collezione","item":"https:\/\/gearxtools.com\/it\/collection\/"},{"@type":"ListItem","position":3,"name":"Luce da lavoro USB in rPlastica RCS 260 lumen, grigio"}]},{"@type":"WebSite","@id":"https:\/\/gearxtools.com\/it\/#website","url":"https:\/\/gearxtools.com\/it\/","name":"Gear X Tools","description":"Gear X always there when you need it","potentialAction":[{"@type":"SearchAction","target":{"@type":"EntryPoint","urlTemplate":"https:\/\/gearxtools.com\/it\/?s={search_term_string}"},"query-input":{"@type":"PropertyValueSpecification","valueRequired":true,"valueName":"search_term_string"}}],"inLanguage":"it-IT"}]}},"aioseo_notices":[],"_links":{"self":[{"href":"https:\/\/gearxtools.com\/it\/wp-json\/wp\/v2\/product\/3516","targetHints":{"allow":["GET"]}}],"collection":[{"href":"https:\/\/gearxtools.com\/it\/wp-json\/wp\/v2\/product"}],"about":[{"href":"https:\/\/gearxtools.com\/it\/wp-json\/wp\/v2\/types\/product"}],"replies":[{"embeddable":true,"href":"https:\/\/gearxtools.com\/it\/wp-json\/wp\/v2\/comments?post=3516"}],"wp:featuredmedia":[{"embeddable":true,"href":"https:\/\/gearxtools.com\/it\/wp-json\/wp\/v2\/media\/6117"}],"wp:attachment":[{"href":"https:\/\/gearxtools.com\/it\/wp-json\/wp\/v2\/media?parent=3516"}],"wp:term":[{"taxonomy":"product_cat","embeddable":true,"href":"https:\/\/gearxtools.com\/it\/wp-json\/wp\/v2\/product_cat?post=3516"},{"taxonomy":"product_tag","embeddable":true,"href":"https:\/\/gearxtools.com\/it\/wp-json\/wp\/v2\/product_tag?post=3516"}],"curies":[{"name":"wp","href":"https:\/\/api.w.org\/{rel}","templated":true}]}}