{"id":3518,"date":"2024-01-03T01:02:09","date_gmt":"2024-01-03T01:02:09","guid":{"rendered":"https:\/\/gearxtools.com\/torcia-per-auto-gear-x-rcs-in-alluminio-riciclato-nero\/"},"modified":"2026-04-16T01:34:17","modified_gmt":"2026-04-16T01:34:17","slug":"torcia-per-auto-gear-x-rcs-in-alluminio-riciclato-nero","status":"publish","type":"product","link":"https:\/\/gearxtools.com\/it\/torcia-per-auto-gear-x-rcs-in-alluminio-riciclato-nero\/","title":{"rendered":"Torcia per auto in rAlluminio RCS, nero"},"content":{"rendered":"<p>Resistente strumento di sicurezza per auto realizzato con alluminio e ABS riciclati certificati RCS. Contenuto totale riciclato: 59% in base al peso totale dell&#8217;articolo. La certificazione RCS garantisce una catena di approvvigionamento completamente certificata dei materiali riciclati.  La torcia utilizza una batteria al litio ricaricabile di grado A da 2000 mah, quindi non \u00e8 necessario sostituire le batterie. \u00c8 sufficiente ricaricarla tramite la presa USB. Con una potente torcia da 500 lumen con fascio luminoso fino a 100 metri. La luce a led ha 4 modalit\u00e0 (100%, 50%, 30% e lampeggiante) Con LED rosso di emergenza che pu\u00f2 funzionare in 3 modalit\u00e0 (flash rapido, flash lento e SOS).  \u00c8 dotata di un tagliacinture e di un martello da finestrino integrati. Con magnete per attaccarlo a una superficie magnetica. Tempo di funzionamento con una carica: 2 ore. Impermeabile IPX 4.<\/p>\n","protected":false},"excerpt":{"rendered":"<p>Resistente strumento di sicurezza per auto realizzato con alluminio e ABS riciclati certificati RCS. Contenuto totale riciclato: 59% in base al peso totale dell&#8217;articolo. La certificazione RCS garantisce una catena di approvvigionamento completamente certificata dei materiali riciclati. La torcia utilizza una batteria al litio ricaricabile di grado A da 2000 mah, quindi non \u00e8 necessario [&hellip;]<\/p>\n","protected":false},"featured_media":6953,"comment_status":"closed","ping_status":"closed","template":"","meta":{"_acf_changed":false,"_monsterinsights_skip_tracking":false,"_monsterinsights_sitenote_active":false,"_monsterinsights_sitenote_note":"","_monsterinsights_sitenote_category":0},"product_cat":[90],"product_tag":[],"class_list":["post-3518","product","type-product","status-publish","has-post-thumbnail","hentry","product_cat-torce","pa_color-black"],"acf":[],"yoast_head":"<!-- This site is optimized with the Yoast SEO plugin v27.0 - https:\/\/yoast.com\/product\/yoast-seo-wordpress\/ -->\n<title>Torcia per auto in rAlluminio RCS, nero - Gear X Tools<\/title>\n<meta name=\"robots\" content=\"index, follow, max-snippet:-1, max-image-preview:large, max-video-preview:-1\" \/>\n<link rel=\"canonical\" href=\"https:\/\/gearxtools.com\/it\/torcia-per-auto-gear-x-rcs-in-alluminio-riciclato-nero\/\" \/>\n<meta property=\"og:locale\" content=\"it_IT\" \/>\n<meta property=\"og:type\" content=\"article\" \/>\n<meta property=\"og:title\" content=\"Torcia per auto in rAlluminio RCS, nero - Gear X Tools\" \/>\n<meta property=\"og:description\" content=\"Resistente strumento di sicurezza per auto realizzato con alluminio e ABS riciclati certificati RCS. Contenuto totale riciclato: 59% in base al peso totale dell&#8217;articolo. La certificazione RCS garantisce una catena di approvvigionamento completamente certificata dei materiali riciclati. La torcia utilizza una batteria al litio ricaricabile di grado A da 2000 mah, quindi non \u00e8 necessario [&hellip;]\" \/>\n<meta property=\"og:url\" content=\"https:\/\/gearxtools.com\/it\/torcia-per-auto-gear-x-rcs-in-alluminio-riciclato-nero\/\" \/>\n<meta property=\"og:site_name\" content=\"Gear X Tools\" \/>\n<meta property=\"article:modified_time\" content=\"2026-04-16T01:34:17+00:00\" \/>\n<meta property=\"og:image\" content=\"https:\/\/gearxtools.com\/wp-content\/uploads\/sites\/8\/2026\/04\/P513.321__S_0__a1e69605a8f0423fb20ddaee1b8d0df0.jpg\" \/>\n\t<meta property=\"og:image:width\" content=\"1024\" \/>\n\t<meta property=\"og:image:height\" content=\"1024\" \/>\n\t<meta property=\"og:image:type\" content=\"image\/jpeg\" \/>\n<meta name=\"twitter:card\" content=\"summary_large_image\" \/>\n<meta name=\"twitter:label1\" content=\"Tempo di lettura stimato\" \/>\n\t<meta name=\"twitter:data1\" content=\"1 minuto\" \/>\n<script type=\"application\/ld+json\" class=\"yoast-schema-graph\">{\"@context\":\"https:\/\/schema.org\",\"@graph\":[{\"@type\":\"WebPage\",\"@id\":\"https:\/\/gearxtools.com\/it\/torcia-per-auto-gear-x-rcs-in-alluminio-riciclato-nero\/\",\"url\":\"https:\/\/gearxtools.com\/it\/torcia-per-auto-gear-x-rcs-in-alluminio-riciclato-nero\/\",\"name\":\"Torcia per auto in rAlluminio RCS, nero - Gear X Tools\",\"isPartOf\":{\"@id\":\"https:\/\/gearxtools.com\/it\/#website\"},\"primaryImageOfPage\":{\"@id\":\"https:\/\/gearxtools.com\/it\/torcia-per-auto-gear-x-rcs-in-alluminio-riciclato-nero\/#primaryimage\"},\"image\":{\"@id\":\"https:\/\/gearxtools.com\/it\/torcia-per-auto-gear-x-rcs-in-alluminio-riciclato-nero\/#primaryimage\"},\"thumbnailUrl\":\"https:\/\/gearxtools.com\/wp-content\/uploads\/sites\/8\/2026\/04\/P513.321__S_0__a1e69605a8f0423fb20ddaee1b8d0df0.jpg\",\"datePublished\":\"2024-01-03T01:02:09+00:00\",\"dateModified\":\"2026-04-16T01:34:17+00:00\",\"breadcrumb\":{\"@id\":\"https:\/\/gearxtools.com\/it\/torcia-per-auto-gear-x-rcs-in-alluminio-riciclato-nero\/#breadcrumb\"},\"inLanguage\":\"it-IT\",\"potentialAction\":[{\"@type\":\"ReadAction\",\"target\":[\"https:\/\/gearxtools.com\/it\/torcia-per-auto-gear-x-rcs-in-alluminio-riciclato-nero\/\"]}]},{\"@type\":\"ImageObject\",\"inLanguage\":\"it-IT\",\"@id\":\"https:\/\/gearxtools.com\/it\/torcia-per-auto-gear-x-rcs-in-alluminio-riciclato-nero\/#primaryimage\",\"url\":\"https:\/\/gearxtools.com\/wp-content\/uploads\/sites\/8\/2026\/04\/P513.321__S_0__a1e69605a8f0423fb20ddaee1b8d0df0.jpg\",\"contentUrl\":\"https:\/\/gearxtools.com\/wp-content\/uploads\/sites\/8\/2026\/04\/P513.321__S_0__a1e69605a8f0423fb20ddaee1b8d0df0.jpg\",\"width\":1024,\"height\":1024},{\"@type\":\"BreadcrumbList\",\"@id\":\"https:\/\/gearxtools.com\/it\/torcia-per-auto-gear-x-rcs-in-alluminio-riciclato-nero\/#breadcrumb\",\"itemListElement\":[{\"@type\":\"ListItem\",\"position\":1,\"name\":\"Home\",\"item\":\"https:\/\/gearxtools.com\/it\/\"},{\"@type\":\"ListItem\",\"position\":2,\"name\":\"Collezione\",\"item\":\"https:\/\/gearxtools.com\/it\/collection\/\"},{\"@type\":\"ListItem\",\"position\":3,\"name\":\"Torcia per auto in rAlluminio RCS, nero\"}]},{\"@type\":\"WebSite\",\"@id\":\"https:\/\/gearxtools.com\/it\/#website\",\"url\":\"https:\/\/gearxtools.com\/it\/\",\"name\":\"Gear X Tools\",\"description\":\"Gear X always there when you need it\",\"potentialAction\":[{\"@type\":\"SearchAction\",\"target\":{\"@type\":\"EntryPoint\",\"urlTemplate\":\"https:\/\/gearxtools.com\/it\/?s={search_term_string}\"},\"query-input\":{\"@type\":\"PropertyValueSpecification\",\"valueRequired\":true,\"valueName\":\"search_term_string\"}}],\"inLanguage\":\"it-IT\"}]}<\/script>\n<!-- \/ Yoast SEO plugin. -->","yoast_head_json":{"title":"Torcia per auto in rAlluminio RCS, nero - Gear X Tools","robots":{"index":"index","follow":"follow","max-snippet":"max-snippet:-1","max-image-preview":"max-image-preview:large","max-video-preview":"max-video-preview:-1"},"canonical":"https:\/\/gearxtools.com\/it\/torcia-per-auto-gear-x-rcs-in-alluminio-riciclato-nero\/","og_locale":"it_IT","og_type":"article","og_title":"Torcia per auto in rAlluminio RCS, nero - Gear X Tools","og_description":"Resistente strumento di sicurezza per auto realizzato con alluminio e ABS riciclati certificati RCS. Contenuto totale riciclato: 59% in base al peso totale dell&#8217;articolo. La certificazione RCS garantisce una catena di approvvigionamento completamente certificata dei materiali riciclati. La torcia utilizza una batteria al litio ricaricabile di grado A da 2000 mah, quindi non \u00e8 necessario [&hellip;]","og_url":"https:\/\/gearxtools.com\/it\/torcia-per-auto-gear-x-rcs-in-alluminio-riciclato-nero\/","og_site_name":"Gear X Tools","article_modified_time":"2026-04-16T01:34:17+00:00","og_image":[{"width":1024,"height":1024,"url":"https:\/\/gearxtools.com\/wp-content\/uploads\/sites\/8\/2026\/04\/P513.321__S_0__a1e69605a8f0423fb20ddaee1b8d0df0.jpg","type":"image\/jpeg"}],"twitter_card":"summary_large_image","twitter_misc":{"Tempo di lettura stimato":"1 minuto"},"schema":{"@context":"https:\/\/schema.org","@graph":[{"@type":"WebPage","@id":"https:\/\/gearxtools.com\/it\/torcia-per-auto-gear-x-rcs-in-alluminio-riciclato-nero\/","url":"https:\/\/gearxtools.com\/it\/torcia-per-auto-gear-x-rcs-in-alluminio-riciclato-nero\/","name":"Torcia per auto in rAlluminio RCS, nero - Gear X Tools","isPartOf":{"@id":"https:\/\/gearxtools.com\/it\/#website"},"primaryImageOfPage":{"@id":"https:\/\/gearxtools.com\/it\/torcia-per-auto-gear-x-rcs-in-alluminio-riciclato-nero\/#primaryimage"},"image":{"@id":"https:\/\/gearxtools.com\/it\/torcia-per-auto-gear-x-rcs-in-alluminio-riciclato-nero\/#primaryimage"},"thumbnailUrl":"https:\/\/gearxtools.com\/wp-content\/uploads\/sites\/8\/2026\/04\/P513.321__S_0__a1e69605a8f0423fb20ddaee1b8d0df0.jpg","datePublished":"2024-01-03T01:02:09+00:00","dateModified":"2026-04-16T01:34:17+00:00","breadcrumb":{"@id":"https:\/\/gearxtools.com\/it\/torcia-per-auto-gear-x-rcs-in-alluminio-riciclato-nero\/#breadcrumb"},"inLanguage":"it-IT","potentialAction":[{"@type":"ReadAction","target":["https:\/\/gearxtools.com\/it\/torcia-per-auto-gear-x-rcs-in-alluminio-riciclato-nero\/"]}]},{"@type":"ImageObject","inLanguage":"it-IT","@id":"https:\/\/gearxtools.com\/it\/torcia-per-auto-gear-x-rcs-in-alluminio-riciclato-nero\/#primaryimage","url":"https:\/\/gearxtools.com\/wp-content\/uploads\/sites\/8\/2026\/04\/P513.321__S_0__a1e69605a8f0423fb20ddaee1b8d0df0.jpg","contentUrl":"https:\/\/gearxtools.com\/wp-content\/uploads\/sites\/8\/2026\/04\/P513.321__S_0__a1e69605a8f0423fb20ddaee1b8d0df0.jpg","width":1024,"height":1024},{"@type":"BreadcrumbList","@id":"https:\/\/gearxtools.com\/it\/torcia-per-auto-gear-x-rcs-in-alluminio-riciclato-nero\/#breadcrumb","itemListElement":[{"@type":"ListItem","position":1,"name":"Home","item":"https:\/\/gearxtools.com\/it\/"},{"@type":"ListItem","position":2,"name":"Collezione","item":"https:\/\/gearxtools.com\/it\/collection\/"},{"@type":"ListItem","position":3,"name":"Torcia per auto in rAlluminio RCS, nero"}]},{"@type":"WebSite","@id":"https:\/\/gearxtools.com\/it\/#website","url":"https:\/\/gearxtools.com\/it\/","name":"Gear X Tools","description":"Gear X always there when you need it","potentialAction":[{"@type":"SearchAction","target":{"@type":"EntryPoint","urlTemplate":"https:\/\/gearxtools.com\/it\/?s={search_term_string}"},"query-input":{"@type":"PropertyValueSpecification","valueRequired":true,"valueName":"search_term_string"}}],"inLanguage":"it-IT"}]}},"aioseo_notices":[],"_links":{"self":[{"href":"https:\/\/gearxtools.com\/it\/wp-json\/wp\/v2\/product\/3518","targetHints":{"allow":["GET"]}}],"collection":[{"href":"https:\/\/gearxtools.com\/it\/wp-json\/wp\/v2\/product"}],"about":[{"href":"https:\/\/gearxtools.com\/it\/wp-json\/wp\/v2\/types\/product"}],"replies":[{"embeddable":true,"href":"https:\/\/gearxtools.com\/it\/wp-json\/wp\/v2\/comments?post=3518"}],"wp:featuredmedia":[{"embeddable":true,"href":"https:\/\/gearxtools.com\/it\/wp-json\/wp\/v2\/media\/6953"}],"wp:attachment":[{"href":"https:\/\/gearxtools.com\/it\/wp-json\/wp\/v2\/media?parent=3518"}],"wp:term":[{"taxonomy":"product_cat","embeddable":true,"href":"https:\/\/gearxtools.com\/it\/wp-json\/wp\/v2\/product_cat?post=3518"},{"taxonomy":"product_tag","embeddable":true,"href":"https:\/\/gearxtools.com\/it\/wp-json\/wp\/v2\/product_tag?post=3518"}],"curies":[{"name":"wp","href":"https:\/\/api.w.org\/{rel}","templated":true}]}}