{"id":6428,"date":"2025-01-03T01:02:08","date_gmt":"2025-01-03T01:02:08","guid":{"rendered":"https:\/\/gearxtools.com\/torcia-portachiavi-ricaricabile-ultra-luminosa-nero\/"},"modified":"2026-03-12T02:34:26","modified_gmt":"2026-03-12T02:34:26","slug":"torcia-portachiavi-ricaricabile-ultra-luminosa-nero","status":"publish","type":"product","link":"https:\/\/gearxtools.com\/it\/torcia-portachiavi-ricaricabile-ultra-luminosa-nero\/","title":{"rendered":"Torcia portachiavi ricaricabile ultra luminosa, nero"},"content":{"rendered":"<p>Torcia tascabile ultra luminosa realizzata con alluminio riciclato RCS Contenuto totale riciclato: 58% in base al peso totale dell&#8217;articolo. La certificazione RCS garantisce una catena di approvvigionamento completamente certificata dei materiali riciclati. La torcia \u00e8 dotata di una luce LED XTE super luminosa da 120 lumen che crea un fascio di luce fino a 30 metri. La torcia \u00e8 dotata di una batteria al litio di grado A da 200 mah che garantisce un&#8217;autonomia fino a 1 ora con ricarica rapida tramite type C in meno di 1 ora. La torcia \u00e8 impermeabile IPX 4, quindi pu\u00f2 essere utilizzata anche in condizioni atmosferiche avverse. La torcia offre 3 modalit\u00e0: 100%\/50% e lampeggiante. Confezionata in una scatola regalo FSC senza plastica. Include un cavo di ricarica type C in TPE riciclato.<\/p>\n","protected":false},"excerpt":{"rendered":"<p>Torcia tascabile ultra luminosa realizzata con alluminio riciclato RCS Contenuto totale riciclato: 58% in base al peso totale dell&#8217;articolo. La certificazione RCS garantisce una catena di approvvigionamento completamente certificata dei materiali riciclati. La torcia \u00e8 dotata di una luce LED XTE super luminosa da 120 lumen che crea un fascio di luce fino a 30 [&hellip;]<\/p>\n","protected":false},"featured_media":6637,"comment_status":"closed","ping_status":"closed","template":"","meta":{"_acf_changed":false,"_monsterinsights_skip_tracking":false,"_monsterinsights_sitenote_active":false,"_monsterinsights_sitenote_note":"","_monsterinsights_sitenote_category":0},"product_cat":[90],"product_tag":[],"class_list":["post-6428","product","type-product","status-publish","has-post-thumbnail","hentry","product_cat-torce","pa_color-black"],"acf":[],"yoast_head":"<!-- This site is optimized with the Yoast SEO plugin v27.0 - https:\/\/yoast.com\/product\/yoast-seo-wordpress\/ -->\n<title>Torcia portachiavi ricaricabile ultra luminosa, nero - Gear X Tools<\/title>\n<meta name=\"robots\" content=\"index, follow, max-snippet:-1, max-image-preview:large, max-video-preview:-1\" \/>\n<link rel=\"canonical\" href=\"https:\/\/gearxtools.com\/it\/torcia-portachiavi-ricaricabile-ultra-luminosa-nero\/\" \/>\n<meta property=\"og:locale\" content=\"it_IT\" \/>\n<meta property=\"og:type\" content=\"article\" \/>\n<meta property=\"og:title\" content=\"Torcia portachiavi ricaricabile ultra luminosa, nero - Gear X Tools\" \/>\n<meta property=\"og:description\" content=\"Torcia tascabile ultra luminosa realizzata con alluminio riciclato RCS Contenuto totale riciclato: 58% in base al peso totale dell&#8217;articolo. La certificazione RCS garantisce una catena di approvvigionamento completamente certificata dei materiali riciclati. La torcia \u00e8 dotata di una luce LED XTE super luminosa da 120 lumen che crea un fascio di luce fino a 30 [&hellip;]\" \/>\n<meta property=\"og:url\" content=\"https:\/\/gearxtools.com\/it\/torcia-portachiavi-ricaricabile-ultra-luminosa-nero\/\" \/>\n<meta property=\"og:site_name\" content=\"Gear X Tools\" \/>\n<meta property=\"article:modified_time\" content=\"2026-03-12T02:34:26+00:00\" \/>\n<meta property=\"og:image\" content=\"https:\/\/gearxtools.com\/wp-content\/uploads\/sites\/8\/2025\/02\/P514.5001__S_0__792d7e72901d4693811e803aee84b6dd.jpg\" \/>\n\t<meta property=\"og:image:width\" content=\"1024\" \/>\n\t<meta property=\"og:image:height\" content=\"1024\" \/>\n\t<meta property=\"og:image:type\" content=\"image\/jpeg\" \/>\n<meta name=\"twitter:card\" content=\"summary_large_image\" \/>\n<meta name=\"twitter:label1\" content=\"Tempo di lettura stimato\" \/>\n\t<meta name=\"twitter:data1\" content=\"1 minuto\" \/>\n<script type=\"application\/ld+json\" class=\"yoast-schema-graph\">{\"@context\":\"https:\/\/schema.org\",\"@graph\":[{\"@type\":\"WebPage\",\"@id\":\"https:\/\/gearxtools.com\/it\/torcia-portachiavi-ricaricabile-ultra-luminosa-nero\/\",\"url\":\"https:\/\/gearxtools.com\/it\/torcia-portachiavi-ricaricabile-ultra-luminosa-nero\/\",\"name\":\"Torcia portachiavi ricaricabile ultra luminosa, nero - Gear X Tools\",\"isPartOf\":{\"@id\":\"https:\/\/gearxtools.com\/it\/#website\"},\"primaryImageOfPage\":{\"@id\":\"https:\/\/gearxtools.com\/it\/torcia-portachiavi-ricaricabile-ultra-luminosa-nero\/#primaryimage\"},\"image\":{\"@id\":\"https:\/\/gearxtools.com\/it\/torcia-portachiavi-ricaricabile-ultra-luminosa-nero\/#primaryimage\"},\"thumbnailUrl\":\"https:\/\/gearxtools.com\/wp-content\/uploads\/sites\/8\/2025\/02\/P514.5001__S_0__792d7e72901d4693811e803aee84b6dd.jpg\",\"datePublished\":\"2025-01-03T01:02:08+00:00\",\"dateModified\":\"2026-03-12T02:34:26+00:00\",\"breadcrumb\":{\"@id\":\"https:\/\/gearxtools.com\/it\/torcia-portachiavi-ricaricabile-ultra-luminosa-nero\/#breadcrumb\"},\"inLanguage\":\"it-IT\",\"potentialAction\":[{\"@type\":\"ReadAction\",\"target\":[\"https:\/\/gearxtools.com\/it\/torcia-portachiavi-ricaricabile-ultra-luminosa-nero\/\"]}]},{\"@type\":\"ImageObject\",\"inLanguage\":\"it-IT\",\"@id\":\"https:\/\/gearxtools.com\/it\/torcia-portachiavi-ricaricabile-ultra-luminosa-nero\/#primaryimage\",\"url\":\"https:\/\/gearxtools.com\/wp-content\/uploads\/sites\/8\/2025\/02\/P514.5001__S_0__792d7e72901d4693811e803aee84b6dd.jpg\",\"contentUrl\":\"https:\/\/gearxtools.com\/wp-content\/uploads\/sites\/8\/2025\/02\/P514.5001__S_0__792d7e72901d4693811e803aee84b6dd.jpg\",\"width\":1024,\"height\":1024},{\"@type\":\"BreadcrumbList\",\"@id\":\"https:\/\/gearxtools.com\/it\/torcia-portachiavi-ricaricabile-ultra-luminosa-nero\/#breadcrumb\",\"itemListElement\":[{\"@type\":\"ListItem\",\"position\":1,\"name\":\"Home\",\"item\":\"https:\/\/gearxtools.com\/it\/\"},{\"@type\":\"ListItem\",\"position\":2,\"name\":\"Collezione\",\"item\":\"https:\/\/gearxtools.com\/it\/collection\/\"},{\"@type\":\"ListItem\",\"position\":3,\"name\":\"Torcia portachiavi ricaricabile ultra luminosa, nero\"}]},{\"@type\":\"WebSite\",\"@id\":\"https:\/\/gearxtools.com\/it\/#website\",\"url\":\"https:\/\/gearxtools.com\/it\/\",\"name\":\"Gear X Tools\",\"description\":\"Gear X always there when you need it\",\"potentialAction\":[{\"@type\":\"SearchAction\",\"target\":{\"@type\":\"EntryPoint\",\"urlTemplate\":\"https:\/\/gearxtools.com\/it\/?s={search_term_string}\"},\"query-input\":{\"@type\":\"PropertyValueSpecification\",\"valueRequired\":true,\"valueName\":\"search_term_string\"}}],\"inLanguage\":\"it-IT\"}]}<\/script>\n<!-- \/ Yoast SEO plugin. -->","yoast_head_json":{"title":"Torcia portachiavi ricaricabile ultra luminosa, nero - Gear X Tools","robots":{"index":"index","follow":"follow","max-snippet":"max-snippet:-1","max-image-preview":"max-image-preview:large","max-video-preview":"max-video-preview:-1"},"canonical":"https:\/\/gearxtools.com\/it\/torcia-portachiavi-ricaricabile-ultra-luminosa-nero\/","og_locale":"it_IT","og_type":"article","og_title":"Torcia portachiavi ricaricabile ultra luminosa, nero - Gear X Tools","og_description":"Torcia tascabile ultra luminosa realizzata con alluminio riciclato RCS Contenuto totale riciclato: 58% in base al peso totale dell&#8217;articolo. La certificazione RCS garantisce una catena di approvvigionamento completamente certificata dei materiali riciclati. La torcia \u00e8 dotata di una luce LED XTE super luminosa da 120 lumen che crea un fascio di luce fino a 30 [&hellip;]","og_url":"https:\/\/gearxtools.com\/it\/torcia-portachiavi-ricaricabile-ultra-luminosa-nero\/","og_site_name":"Gear X Tools","article_modified_time":"2026-03-12T02:34:26+00:00","og_image":[{"width":1024,"height":1024,"url":"https:\/\/gearxtools.com\/wp-content\/uploads\/sites\/8\/2025\/02\/P514.5001__S_0__792d7e72901d4693811e803aee84b6dd.jpg","type":"image\/jpeg"}],"twitter_card":"summary_large_image","twitter_misc":{"Tempo di lettura stimato":"1 minuto"},"schema":{"@context":"https:\/\/schema.org","@graph":[{"@type":"WebPage","@id":"https:\/\/gearxtools.com\/it\/torcia-portachiavi-ricaricabile-ultra-luminosa-nero\/","url":"https:\/\/gearxtools.com\/it\/torcia-portachiavi-ricaricabile-ultra-luminosa-nero\/","name":"Torcia portachiavi ricaricabile ultra luminosa, nero - Gear X Tools","isPartOf":{"@id":"https:\/\/gearxtools.com\/it\/#website"},"primaryImageOfPage":{"@id":"https:\/\/gearxtools.com\/it\/torcia-portachiavi-ricaricabile-ultra-luminosa-nero\/#primaryimage"},"image":{"@id":"https:\/\/gearxtools.com\/it\/torcia-portachiavi-ricaricabile-ultra-luminosa-nero\/#primaryimage"},"thumbnailUrl":"https:\/\/gearxtools.com\/wp-content\/uploads\/sites\/8\/2025\/02\/P514.5001__S_0__792d7e72901d4693811e803aee84b6dd.jpg","datePublished":"2025-01-03T01:02:08+00:00","dateModified":"2026-03-12T02:34:26+00:00","breadcrumb":{"@id":"https:\/\/gearxtools.com\/it\/torcia-portachiavi-ricaricabile-ultra-luminosa-nero\/#breadcrumb"},"inLanguage":"it-IT","potentialAction":[{"@type":"ReadAction","target":["https:\/\/gearxtools.com\/it\/torcia-portachiavi-ricaricabile-ultra-luminosa-nero\/"]}]},{"@type":"ImageObject","inLanguage":"it-IT","@id":"https:\/\/gearxtools.com\/it\/torcia-portachiavi-ricaricabile-ultra-luminosa-nero\/#primaryimage","url":"https:\/\/gearxtools.com\/wp-content\/uploads\/sites\/8\/2025\/02\/P514.5001__S_0__792d7e72901d4693811e803aee84b6dd.jpg","contentUrl":"https:\/\/gearxtools.com\/wp-content\/uploads\/sites\/8\/2025\/02\/P514.5001__S_0__792d7e72901d4693811e803aee84b6dd.jpg","width":1024,"height":1024},{"@type":"BreadcrumbList","@id":"https:\/\/gearxtools.com\/it\/torcia-portachiavi-ricaricabile-ultra-luminosa-nero\/#breadcrumb","itemListElement":[{"@type":"ListItem","position":1,"name":"Home","item":"https:\/\/gearxtools.com\/it\/"},{"@type":"ListItem","position":2,"name":"Collezione","item":"https:\/\/gearxtools.com\/it\/collection\/"},{"@type":"ListItem","position":3,"name":"Torcia portachiavi ricaricabile ultra luminosa, nero"}]},{"@type":"WebSite","@id":"https:\/\/gearxtools.com\/it\/#website","url":"https:\/\/gearxtools.com\/it\/","name":"Gear X Tools","description":"Gear X always there when you need it","potentialAction":[{"@type":"SearchAction","target":{"@type":"EntryPoint","urlTemplate":"https:\/\/gearxtools.com\/it\/?s={search_term_string}"},"query-input":{"@type":"PropertyValueSpecification","valueRequired":true,"valueName":"search_term_string"}}],"inLanguage":"it-IT"}]}},"aioseo_notices":[],"_links":{"self":[{"href":"https:\/\/gearxtools.com\/it\/wp-json\/wp\/v2\/product\/6428","targetHints":{"allow":["GET"]}}],"collection":[{"href":"https:\/\/gearxtools.com\/it\/wp-json\/wp\/v2\/product"}],"about":[{"href":"https:\/\/gearxtools.com\/it\/wp-json\/wp\/v2\/types\/product"}],"replies":[{"embeddable":true,"href":"https:\/\/gearxtools.com\/it\/wp-json\/wp\/v2\/comments?post=6428"}],"wp:featuredmedia":[{"embeddable":true,"href":"https:\/\/gearxtools.com\/it\/wp-json\/wp\/v2\/media\/6637"}],"wp:attachment":[{"href":"https:\/\/gearxtools.com\/it\/wp-json\/wp\/v2\/media?parent=6428"}],"wp:term":[{"taxonomy":"product_cat","embeddable":true,"href":"https:\/\/gearxtools.com\/it\/wp-json\/wp\/v2\/product_cat?post=6428"},{"taxonomy":"product_tag","embeddable":true,"href":"https:\/\/gearxtools.com\/it\/wp-json\/wp\/v2\/product_tag?post=6428"}],"curies":[{"name":"wp","href":"https:\/\/api.w.org\/{rel}","templated":true}]}}