{"id":6802,"date":"2025-08-01T00:02:10","date_gmt":"2025-08-01T00:02:10","guid":{"rendered":"https:\/\/gearxtools.com\/attrezzo-pieghevole-edc-gear-x-con-moschettone-nero\/"},"modified":"2026-03-12T02:34:15","modified_gmt":"2026-03-12T02:34:15","slug":"attrezzo-pieghevole-edc-gear-x-con-moschettone-nero","status":"publish","type":"product","link":"https:\/\/gearxtools.com\/it\/attrezzo-pieghevole-edc-gear-x-con-moschettone-nero\/","title":{"rendered":"Attrezzo pieghevole EDC Gear X con moschettone, nero"},"content":{"rendered":"<p>Il multiutensile pieghevole Gear X EDC combina eccezionale maestria artigianale e versatilit\u00e0 in un design compatto, rendendolo il compagno ideale per tutti i giorni. Realizzato in resistente acciaio inossidabile 420, questo utensile di qualit\u00e0 offre 11 funzioni essenziali, tra cui chiavi M5, M4, M3,5, M2,5, M2 e M1,6, un cacciavite piatto, un cacciavite Phillips, un taglierino, un apribottiglie e un gancio. Misura solo 9,1 cm quando \u00e8 piegato e 12,8 cm quando \u00e8 aperto, ed \u00e8 dotato di un moschettone integrato per un facile aggancio. Confezionato in una scatola certificata FSC.<\/p>\n","protected":false},"excerpt":{"rendered":"<p>Il multiutensile pieghevole Gear X EDC combina eccezionale maestria artigianale e versatilit\u00e0 in un design compatto, rendendolo il compagno ideale per tutti i giorni. Realizzato in resistente acciaio inossidabile 420, questo utensile di qualit\u00e0 offre 11 funzioni essenziali, tra cui chiavi M5, M4, M3,5, M2,5, M2 e M1,6, un cacciavite piatto, un cacciavite Phillips, un [&hellip;]<\/p>\n","protected":false},"featured_media":6872,"comment_status":"closed","ping_status":"closed","template":"","meta":{"_acf_changed":false,"_monsterinsights_skip_tracking":false,"_monsterinsights_sitenote_active":false,"_monsterinsights_sitenote_note":"","_monsterinsights_sitenote_category":0},"product_cat":[88],"product_tag":[],"class_list":["post-6802","product","type-product","status-publish","has-post-thumbnail","hentry","product_cat-multiattrezzi","pa_color-black"],"acf":[],"yoast_head":"<!-- This site is optimized with the Yoast SEO plugin v27.0 - https:\/\/yoast.com\/product\/yoast-seo-wordpress\/ -->\n<title>Attrezzo pieghevole EDC Gear X con moschettone, nero - Gear X Tools<\/title>\n<meta name=\"robots\" content=\"index, follow, max-snippet:-1, max-image-preview:large, max-video-preview:-1\" \/>\n<link rel=\"canonical\" href=\"https:\/\/gearxtools.com\/it\/attrezzo-pieghevole-edc-gear-x-con-moschettone-nero\/\" \/>\n<meta property=\"og:locale\" content=\"it_IT\" \/>\n<meta property=\"og:type\" content=\"article\" \/>\n<meta property=\"og:title\" content=\"Attrezzo pieghevole EDC Gear X con moschettone, nero - Gear X Tools\" \/>\n<meta property=\"og:description\" content=\"Il multiutensile pieghevole Gear X EDC combina eccezionale maestria artigianale e versatilit\u00e0 in un design compatto, rendendolo il compagno ideale per tutti i giorni. Realizzato in resistente acciaio inossidabile 420, questo utensile di qualit\u00e0 offre 11 funzioni essenziali, tra cui chiavi M5, M4, M3,5, M2,5, M2 e M1,6, un cacciavite piatto, un cacciavite Phillips, un [&hellip;]\" \/>\n<meta property=\"og:url\" content=\"https:\/\/gearxtools.com\/it\/attrezzo-pieghevole-edc-gear-x-con-moschettone-nero\/\" \/>\n<meta property=\"og:site_name\" content=\"Gear X Tools\" \/>\n<meta property=\"article:modified_time\" content=\"2026-03-12T02:34:15+00:00\" \/>\n<meta property=\"og:image\" content=\"https:\/\/gearxtools.com\/wp-content\/uploads\/sites\/8\/2025\/10\/P221.2701__S_0__c001aa98d4104538b250799916cbe5fa.jpg\" \/>\n\t<meta property=\"og:image:width\" content=\"1024\" \/>\n\t<meta property=\"og:image:height\" content=\"1024\" \/>\n\t<meta property=\"og:image:type\" content=\"image\/jpeg\" \/>\n<meta name=\"twitter:card\" content=\"summary_large_image\" \/>\n<script type=\"application\/ld+json\" class=\"yoast-schema-graph\">{\"@context\":\"https:\/\/schema.org\",\"@graph\":[{\"@type\":\"WebPage\",\"@id\":\"https:\/\/gearxtools.com\/it\/attrezzo-pieghevole-edc-gear-x-con-moschettone-nero\/\",\"url\":\"https:\/\/gearxtools.com\/it\/attrezzo-pieghevole-edc-gear-x-con-moschettone-nero\/\",\"name\":\"Attrezzo pieghevole EDC Gear X con moschettone, nero - Gear X Tools\",\"isPartOf\":{\"@id\":\"https:\/\/gearxtools.com\/it\/#website\"},\"primaryImageOfPage\":{\"@id\":\"https:\/\/gearxtools.com\/it\/attrezzo-pieghevole-edc-gear-x-con-moschettone-nero\/#primaryimage\"},\"image\":{\"@id\":\"https:\/\/gearxtools.com\/it\/attrezzo-pieghevole-edc-gear-x-con-moschettone-nero\/#primaryimage\"},\"thumbnailUrl\":\"https:\/\/gearxtools.com\/wp-content\/uploads\/sites\/8\/2025\/10\/P221.2701__S_0__c001aa98d4104538b250799916cbe5fa.jpg\",\"datePublished\":\"2025-08-01T00:02:10+00:00\",\"dateModified\":\"2026-03-12T02:34:15+00:00\",\"breadcrumb\":{\"@id\":\"https:\/\/gearxtools.com\/it\/attrezzo-pieghevole-edc-gear-x-con-moschettone-nero\/#breadcrumb\"},\"inLanguage\":\"it-IT\",\"potentialAction\":[{\"@type\":\"ReadAction\",\"target\":[\"https:\/\/gearxtools.com\/it\/attrezzo-pieghevole-edc-gear-x-con-moschettone-nero\/\"]}]},{\"@type\":\"ImageObject\",\"inLanguage\":\"it-IT\",\"@id\":\"https:\/\/gearxtools.com\/it\/attrezzo-pieghevole-edc-gear-x-con-moschettone-nero\/#primaryimage\",\"url\":\"https:\/\/gearxtools.com\/wp-content\/uploads\/sites\/8\/2025\/10\/P221.2701__S_0__c001aa98d4104538b250799916cbe5fa.jpg\",\"contentUrl\":\"https:\/\/gearxtools.com\/wp-content\/uploads\/sites\/8\/2025\/10\/P221.2701__S_0__c001aa98d4104538b250799916cbe5fa.jpg\",\"width\":1024,\"height\":1024},{\"@type\":\"BreadcrumbList\",\"@id\":\"https:\/\/gearxtools.com\/it\/attrezzo-pieghevole-edc-gear-x-con-moschettone-nero\/#breadcrumb\",\"itemListElement\":[{\"@type\":\"ListItem\",\"position\":1,\"name\":\"Home\",\"item\":\"https:\/\/gearxtools.com\/it\/\"},{\"@type\":\"ListItem\",\"position\":2,\"name\":\"Collezione\",\"item\":\"https:\/\/gearxtools.com\/it\/collection\/\"},{\"@type\":\"ListItem\",\"position\":3,\"name\":\"Attrezzo pieghevole EDC Gear X con moschettone, nero\"}]},{\"@type\":\"WebSite\",\"@id\":\"https:\/\/gearxtools.com\/it\/#website\",\"url\":\"https:\/\/gearxtools.com\/it\/\",\"name\":\"Gear X Tools\",\"description\":\"Gear X always there when you need it\",\"potentialAction\":[{\"@type\":\"SearchAction\",\"target\":{\"@type\":\"EntryPoint\",\"urlTemplate\":\"https:\/\/gearxtools.com\/it\/?s={search_term_string}\"},\"query-input\":{\"@type\":\"PropertyValueSpecification\",\"valueRequired\":true,\"valueName\":\"search_term_string\"}}],\"inLanguage\":\"it-IT\"}]}<\/script>\n<!-- \/ Yoast SEO plugin. -->","yoast_head_json":{"title":"Attrezzo pieghevole EDC Gear X con moschettone, nero - Gear X Tools","robots":{"index":"index","follow":"follow","max-snippet":"max-snippet:-1","max-image-preview":"max-image-preview:large","max-video-preview":"max-video-preview:-1"},"canonical":"https:\/\/gearxtools.com\/it\/attrezzo-pieghevole-edc-gear-x-con-moschettone-nero\/","og_locale":"it_IT","og_type":"article","og_title":"Attrezzo pieghevole EDC Gear X con moschettone, nero - Gear X Tools","og_description":"Il multiutensile pieghevole Gear X EDC combina eccezionale maestria artigianale e versatilit\u00e0 in un design compatto, rendendolo il compagno ideale per tutti i giorni. Realizzato in resistente acciaio inossidabile 420, questo utensile di qualit\u00e0 offre 11 funzioni essenziali, tra cui chiavi M5, M4, M3,5, M2,5, M2 e M1,6, un cacciavite piatto, un cacciavite Phillips, un [&hellip;]","og_url":"https:\/\/gearxtools.com\/it\/attrezzo-pieghevole-edc-gear-x-con-moschettone-nero\/","og_site_name":"Gear X Tools","article_modified_time":"2026-03-12T02:34:15+00:00","og_image":[{"width":1024,"height":1024,"url":"https:\/\/gearxtools.com\/wp-content\/uploads\/sites\/8\/2025\/10\/P221.2701__S_0__c001aa98d4104538b250799916cbe5fa.jpg","type":"image\/jpeg"}],"twitter_card":"summary_large_image","schema":{"@context":"https:\/\/schema.org","@graph":[{"@type":"WebPage","@id":"https:\/\/gearxtools.com\/it\/attrezzo-pieghevole-edc-gear-x-con-moschettone-nero\/","url":"https:\/\/gearxtools.com\/it\/attrezzo-pieghevole-edc-gear-x-con-moschettone-nero\/","name":"Attrezzo pieghevole EDC Gear X con moschettone, nero - Gear X Tools","isPartOf":{"@id":"https:\/\/gearxtools.com\/it\/#website"},"primaryImageOfPage":{"@id":"https:\/\/gearxtools.com\/it\/attrezzo-pieghevole-edc-gear-x-con-moschettone-nero\/#primaryimage"},"image":{"@id":"https:\/\/gearxtools.com\/it\/attrezzo-pieghevole-edc-gear-x-con-moschettone-nero\/#primaryimage"},"thumbnailUrl":"https:\/\/gearxtools.com\/wp-content\/uploads\/sites\/8\/2025\/10\/P221.2701__S_0__c001aa98d4104538b250799916cbe5fa.jpg","datePublished":"2025-08-01T00:02:10+00:00","dateModified":"2026-03-12T02:34:15+00:00","breadcrumb":{"@id":"https:\/\/gearxtools.com\/it\/attrezzo-pieghevole-edc-gear-x-con-moschettone-nero\/#breadcrumb"},"inLanguage":"it-IT","potentialAction":[{"@type":"ReadAction","target":["https:\/\/gearxtools.com\/it\/attrezzo-pieghevole-edc-gear-x-con-moschettone-nero\/"]}]},{"@type":"ImageObject","inLanguage":"it-IT","@id":"https:\/\/gearxtools.com\/it\/attrezzo-pieghevole-edc-gear-x-con-moschettone-nero\/#primaryimage","url":"https:\/\/gearxtools.com\/wp-content\/uploads\/sites\/8\/2025\/10\/P221.2701__S_0__c001aa98d4104538b250799916cbe5fa.jpg","contentUrl":"https:\/\/gearxtools.com\/wp-content\/uploads\/sites\/8\/2025\/10\/P221.2701__S_0__c001aa98d4104538b250799916cbe5fa.jpg","width":1024,"height":1024},{"@type":"BreadcrumbList","@id":"https:\/\/gearxtools.com\/it\/attrezzo-pieghevole-edc-gear-x-con-moschettone-nero\/#breadcrumb","itemListElement":[{"@type":"ListItem","position":1,"name":"Home","item":"https:\/\/gearxtools.com\/it\/"},{"@type":"ListItem","position":2,"name":"Collezione","item":"https:\/\/gearxtools.com\/it\/collection\/"},{"@type":"ListItem","position":3,"name":"Attrezzo pieghevole EDC Gear X con moschettone, nero"}]},{"@type":"WebSite","@id":"https:\/\/gearxtools.com\/it\/#website","url":"https:\/\/gearxtools.com\/it\/","name":"Gear X Tools","description":"Gear X always there when you need it","potentialAction":[{"@type":"SearchAction","target":{"@type":"EntryPoint","urlTemplate":"https:\/\/gearxtools.com\/it\/?s={search_term_string}"},"query-input":{"@type":"PropertyValueSpecification","valueRequired":true,"valueName":"search_term_string"}}],"inLanguage":"it-IT"}]}},"aioseo_notices":[],"_links":{"self":[{"href":"https:\/\/gearxtools.com\/it\/wp-json\/wp\/v2\/product\/6802","targetHints":{"allow":["GET"]}}],"collection":[{"href":"https:\/\/gearxtools.com\/it\/wp-json\/wp\/v2\/product"}],"about":[{"href":"https:\/\/gearxtools.com\/it\/wp-json\/wp\/v2\/types\/product"}],"replies":[{"embeddable":true,"href":"https:\/\/gearxtools.com\/it\/wp-json\/wp\/v2\/comments?post=6802"}],"wp:featuredmedia":[{"embeddable":true,"href":"https:\/\/gearxtools.com\/it\/wp-json\/wp\/v2\/media\/6872"}],"wp:attachment":[{"href":"https:\/\/gearxtools.com\/it\/wp-json\/wp\/v2\/media?parent=6802"}],"wp:term":[{"taxonomy":"product_cat","embeddable":true,"href":"https:\/\/gearxtools.com\/it\/wp-json\/wp\/v2\/product_cat?post=6802"},{"taxonomy":"product_tag","embeddable":true,"href":"https:\/\/gearxtools.com\/it\/wp-json\/wp\/v2\/product_tag?post=6802"}],"curies":[{"name":"wp","href":"https:\/\/api.w.org\/{rel}","templated":true}]}}