{"id":7088,"date":"2026-05-07T00:02:10","date_gmt":"2026-05-07T00:02:10","guid":{"rendered":"https:\/\/gearxtools.com\/torcia-frontale-gear-x-rplastica-rcs-e-sensore-di-movimento-nero\/"},"modified":"2026-05-07T01:34:08","modified_gmt":"2026-05-07T01:34:08","slug":"torcia-frontale-gear-x-rplastica-rcs-e-sensore-di-movimento-nero","status":"publish","type":"product","link":"https:\/\/gearxtools.com\/it\/torcia-frontale-gear-x-rplastica-rcs-e-sensore-di-movimento-nero\/","title":{"rendered":"Torcia frontale Gear X rPlastica RCS e sensore di movimento, nero"},"content":{"rendered":"<p>Questa torcia frontale offre un&#8217;illuminazione sicura e la comodit\u00e0 di avere le mani libere in qualsiasi situazione. Dotata di sensore di movimento, pu\u00f2 essere accesa o spenta con un semplice gesto della mano, ideale quando si hanno le mani occupate o si indossano i guanti. Dotata di due luci LED XTE di alta qualit\u00e0, offre una potenza di 500 lumen con una distanza del fascio fino a 70 metri e offre 5 modalit\u00e0 di illuminazione per diversi ambienti e attivit\u00e0. La batteria ricaricabile integrata da 800 mAh garantisce fino a 4 ore di autonomia e pu\u00f2 essere facilmente ricaricata tramite type C. Progettata per sostituire facilmente la batteria in conformit\u00e0 con il regolamento UE 2023\/1542. La fascia elastica regolabile assicura una vestibilit\u00e0 comoda e pu\u00f2 essere indossata sulla testa o intorno al casco. Realizzata con il 33% di ABS riciclato certificato RCS (Recycled Claim Standard) in base al peso totale dell&#8217;articolo. L&#8217;articolo e gli accessori sono privi di PVC e confezionati in scatole r<\/p>\n","protected":false},"excerpt":{"rendered":"<p>Questa torcia frontale offre un&#8217;illuminazione sicura e la comodit\u00e0 di avere le mani libere in qualsiasi situazione. Dotata di sensore di movimento, pu\u00f2 essere accesa o spenta con un semplice gesto della mano, ideale quando si hanno le mani occupate o si indossano i guanti. Dotata di due luci LED XTE di alta qualit\u00e0, offre [&hellip;]<\/p>\n","protected":false},"featured_media":7017,"comment_status":"closed","ping_status":"closed","template":"","meta":{"_acf_changed":false,"_monsterinsights_skip_tracking":false,"_monsterinsights_sitenote_active":false,"_monsterinsights_sitenote_note":"","_monsterinsights_sitenote_category":0},"product_cat":[15],"product_tag":[],"class_list":["post-7088","product","type-product","status-publish","has-post-thumbnail","hentry","product_cat-uncategorized","pa_color-black"],"acf":[],"yoast_head":"<!-- This site is optimized with the Yoast SEO plugin v27.0 - https:\/\/yoast.com\/product\/yoast-seo-wordpress\/ -->\n<title>Torcia frontale Gear X rPlastica RCS e sensore di movimento, nero - Gear X Tools<\/title>\n<meta name=\"robots\" content=\"index, follow, max-snippet:-1, max-image-preview:large, max-video-preview:-1\" \/>\n<link rel=\"canonical\" href=\"https:\/\/gearxtools.com\/it\/torcia-frontale-gear-x-rplastica-rcs-e-sensore-di-movimento-nero\/\" \/>\n<meta property=\"og:locale\" content=\"it_IT\" \/>\n<meta property=\"og:type\" content=\"article\" \/>\n<meta property=\"og:title\" content=\"Torcia frontale Gear X rPlastica RCS e sensore di movimento, nero - Gear X Tools\" \/>\n<meta property=\"og:description\" content=\"Questa torcia frontale offre un&#8217;illuminazione sicura e la comodit\u00e0 di avere le mani libere in qualsiasi situazione. Dotata di sensore di movimento, pu\u00f2 essere accesa o spenta con un semplice gesto della mano, ideale quando si hanno le mani occupate o si indossano i guanti. Dotata di due luci LED XTE di alta qualit\u00e0, offre [&hellip;]\" \/>\n<meta property=\"og:url\" content=\"https:\/\/gearxtools.com\/it\/torcia-frontale-gear-x-rplastica-rcs-e-sensore-di-movimento-nero\/\" \/>\n<meta property=\"og:site_name\" content=\"Gear X Tools\" \/>\n<meta property=\"article:modified_time\" content=\"2026-05-07T01:34:08+00:00\" \/>\n<meta property=\"og:image\" content=\"https:\/\/gearxtools.com\/wp-content\/uploads\/sites\/8\/2026\/05\/P518.0501__S_0__73f5fb43985747b8a004095d980ef15b.jpg\" \/>\n\t<meta property=\"og:image:width\" content=\"1024\" \/>\n\t<meta property=\"og:image:height\" content=\"1024\" \/>\n\t<meta property=\"og:image:type\" content=\"image\/jpeg\" \/>\n<meta name=\"twitter:card\" content=\"summary_large_image\" \/>\n<meta name=\"twitter:label1\" content=\"Tempo di lettura stimato\" \/>\n\t<meta name=\"twitter:data1\" content=\"1 minuto\" \/>\n<script type=\"application\/ld+json\" class=\"yoast-schema-graph\">{\"@context\":\"https:\/\/schema.org\",\"@graph\":[{\"@type\":\"WebPage\",\"@id\":\"https:\/\/gearxtools.com\/it\/torcia-frontale-gear-x-rplastica-rcs-e-sensore-di-movimento-nero\/\",\"url\":\"https:\/\/gearxtools.com\/it\/torcia-frontale-gear-x-rplastica-rcs-e-sensore-di-movimento-nero\/\",\"name\":\"Torcia frontale Gear X rPlastica RCS e sensore di movimento, nero - Gear X Tools\",\"isPartOf\":{\"@id\":\"https:\/\/gearxtools.com\/it\/#website\"},\"primaryImageOfPage\":{\"@id\":\"https:\/\/gearxtools.com\/it\/torcia-frontale-gear-x-rplastica-rcs-e-sensore-di-movimento-nero\/#primaryimage\"},\"image\":{\"@id\":\"https:\/\/gearxtools.com\/it\/torcia-frontale-gear-x-rplastica-rcs-e-sensore-di-movimento-nero\/#primaryimage\"},\"thumbnailUrl\":\"https:\/\/gearxtools.com\/wp-content\/uploads\/sites\/8\/2026\/05\/P518.0501__S_0__73f5fb43985747b8a004095d980ef15b.jpg\",\"datePublished\":\"2026-05-07T00:02:10+00:00\",\"dateModified\":\"2026-05-07T01:34:08+00:00\",\"breadcrumb\":{\"@id\":\"https:\/\/gearxtools.com\/it\/torcia-frontale-gear-x-rplastica-rcs-e-sensore-di-movimento-nero\/#breadcrumb\"},\"inLanguage\":\"it-IT\",\"potentialAction\":[{\"@type\":\"ReadAction\",\"target\":[\"https:\/\/gearxtools.com\/it\/torcia-frontale-gear-x-rplastica-rcs-e-sensore-di-movimento-nero\/\"]}]},{\"@type\":\"ImageObject\",\"inLanguage\":\"it-IT\",\"@id\":\"https:\/\/gearxtools.com\/it\/torcia-frontale-gear-x-rplastica-rcs-e-sensore-di-movimento-nero\/#primaryimage\",\"url\":\"https:\/\/gearxtools.com\/wp-content\/uploads\/sites\/8\/2026\/05\/P518.0501__S_0__73f5fb43985747b8a004095d980ef15b.jpg\",\"contentUrl\":\"https:\/\/gearxtools.com\/wp-content\/uploads\/sites\/8\/2026\/05\/P518.0501__S_0__73f5fb43985747b8a004095d980ef15b.jpg\",\"width\":1024,\"height\":1024},{\"@type\":\"BreadcrumbList\",\"@id\":\"https:\/\/gearxtools.com\/it\/torcia-frontale-gear-x-rplastica-rcs-e-sensore-di-movimento-nero\/#breadcrumb\",\"itemListElement\":[{\"@type\":\"ListItem\",\"position\":1,\"name\":\"Home\",\"item\":\"https:\/\/gearxtools.com\/it\/\"},{\"@type\":\"ListItem\",\"position\":2,\"name\":\"Collezione\",\"item\":\"https:\/\/gearxtools.com\/it\/collection\/\"},{\"@type\":\"ListItem\",\"position\":3,\"name\":\"Torcia frontale Gear X rPlastica RCS e sensore di movimento, nero\"}]},{\"@type\":\"WebSite\",\"@id\":\"https:\/\/gearxtools.com\/it\/#website\",\"url\":\"https:\/\/gearxtools.com\/it\/\",\"name\":\"Gear X Tools\",\"description\":\"Gear X always there when you need it\",\"potentialAction\":[{\"@type\":\"SearchAction\",\"target\":{\"@type\":\"EntryPoint\",\"urlTemplate\":\"https:\/\/gearxtools.com\/it\/?s={search_term_string}\"},\"query-input\":{\"@type\":\"PropertyValueSpecification\",\"valueRequired\":true,\"valueName\":\"search_term_string\"}}],\"inLanguage\":\"it-IT\"}]}<\/script>\n<!-- \/ Yoast SEO plugin. -->","yoast_head_json":{"title":"Torcia frontale Gear X rPlastica RCS e sensore di movimento, nero - Gear X Tools","robots":{"index":"index","follow":"follow","max-snippet":"max-snippet:-1","max-image-preview":"max-image-preview:large","max-video-preview":"max-video-preview:-1"},"canonical":"https:\/\/gearxtools.com\/it\/torcia-frontale-gear-x-rplastica-rcs-e-sensore-di-movimento-nero\/","og_locale":"it_IT","og_type":"article","og_title":"Torcia frontale Gear X rPlastica RCS e sensore di movimento, nero - Gear X Tools","og_description":"Questa torcia frontale offre un&#8217;illuminazione sicura e la comodit\u00e0 di avere le mani libere in qualsiasi situazione. Dotata di sensore di movimento, pu\u00f2 essere accesa o spenta con un semplice gesto della mano, ideale quando si hanno le mani occupate o si indossano i guanti. Dotata di due luci LED XTE di alta qualit\u00e0, offre [&hellip;]","og_url":"https:\/\/gearxtools.com\/it\/torcia-frontale-gear-x-rplastica-rcs-e-sensore-di-movimento-nero\/","og_site_name":"Gear X Tools","article_modified_time":"2026-05-07T01:34:08+00:00","og_image":[{"width":1024,"height":1024,"url":"https:\/\/gearxtools.com\/wp-content\/uploads\/sites\/8\/2026\/05\/P518.0501__S_0__73f5fb43985747b8a004095d980ef15b.jpg","type":"image\/jpeg"}],"twitter_card":"summary_large_image","twitter_misc":{"Tempo di lettura stimato":"1 minuto"},"schema":{"@context":"https:\/\/schema.org","@graph":[{"@type":"WebPage","@id":"https:\/\/gearxtools.com\/it\/torcia-frontale-gear-x-rplastica-rcs-e-sensore-di-movimento-nero\/","url":"https:\/\/gearxtools.com\/it\/torcia-frontale-gear-x-rplastica-rcs-e-sensore-di-movimento-nero\/","name":"Torcia frontale Gear X rPlastica RCS e sensore di movimento, nero - Gear X Tools","isPartOf":{"@id":"https:\/\/gearxtools.com\/it\/#website"},"primaryImageOfPage":{"@id":"https:\/\/gearxtools.com\/it\/torcia-frontale-gear-x-rplastica-rcs-e-sensore-di-movimento-nero\/#primaryimage"},"image":{"@id":"https:\/\/gearxtools.com\/it\/torcia-frontale-gear-x-rplastica-rcs-e-sensore-di-movimento-nero\/#primaryimage"},"thumbnailUrl":"https:\/\/gearxtools.com\/wp-content\/uploads\/sites\/8\/2026\/05\/P518.0501__S_0__73f5fb43985747b8a004095d980ef15b.jpg","datePublished":"2026-05-07T00:02:10+00:00","dateModified":"2026-05-07T01:34:08+00:00","breadcrumb":{"@id":"https:\/\/gearxtools.com\/it\/torcia-frontale-gear-x-rplastica-rcs-e-sensore-di-movimento-nero\/#breadcrumb"},"inLanguage":"it-IT","potentialAction":[{"@type":"ReadAction","target":["https:\/\/gearxtools.com\/it\/torcia-frontale-gear-x-rplastica-rcs-e-sensore-di-movimento-nero\/"]}]},{"@type":"ImageObject","inLanguage":"it-IT","@id":"https:\/\/gearxtools.com\/it\/torcia-frontale-gear-x-rplastica-rcs-e-sensore-di-movimento-nero\/#primaryimage","url":"https:\/\/gearxtools.com\/wp-content\/uploads\/sites\/8\/2026\/05\/P518.0501__S_0__73f5fb43985747b8a004095d980ef15b.jpg","contentUrl":"https:\/\/gearxtools.com\/wp-content\/uploads\/sites\/8\/2026\/05\/P518.0501__S_0__73f5fb43985747b8a004095d980ef15b.jpg","width":1024,"height":1024},{"@type":"BreadcrumbList","@id":"https:\/\/gearxtools.com\/it\/torcia-frontale-gear-x-rplastica-rcs-e-sensore-di-movimento-nero\/#breadcrumb","itemListElement":[{"@type":"ListItem","position":1,"name":"Home","item":"https:\/\/gearxtools.com\/it\/"},{"@type":"ListItem","position":2,"name":"Collezione","item":"https:\/\/gearxtools.com\/it\/collection\/"},{"@type":"ListItem","position":3,"name":"Torcia frontale Gear X rPlastica RCS e sensore di movimento, nero"}]},{"@type":"WebSite","@id":"https:\/\/gearxtools.com\/it\/#website","url":"https:\/\/gearxtools.com\/it\/","name":"Gear X Tools","description":"Gear X always there when you need it","potentialAction":[{"@type":"SearchAction","target":{"@type":"EntryPoint","urlTemplate":"https:\/\/gearxtools.com\/it\/?s={search_term_string}"},"query-input":{"@type":"PropertyValueSpecification","valueRequired":true,"valueName":"search_term_string"}}],"inLanguage":"it-IT"}]}},"aioseo_notices":[],"_links":{"self":[{"href":"https:\/\/gearxtools.com\/it\/wp-json\/wp\/v2\/product\/7088","targetHints":{"allow":["GET"]}}],"collection":[{"href":"https:\/\/gearxtools.com\/it\/wp-json\/wp\/v2\/product"}],"about":[{"href":"https:\/\/gearxtools.com\/it\/wp-json\/wp\/v2\/types\/product"}],"replies":[{"embeddable":true,"href":"https:\/\/gearxtools.com\/it\/wp-json\/wp\/v2\/comments?post=7088"}],"wp:featuredmedia":[{"embeddable":true,"href":"https:\/\/gearxtools.com\/it\/wp-json\/wp\/v2\/media\/7017"}],"wp:attachment":[{"href":"https:\/\/gearxtools.com\/it\/wp-json\/wp\/v2\/media?parent=7088"}],"wp:term":[{"taxonomy":"product_cat","embeddable":true,"href":"https:\/\/gearxtools.com\/it\/wp-json\/wp\/v2\/product_cat?post=7088"},{"taxonomy":"product_tag","embeddable":true,"href":"https:\/\/gearxtools.com\/it\/wp-json\/wp\/v2\/product_tag?post=7088"}],"curies":[{"name":"wp","href":"https:\/\/api.w.org\/{rel}","templated":true}]}}