{"id":1235,"date":"2023-03-16T15:54:11","date_gmt":"2023-03-16T15:54:11","guid":{"rendered":"https:\/\/xdsomename.tempurl.host\/gearx-website\/product\/5m-mattband-med-langsam-snabb-returfunktion-svart\/"},"modified":"2026-03-12T02:22:09","modified_gmt":"2026-03-12T02:22:09","slug":"5m-mattband-med-langsam-snabb-returfunktion-svart","status":"publish","type":"product","link":"https:\/\/gearxtools.com\/sv\/5m-mattband-med-langsam-snabb-returfunktion-svart\/","title":{"rendered":"5M m\u00e5ttband med l\u00e5ngsam\/snabb returfunktion, svart"},"content":{"rendered":"<p>M\u00e5ttband i h\u00f6g kvalitet med 5M\/19mm band. M\u00e5ttbandets h\u00f6lje \u00e4r st\u00f6tt\u00e5ligt och har en l\u00e5sknapp och b\u00e4ltesclip. Till skillnad fr\u00e5n m\u00e5nga andra modeller har detta m\u00e5ttband tv\u00e5 returhastigheter. M\u00e5ttbandet har tv\u00e5 magneter p\u00e5 \u00e4nden och en slitt\u00e5lig tryckt gradering p\u00e5 bandet. Levereras i giftbox.<\/p>\n","protected":false},"excerpt":{"rendered":"<p>M\u00e5ttband i h\u00f6g kvalitet med 5M\/19mm band. M\u00e5ttbandets h\u00f6lje \u00e4r st\u00f6tt\u00e5ligt och har en l\u00e5sknapp och b\u00e4ltesclip. Till skillnad fr\u00e5n m\u00e5nga andra modeller har detta m\u00e5ttband tv\u00e5 returhastigheter. M\u00e5ttbandet har tv\u00e5 magneter p\u00e5 \u00e4nden och en slitt\u00e5lig tryckt gradering p\u00e5 bandet. Levereras i giftbox.<\/p>\n","protected":false},"featured_media":3806,"comment_status":"closed","ping_status":"closed","template":"","meta":{"_acf_changed":false,"_monsterinsights_skip_tracking":false,"_monsterinsights_sitenote_active":false,"_monsterinsights_sitenote_note":"","_monsterinsights_sitenote_category":0},"product_cat":[54],"product_tag":[],"class_list":["post-1235","product","type-product","status-publish","has-post-thumbnail","hentry","product_cat-matning","pa_color-black"],"acf":[],"yoast_head":"<!-- This site is optimized with the Yoast SEO plugin v27.0 - https:\/\/yoast.com\/product\/yoast-seo-wordpress\/ -->\n<title>5M m\u00e5ttband med l\u00e5ngsam\/snabb returfunktion, svart - Gear X Tools<\/title>\n<meta name=\"robots\" content=\"index, follow, max-snippet:-1, max-image-preview:large, max-video-preview:-1\" \/>\n<link rel=\"canonical\" href=\"https:\/\/gearxtools.com\/sv\/5m-mattband-med-langsam-snabb-returfunktion-svart\/\" \/>\n<meta property=\"og:locale\" content=\"sv_SE\" \/>\n<meta property=\"og:type\" content=\"article\" \/>\n<meta property=\"og:title\" content=\"5M m\u00e5ttband med l\u00e5ngsam\/snabb returfunktion, svart - Gear X Tools\" \/>\n<meta property=\"og:description\" content=\"M\u00e5ttband i h\u00f6g kvalitet med 5M\/19mm band. M\u00e5ttbandets h\u00f6lje \u00e4r st\u00f6tt\u00e5ligt och har en l\u00e5sknapp och b\u00e4ltesclip. Till skillnad fr\u00e5n m\u00e5nga andra modeller har detta m\u00e5ttband tv\u00e5 returhastigheter. M\u00e5ttbandet har tv\u00e5 magneter p\u00e5 \u00e4nden och en slitt\u00e5lig tryckt gradering p\u00e5 bandet. Levereras i giftbox.\" \/>\n<meta property=\"og:url\" content=\"https:\/\/gearxtools.com\/sv\/5m-mattband-med-langsam-snabb-returfunktion-svart\/\" \/>\n<meta property=\"og:site_name\" content=\"Gear X Tools\" \/>\n<meta property=\"article:modified_time\" content=\"2026-03-12T02:22:09+00:00\" \/>\n<meta property=\"og:image\" content=\"https:\/\/gearxtools.com\/wp-content\/uploads\/sites\/8\/2024\/02\/P113.201__S_0__c7d29d0d8bd3437baba84b0423401123.jpg\" \/>\n\t<meta property=\"og:image:width\" content=\"1024\" \/>\n\t<meta property=\"og:image:height\" content=\"1024\" \/>\n\t<meta property=\"og:image:type\" content=\"image\/jpeg\" \/>\n<meta name=\"twitter:card\" content=\"summary_large_image\" \/>\n<script type=\"application\/ld+json\" class=\"yoast-schema-graph\">{\"@context\":\"https:\/\/schema.org\",\"@graph\":[{\"@type\":\"WebPage\",\"@id\":\"https:\/\/gearxtools.com\/sv\/5m-mattband-med-langsam-snabb-returfunktion-svart\/\",\"url\":\"https:\/\/gearxtools.com\/sv\/5m-mattband-med-langsam-snabb-returfunktion-svart\/\",\"name\":\"5M m\u00e5ttband med l\u00e5ngsam\/snabb returfunktion, svart - Gear X Tools\",\"isPartOf\":{\"@id\":\"https:\/\/gearxtools.com\/sv\/#website\"},\"primaryImageOfPage\":{\"@id\":\"https:\/\/gearxtools.com\/sv\/5m-mattband-med-langsam-snabb-returfunktion-svart\/#primaryimage\"},\"image\":{\"@id\":\"https:\/\/gearxtools.com\/sv\/5m-mattband-med-langsam-snabb-returfunktion-svart\/#primaryimage\"},\"thumbnailUrl\":\"https:\/\/gearxtools.com\/wp-content\/uploads\/sites\/8\/2024\/02\/P113.201__S_0__c7d29d0d8bd3437baba84b0423401123.jpg\",\"datePublished\":\"2023-03-16T15:54:11+00:00\",\"dateModified\":\"2026-03-12T02:22:09+00:00\",\"breadcrumb\":{\"@id\":\"https:\/\/gearxtools.com\/sv\/5m-mattband-med-langsam-snabb-returfunktion-svart\/#breadcrumb\"},\"inLanguage\":\"sv-SE\",\"potentialAction\":[{\"@type\":\"ReadAction\",\"target\":[\"https:\/\/gearxtools.com\/sv\/5m-mattband-med-langsam-snabb-returfunktion-svart\/\"]}]},{\"@type\":\"ImageObject\",\"inLanguage\":\"sv-SE\",\"@id\":\"https:\/\/gearxtools.com\/sv\/5m-mattband-med-langsam-snabb-returfunktion-svart\/#primaryimage\",\"url\":\"https:\/\/gearxtools.com\/wp-content\/uploads\/sites\/8\/2024\/02\/P113.201__S_0__c7d29d0d8bd3437baba84b0423401123.jpg\",\"contentUrl\":\"https:\/\/gearxtools.com\/wp-content\/uploads\/sites\/8\/2024\/02\/P113.201__S_0__c7d29d0d8bd3437baba84b0423401123.jpg\",\"width\":1024,\"height\":1024},{\"@type\":\"BreadcrumbList\",\"@id\":\"https:\/\/gearxtools.com\/sv\/5m-mattband-med-langsam-snabb-returfunktion-svart\/#breadcrumb\",\"itemListElement\":[{\"@type\":\"ListItem\",\"position\":1,\"name\":\"Home\",\"item\":\"https:\/\/gearxtools.com\/sv\/\"},{\"@type\":\"ListItem\",\"position\":2,\"name\":\"Kollektion\",\"item\":\"https:\/\/gearxtools.com\/sv\/kollektion\/\"},{\"@type\":\"ListItem\",\"position\":3,\"name\":\"5M m\u00e5ttband med l\u00e5ngsam\/snabb returfunktion, svart\"}]},{\"@type\":\"WebSite\",\"@id\":\"https:\/\/gearxtools.com\/sv\/#website\",\"url\":\"https:\/\/gearxtools.com\/sv\/\",\"name\":\"Gear X Tools\",\"description\":\"Gear X always there when you need it\",\"potentialAction\":[{\"@type\":\"SearchAction\",\"target\":{\"@type\":\"EntryPoint\",\"urlTemplate\":\"https:\/\/gearxtools.com\/sv\/?s={search_term_string}\"},\"query-input\":{\"@type\":\"PropertyValueSpecification\",\"valueRequired\":true,\"valueName\":\"search_term_string\"}}],\"inLanguage\":\"sv-SE\"}]}<\/script>\n<!-- \/ Yoast SEO plugin. -->","yoast_head_json":{"title":"5M m\u00e5ttband med l\u00e5ngsam\/snabb returfunktion, svart - Gear X Tools","robots":{"index":"index","follow":"follow","max-snippet":"max-snippet:-1","max-image-preview":"max-image-preview:large","max-video-preview":"max-video-preview:-1"},"canonical":"https:\/\/gearxtools.com\/sv\/5m-mattband-med-langsam-snabb-returfunktion-svart\/","og_locale":"sv_SE","og_type":"article","og_title":"5M m\u00e5ttband med l\u00e5ngsam\/snabb returfunktion, svart - Gear X Tools","og_description":"M\u00e5ttband i h\u00f6g kvalitet med 5M\/19mm band. M\u00e5ttbandets h\u00f6lje \u00e4r st\u00f6tt\u00e5ligt och har en l\u00e5sknapp och b\u00e4ltesclip. Till skillnad fr\u00e5n m\u00e5nga andra modeller har detta m\u00e5ttband tv\u00e5 returhastigheter. M\u00e5ttbandet har tv\u00e5 magneter p\u00e5 \u00e4nden och en slitt\u00e5lig tryckt gradering p\u00e5 bandet. Levereras i giftbox.","og_url":"https:\/\/gearxtools.com\/sv\/5m-mattband-med-langsam-snabb-returfunktion-svart\/","og_site_name":"Gear X Tools","article_modified_time":"2026-03-12T02:22:09+00:00","og_image":[{"width":1024,"height":1024,"url":"https:\/\/gearxtools.com\/wp-content\/uploads\/sites\/8\/2024\/02\/P113.201__S_0__c7d29d0d8bd3437baba84b0423401123.jpg","type":"image\/jpeg"}],"twitter_card":"summary_large_image","schema":{"@context":"https:\/\/schema.org","@graph":[{"@type":"WebPage","@id":"https:\/\/gearxtools.com\/sv\/5m-mattband-med-langsam-snabb-returfunktion-svart\/","url":"https:\/\/gearxtools.com\/sv\/5m-mattband-med-langsam-snabb-returfunktion-svart\/","name":"5M m\u00e5ttband med l\u00e5ngsam\/snabb returfunktion, svart - Gear X Tools","isPartOf":{"@id":"https:\/\/gearxtools.com\/sv\/#website"},"primaryImageOfPage":{"@id":"https:\/\/gearxtools.com\/sv\/5m-mattband-med-langsam-snabb-returfunktion-svart\/#primaryimage"},"image":{"@id":"https:\/\/gearxtools.com\/sv\/5m-mattband-med-langsam-snabb-returfunktion-svart\/#primaryimage"},"thumbnailUrl":"https:\/\/gearxtools.com\/wp-content\/uploads\/sites\/8\/2024\/02\/P113.201__S_0__c7d29d0d8bd3437baba84b0423401123.jpg","datePublished":"2023-03-16T15:54:11+00:00","dateModified":"2026-03-12T02:22:09+00:00","breadcrumb":{"@id":"https:\/\/gearxtools.com\/sv\/5m-mattband-med-langsam-snabb-returfunktion-svart\/#breadcrumb"},"inLanguage":"sv-SE","potentialAction":[{"@type":"ReadAction","target":["https:\/\/gearxtools.com\/sv\/5m-mattband-med-langsam-snabb-returfunktion-svart\/"]}]},{"@type":"ImageObject","inLanguage":"sv-SE","@id":"https:\/\/gearxtools.com\/sv\/5m-mattband-med-langsam-snabb-returfunktion-svart\/#primaryimage","url":"https:\/\/gearxtools.com\/wp-content\/uploads\/sites\/8\/2024\/02\/P113.201__S_0__c7d29d0d8bd3437baba84b0423401123.jpg","contentUrl":"https:\/\/gearxtools.com\/wp-content\/uploads\/sites\/8\/2024\/02\/P113.201__S_0__c7d29d0d8bd3437baba84b0423401123.jpg","width":1024,"height":1024},{"@type":"BreadcrumbList","@id":"https:\/\/gearxtools.com\/sv\/5m-mattband-med-langsam-snabb-returfunktion-svart\/#breadcrumb","itemListElement":[{"@type":"ListItem","position":1,"name":"Home","item":"https:\/\/gearxtools.com\/sv\/"},{"@type":"ListItem","position":2,"name":"Kollektion","item":"https:\/\/gearxtools.com\/sv\/kollektion\/"},{"@type":"ListItem","position":3,"name":"5M m\u00e5ttband med l\u00e5ngsam\/snabb returfunktion, svart"}]},{"@type":"WebSite","@id":"https:\/\/gearxtools.com\/sv\/#website","url":"https:\/\/gearxtools.com\/sv\/","name":"Gear X Tools","description":"Gear X always there when you need it","potentialAction":[{"@type":"SearchAction","target":{"@type":"EntryPoint","urlTemplate":"https:\/\/gearxtools.com\/sv\/?s={search_term_string}"},"query-input":{"@type":"PropertyValueSpecification","valueRequired":true,"valueName":"search_term_string"}}],"inLanguage":"sv-SE"}]}},"aioseo_notices":[],"_links":{"self":[{"href":"https:\/\/gearxtools.com\/sv\/wp-json\/wp\/v2\/product\/1235","targetHints":{"allow":["GET"]}}],"collection":[{"href":"https:\/\/gearxtools.com\/sv\/wp-json\/wp\/v2\/product"}],"about":[{"href":"https:\/\/gearxtools.com\/sv\/wp-json\/wp\/v2\/types\/product"}],"replies":[{"embeddable":true,"href":"https:\/\/gearxtools.com\/sv\/wp-json\/wp\/v2\/comments?post=1235"}],"wp:featuredmedia":[{"embeddable":true,"href":"https:\/\/gearxtools.com\/sv\/wp-json\/wp\/v2\/media\/3806"}],"wp:attachment":[{"href":"https:\/\/gearxtools.com\/sv\/wp-json\/wp\/v2\/media?parent=1235"}],"wp:term":[{"taxonomy":"product_cat","embeddable":true,"href":"https:\/\/gearxtools.com\/sv\/wp-json\/wp\/v2\/product_cat?post=1235"},{"taxonomy":"product_tag","embeddable":true,"href":"https:\/\/gearxtools.com\/sv\/wp-json\/wp\/v2\/product_tag?post=1235"}],"curies":[{"name":"wp","href":"https:\/\/api.w.org\/{rel}","templated":true}]}}