{"id":1236,"date":"2023-03-16T15:54:11","date_gmt":"2023-03-16T15:54:11","guid":{"rendered":"https:\/\/xdsomename.tempurl.host\/gearx-website\/product\/5m-mattband-med-30m-laser-svart\/"},"modified":"2026-04-16T01:22:09","modified_gmt":"2026-04-16T01:22:09","slug":"5m-mattband-med-30m-laser-svart","status":"publish","type":"product","link":"https:\/\/gearxtools.com\/sv\/5m-mattband-med-30m-laser-svart\/","title":{"rendered":"5M m\u00e5ttband med 30M laser, svart"},"content":{"rendered":"<p>Kombinera funktion, h\u00e5llbarhet och prestanda med detta premium laserm\u00e5ttband. Det st\u00f6tt\u00e5liga gummerade h\u00f6ljet har en integrerad 30M (klass 2) laseravst\u00e5ndsm\u00e4tare och ett t\u00e5ligt 5M, svart, dubbelsidigt band. Med integrerad LCD sk\u00e4rm f\u00f6r att snabbt l\u00e4sa av uppgifterna. Med integrerat \u00e5teruppladdningsbart batteri. Levereras i giftbox.<\/p>\n","protected":false},"excerpt":{"rendered":"<p>Kombinera funktion, h\u00e5llbarhet och prestanda med detta premium laserm\u00e5ttband. Det st\u00f6tt\u00e5liga gummerade h\u00f6ljet har en integrerad 30M (klass 2) laseravst\u00e5ndsm\u00e4tare och ett t\u00e5ligt 5M, svart, dubbelsidigt band. Med integrerad LCD sk\u00e4rm f\u00f6r att snabbt l\u00e4sa av uppgifterna. Med integrerat \u00e5teruppladdningsbart batteri. Levereras i giftbox.<\/p>\n","protected":false},"featured_media":6885,"comment_status":"closed","ping_status":"closed","template":"","meta":{"_acf_changed":false,"_monsterinsights_skip_tracking":false,"_monsterinsights_sitenote_active":false,"_monsterinsights_sitenote_note":"","_monsterinsights_sitenote_category":0},"product_cat":[54],"product_tag":[],"class_list":["post-1236","product","type-product","status-publish","has-post-thumbnail","hentry","product_cat-matning","pa_color-black"],"acf":[],"yoast_head":"<!-- This site is optimized with the Yoast SEO plugin v27.0 - https:\/\/yoast.com\/product\/yoast-seo-wordpress\/ -->\n<title>5M m\u00e5ttband med 30M laser, svart - Gear X Tools<\/title>\n<meta name=\"robots\" content=\"index, follow, max-snippet:-1, max-image-preview:large, max-video-preview:-1\" \/>\n<link rel=\"canonical\" href=\"https:\/\/gearxtools.com\/sv\/5m-mattband-med-30m-laser-svart\/\" \/>\n<meta property=\"og:locale\" content=\"sv_SE\" \/>\n<meta property=\"og:type\" content=\"article\" \/>\n<meta property=\"og:title\" content=\"5M m\u00e5ttband med 30M laser, svart - Gear X Tools\" \/>\n<meta property=\"og:description\" content=\"Kombinera funktion, h\u00e5llbarhet och prestanda med detta premium laserm\u00e5ttband. Det st\u00f6tt\u00e5liga gummerade h\u00f6ljet har en integrerad 30M (klass 2) laseravst\u00e5ndsm\u00e4tare och ett t\u00e5ligt 5M, svart, dubbelsidigt band. Med integrerad LCD sk\u00e4rm f\u00f6r att snabbt l\u00e4sa av uppgifterna. Med integrerat \u00e5teruppladdningsbart batteri. Levereras i giftbox.\" \/>\n<meta property=\"og:url\" content=\"https:\/\/gearxtools.com\/sv\/5m-mattband-med-30m-laser-svart\/\" \/>\n<meta property=\"og:site_name\" content=\"Gear X Tools\" \/>\n<meta property=\"article:modified_time\" content=\"2026-04-16T01:22:09+00:00\" \/>\n<meta property=\"og:image\" content=\"https:\/\/gearxtools.com\/wp-content\/uploads\/sites\/8\/2026\/04\/P113.211__S_0__db376d58d5154205a3db79705bed2acf.jpg\" \/>\n\t<meta property=\"og:image:width\" content=\"1024\" \/>\n\t<meta property=\"og:image:height\" content=\"1024\" \/>\n\t<meta property=\"og:image:type\" content=\"image\/jpeg\" \/>\n<meta name=\"twitter:card\" content=\"summary_large_image\" \/>\n<script type=\"application\/ld+json\" class=\"yoast-schema-graph\">{\"@context\":\"https:\/\/schema.org\",\"@graph\":[{\"@type\":\"WebPage\",\"@id\":\"https:\/\/gearxtools.com\/sv\/5m-mattband-med-30m-laser-svart\/\",\"url\":\"https:\/\/gearxtools.com\/sv\/5m-mattband-med-30m-laser-svart\/\",\"name\":\"5M m\u00e5ttband med 30M laser, svart - Gear X Tools\",\"isPartOf\":{\"@id\":\"https:\/\/gearxtools.com\/sv\/#website\"},\"primaryImageOfPage\":{\"@id\":\"https:\/\/gearxtools.com\/sv\/5m-mattband-med-30m-laser-svart\/#primaryimage\"},\"image\":{\"@id\":\"https:\/\/gearxtools.com\/sv\/5m-mattband-med-30m-laser-svart\/#primaryimage\"},\"thumbnailUrl\":\"https:\/\/gearxtools.com\/wp-content\/uploads\/sites\/8\/2026\/04\/P113.211__S_0__db376d58d5154205a3db79705bed2acf.jpg\",\"datePublished\":\"2023-03-16T15:54:11+00:00\",\"dateModified\":\"2026-04-16T01:22:09+00:00\",\"breadcrumb\":{\"@id\":\"https:\/\/gearxtools.com\/sv\/5m-mattband-med-30m-laser-svart\/#breadcrumb\"},\"inLanguage\":\"sv-SE\",\"potentialAction\":[{\"@type\":\"ReadAction\",\"target\":[\"https:\/\/gearxtools.com\/sv\/5m-mattband-med-30m-laser-svart\/\"]}]},{\"@type\":\"ImageObject\",\"inLanguage\":\"sv-SE\",\"@id\":\"https:\/\/gearxtools.com\/sv\/5m-mattband-med-30m-laser-svart\/#primaryimage\",\"url\":\"https:\/\/gearxtools.com\/wp-content\/uploads\/sites\/8\/2026\/04\/P113.211__S_0__db376d58d5154205a3db79705bed2acf.jpg\",\"contentUrl\":\"https:\/\/gearxtools.com\/wp-content\/uploads\/sites\/8\/2026\/04\/P113.211__S_0__db376d58d5154205a3db79705bed2acf.jpg\",\"width\":1024,\"height\":1024},{\"@type\":\"BreadcrumbList\",\"@id\":\"https:\/\/gearxtools.com\/sv\/5m-mattband-med-30m-laser-svart\/#breadcrumb\",\"itemListElement\":[{\"@type\":\"ListItem\",\"position\":1,\"name\":\"Home\",\"item\":\"https:\/\/gearxtools.com\/sv\/\"},{\"@type\":\"ListItem\",\"position\":2,\"name\":\"Kollektion\",\"item\":\"https:\/\/gearxtools.com\/sv\/kollektion\/\"},{\"@type\":\"ListItem\",\"position\":3,\"name\":\"5M m\u00e5ttband med 30M laser, svart\"}]},{\"@type\":\"WebSite\",\"@id\":\"https:\/\/gearxtools.com\/sv\/#website\",\"url\":\"https:\/\/gearxtools.com\/sv\/\",\"name\":\"Gear X Tools\",\"description\":\"Gear X always there when you need it\",\"potentialAction\":[{\"@type\":\"SearchAction\",\"target\":{\"@type\":\"EntryPoint\",\"urlTemplate\":\"https:\/\/gearxtools.com\/sv\/?s={search_term_string}\"},\"query-input\":{\"@type\":\"PropertyValueSpecification\",\"valueRequired\":true,\"valueName\":\"search_term_string\"}}],\"inLanguage\":\"sv-SE\"}]}<\/script>\n<!-- \/ Yoast SEO plugin. -->","yoast_head_json":{"title":"5M m\u00e5ttband med 30M laser, svart - Gear X Tools","robots":{"index":"index","follow":"follow","max-snippet":"max-snippet:-1","max-image-preview":"max-image-preview:large","max-video-preview":"max-video-preview:-1"},"canonical":"https:\/\/gearxtools.com\/sv\/5m-mattband-med-30m-laser-svart\/","og_locale":"sv_SE","og_type":"article","og_title":"5M m\u00e5ttband med 30M laser, svart - Gear X Tools","og_description":"Kombinera funktion, h\u00e5llbarhet och prestanda med detta premium laserm\u00e5ttband. Det st\u00f6tt\u00e5liga gummerade h\u00f6ljet har en integrerad 30M (klass 2) laseravst\u00e5ndsm\u00e4tare och ett t\u00e5ligt 5M, svart, dubbelsidigt band. Med integrerad LCD sk\u00e4rm f\u00f6r att snabbt l\u00e4sa av uppgifterna. Med integrerat \u00e5teruppladdningsbart batteri. Levereras i giftbox.","og_url":"https:\/\/gearxtools.com\/sv\/5m-mattband-med-30m-laser-svart\/","og_site_name":"Gear X Tools","article_modified_time":"2026-04-16T01:22:09+00:00","og_image":[{"width":1024,"height":1024,"url":"https:\/\/gearxtools.com\/wp-content\/uploads\/sites\/8\/2026\/04\/P113.211__S_0__db376d58d5154205a3db79705bed2acf.jpg","type":"image\/jpeg"}],"twitter_card":"summary_large_image","schema":{"@context":"https:\/\/schema.org","@graph":[{"@type":"WebPage","@id":"https:\/\/gearxtools.com\/sv\/5m-mattband-med-30m-laser-svart\/","url":"https:\/\/gearxtools.com\/sv\/5m-mattband-med-30m-laser-svart\/","name":"5M m\u00e5ttband med 30M laser, svart - Gear X Tools","isPartOf":{"@id":"https:\/\/gearxtools.com\/sv\/#website"},"primaryImageOfPage":{"@id":"https:\/\/gearxtools.com\/sv\/5m-mattband-med-30m-laser-svart\/#primaryimage"},"image":{"@id":"https:\/\/gearxtools.com\/sv\/5m-mattband-med-30m-laser-svart\/#primaryimage"},"thumbnailUrl":"https:\/\/gearxtools.com\/wp-content\/uploads\/sites\/8\/2026\/04\/P113.211__S_0__db376d58d5154205a3db79705bed2acf.jpg","datePublished":"2023-03-16T15:54:11+00:00","dateModified":"2026-04-16T01:22:09+00:00","breadcrumb":{"@id":"https:\/\/gearxtools.com\/sv\/5m-mattband-med-30m-laser-svart\/#breadcrumb"},"inLanguage":"sv-SE","potentialAction":[{"@type":"ReadAction","target":["https:\/\/gearxtools.com\/sv\/5m-mattband-med-30m-laser-svart\/"]}]},{"@type":"ImageObject","inLanguage":"sv-SE","@id":"https:\/\/gearxtools.com\/sv\/5m-mattband-med-30m-laser-svart\/#primaryimage","url":"https:\/\/gearxtools.com\/wp-content\/uploads\/sites\/8\/2026\/04\/P113.211__S_0__db376d58d5154205a3db79705bed2acf.jpg","contentUrl":"https:\/\/gearxtools.com\/wp-content\/uploads\/sites\/8\/2026\/04\/P113.211__S_0__db376d58d5154205a3db79705bed2acf.jpg","width":1024,"height":1024},{"@type":"BreadcrumbList","@id":"https:\/\/gearxtools.com\/sv\/5m-mattband-med-30m-laser-svart\/#breadcrumb","itemListElement":[{"@type":"ListItem","position":1,"name":"Home","item":"https:\/\/gearxtools.com\/sv\/"},{"@type":"ListItem","position":2,"name":"Kollektion","item":"https:\/\/gearxtools.com\/sv\/kollektion\/"},{"@type":"ListItem","position":3,"name":"5M m\u00e5ttband med 30M laser, svart"}]},{"@type":"WebSite","@id":"https:\/\/gearxtools.com\/sv\/#website","url":"https:\/\/gearxtools.com\/sv\/","name":"Gear X Tools","description":"Gear X always there when you need it","potentialAction":[{"@type":"SearchAction","target":{"@type":"EntryPoint","urlTemplate":"https:\/\/gearxtools.com\/sv\/?s={search_term_string}"},"query-input":{"@type":"PropertyValueSpecification","valueRequired":true,"valueName":"search_term_string"}}],"inLanguage":"sv-SE"}]}},"aioseo_notices":[],"_links":{"self":[{"href":"https:\/\/gearxtools.com\/sv\/wp-json\/wp\/v2\/product\/1236","targetHints":{"allow":["GET"]}}],"collection":[{"href":"https:\/\/gearxtools.com\/sv\/wp-json\/wp\/v2\/product"}],"about":[{"href":"https:\/\/gearxtools.com\/sv\/wp-json\/wp\/v2\/types\/product"}],"replies":[{"embeddable":true,"href":"https:\/\/gearxtools.com\/sv\/wp-json\/wp\/v2\/comments?post=1236"}],"wp:featuredmedia":[{"embeddable":true,"href":"https:\/\/gearxtools.com\/sv\/wp-json\/wp\/v2\/media\/6885"}],"wp:attachment":[{"href":"https:\/\/gearxtools.com\/sv\/wp-json\/wp\/v2\/media?parent=1236"}],"wp:term":[{"taxonomy":"product_cat","embeddable":true,"href":"https:\/\/gearxtools.com\/sv\/wp-json\/wp\/v2\/product_cat?post=1236"},{"taxonomy":"product_tag","embeddable":true,"href":"https:\/\/gearxtools.com\/sv\/wp-json\/wp\/v2\/product_tag?post=1236"}],"curies":[{"name":"wp","href":"https:\/\/api.w.org\/{rel}","templated":true}]}}