{"id":1243,"date":"2023-03-16T15:54:11","date_gmt":"2023-03-16T15:54:11","guid":{"rendered":"https:\/\/xdsomename.tempurl.host\/gearx-website\/product\/sparrskruvmejsel-svart\/"},"modified":"2026-03-12T02:22:16","modified_gmt":"2026-03-12T02:22:16","slug":"sparrskruvmejsel-svart","status":"publish","type":"product","link":"https:\/\/gearxtools.com\/sv\/sparrskruvmejsel-svart\/","title":{"rendered":"Sp\u00e4rrskruvmejsel, svart"},"content":{"rendered":"<p>Lyxig sp\u00e4rrskruvmejsel med skaft och bits i S2 legerat st\u00e5l. Setet inneh\u00e5ller f\u00f6ljande bits: PH0\/PH1\/PH2,SL3\/SL4\/SL5\/HEX3\/HEX4\/HEX5\/TX8\/TX10\/TX20. Enkla att f\u00e4sta med en extra stark magnet. Levereras i giftbox. H\u00e5rdhet f\u00f6r bits 60-62 HRC.<\/p>\n","protected":false},"excerpt":{"rendered":"<p>Lyxig sp\u00e4rrskruvmejsel med skaft och bits i S2 legerat st\u00e5l. Setet inneh\u00e5ller f\u00f6ljande bits: PH0\/PH1\/PH2,SL3\/SL4\/SL5\/HEX3\/HEX4\/HEX5\/TX8\/TX10\/TX20. Enkla att f\u00e4sta med en extra stark magnet. Levereras i giftbox. H\u00e5rdhet f\u00f6r bits 60-62 HRC.<\/p>\n","protected":false},"featured_media":4751,"comment_status":"closed","ping_status":"closed","template":"","meta":{"_acf_changed":false,"_monsterinsights_skip_tracking":false,"_monsterinsights_sitenote_active":false,"_monsterinsights_sitenote_note":"","_monsterinsights_sitenote_category":0},"product_cat":[56],"product_tag":[],"class_list":["post-1243","product","type-product","status-publish","has-post-thumbnail","hentry","product_cat-multitools","pa_color-black"],"acf":[],"yoast_head":"<!-- This site is optimized with the Yoast SEO plugin v27.0 - https:\/\/yoast.com\/product\/yoast-seo-wordpress\/ -->\n<title>Sp\u00e4rrskruvmejsel, svart - Gear X Tools<\/title>\n<meta name=\"robots\" content=\"index, follow, max-snippet:-1, max-image-preview:large, max-video-preview:-1\" \/>\n<link rel=\"canonical\" href=\"https:\/\/gearxtools.com\/sv\/sparrskruvmejsel-svart\/\" \/>\n<meta property=\"og:locale\" content=\"sv_SE\" \/>\n<meta property=\"og:type\" content=\"article\" \/>\n<meta property=\"og:title\" content=\"Sp\u00e4rrskruvmejsel, svart - Gear X Tools\" \/>\n<meta property=\"og:description\" content=\"Lyxig sp\u00e4rrskruvmejsel med skaft och bits i S2 legerat st\u00e5l. Setet inneh\u00e5ller f\u00f6ljande bits: PH0\/PH1\/PH2,SL3\/SL4\/SL5\/HEX3\/HEX4\/HEX5\/TX8\/TX10\/TX20. Enkla att f\u00e4sta med en extra stark magnet. Levereras i giftbox. H\u00e5rdhet f\u00f6r bits 60-62 HRC.\" \/>\n<meta property=\"og:url\" content=\"https:\/\/gearxtools.com\/sv\/sparrskruvmejsel-svart\/\" \/>\n<meta property=\"og:site_name\" content=\"Gear X Tools\" \/>\n<meta property=\"article:modified_time\" content=\"2026-03-12T02:22:16+00:00\" \/>\n<meta property=\"og:image\" content=\"https:\/\/gearxtools.com\/wp-content\/uploads\/sites\/8\/2024\/02\/P221.501__S_0__3fa58dce43fc4a48ac6dc5af1bdc6a31.jpg\" \/>\n\t<meta property=\"og:image:width\" content=\"1024\" \/>\n\t<meta property=\"og:image:height\" content=\"1024\" \/>\n\t<meta property=\"og:image:type\" content=\"image\/jpeg\" \/>\n<meta name=\"twitter:card\" content=\"summary_large_image\" \/>\n<script type=\"application\/ld+json\" class=\"yoast-schema-graph\">{\"@context\":\"https:\/\/schema.org\",\"@graph\":[{\"@type\":\"WebPage\",\"@id\":\"https:\/\/gearxtools.com\/sv\/sparrskruvmejsel-svart\/\",\"url\":\"https:\/\/gearxtools.com\/sv\/sparrskruvmejsel-svart\/\",\"name\":\"Sp\u00e4rrskruvmejsel, svart - Gear X Tools\",\"isPartOf\":{\"@id\":\"https:\/\/gearxtools.com\/sv\/#website\"},\"primaryImageOfPage\":{\"@id\":\"https:\/\/gearxtools.com\/sv\/sparrskruvmejsel-svart\/#primaryimage\"},\"image\":{\"@id\":\"https:\/\/gearxtools.com\/sv\/sparrskruvmejsel-svart\/#primaryimage\"},\"thumbnailUrl\":\"https:\/\/gearxtools.com\/wp-content\/uploads\/sites\/8\/2024\/02\/P221.501__S_0__3fa58dce43fc4a48ac6dc5af1bdc6a31.jpg\",\"datePublished\":\"2023-03-16T15:54:11+00:00\",\"dateModified\":\"2026-03-12T02:22:16+00:00\",\"breadcrumb\":{\"@id\":\"https:\/\/gearxtools.com\/sv\/sparrskruvmejsel-svart\/#breadcrumb\"},\"inLanguage\":\"sv-SE\",\"potentialAction\":[{\"@type\":\"ReadAction\",\"target\":[\"https:\/\/gearxtools.com\/sv\/sparrskruvmejsel-svart\/\"]}]},{\"@type\":\"ImageObject\",\"inLanguage\":\"sv-SE\",\"@id\":\"https:\/\/gearxtools.com\/sv\/sparrskruvmejsel-svart\/#primaryimage\",\"url\":\"https:\/\/gearxtools.com\/wp-content\/uploads\/sites\/8\/2024\/02\/P221.501__S_0__3fa58dce43fc4a48ac6dc5af1bdc6a31.jpg\",\"contentUrl\":\"https:\/\/gearxtools.com\/wp-content\/uploads\/sites\/8\/2024\/02\/P221.501__S_0__3fa58dce43fc4a48ac6dc5af1bdc6a31.jpg\",\"width\":1024,\"height\":1024},{\"@type\":\"BreadcrumbList\",\"@id\":\"https:\/\/gearxtools.com\/sv\/sparrskruvmejsel-svart\/#breadcrumb\",\"itemListElement\":[{\"@type\":\"ListItem\",\"position\":1,\"name\":\"Home\",\"item\":\"https:\/\/gearxtools.com\/sv\/\"},{\"@type\":\"ListItem\",\"position\":2,\"name\":\"Kollektion\",\"item\":\"https:\/\/gearxtools.com\/sv\/kollektion\/\"},{\"@type\":\"ListItem\",\"position\":3,\"name\":\"Sp\u00e4rrskruvmejsel, svart\"}]},{\"@type\":\"WebSite\",\"@id\":\"https:\/\/gearxtools.com\/sv\/#website\",\"url\":\"https:\/\/gearxtools.com\/sv\/\",\"name\":\"Gear X Tools\",\"description\":\"Gear X always there when you need it\",\"potentialAction\":[{\"@type\":\"SearchAction\",\"target\":{\"@type\":\"EntryPoint\",\"urlTemplate\":\"https:\/\/gearxtools.com\/sv\/?s={search_term_string}\"},\"query-input\":{\"@type\":\"PropertyValueSpecification\",\"valueRequired\":true,\"valueName\":\"search_term_string\"}}],\"inLanguage\":\"sv-SE\"}]}<\/script>\n<!-- \/ Yoast SEO plugin. -->","yoast_head_json":{"title":"Sp\u00e4rrskruvmejsel, svart - Gear X Tools","robots":{"index":"index","follow":"follow","max-snippet":"max-snippet:-1","max-image-preview":"max-image-preview:large","max-video-preview":"max-video-preview:-1"},"canonical":"https:\/\/gearxtools.com\/sv\/sparrskruvmejsel-svart\/","og_locale":"sv_SE","og_type":"article","og_title":"Sp\u00e4rrskruvmejsel, svart - Gear X Tools","og_description":"Lyxig sp\u00e4rrskruvmejsel med skaft och bits i S2 legerat st\u00e5l. Setet inneh\u00e5ller f\u00f6ljande bits: PH0\/PH1\/PH2,SL3\/SL4\/SL5\/HEX3\/HEX4\/HEX5\/TX8\/TX10\/TX20. Enkla att f\u00e4sta med en extra stark magnet. Levereras i giftbox. H\u00e5rdhet f\u00f6r bits 60-62 HRC.","og_url":"https:\/\/gearxtools.com\/sv\/sparrskruvmejsel-svart\/","og_site_name":"Gear X Tools","article_modified_time":"2026-03-12T02:22:16+00:00","og_image":[{"width":1024,"height":1024,"url":"https:\/\/gearxtools.com\/wp-content\/uploads\/sites\/8\/2024\/02\/P221.501__S_0__3fa58dce43fc4a48ac6dc5af1bdc6a31.jpg","type":"image\/jpeg"}],"twitter_card":"summary_large_image","schema":{"@context":"https:\/\/schema.org","@graph":[{"@type":"WebPage","@id":"https:\/\/gearxtools.com\/sv\/sparrskruvmejsel-svart\/","url":"https:\/\/gearxtools.com\/sv\/sparrskruvmejsel-svart\/","name":"Sp\u00e4rrskruvmejsel, svart - Gear X Tools","isPartOf":{"@id":"https:\/\/gearxtools.com\/sv\/#website"},"primaryImageOfPage":{"@id":"https:\/\/gearxtools.com\/sv\/sparrskruvmejsel-svart\/#primaryimage"},"image":{"@id":"https:\/\/gearxtools.com\/sv\/sparrskruvmejsel-svart\/#primaryimage"},"thumbnailUrl":"https:\/\/gearxtools.com\/wp-content\/uploads\/sites\/8\/2024\/02\/P221.501__S_0__3fa58dce43fc4a48ac6dc5af1bdc6a31.jpg","datePublished":"2023-03-16T15:54:11+00:00","dateModified":"2026-03-12T02:22:16+00:00","breadcrumb":{"@id":"https:\/\/gearxtools.com\/sv\/sparrskruvmejsel-svart\/#breadcrumb"},"inLanguage":"sv-SE","potentialAction":[{"@type":"ReadAction","target":["https:\/\/gearxtools.com\/sv\/sparrskruvmejsel-svart\/"]}]},{"@type":"ImageObject","inLanguage":"sv-SE","@id":"https:\/\/gearxtools.com\/sv\/sparrskruvmejsel-svart\/#primaryimage","url":"https:\/\/gearxtools.com\/wp-content\/uploads\/sites\/8\/2024\/02\/P221.501__S_0__3fa58dce43fc4a48ac6dc5af1bdc6a31.jpg","contentUrl":"https:\/\/gearxtools.com\/wp-content\/uploads\/sites\/8\/2024\/02\/P221.501__S_0__3fa58dce43fc4a48ac6dc5af1bdc6a31.jpg","width":1024,"height":1024},{"@type":"BreadcrumbList","@id":"https:\/\/gearxtools.com\/sv\/sparrskruvmejsel-svart\/#breadcrumb","itemListElement":[{"@type":"ListItem","position":1,"name":"Home","item":"https:\/\/gearxtools.com\/sv\/"},{"@type":"ListItem","position":2,"name":"Kollektion","item":"https:\/\/gearxtools.com\/sv\/kollektion\/"},{"@type":"ListItem","position":3,"name":"Sp\u00e4rrskruvmejsel, svart"}]},{"@type":"WebSite","@id":"https:\/\/gearxtools.com\/sv\/#website","url":"https:\/\/gearxtools.com\/sv\/","name":"Gear X Tools","description":"Gear X always there when you need it","potentialAction":[{"@type":"SearchAction","target":{"@type":"EntryPoint","urlTemplate":"https:\/\/gearxtools.com\/sv\/?s={search_term_string}"},"query-input":{"@type":"PropertyValueSpecification","valueRequired":true,"valueName":"search_term_string"}}],"inLanguage":"sv-SE"}]}},"aioseo_notices":[],"_links":{"self":[{"href":"https:\/\/gearxtools.com\/sv\/wp-json\/wp\/v2\/product\/1243","targetHints":{"allow":["GET"]}}],"collection":[{"href":"https:\/\/gearxtools.com\/sv\/wp-json\/wp\/v2\/product"}],"about":[{"href":"https:\/\/gearxtools.com\/sv\/wp-json\/wp\/v2\/types\/product"}],"replies":[{"embeddable":true,"href":"https:\/\/gearxtools.com\/sv\/wp-json\/wp\/v2\/comments?post=1243"}],"wp:featuredmedia":[{"embeddable":true,"href":"https:\/\/gearxtools.com\/sv\/wp-json\/wp\/v2\/media\/4751"}],"wp:attachment":[{"href":"https:\/\/gearxtools.com\/sv\/wp-json\/wp\/v2\/media?parent=1243"}],"wp:term":[{"taxonomy":"product_cat","embeddable":true,"href":"https:\/\/gearxtools.com\/sv\/wp-json\/wp\/v2\/product_cat?post=1243"},{"taxonomy":"product_tag","embeddable":true,"href":"https:\/\/gearxtools.com\/sv\/wp-json\/wp\/v2\/product_tag?post=1243"}],"curies":[{"name":"wp","href":"https:\/\/api.w.org\/{rel}","templated":true}]}}