{"id":1244,"date":"2023-03-16T15:54:11","date_gmt":"2023-03-16T15:54:11","guid":{"rendered":"https:\/\/xdsomename.tempurl.host\/gearx-website\/product\/gear-x-31-delar-skruvmejselset-svart\/"},"modified":"2026-03-12T02:22:17","modified_gmt":"2026-03-12T02:22:17","slug":"gear-x-31-delar-skruvmejselset-svart","status":"publish","type":"product","link":"https:\/\/gearxtools.com\/sv\/gear-x-31-delar-skruvmejselset-svart\/","title":{"rendered":"31-delar skruvmejselset, svart"},"content":{"rendered":"<p>Ultimat bits-set f\u00f6r precisionsarbete inneh\u00e5ller n\u00f6dv\u00e4ndiga delar f\u00f6r reparation av mobiltelefoner, surfplattor, PC och andra produkter. F\u00f6r mycket elektronik kan livsl\u00e4ngden f\u00f6rl\u00e4ngas med en enkel reparation och ofta g\u00e5r det att hitta info online g\u00e4llande hur den ska utf\u00f6ras. 31 delar som levereras i ett lyxigt aluminiumfodral. Setet har ett skruvmejselhandtag. T5H, T6H, T8H, T10H, T15H, SL1.5, SL2.0, SL3.0, SL4.0, PH000, PH00, PH0, PH1, PH2, H1.5, H2.0, H3.0, H4.0, T2, T3, T4, Y0.6, Y1, Y2.5, P2, P5, P6, U2.6, \u25b32.3, Sp\u00e5r 2.5. Levereras i lyxig giftbox.<\/p>\n","protected":false},"excerpt":{"rendered":"<p>Ultimat bits-set f\u00f6r precisionsarbete inneh\u00e5ller n\u00f6dv\u00e4ndiga delar f\u00f6r reparation av mobiltelefoner, surfplattor, PC och andra produkter. F\u00f6r mycket elektronik kan livsl\u00e4ngden f\u00f6rl\u00e4ngas med en enkel reparation och ofta g\u00e5r det att hitta info online g\u00e4llande hur den ska utf\u00f6ras. 31 delar som levereras i ett lyxigt aluminiumfodral. Setet har ett skruvmejselhandtag. T5H, T6H, T8H, T10H, [&hellip;]<\/p>\n","protected":false},"featured_media":4821,"comment_status":"closed","ping_status":"closed","template":"","meta":{"_acf_changed":false,"_monsterinsights_skip_tracking":false,"_monsterinsights_sitenote_active":false,"_monsterinsights_sitenote_note":"","_monsterinsights_sitenote_category":0},"product_cat":[56],"product_tag":[],"class_list":["post-1244","product","type-product","status-publish","has-post-thumbnail","hentry","product_cat-multitools","pa_color-black"],"acf":[],"yoast_head":"<!-- This site is optimized with the Yoast SEO plugin v27.0 - https:\/\/yoast.com\/product\/yoast-seo-wordpress\/ -->\n<title>31-delar skruvmejselset, svart - Gear X Tools<\/title>\n<meta name=\"robots\" content=\"index, follow, max-snippet:-1, max-image-preview:large, max-video-preview:-1\" \/>\n<link rel=\"canonical\" href=\"https:\/\/gearxtools.com\/sv\/gear-x-31-delar-skruvmejselset-svart\/\" \/>\n<meta property=\"og:locale\" content=\"sv_SE\" \/>\n<meta property=\"og:type\" content=\"article\" \/>\n<meta property=\"og:title\" content=\"31-delar skruvmejselset, svart - Gear X Tools\" \/>\n<meta property=\"og:description\" content=\"Ultimat bits-set f\u00f6r precisionsarbete inneh\u00e5ller n\u00f6dv\u00e4ndiga delar f\u00f6r reparation av mobiltelefoner, surfplattor, PC och andra produkter. F\u00f6r mycket elektronik kan livsl\u00e4ngden f\u00f6rl\u00e4ngas med en enkel reparation och ofta g\u00e5r det att hitta info online g\u00e4llande hur den ska utf\u00f6ras. 31 delar som levereras i ett lyxigt aluminiumfodral. Setet har ett skruvmejselhandtag. T5H, T6H, T8H, T10H, [&hellip;]\" \/>\n<meta property=\"og:url\" content=\"https:\/\/gearxtools.com\/sv\/gear-x-31-delar-skruvmejselset-svart\/\" \/>\n<meta property=\"og:site_name\" content=\"Gear X Tools\" \/>\n<meta property=\"article:modified_time\" content=\"2026-03-12T02:22:17+00:00\" \/>\n<meta property=\"og:image\" content=\"https:\/\/gearxtools.com\/wp-content\/uploads\/sites\/8\/2024\/02\/P221.531__S_0__5737e46556694e739bbededf6b30bdf8.jpg\" \/>\n\t<meta property=\"og:image:width\" content=\"1024\" \/>\n\t<meta property=\"og:image:height\" content=\"1024\" \/>\n\t<meta property=\"og:image:type\" content=\"image\/jpeg\" \/>\n<meta name=\"twitter:card\" content=\"summary_large_image\" \/>\n<meta name=\"twitter:label1\" content=\"Ber\u00e4knad l\u00e4stid\" \/>\n\t<meta name=\"twitter:data1\" content=\"1 minut\" \/>\n<script type=\"application\/ld+json\" class=\"yoast-schema-graph\">{\"@context\":\"https:\/\/schema.org\",\"@graph\":[{\"@type\":\"WebPage\",\"@id\":\"https:\/\/gearxtools.com\/sv\/gear-x-31-delar-skruvmejselset-svart\/\",\"url\":\"https:\/\/gearxtools.com\/sv\/gear-x-31-delar-skruvmejselset-svart\/\",\"name\":\"31-delar skruvmejselset, svart - Gear X Tools\",\"isPartOf\":{\"@id\":\"https:\/\/gearxtools.com\/sv\/#website\"},\"primaryImageOfPage\":{\"@id\":\"https:\/\/gearxtools.com\/sv\/gear-x-31-delar-skruvmejselset-svart\/#primaryimage\"},\"image\":{\"@id\":\"https:\/\/gearxtools.com\/sv\/gear-x-31-delar-skruvmejselset-svart\/#primaryimage\"},\"thumbnailUrl\":\"https:\/\/gearxtools.com\/wp-content\/uploads\/sites\/8\/2024\/02\/P221.531__S_0__5737e46556694e739bbededf6b30bdf8.jpg\",\"datePublished\":\"2023-03-16T15:54:11+00:00\",\"dateModified\":\"2026-03-12T02:22:17+00:00\",\"breadcrumb\":{\"@id\":\"https:\/\/gearxtools.com\/sv\/gear-x-31-delar-skruvmejselset-svart\/#breadcrumb\"},\"inLanguage\":\"sv-SE\",\"potentialAction\":[{\"@type\":\"ReadAction\",\"target\":[\"https:\/\/gearxtools.com\/sv\/gear-x-31-delar-skruvmejselset-svart\/\"]}]},{\"@type\":\"ImageObject\",\"inLanguage\":\"sv-SE\",\"@id\":\"https:\/\/gearxtools.com\/sv\/gear-x-31-delar-skruvmejselset-svart\/#primaryimage\",\"url\":\"https:\/\/gearxtools.com\/wp-content\/uploads\/sites\/8\/2024\/02\/P221.531__S_0__5737e46556694e739bbededf6b30bdf8.jpg\",\"contentUrl\":\"https:\/\/gearxtools.com\/wp-content\/uploads\/sites\/8\/2024\/02\/P221.531__S_0__5737e46556694e739bbededf6b30bdf8.jpg\",\"width\":1024,\"height\":1024},{\"@type\":\"BreadcrumbList\",\"@id\":\"https:\/\/gearxtools.com\/sv\/gear-x-31-delar-skruvmejselset-svart\/#breadcrumb\",\"itemListElement\":[{\"@type\":\"ListItem\",\"position\":1,\"name\":\"Home\",\"item\":\"https:\/\/gearxtools.com\/sv\/\"},{\"@type\":\"ListItem\",\"position\":2,\"name\":\"Kollektion\",\"item\":\"https:\/\/gearxtools.com\/sv\/kollektion\/\"},{\"@type\":\"ListItem\",\"position\":3,\"name\":\"31-delar skruvmejselset, svart\"}]},{\"@type\":\"WebSite\",\"@id\":\"https:\/\/gearxtools.com\/sv\/#website\",\"url\":\"https:\/\/gearxtools.com\/sv\/\",\"name\":\"Gear X Tools\",\"description\":\"Gear X always there when you need it\",\"potentialAction\":[{\"@type\":\"SearchAction\",\"target\":{\"@type\":\"EntryPoint\",\"urlTemplate\":\"https:\/\/gearxtools.com\/sv\/?s={search_term_string}\"},\"query-input\":{\"@type\":\"PropertyValueSpecification\",\"valueRequired\":true,\"valueName\":\"search_term_string\"}}],\"inLanguage\":\"sv-SE\"}]}<\/script>\n<!-- \/ Yoast SEO plugin. -->","yoast_head_json":{"title":"31-delar skruvmejselset, svart - Gear X Tools","robots":{"index":"index","follow":"follow","max-snippet":"max-snippet:-1","max-image-preview":"max-image-preview:large","max-video-preview":"max-video-preview:-1"},"canonical":"https:\/\/gearxtools.com\/sv\/gear-x-31-delar-skruvmejselset-svart\/","og_locale":"sv_SE","og_type":"article","og_title":"31-delar skruvmejselset, svart - Gear X Tools","og_description":"Ultimat bits-set f\u00f6r precisionsarbete inneh\u00e5ller n\u00f6dv\u00e4ndiga delar f\u00f6r reparation av mobiltelefoner, surfplattor, PC och andra produkter. F\u00f6r mycket elektronik kan livsl\u00e4ngden f\u00f6rl\u00e4ngas med en enkel reparation och ofta g\u00e5r det att hitta info online g\u00e4llande hur den ska utf\u00f6ras. 31 delar som levereras i ett lyxigt aluminiumfodral. Setet har ett skruvmejselhandtag. T5H, T6H, T8H, T10H, [&hellip;]","og_url":"https:\/\/gearxtools.com\/sv\/gear-x-31-delar-skruvmejselset-svart\/","og_site_name":"Gear X Tools","article_modified_time":"2026-03-12T02:22:17+00:00","og_image":[{"width":1024,"height":1024,"url":"https:\/\/gearxtools.com\/wp-content\/uploads\/sites\/8\/2024\/02\/P221.531__S_0__5737e46556694e739bbededf6b30bdf8.jpg","type":"image\/jpeg"}],"twitter_card":"summary_large_image","twitter_misc":{"Ber\u00e4knad l\u00e4stid":"1 minut"},"schema":{"@context":"https:\/\/schema.org","@graph":[{"@type":"WebPage","@id":"https:\/\/gearxtools.com\/sv\/gear-x-31-delar-skruvmejselset-svart\/","url":"https:\/\/gearxtools.com\/sv\/gear-x-31-delar-skruvmejselset-svart\/","name":"31-delar skruvmejselset, svart - Gear X Tools","isPartOf":{"@id":"https:\/\/gearxtools.com\/sv\/#website"},"primaryImageOfPage":{"@id":"https:\/\/gearxtools.com\/sv\/gear-x-31-delar-skruvmejselset-svart\/#primaryimage"},"image":{"@id":"https:\/\/gearxtools.com\/sv\/gear-x-31-delar-skruvmejselset-svart\/#primaryimage"},"thumbnailUrl":"https:\/\/gearxtools.com\/wp-content\/uploads\/sites\/8\/2024\/02\/P221.531__S_0__5737e46556694e739bbededf6b30bdf8.jpg","datePublished":"2023-03-16T15:54:11+00:00","dateModified":"2026-03-12T02:22:17+00:00","breadcrumb":{"@id":"https:\/\/gearxtools.com\/sv\/gear-x-31-delar-skruvmejselset-svart\/#breadcrumb"},"inLanguage":"sv-SE","potentialAction":[{"@type":"ReadAction","target":["https:\/\/gearxtools.com\/sv\/gear-x-31-delar-skruvmejselset-svart\/"]}]},{"@type":"ImageObject","inLanguage":"sv-SE","@id":"https:\/\/gearxtools.com\/sv\/gear-x-31-delar-skruvmejselset-svart\/#primaryimage","url":"https:\/\/gearxtools.com\/wp-content\/uploads\/sites\/8\/2024\/02\/P221.531__S_0__5737e46556694e739bbededf6b30bdf8.jpg","contentUrl":"https:\/\/gearxtools.com\/wp-content\/uploads\/sites\/8\/2024\/02\/P221.531__S_0__5737e46556694e739bbededf6b30bdf8.jpg","width":1024,"height":1024},{"@type":"BreadcrumbList","@id":"https:\/\/gearxtools.com\/sv\/gear-x-31-delar-skruvmejselset-svart\/#breadcrumb","itemListElement":[{"@type":"ListItem","position":1,"name":"Home","item":"https:\/\/gearxtools.com\/sv\/"},{"@type":"ListItem","position":2,"name":"Kollektion","item":"https:\/\/gearxtools.com\/sv\/kollektion\/"},{"@type":"ListItem","position":3,"name":"31-delar skruvmejselset, svart"}]},{"@type":"WebSite","@id":"https:\/\/gearxtools.com\/sv\/#website","url":"https:\/\/gearxtools.com\/sv\/","name":"Gear X Tools","description":"Gear X always there when you need it","potentialAction":[{"@type":"SearchAction","target":{"@type":"EntryPoint","urlTemplate":"https:\/\/gearxtools.com\/sv\/?s={search_term_string}"},"query-input":{"@type":"PropertyValueSpecification","valueRequired":true,"valueName":"search_term_string"}}],"inLanguage":"sv-SE"}]}},"aioseo_notices":[],"_links":{"self":[{"href":"https:\/\/gearxtools.com\/sv\/wp-json\/wp\/v2\/product\/1244","targetHints":{"allow":["GET"]}}],"collection":[{"href":"https:\/\/gearxtools.com\/sv\/wp-json\/wp\/v2\/product"}],"about":[{"href":"https:\/\/gearxtools.com\/sv\/wp-json\/wp\/v2\/types\/product"}],"replies":[{"embeddable":true,"href":"https:\/\/gearxtools.com\/sv\/wp-json\/wp\/v2\/comments?post=1244"}],"wp:featuredmedia":[{"embeddable":true,"href":"https:\/\/gearxtools.com\/sv\/wp-json\/wp\/v2\/media\/4821"}],"wp:attachment":[{"href":"https:\/\/gearxtools.com\/sv\/wp-json\/wp\/v2\/media?parent=1244"}],"wp:term":[{"taxonomy":"product_cat","embeddable":true,"href":"https:\/\/gearxtools.com\/sv\/wp-json\/wp\/v2\/product_cat?post=1244"},{"taxonomy":"product_tag","embeddable":true,"href":"https:\/\/gearxtools.com\/sv\/wp-json\/wp\/v2\/product_tag?post=1244"}],"curies":[{"name":"wp","href":"https:\/\/api.w.org\/{rel}","templated":true}]}}