{"id":1245,"date":"2023-03-16T15:54:11","date_gmt":"2023-03-16T15:54:11","guid":{"rendered":"https:\/\/xdsomename.tempurl.host\/gearx-website\/product\/usb-ateruppladdninsgbar-ficklampa-svart\/"},"modified":"2026-04-16T01:22:19","modified_gmt":"2026-04-16T01:22:19","slug":"usb-ateruppladdninsgbar-ficklampa-svart","status":"publish","type":"product","link":"https:\/\/gearxtools.com\/sv\/usb-ateruppladdninsgbar-ficklampa-svart\/","title":{"rendered":"USB \u00e5teruppladdninsgbar ficklampa, svart"},"content":{"rendered":"<p>Funktionalitet, prestanda och design, du hittar allt i denna \u00e5teruppladdninsgbara ficklampa. Tillverkad i aluminiumlegering av h\u00f6g kvalitet. Med fokusljuset kan du utvidga ljuset upp till 2000 g\u00e5nger. Tack vare sin IP4 gradering \u00e4r ficklampan v\u00e4dert\u00e5lig och kan anv\u00e4ndas utomhus. Den kraftiga lampan \u00e4r p\u00e5 upp till 1000 lumen och str\u00e5len n\u00e5r upp till 500 meter. Ficklampan har ett \u00e5teruppladdningsbart batteri, ladda den via ett USB uttag. Lampan har 5 olika l\u00e4gen, inkl. SOS funktion. Med batteriet p\u00e5 2.000 mAh kan ficklampan anv\u00e4ndas upp till 4 timmar p\u00e5 en laddning.<\/p>\n","protected":false},"excerpt":{"rendered":"<p>Funktionalitet, prestanda och design, du hittar allt i denna \u00e5teruppladdninsgbara ficklampa. Tillverkad i aluminiumlegering av h\u00f6g kvalitet. Med fokusljuset kan du utvidga ljuset upp till 2000 g\u00e5nger. Tack vare sin IP4 gradering \u00e4r ficklampan v\u00e4dert\u00e5lig och kan anv\u00e4ndas utomhus. Den kraftiga lampan \u00e4r p\u00e5 upp till 1000 lumen och str\u00e5len n\u00e5r upp till 500 meter. [&hellip;]<\/p>\n","protected":false},"featured_media":6962,"comment_status":"closed","ping_status":"closed","template":"","meta":{"_acf_changed":false,"_monsterinsights_skip_tracking":false,"_monsterinsights_sitenote_active":false,"_monsterinsights_sitenote_note":"","_monsterinsights_sitenote_category":0},"product_cat":[60],"product_tag":[],"class_list":["post-1245","product","type-product","status-publish","has-post-thumbnail","hentry","product_cat-ficklampor","pa_color-black"],"acf":[],"yoast_head":"<!-- This site is optimized with the Yoast SEO plugin v27.0 - https:\/\/yoast.com\/product\/yoast-seo-wordpress\/ -->\n<title>USB \u00e5teruppladdninsgbar ficklampa, svart - Gear X Tools<\/title>\n<meta name=\"robots\" content=\"index, follow, max-snippet:-1, max-image-preview:large, max-video-preview:-1\" \/>\n<link rel=\"canonical\" href=\"https:\/\/gearxtools.com\/sv\/usb-ateruppladdninsgbar-ficklampa-svart\/\" \/>\n<meta property=\"og:locale\" content=\"sv_SE\" \/>\n<meta property=\"og:type\" content=\"article\" \/>\n<meta property=\"og:title\" content=\"USB \u00e5teruppladdninsgbar ficklampa, svart - Gear X Tools\" \/>\n<meta property=\"og:description\" content=\"Funktionalitet, prestanda och design, du hittar allt i denna \u00e5teruppladdninsgbara ficklampa. Tillverkad i aluminiumlegering av h\u00f6g kvalitet. Med fokusljuset kan du utvidga ljuset upp till 2000 g\u00e5nger. Tack vare sin IP4 gradering \u00e4r ficklampan v\u00e4dert\u00e5lig och kan anv\u00e4ndas utomhus. Den kraftiga lampan \u00e4r p\u00e5 upp till 1000 lumen och str\u00e5len n\u00e5r upp till 500 meter. [&hellip;]\" \/>\n<meta property=\"og:url\" content=\"https:\/\/gearxtools.com\/sv\/usb-ateruppladdninsgbar-ficklampa-svart\/\" \/>\n<meta property=\"og:site_name\" content=\"Gear X Tools\" \/>\n<meta property=\"article:modified_time\" content=\"2026-04-16T01:22:19+00:00\" \/>\n<meta property=\"og:image\" content=\"https:\/\/gearxtools.com\/wp-content\/uploads\/sites\/8\/2026\/04\/P513.851__S_0__8410a2dff25346aa888209e88670fb0e.jpg\" \/>\n\t<meta property=\"og:image:width\" content=\"1024\" \/>\n\t<meta property=\"og:image:height\" content=\"1024\" \/>\n\t<meta property=\"og:image:type\" content=\"image\/jpeg\" \/>\n<meta name=\"twitter:card\" content=\"summary_large_image\" \/>\n<script type=\"application\/ld+json\" class=\"yoast-schema-graph\">{\"@context\":\"https:\/\/schema.org\",\"@graph\":[{\"@type\":\"WebPage\",\"@id\":\"https:\/\/gearxtools.com\/sv\/usb-ateruppladdninsgbar-ficklampa-svart\/\",\"url\":\"https:\/\/gearxtools.com\/sv\/usb-ateruppladdninsgbar-ficklampa-svart\/\",\"name\":\"USB \u00e5teruppladdninsgbar ficklampa, svart - Gear X Tools\",\"isPartOf\":{\"@id\":\"https:\/\/gearxtools.com\/sv\/#website\"},\"primaryImageOfPage\":{\"@id\":\"https:\/\/gearxtools.com\/sv\/usb-ateruppladdninsgbar-ficklampa-svart\/#primaryimage\"},\"image\":{\"@id\":\"https:\/\/gearxtools.com\/sv\/usb-ateruppladdninsgbar-ficklampa-svart\/#primaryimage\"},\"thumbnailUrl\":\"https:\/\/gearxtools.com\/wp-content\/uploads\/sites\/8\/2026\/04\/P513.851__S_0__8410a2dff25346aa888209e88670fb0e.jpg\",\"datePublished\":\"2023-03-16T15:54:11+00:00\",\"dateModified\":\"2026-04-16T01:22:19+00:00\",\"breadcrumb\":{\"@id\":\"https:\/\/gearxtools.com\/sv\/usb-ateruppladdninsgbar-ficklampa-svart\/#breadcrumb\"},\"inLanguage\":\"sv-SE\",\"potentialAction\":[{\"@type\":\"ReadAction\",\"target\":[\"https:\/\/gearxtools.com\/sv\/usb-ateruppladdninsgbar-ficklampa-svart\/\"]}]},{\"@type\":\"ImageObject\",\"inLanguage\":\"sv-SE\",\"@id\":\"https:\/\/gearxtools.com\/sv\/usb-ateruppladdninsgbar-ficklampa-svart\/#primaryimage\",\"url\":\"https:\/\/gearxtools.com\/wp-content\/uploads\/sites\/8\/2026\/04\/P513.851__S_0__8410a2dff25346aa888209e88670fb0e.jpg\",\"contentUrl\":\"https:\/\/gearxtools.com\/wp-content\/uploads\/sites\/8\/2026\/04\/P513.851__S_0__8410a2dff25346aa888209e88670fb0e.jpg\",\"width\":1024,\"height\":1024},{\"@type\":\"BreadcrumbList\",\"@id\":\"https:\/\/gearxtools.com\/sv\/usb-ateruppladdninsgbar-ficklampa-svart\/#breadcrumb\",\"itemListElement\":[{\"@type\":\"ListItem\",\"position\":1,\"name\":\"Home\",\"item\":\"https:\/\/gearxtools.com\/sv\/\"},{\"@type\":\"ListItem\",\"position\":2,\"name\":\"Kollektion\",\"item\":\"https:\/\/gearxtools.com\/sv\/kollektion\/\"},{\"@type\":\"ListItem\",\"position\":3,\"name\":\"USB \u00e5teruppladdninsgbar ficklampa, svart\"}]},{\"@type\":\"WebSite\",\"@id\":\"https:\/\/gearxtools.com\/sv\/#website\",\"url\":\"https:\/\/gearxtools.com\/sv\/\",\"name\":\"Gear X Tools\",\"description\":\"Gear X always there when you need it\",\"potentialAction\":[{\"@type\":\"SearchAction\",\"target\":{\"@type\":\"EntryPoint\",\"urlTemplate\":\"https:\/\/gearxtools.com\/sv\/?s={search_term_string}\"},\"query-input\":{\"@type\":\"PropertyValueSpecification\",\"valueRequired\":true,\"valueName\":\"search_term_string\"}}],\"inLanguage\":\"sv-SE\"}]}<\/script>\n<!-- \/ Yoast SEO plugin. -->","yoast_head_json":{"title":"USB \u00e5teruppladdninsgbar ficklampa, svart - Gear X Tools","robots":{"index":"index","follow":"follow","max-snippet":"max-snippet:-1","max-image-preview":"max-image-preview:large","max-video-preview":"max-video-preview:-1"},"canonical":"https:\/\/gearxtools.com\/sv\/usb-ateruppladdninsgbar-ficklampa-svart\/","og_locale":"sv_SE","og_type":"article","og_title":"USB \u00e5teruppladdninsgbar ficklampa, svart - Gear X Tools","og_description":"Funktionalitet, prestanda och design, du hittar allt i denna \u00e5teruppladdninsgbara ficklampa. Tillverkad i aluminiumlegering av h\u00f6g kvalitet. Med fokusljuset kan du utvidga ljuset upp till 2000 g\u00e5nger. Tack vare sin IP4 gradering \u00e4r ficklampan v\u00e4dert\u00e5lig och kan anv\u00e4ndas utomhus. Den kraftiga lampan \u00e4r p\u00e5 upp till 1000 lumen och str\u00e5len n\u00e5r upp till 500 meter. [&hellip;]","og_url":"https:\/\/gearxtools.com\/sv\/usb-ateruppladdninsgbar-ficklampa-svart\/","og_site_name":"Gear X Tools","article_modified_time":"2026-04-16T01:22:19+00:00","og_image":[{"width":1024,"height":1024,"url":"https:\/\/gearxtools.com\/wp-content\/uploads\/sites\/8\/2026\/04\/P513.851__S_0__8410a2dff25346aa888209e88670fb0e.jpg","type":"image\/jpeg"}],"twitter_card":"summary_large_image","schema":{"@context":"https:\/\/schema.org","@graph":[{"@type":"WebPage","@id":"https:\/\/gearxtools.com\/sv\/usb-ateruppladdninsgbar-ficklampa-svart\/","url":"https:\/\/gearxtools.com\/sv\/usb-ateruppladdninsgbar-ficklampa-svart\/","name":"USB \u00e5teruppladdninsgbar ficklampa, svart - Gear X Tools","isPartOf":{"@id":"https:\/\/gearxtools.com\/sv\/#website"},"primaryImageOfPage":{"@id":"https:\/\/gearxtools.com\/sv\/usb-ateruppladdninsgbar-ficklampa-svart\/#primaryimage"},"image":{"@id":"https:\/\/gearxtools.com\/sv\/usb-ateruppladdninsgbar-ficklampa-svart\/#primaryimage"},"thumbnailUrl":"https:\/\/gearxtools.com\/wp-content\/uploads\/sites\/8\/2026\/04\/P513.851__S_0__8410a2dff25346aa888209e88670fb0e.jpg","datePublished":"2023-03-16T15:54:11+00:00","dateModified":"2026-04-16T01:22:19+00:00","breadcrumb":{"@id":"https:\/\/gearxtools.com\/sv\/usb-ateruppladdninsgbar-ficklampa-svart\/#breadcrumb"},"inLanguage":"sv-SE","potentialAction":[{"@type":"ReadAction","target":["https:\/\/gearxtools.com\/sv\/usb-ateruppladdninsgbar-ficklampa-svart\/"]}]},{"@type":"ImageObject","inLanguage":"sv-SE","@id":"https:\/\/gearxtools.com\/sv\/usb-ateruppladdninsgbar-ficklampa-svart\/#primaryimage","url":"https:\/\/gearxtools.com\/wp-content\/uploads\/sites\/8\/2026\/04\/P513.851__S_0__8410a2dff25346aa888209e88670fb0e.jpg","contentUrl":"https:\/\/gearxtools.com\/wp-content\/uploads\/sites\/8\/2026\/04\/P513.851__S_0__8410a2dff25346aa888209e88670fb0e.jpg","width":1024,"height":1024},{"@type":"BreadcrumbList","@id":"https:\/\/gearxtools.com\/sv\/usb-ateruppladdninsgbar-ficklampa-svart\/#breadcrumb","itemListElement":[{"@type":"ListItem","position":1,"name":"Home","item":"https:\/\/gearxtools.com\/sv\/"},{"@type":"ListItem","position":2,"name":"Kollektion","item":"https:\/\/gearxtools.com\/sv\/kollektion\/"},{"@type":"ListItem","position":3,"name":"USB \u00e5teruppladdninsgbar ficklampa, svart"}]},{"@type":"WebSite","@id":"https:\/\/gearxtools.com\/sv\/#website","url":"https:\/\/gearxtools.com\/sv\/","name":"Gear X Tools","description":"Gear X always there when you need it","potentialAction":[{"@type":"SearchAction","target":{"@type":"EntryPoint","urlTemplate":"https:\/\/gearxtools.com\/sv\/?s={search_term_string}"},"query-input":{"@type":"PropertyValueSpecification","valueRequired":true,"valueName":"search_term_string"}}],"inLanguage":"sv-SE"}]}},"aioseo_notices":[],"_links":{"self":[{"href":"https:\/\/gearxtools.com\/sv\/wp-json\/wp\/v2\/product\/1245","targetHints":{"allow":["GET"]}}],"collection":[{"href":"https:\/\/gearxtools.com\/sv\/wp-json\/wp\/v2\/product"}],"about":[{"href":"https:\/\/gearxtools.com\/sv\/wp-json\/wp\/v2\/types\/product"}],"replies":[{"embeddable":true,"href":"https:\/\/gearxtools.com\/sv\/wp-json\/wp\/v2\/comments?post=1245"}],"wp:featuredmedia":[{"embeddable":true,"href":"https:\/\/gearxtools.com\/sv\/wp-json\/wp\/v2\/media\/6962"}],"wp:attachment":[{"href":"https:\/\/gearxtools.com\/sv\/wp-json\/wp\/v2\/media?parent=1245"}],"wp:term":[{"taxonomy":"product_cat","embeddable":true,"href":"https:\/\/gearxtools.com\/sv\/wp-json\/wp\/v2\/product_cat?post=1245"},{"taxonomy":"product_tag","embeddable":true,"href":"https:\/\/gearxtools.com\/sv\/wp-json\/wp\/v2\/product_tag?post=1245"}],"curies":[{"name":"wp","href":"https:\/\/api.w.org\/{rel}","templated":true}]}}