{"id":2061,"date":"2023-08-09T00:04:06","date_gmt":"2023-08-09T00:04:06","guid":{"rendered":"https:\/\/gearxtools.com\/gear-x-usb-ateruppladdningsbar-stor-ficklampa-rcs-aluminium-svart\/"},"modified":"2026-03-12T02:22:23","modified_gmt":"2026-03-12T02:22:23","slug":"gear-x-usb-ateruppladdningsbar-stor-ficklampa-rcs-aluminium-svart","status":"publish","type":"product","link":"https:\/\/gearxtools.com\/sv\/gear-x-usb-ateruppladdningsbar-stor-ficklampa-rcs-aluminium-svart\/","title":{"rendered":"USB-\u00e5teruppladdningsbar stor ficklampa RCS aluminium, svart"},"content":{"rendered":"<p>Funktionalitet, prestanda och design f\u00f6renas i den h\u00e4r laddningsbara 10W-lampa som \u00e4r tillverkad av RCS-certifierad \u00e5tervunnen aluminium. Totalt \u00e5tervunnet inneh\u00e5ll: 20% baserat p\u00e5 total produktvikt. RCS-certifiering garanterar en fullst\u00e4ndigt certifierad leveranskedja f\u00f6r de \u00e5tervunna materialen. P\u00e5 grund av sin IP4-klassning \u00e4r den v\u00e4derbest\u00e4ndig s\u00e5 den kan l\u00e4tt tas med utomhus. Den kraftfulla gl\u00f6dlampan skapar upp till 800 lumen och en str\u00e5le som n\u00e5r upp till 500 meter. Ficklampan anv\u00e4nder ett \u00e5terladdningsbart a-klassbatteri s\u00e5 du beh\u00f6ver inte byta batterier. Ladda helt enkelt upp via ditt USB-uttag och den medf\u00f6ljande type C RCS-certifierade \u00e5tervunna kabeln. Den h\u00f6gkvalitativa lampan har 5 l\u00e4gen inklusive SOS-funktion. Batteriet p\u00e5 2000 mah ger en anv\u00e4ndning p\u00e5 upp till 8 timmar p\u00e5 en enda laddning och g\u00f6r det ocks\u00e5 m\u00f6jligt att ladda dina mobila enheter via type C. Aluminium f\u00f6rlorar inte sina egenskaper i \u00e5tervinningsprocessen och kan \u00e5tervinnas i all o\u00e4ndlighet. Produkten och t<\/p>\n","protected":false},"excerpt":{"rendered":"<p>Funktionalitet, prestanda och design f\u00f6renas i den h\u00e4r laddningsbara 10W-lampa som \u00e4r tillverkad av RCS-certifierad \u00e5tervunnen aluminium. Totalt \u00e5tervunnet inneh\u00e5ll: 20% baserat p\u00e5 total produktvikt. RCS-certifiering garanterar en fullst\u00e4ndigt certifierad leveranskedja f\u00f6r de \u00e5tervunna materialen. P\u00e5 grund av sin IP4-klassning \u00e4r den v\u00e4derbest\u00e4ndig s\u00e5 den kan l\u00e4tt tas med utomhus. Den kraftfulla gl\u00f6dlampan skapar upp [&hellip;]<\/p>\n","protected":false},"featured_media":6350,"comment_status":"closed","ping_status":"closed","template":"","meta":{"_acf_changed":false,"_monsterinsights_skip_tracking":false,"_monsterinsights_sitenote_active":false,"_monsterinsights_sitenote_note":"","_monsterinsights_sitenote_category":0},"product_cat":[60],"product_tag":[],"class_list":["post-2061","product","type-product","status-publish","has-post-thumbnail","hentry","product_cat-ficklampor","pa_color-black"],"acf":[],"yoast_head":"<!-- This site is optimized with the Yoast SEO plugin v27.0 - https:\/\/yoast.com\/product\/yoast-seo-wordpress\/ -->\n<title>USB-\u00e5teruppladdningsbar stor ficklampa RCS aluminium, svart - Gear X Tools<\/title>\n<meta name=\"robots\" content=\"index, follow, max-snippet:-1, max-image-preview:large, max-video-preview:-1\" \/>\n<link rel=\"canonical\" href=\"https:\/\/gearxtools.com\/sv\/gear-x-usb-ateruppladdningsbar-stor-ficklampa-rcs-aluminium-svart\/\" \/>\n<meta property=\"og:locale\" content=\"sv_SE\" \/>\n<meta property=\"og:type\" content=\"article\" \/>\n<meta property=\"og:title\" content=\"USB-\u00e5teruppladdningsbar stor ficklampa RCS aluminium, svart - Gear X Tools\" \/>\n<meta property=\"og:description\" content=\"Funktionalitet, prestanda och design f\u00f6renas i den h\u00e4r laddningsbara 10W-lampa som \u00e4r tillverkad av RCS-certifierad \u00e5tervunnen aluminium. Totalt \u00e5tervunnet inneh\u00e5ll: 20% baserat p\u00e5 total produktvikt. RCS-certifiering garanterar en fullst\u00e4ndigt certifierad leveranskedja f\u00f6r de \u00e5tervunna materialen. P\u00e5 grund av sin IP4-klassning \u00e4r den v\u00e4derbest\u00e4ndig s\u00e5 den kan l\u00e4tt tas med utomhus. Den kraftfulla gl\u00f6dlampan skapar upp [&hellip;]\" \/>\n<meta property=\"og:url\" content=\"https:\/\/gearxtools.com\/sv\/gear-x-usb-ateruppladdningsbar-stor-ficklampa-rcs-aluminium-svart\/\" \/>\n<meta property=\"og:site_name\" content=\"Gear X Tools\" \/>\n<meta property=\"article:modified_time\" content=\"2026-03-12T02:22:23+00:00\" \/>\n<meta property=\"og:image\" content=\"https:\/\/gearxtools.com\/wp-content\/uploads\/sites\/8\/2024\/11\/P513.921__S_0__cfc840a19bde4c8394c7bd4cec2450f7.jpg\" \/>\n\t<meta property=\"og:image:width\" content=\"1024\" \/>\n\t<meta property=\"og:image:height\" content=\"1024\" \/>\n\t<meta property=\"og:image:type\" content=\"image\/jpeg\" \/>\n<meta name=\"twitter:card\" content=\"summary_large_image\" \/>\n<meta name=\"twitter:label1\" content=\"Ber\u00e4knad l\u00e4stid\" \/>\n\t<meta name=\"twitter:data1\" content=\"1 minut\" \/>\n<script type=\"application\/ld+json\" class=\"yoast-schema-graph\">{\"@context\":\"https:\/\/schema.org\",\"@graph\":[{\"@type\":\"WebPage\",\"@id\":\"https:\/\/gearxtools.com\/sv\/gear-x-usb-ateruppladdningsbar-stor-ficklampa-rcs-aluminium-svart\/\",\"url\":\"https:\/\/gearxtools.com\/sv\/gear-x-usb-ateruppladdningsbar-stor-ficklampa-rcs-aluminium-svart\/\",\"name\":\"USB-\u00e5teruppladdningsbar stor ficklampa RCS aluminium, svart - Gear X Tools\",\"isPartOf\":{\"@id\":\"https:\/\/gearxtools.com\/sv\/#website\"},\"primaryImageOfPage\":{\"@id\":\"https:\/\/gearxtools.com\/sv\/gear-x-usb-ateruppladdningsbar-stor-ficklampa-rcs-aluminium-svart\/#primaryimage\"},\"image\":{\"@id\":\"https:\/\/gearxtools.com\/sv\/gear-x-usb-ateruppladdningsbar-stor-ficklampa-rcs-aluminium-svart\/#primaryimage\"},\"thumbnailUrl\":\"https:\/\/gearxtools.com\/wp-content\/uploads\/sites\/8\/2024\/11\/P513.921__S_0__cfc840a19bde4c8394c7bd4cec2450f7.jpg\",\"datePublished\":\"2023-08-09T00:04:06+00:00\",\"dateModified\":\"2026-03-12T02:22:23+00:00\",\"breadcrumb\":{\"@id\":\"https:\/\/gearxtools.com\/sv\/gear-x-usb-ateruppladdningsbar-stor-ficklampa-rcs-aluminium-svart\/#breadcrumb\"},\"inLanguage\":\"sv-SE\",\"potentialAction\":[{\"@type\":\"ReadAction\",\"target\":[\"https:\/\/gearxtools.com\/sv\/gear-x-usb-ateruppladdningsbar-stor-ficklampa-rcs-aluminium-svart\/\"]}]},{\"@type\":\"ImageObject\",\"inLanguage\":\"sv-SE\",\"@id\":\"https:\/\/gearxtools.com\/sv\/gear-x-usb-ateruppladdningsbar-stor-ficklampa-rcs-aluminium-svart\/#primaryimage\",\"url\":\"https:\/\/gearxtools.com\/wp-content\/uploads\/sites\/8\/2024\/11\/P513.921__S_0__cfc840a19bde4c8394c7bd4cec2450f7.jpg\",\"contentUrl\":\"https:\/\/gearxtools.com\/wp-content\/uploads\/sites\/8\/2024\/11\/P513.921__S_0__cfc840a19bde4c8394c7bd4cec2450f7.jpg\",\"width\":1024,\"height\":1024},{\"@type\":\"BreadcrumbList\",\"@id\":\"https:\/\/gearxtools.com\/sv\/gear-x-usb-ateruppladdningsbar-stor-ficklampa-rcs-aluminium-svart\/#breadcrumb\",\"itemListElement\":[{\"@type\":\"ListItem\",\"position\":1,\"name\":\"Home\",\"item\":\"https:\/\/gearxtools.com\/sv\/\"},{\"@type\":\"ListItem\",\"position\":2,\"name\":\"Kollektion\",\"item\":\"https:\/\/gearxtools.com\/sv\/kollektion\/\"},{\"@type\":\"ListItem\",\"position\":3,\"name\":\"USB-\u00e5teruppladdningsbar stor ficklampa RCS aluminium, svart\"}]},{\"@type\":\"WebSite\",\"@id\":\"https:\/\/gearxtools.com\/sv\/#website\",\"url\":\"https:\/\/gearxtools.com\/sv\/\",\"name\":\"Gear X Tools\",\"description\":\"Gear X always there when you need it\",\"potentialAction\":[{\"@type\":\"SearchAction\",\"target\":{\"@type\":\"EntryPoint\",\"urlTemplate\":\"https:\/\/gearxtools.com\/sv\/?s={search_term_string}\"},\"query-input\":{\"@type\":\"PropertyValueSpecification\",\"valueRequired\":true,\"valueName\":\"search_term_string\"}}],\"inLanguage\":\"sv-SE\"}]}<\/script>\n<!-- \/ Yoast SEO plugin. -->","yoast_head_json":{"title":"USB-\u00e5teruppladdningsbar stor ficklampa RCS aluminium, svart - Gear X Tools","robots":{"index":"index","follow":"follow","max-snippet":"max-snippet:-1","max-image-preview":"max-image-preview:large","max-video-preview":"max-video-preview:-1"},"canonical":"https:\/\/gearxtools.com\/sv\/gear-x-usb-ateruppladdningsbar-stor-ficklampa-rcs-aluminium-svart\/","og_locale":"sv_SE","og_type":"article","og_title":"USB-\u00e5teruppladdningsbar stor ficklampa RCS aluminium, svart - Gear X Tools","og_description":"Funktionalitet, prestanda och design f\u00f6renas i den h\u00e4r laddningsbara 10W-lampa som \u00e4r tillverkad av RCS-certifierad \u00e5tervunnen aluminium. Totalt \u00e5tervunnet inneh\u00e5ll: 20% baserat p\u00e5 total produktvikt. RCS-certifiering garanterar en fullst\u00e4ndigt certifierad leveranskedja f\u00f6r de \u00e5tervunna materialen. P\u00e5 grund av sin IP4-klassning \u00e4r den v\u00e4derbest\u00e4ndig s\u00e5 den kan l\u00e4tt tas med utomhus. Den kraftfulla gl\u00f6dlampan skapar upp [&hellip;]","og_url":"https:\/\/gearxtools.com\/sv\/gear-x-usb-ateruppladdningsbar-stor-ficklampa-rcs-aluminium-svart\/","og_site_name":"Gear X Tools","article_modified_time":"2026-03-12T02:22:23+00:00","og_image":[{"width":1024,"height":1024,"url":"https:\/\/gearxtools.com\/wp-content\/uploads\/sites\/8\/2024\/11\/P513.921__S_0__cfc840a19bde4c8394c7bd4cec2450f7.jpg","type":"image\/jpeg"}],"twitter_card":"summary_large_image","twitter_misc":{"Ber\u00e4knad l\u00e4stid":"1 minut"},"schema":{"@context":"https:\/\/schema.org","@graph":[{"@type":"WebPage","@id":"https:\/\/gearxtools.com\/sv\/gear-x-usb-ateruppladdningsbar-stor-ficklampa-rcs-aluminium-svart\/","url":"https:\/\/gearxtools.com\/sv\/gear-x-usb-ateruppladdningsbar-stor-ficklampa-rcs-aluminium-svart\/","name":"USB-\u00e5teruppladdningsbar stor ficklampa RCS aluminium, svart - Gear X Tools","isPartOf":{"@id":"https:\/\/gearxtools.com\/sv\/#website"},"primaryImageOfPage":{"@id":"https:\/\/gearxtools.com\/sv\/gear-x-usb-ateruppladdningsbar-stor-ficklampa-rcs-aluminium-svart\/#primaryimage"},"image":{"@id":"https:\/\/gearxtools.com\/sv\/gear-x-usb-ateruppladdningsbar-stor-ficklampa-rcs-aluminium-svart\/#primaryimage"},"thumbnailUrl":"https:\/\/gearxtools.com\/wp-content\/uploads\/sites\/8\/2024\/11\/P513.921__S_0__cfc840a19bde4c8394c7bd4cec2450f7.jpg","datePublished":"2023-08-09T00:04:06+00:00","dateModified":"2026-03-12T02:22:23+00:00","breadcrumb":{"@id":"https:\/\/gearxtools.com\/sv\/gear-x-usb-ateruppladdningsbar-stor-ficklampa-rcs-aluminium-svart\/#breadcrumb"},"inLanguage":"sv-SE","potentialAction":[{"@type":"ReadAction","target":["https:\/\/gearxtools.com\/sv\/gear-x-usb-ateruppladdningsbar-stor-ficklampa-rcs-aluminium-svart\/"]}]},{"@type":"ImageObject","inLanguage":"sv-SE","@id":"https:\/\/gearxtools.com\/sv\/gear-x-usb-ateruppladdningsbar-stor-ficklampa-rcs-aluminium-svart\/#primaryimage","url":"https:\/\/gearxtools.com\/wp-content\/uploads\/sites\/8\/2024\/11\/P513.921__S_0__cfc840a19bde4c8394c7bd4cec2450f7.jpg","contentUrl":"https:\/\/gearxtools.com\/wp-content\/uploads\/sites\/8\/2024\/11\/P513.921__S_0__cfc840a19bde4c8394c7bd4cec2450f7.jpg","width":1024,"height":1024},{"@type":"BreadcrumbList","@id":"https:\/\/gearxtools.com\/sv\/gear-x-usb-ateruppladdningsbar-stor-ficklampa-rcs-aluminium-svart\/#breadcrumb","itemListElement":[{"@type":"ListItem","position":1,"name":"Home","item":"https:\/\/gearxtools.com\/sv\/"},{"@type":"ListItem","position":2,"name":"Kollektion","item":"https:\/\/gearxtools.com\/sv\/kollektion\/"},{"@type":"ListItem","position":3,"name":"USB-\u00e5teruppladdningsbar stor ficklampa RCS aluminium, svart"}]},{"@type":"WebSite","@id":"https:\/\/gearxtools.com\/sv\/#website","url":"https:\/\/gearxtools.com\/sv\/","name":"Gear X Tools","description":"Gear X always there when you need it","potentialAction":[{"@type":"SearchAction","target":{"@type":"EntryPoint","urlTemplate":"https:\/\/gearxtools.com\/sv\/?s={search_term_string}"},"query-input":{"@type":"PropertyValueSpecification","valueRequired":true,"valueName":"search_term_string"}}],"inLanguage":"sv-SE"}]}},"aioseo_notices":[],"_links":{"self":[{"href":"https:\/\/gearxtools.com\/sv\/wp-json\/wp\/v2\/product\/2061","targetHints":{"allow":["GET"]}}],"collection":[{"href":"https:\/\/gearxtools.com\/sv\/wp-json\/wp\/v2\/product"}],"about":[{"href":"https:\/\/gearxtools.com\/sv\/wp-json\/wp\/v2\/types\/product"}],"replies":[{"embeddable":true,"href":"https:\/\/gearxtools.com\/sv\/wp-json\/wp\/v2\/comments?post=2061"}],"wp:featuredmedia":[{"embeddable":true,"href":"https:\/\/gearxtools.com\/sv\/wp-json\/wp\/v2\/media\/6350"}],"wp:attachment":[{"href":"https:\/\/gearxtools.com\/sv\/wp-json\/wp\/v2\/media?parent=2061"}],"wp:term":[{"taxonomy":"product_cat","embeddable":true,"href":"https:\/\/gearxtools.com\/sv\/wp-json\/wp\/v2\/product_cat?post=2061"},{"taxonomy":"product_tag","embeddable":true,"href":"https:\/\/gearxtools.com\/sv\/wp-json\/wp\/v2\/product_tag?post=2061"}],"curies":[{"name":"wp","href":"https:\/\/api.w.org\/{rel}","templated":true}]}}