{"id":3501,"date":"2024-01-03T01:02:09","date_gmt":"2024-01-03T01:02:09","guid":{"rendered":"https:\/\/gearxtools.com\/gear-x-30m-lasermatare-rcs-atervunnen-aluminium-svart\/"},"modified":"2026-03-12T02:22:11","modified_gmt":"2026-03-12T02:22:11","slug":"gear-x-30m-lasermatare-rcs-atervunnen-aluminium-svart","status":"publish","type":"product","link":"https:\/\/gearxtools.com\/sv\/gear-x-30m-lasermatare-rcs-atervunnen-aluminium-svart\/","title":{"rendered":"30M laserm\u00e4tare RCS \u00e5tervunnen aluminium, svart"},"content":{"rendered":"<p>Funktionalitet, material och design f\u00f6renas i denna laddningsbara laserm\u00e4tare p\u00e5 30 meter tillverkad av RCS-certifierad \u00e5tervunnet aluminium. Totalt \u00e5tervunnet inneh\u00e5ll: 22% baserat p\u00e5 total produktvikt. RCS-certifieringen s\u00e4kerst\u00e4ller en helt certifierad leveranskedja f\u00f6r det \u00e5tervunna materialet.  Laserm\u00e4taren anv\u00e4nder ett laddningsbart 250 mAh-batteri av A-klass, s\u00e5 du beh\u00f6ver inte byta batterier. Ladda helt enkelt via ditt USB-uttag och den medf\u00f6ljande RCS-certifierade \u00e5tervunna type C-kabeln. Klass 2 laser. Svarstid 0,1 sekund. M\u00e4tsystemet kan justeras till meter\/inches\/feet. Laserf\u00e4rg: r\u00f6d. Med ljudp\u00e5minnelse n\u00e4r m\u00e4tningen \u00e4r klar. Type-C in, 5V\/1A. 4 l\u00e4gen: avst\u00e5nd, kvadratisk yta, volym och pythagoras (h\u00f6rn).<\/p>\n","protected":false},"excerpt":{"rendered":"<p>Funktionalitet, material och design f\u00f6renas i denna laddningsbara laserm\u00e4tare p\u00e5 30 meter tillverkad av RCS-certifierad \u00e5tervunnet aluminium. Totalt \u00e5tervunnet inneh\u00e5ll: 22% baserat p\u00e5 total produktvikt. RCS-certifieringen s\u00e4kerst\u00e4ller en helt certifierad leveranskedja f\u00f6r det \u00e5tervunna materialet. Laserm\u00e4taren anv\u00e4nder ett laddningsbart 250 mAh-batteri av A-klass, s\u00e5 du beh\u00f6ver inte byta batterier. Ladda helt enkelt via ditt USB-uttag [&hellip;]<\/p>\n","protected":false},"featured_media":4009,"comment_status":"closed","ping_status":"closed","template":"","meta":{"_acf_changed":false,"_monsterinsights_skip_tracking":false,"_monsterinsights_sitenote_active":false,"_monsterinsights_sitenote_note":"","_monsterinsights_sitenote_category":0},"product_cat":[54],"product_tag":[],"class_list":["post-3501","product","type-product","status-publish","has-post-thumbnail","hentry","product_cat-matning","pa_color-black"],"acf":[],"yoast_head":"<!-- This site is optimized with the Yoast SEO plugin v27.0 - https:\/\/yoast.com\/product\/yoast-seo-wordpress\/ -->\n<title>30M laserm\u00e4tare RCS \u00e5tervunnen aluminium, svart - Gear X Tools<\/title>\n<meta name=\"robots\" content=\"index, follow, max-snippet:-1, max-image-preview:large, max-video-preview:-1\" \/>\n<link rel=\"canonical\" href=\"https:\/\/gearxtools.com\/sv\/gear-x-30m-lasermatare-rcs-atervunnen-aluminium-svart\/\" \/>\n<meta property=\"og:locale\" content=\"sv_SE\" \/>\n<meta property=\"og:type\" content=\"article\" \/>\n<meta property=\"og:title\" content=\"30M laserm\u00e4tare RCS \u00e5tervunnen aluminium, svart - Gear X Tools\" \/>\n<meta property=\"og:description\" content=\"Funktionalitet, material och design f\u00f6renas i denna laddningsbara laserm\u00e4tare p\u00e5 30 meter tillverkad av RCS-certifierad \u00e5tervunnet aluminium. Totalt \u00e5tervunnet inneh\u00e5ll: 22% baserat p\u00e5 total produktvikt. RCS-certifieringen s\u00e4kerst\u00e4ller en helt certifierad leveranskedja f\u00f6r det \u00e5tervunna materialet. Laserm\u00e4taren anv\u00e4nder ett laddningsbart 250 mAh-batteri av A-klass, s\u00e5 du beh\u00f6ver inte byta batterier. Ladda helt enkelt via ditt USB-uttag [&hellip;]\" \/>\n<meta property=\"og:url\" content=\"https:\/\/gearxtools.com\/sv\/gear-x-30m-lasermatare-rcs-atervunnen-aluminium-svart\/\" \/>\n<meta property=\"og:site_name\" content=\"Gear X Tools\" \/>\n<meta property=\"article:modified_time\" content=\"2026-03-12T02:22:11+00:00\" \/>\n<meta property=\"og:image\" content=\"https:\/\/gearxtools.com\/wp-content\/uploads\/sites\/8\/2024\/02\/P113.501__S_0__a730d39b2350480db526caf40c4b4a12.jpg\" \/>\n\t<meta property=\"og:image:width\" content=\"1024\" \/>\n\t<meta property=\"og:image:height\" content=\"1024\" \/>\n\t<meta property=\"og:image:type\" content=\"image\/jpeg\" \/>\n<meta name=\"twitter:card\" content=\"summary_large_image\" \/>\n<meta name=\"twitter:label1\" content=\"Ber\u00e4knad l\u00e4stid\" \/>\n\t<meta name=\"twitter:data1\" content=\"1 minut\" \/>\n<script type=\"application\/ld+json\" class=\"yoast-schema-graph\">{\"@context\":\"https:\/\/schema.org\",\"@graph\":[{\"@type\":\"WebPage\",\"@id\":\"https:\/\/gearxtools.com\/sv\/gear-x-30m-lasermatare-rcs-atervunnen-aluminium-svart\/\",\"url\":\"https:\/\/gearxtools.com\/sv\/gear-x-30m-lasermatare-rcs-atervunnen-aluminium-svart\/\",\"name\":\"30M laserm\u00e4tare RCS \u00e5tervunnen aluminium, svart - Gear X Tools\",\"isPartOf\":{\"@id\":\"https:\/\/gearxtools.com\/sv\/#website\"},\"primaryImageOfPage\":{\"@id\":\"https:\/\/gearxtools.com\/sv\/gear-x-30m-lasermatare-rcs-atervunnen-aluminium-svart\/#primaryimage\"},\"image\":{\"@id\":\"https:\/\/gearxtools.com\/sv\/gear-x-30m-lasermatare-rcs-atervunnen-aluminium-svart\/#primaryimage\"},\"thumbnailUrl\":\"https:\/\/gearxtools.com\/wp-content\/uploads\/sites\/8\/2024\/02\/P113.501__S_0__a730d39b2350480db526caf40c4b4a12.jpg\",\"datePublished\":\"2024-01-03T01:02:09+00:00\",\"dateModified\":\"2026-03-12T02:22:11+00:00\",\"breadcrumb\":{\"@id\":\"https:\/\/gearxtools.com\/sv\/gear-x-30m-lasermatare-rcs-atervunnen-aluminium-svart\/#breadcrumb\"},\"inLanguage\":\"sv-SE\",\"potentialAction\":[{\"@type\":\"ReadAction\",\"target\":[\"https:\/\/gearxtools.com\/sv\/gear-x-30m-lasermatare-rcs-atervunnen-aluminium-svart\/\"]}]},{\"@type\":\"ImageObject\",\"inLanguage\":\"sv-SE\",\"@id\":\"https:\/\/gearxtools.com\/sv\/gear-x-30m-lasermatare-rcs-atervunnen-aluminium-svart\/#primaryimage\",\"url\":\"https:\/\/gearxtools.com\/wp-content\/uploads\/sites\/8\/2024\/02\/P113.501__S_0__a730d39b2350480db526caf40c4b4a12.jpg\",\"contentUrl\":\"https:\/\/gearxtools.com\/wp-content\/uploads\/sites\/8\/2024\/02\/P113.501__S_0__a730d39b2350480db526caf40c4b4a12.jpg\",\"width\":1024,\"height\":1024},{\"@type\":\"BreadcrumbList\",\"@id\":\"https:\/\/gearxtools.com\/sv\/gear-x-30m-lasermatare-rcs-atervunnen-aluminium-svart\/#breadcrumb\",\"itemListElement\":[{\"@type\":\"ListItem\",\"position\":1,\"name\":\"Home\",\"item\":\"https:\/\/gearxtools.com\/sv\/\"},{\"@type\":\"ListItem\",\"position\":2,\"name\":\"Kollektion\",\"item\":\"https:\/\/gearxtools.com\/sv\/kollektion\/\"},{\"@type\":\"ListItem\",\"position\":3,\"name\":\"30M laserm\u00e4tare RCS \u00e5tervunnen aluminium, svart\"}]},{\"@type\":\"WebSite\",\"@id\":\"https:\/\/gearxtools.com\/sv\/#website\",\"url\":\"https:\/\/gearxtools.com\/sv\/\",\"name\":\"Gear X Tools\",\"description\":\"Gear X always there when you need it\",\"potentialAction\":[{\"@type\":\"SearchAction\",\"target\":{\"@type\":\"EntryPoint\",\"urlTemplate\":\"https:\/\/gearxtools.com\/sv\/?s={search_term_string}\"},\"query-input\":{\"@type\":\"PropertyValueSpecification\",\"valueRequired\":true,\"valueName\":\"search_term_string\"}}],\"inLanguage\":\"sv-SE\"}]}<\/script>\n<!-- \/ Yoast SEO plugin. -->","yoast_head_json":{"title":"30M laserm\u00e4tare RCS \u00e5tervunnen aluminium, svart - Gear X Tools","robots":{"index":"index","follow":"follow","max-snippet":"max-snippet:-1","max-image-preview":"max-image-preview:large","max-video-preview":"max-video-preview:-1"},"canonical":"https:\/\/gearxtools.com\/sv\/gear-x-30m-lasermatare-rcs-atervunnen-aluminium-svart\/","og_locale":"sv_SE","og_type":"article","og_title":"30M laserm\u00e4tare RCS \u00e5tervunnen aluminium, svart - Gear X Tools","og_description":"Funktionalitet, material och design f\u00f6renas i denna laddningsbara laserm\u00e4tare p\u00e5 30 meter tillverkad av RCS-certifierad \u00e5tervunnet aluminium. Totalt \u00e5tervunnet inneh\u00e5ll: 22% baserat p\u00e5 total produktvikt. RCS-certifieringen s\u00e4kerst\u00e4ller en helt certifierad leveranskedja f\u00f6r det \u00e5tervunna materialet. Laserm\u00e4taren anv\u00e4nder ett laddningsbart 250 mAh-batteri av A-klass, s\u00e5 du beh\u00f6ver inte byta batterier. Ladda helt enkelt via ditt USB-uttag [&hellip;]","og_url":"https:\/\/gearxtools.com\/sv\/gear-x-30m-lasermatare-rcs-atervunnen-aluminium-svart\/","og_site_name":"Gear X Tools","article_modified_time":"2026-03-12T02:22:11+00:00","og_image":[{"width":1024,"height":1024,"url":"https:\/\/gearxtools.com\/wp-content\/uploads\/sites\/8\/2024\/02\/P113.501__S_0__a730d39b2350480db526caf40c4b4a12.jpg","type":"image\/jpeg"}],"twitter_card":"summary_large_image","twitter_misc":{"Ber\u00e4knad l\u00e4stid":"1 minut"},"schema":{"@context":"https:\/\/schema.org","@graph":[{"@type":"WebPage","@id":"https:\/\/gearxtools.com\/sv\/gear-x-30m-lasermatare-rcs-atervunnen-aluminium-svart\/","url":"https:\/\/gearxtools.com\/sv\/gear-x-30m-lasermatare-rcs-atervunnen-aluminium-svart\/","name":"30M laserm\u00e4tare RCS \u00e5tervunnen aluminium, svart - Gear X Tools","isPartOf":{"@id":"https:\/\/gearxtools.com\/sv\/#website"},"primaryImageOfPage":{"@id":"https:\/\/gearxtools.com\/sv\/gear-x-30m-lasermatare-rcs-atervunnen-aluminium-svart\/#primaryimage"},"image":{"@id":"https:\/\/gearxtools.com\/sv\/gear-x-30m-lasermatare-rcs-atervunnen-aluminium-svart\/#primaryimage"},"thumbnailUrl":"https:\/\/gearxtools.com\/wp-content\/uploads\/sites\/8\/2024\/02\/P113.501__S_0__a730d39b2350480db526caf40c4b4a12.jpg","datePublished":"2024-01-03T01:02:09+00:00","dateModified":"2026-03-12T02:22:11+00:00","breadcrumb":{"@id":"https:\/\/gearxtools.com\/sv\/gear-x-30m-lasermatare-rcs-atervunnen-aluminium-svart\/#breadcrumb"},"inLanguage":"sv-SE","potentialAction":[{"@type":"ReadAction","target":["https:\/\/gearxtools.com\/sv\/gear-x-30m-lasermatare-rcs-atervunnen-aluminium-svart\/"]}]},{"@type":"ImageObject","inLanguage":"sv-SE","@id":"https:\/\/gearxtools.com\/sv\/gear-x-30m-lasermatare-rcs-atervunnen-aluminium-svart\/#primaryimage","url":"https:\/\/gearxtools.com\/wp-content\/uploads\/sites\/8\/2024\/02\/P113.501__S_0__a730d39b2350480db526caf40c4b4a12.jpg","contentUrl":"https:\/\/gearxtools.com\/wp-content\/uploads\/sites\/8\/2024\/02\/P113.501__S_0__a730d39b2350480db526caf40c4b4a12.jpg","width":1024,"height":1024},{"@type":"BreadcrumbList","@id":"https:\/\/gearxtools.com\/sv\/gear-x-30m-lasermatare-rcs-atervunnen-aluminium-svart\/#breadcrumb","itemListElement":[{"@type":"ListItem","position":1,"name":"Home","item":"https:\/\/gearxtools.com\/sv\/"},{"@type":"ListItem","position":2,"name":"Kollektion","item":"https:\/\/gearxtools.com\/sv\/kollektion\/"},{"@type":"ListItem","position":3,"name":"30M laserm\u00e4tare RCS \u00e5tervunnen aluminium, svart"}]},{"@type":"WebSite","@id":"https:\/\/gearxtools.com\/sv\/#website","url":"https:\/\/gearxtools.com\/sv\/","name":"Gear X Tools","description":"Gear X always there when you need it","potentialAction":[{"@type":"SearchAction","target":{"@type":"EntryPoint","urlTemplate":"https:\/\/gearxtools.com\/sv\/?s={search_term_string}"},"query-input":{"@type":"PropertyValueSpecification","valueRequired":true,"valueName":"search_term_string"}}],"inLanguage":"sv-SE"}]}},"aioseo_notices":[],"_links":{"self":[{"href":"https:\/\/gearxtools.com\/sv\/wp-json\/wp\/v2\/product\/3501","targetHints":{"allow":["GET"]}}],"collection":[{"href":"https:\/\/gearxtools.com\/sv\/wp-json\/wp\/v2\/product"}],"about":[{"href":"https:\/\/gearxtools.com\/sv\/wp-json\/wp\/v2\/types\/product"}],"replies":[{"embeddable":true,"href":"https:\/\/gearxtools.com\/sv\/wp-json\/wp\/v2\/comments?post=3501"}],"wp:featuredmedia":[{"embeddable":true,"href":"https:\/\/gearxtools.com\/sv\/wp-json\/wp\/v2\/media\/4009"}],"wp:attachment":[{"href":"https:\/\/gearxtools.com\/sv\/wp-json\/wp\/v2\/media?parent=3501"}],"wp:term":[{"taxonomy":"product_cat","embeddable":true,"href":"https:\/\/gearxtools.com\/sv\/wp-json\/wp\/v2\/product_cat?post=3501"},{"taxonomy":"product_tag","embeddable":true,"href":"https:\/\/gearxtools.com\/sv\/wp-json\/wp\/v2\/product_tag?post=3501"}],"curies":[{"name":"wp","href":"https:\/\/api.w.org\/{rel}","templated":true}]}}