{"id":3502,"date":"2024-01-03T01:02:09","date_gmt":"2024-01-03T01:02:09","guid":{"rendered":"https:\/\/gearxtools.com\/gear-x-skruvmejsel-set-56-delar-rcs-atervunnen-aluminium-svart\/"},"modified":"2026-04-16T01:22:13","modified_gmt":"2026-04-16T01:22:13","slug":"gear-x-skruvmejsel-set-56-delar-rcs-atervunnen-aluminium-svart","status":"publish","type":"product","link":"https:\/\/gearxtools.com\/sv\/gear-x-skruvmejsel-set-56-delar-rcs-atervunnen-aluminium-svart\/","title":{"rendered":"Skruvmejselset 46 delar, RCS \u00e5tervunnen aluminium, svart"},"content":{"rendered":"<p>Det ultimata precisionsbits-setet inneh\u00e5ller viktiga delar f\u00f6r reparation av mobiltelefoner, surfplattor, datorer och andra f\u00f6rem\u00e5l. De flesta elektronikprodukters livsl\u00e4ngd kan f\u00f6rl\u00e4ngas med en enkel reparation som ofta kan hittas i instruktionsb\u00f6cker p\u00e5 n\u00e4tet. 46 st f\u00f6rpackade i ett fodral tillverkat av RCS-certifierad \u00e5tervunnen aluminium. Totalt \u00e5tervunnet inneh\u00e5ll: 22% baserat p\u00e5 total produktvikt. RCS certifiering s\u00e4kerst\u00e4ller en helt certifierad leveranskedja av de \u00e5tervunna materialen.  Setet inneh\u00e5ller skruvmejselhandtag och pincett.  Bits-h\u00e5llarna \u00e4r magnetiska och \u00e4r l\u00e4tta att placera och ta ut ur fodralet.<\/p>\n","protected":false},"excerpt":{"rendered":"<p>Det ultimata precisionsbits-setet inneh\u00e5ller viktiga delar f\u00f6r reparation av mobiltelefoner, surfplattor, datorer och andra f\u00f6rem\u00e5l. De flesta elektronikprodukters livsl\u00e4ngd kan f\u00f6rl\u00e4ngas med en enkel reparation som ofta kan hittas i instruktionsb\u00f6cker p\u00e5 n\u00e4tet. 46 st f\u00f6rpackade i ett fodral tillverkat av RCS-certifierad \u00e5tervunnen aluminium. Totalt \u00e5tervunnet inneh\u00e5ll: 22% baserat p\u00e5 total produktvikt. RCS certifiering s\u00e4kerst\u00e4ller [&hellip;]<\/p>\n","protected":false},"featured_media":6913,"comment_status":"closed","ping_status":"closed","template":"","meta":{"_acf_changed":false,"_monsterinsights_skip_tracking":false,"_monsterinsights_sitenote_active":false,"_monsterinsights_sitenote_note":"","_monsterinsights_sitenote_category":0},"product_cat":[56],"product_tag":[],"class_list":["post-3502","product","type-product","status-publish","has-post-thumbnail","hentry","product_cat-multitools","pa_color-black"],"acf":[],"yoast_head":"<!-- This site is optimized with the Yoast SEO plugin v27.0 - https:\/\/yoast.com\/product\/yoast-seo-wordpress\/ -->\n<title>Skruvmejselset 46 delar, RCS \u00e5tervunnen aluminium, svart - Gear X Tools<\/title>\n<meta name=\"robots\" content=\"index, follow, max-snippet:-1, max-image-preview:large, max-video-preview:-1\" \/>\n<link rel=\"canonical\" href=\"https:\/\/gearxtools.com\/sv\/gear-x-skruvmejsel-set-56-delar-rcs-atervunnen-aluminium-svart\/\" \/>\n<meta property=\"og:locale\" content=\"sv_SE\" \/>\n<meta property=\"og:type\" content=\"article\" \/>\n<meta property=\"og:title\" content=\"Skruvmejselset 46 delar, RCS \u00e5tervunnen aluminium, svart - Gear X Tools\" \/>\n<meta property=\"og:description\" content=\"Det ultimata precisionsbits-setet inneh\u00e5ller viktiga delar f\u00f6r reparation av mobiltelefoner, surfplattor, datorer och andra f\u00f6rem\u00e5l. De flesta elektronikprodukters livsl\u00e4ngd kan f\u00f6rl\u00e4ngas med en enkel reparation som ofta kan hittas i instruktionsb\u00f6cker p\u00e5 n\u00e4tet. 46 st f\u00f6rpackade i ett fodral tillverkat av RCS-certifierad \u00e5tervunnen aluminium. Totalt \u00e5tervunnet inneh\u00e5ll: 22% baserat p\u00e5 total produktvikt. RCS certifiering s\u00e4kerst\u00e4ller [&hellip;]\" \/>\n<meta property=\"og:url\" content=\"https:\/\/gearxtools.com\/sv\/gear-x-skruvmejsel-set-56-delar-rcs-atervunnen-aluminium-svart\/\" \/>\n<meta property=\"og:site_name\" content=\"Gear X Tools\" \/>\n<meta property=\"article:modified_time\" content=\"2026-04-16T01:22:13+00:00\" \/>\n<meta property=\"og:image\" content=\"https:\/\/gearxtools.com\/wp-content\/uploads\/sites\/8\/2026\/04\/P221.261__S_0__abb7489ded334b16b6e110da05a1d5ed.jpg\" \/>\n\t<meta property=\"og:image:width\" content=\"1024\" \/>\n\t<meta property=\"og:image:height\" content=\"1024\" \/>\n\t<meta property=\"og:image:type\" content=\"image\/jpeg\" \/>\n<meta name=\"twitter:card\" content=\"summary_large_image\" \/>\n<script type=\"application\/ld+json\" class=\"yoast-schema-graph\">{\"@context\":\"https:\/\/schema.org\",\"@graph\":[{\"@type\":\"WebPage\",\"@id\":\"https:\/\/gearxtools.com\/sv\/gear-x-skruvmejsel-set-56-delar-rcs-atervunnen-aluminium-svart\/\",\"url\":\"https:\/\/gearxtools.com\/sv\/gear-x-skruvmejsel-set-56-delar-rcs-atervunnen-aluminium-svart\/\",\"name\":\"Skruvmejselset 46 delar, RCS \u00e5tervunnen aluminium, svart - Gear X Tools\",\"isPartOf\":{\"@id\":\"https:\/\/gearxtools.com\/sv\/#website\"},\"primaryImageOfPage\":{\"@id\":\"https:\/\/gearxtools.com\/sv\/gear-x-skruvmejsel-set-56-delar-rcs-atervunnen-aluminium-svart\/#primaryimage\"},\"image\":{\"@id\":\"https:\/\/gearxtools.com\/sv\/gear-x-skruvmejsel-set-56-delar-rcs-atervunnen-aluminium-svart\/#primaryimage\"},\"thumbnailUrl\":\"https:\/\/gearxtools.com\/wp-content\/uploads\/sites\/8\/2026\/04\/P221.261__S_0__abb7489ded334b16b6e110da05a1d5ed.jpg\",\"datePublished\":\"2024-01-03T01:02:09+00:00\",\"dateModified\":\"2026-04-16T01:22:13+00:00\",\"breadcrumb\":{\"@id\":\"https:\/\/gearxtools.com\/sv\/gear-x-skruvmejsel-set-56-delar-rcs-atervunnen-aluminium-svart\/#breadcrumb\"},\"inLanguage\":\"sv-SE\",\"potentialAction\":[{\"@type\":\"ReadAction\",\"target\":[\"https:\/\/gearxtools.com\/sv\/gear-x-skruvmejsel-set-56-delar-rcs-atervunnen-aluminium-svart\/\"]}]},{\"@type\":\"ImageObject\",\"inLanguage\":\"sv-SE\",\"@id\":\"https:\/\/gearxtools.com\/sv\/gear-x-skruvmejsel-set-56-delar-rcs-atervunnen-aluminium-svart\/#primaryimage\",\"url\":\"https:\/\/gearxtools.com\/wp-content\/uploads\/sites\/8\/2026\/04\/P221.261__S_0__abb7489ded334b16b6e110da05a1d5ed.jpg\",\"contentUrl\":\"https:\/\/gearxtools.com\/wp-content\/uploads\/sites\/8\/2026\/04\/P221.261__S_0__abb7489ded334b16b6e110da05a1d5ed.jpg\",\"width\":1024,\"height\":1024},{\"@type\":\"BreadcrumbList\",\"@id\":\"https:\/\/gearxtools.com\/sv\/gear-x-skruvmejsel-set-56-delar-rcs-atervunnen-aluminium-svart\/#breadcrumb\",\"itemListElement\":[{\"@type\":\"ListItem\",\"position\":1,\"name\":\"Home\",\"item\":\"https:\/\/gearxtools.com\/sv\/\"},{\"@type\":\"ListItem\",\"position\":2,\"name\":\"Kollektion\",\"item\":\"https:\/\/gearxtools.com\/sv\/kollektion\/\"},{\"@type\":\"ListItem\",\"position\":3,\"name\":\"Skruvmejselset 46 delar, RCS \u00e5tervunnen aluminium, svart\"}]},{\"@type\":\"WebSite\",\"@id\":\"https:\/\/gearxtools.com\/sv\/#website\",\"url\":\"https:\/\/gearxtools.com\/sv\/\",\"name\":\"Gear X Tools\",\"description\":\"Gear X always there when you need it\",\"potentialAction\":[{\"@type\":\"SearchAction\",\"target\":{\"@type\":\"EntryPoint\",\"urlTemplate\":\"https:\/\/gearxtools.com\/sv\/?s={search_term_string}\"},\"query-input\":{\"@type\":\"PropertyValueSpecification\",\"valueRequired\":true,\"valueName\":\"search_term_string\"}}],\"inLanguage\":\"sv-SE\"}]}<\/script>\n<!-- \/ Yoast SEO plugin. -->","yoast_head_json":{"title":"Skruvmejselset 46 delar, RCS \u00e5tervunnen aluminium, svart - Gear X Tools","robots":{"index":"index","follow":"follow","max-snippet":"max-snippet:-1","max-image-preview":"max-image-preview:large","max-video-preview":"max-video-preview:-1"},"canonical":"https:\/\/gearxtools.com\/sv\/gear-x-skruvmejsel-set-56-delar-rcs-atervunnen-aluminium-svart\/","og_locale":"sv_SE","og_type":"article","og_title":"Skruvmejselset 46 delar, RCS \u00e5tervunnen aluminium, svart - Gear X Tools","og_description":"Det ultimata precisionsbits-setet inneh\u00e5ller viktiga delar f\u00f6r reparation av mobiltelefoner, surfplattor, datorer och andra f\u00f6rem\u00e5l. De flesta elektronikprodukters livsl\u00e4ngd kan f\u00f6rl\u00e4ngas med en enkel reparation som ofta kan hittas i instruktionsb\u00f6cker p\u00e5 n\u00e4tet. 46 st f\u00f6rpackade i ett fodral tillverkat av RCS-certifierad \u00e5tervunnen aluminium. Totalt \u00e5tervunnet inneh\u00e5ll: 22% baserat p\u00e5 total produktvikt. RCS certifiering s\u00e4kerst\u00e4ller [&hellip;]","og_url":"https:\/\/gearxtools.com\/sv\/gear-x-skruvmejsel-set-56-delar-rcs-atervunnen-aluminium-svart\/","og_site_name":"Gear X Tools","article_modified_time":"2026-04-16T01:22:13+00:00","og_image":[{"width":1024,"height":1024,"url":"https:\/\/gearxtools.com\/wp-content\/uploads\/sites\/8\/2026\/04\/P221.261__S_0__abb7489ded334b16b6e110da05a1d5ed.jpg","type":"image\/jpeg"}],"twitter_card":"summary_large_image","schema":{"@context":"https:\/\/schema.org","@graph":[{"@type":"WebPage","@id":"https:\/\/gearxtools.com\/sv\/gear-x-skruvmejsel-set-56-delar-rcs-atervunnen-aluminium-svart\/","url":"https:\/\/gearxtools.com\/sv\/gear-x-skruvmejsel-set-56-delar-rcs-atervunnen-aluminium-svart\/","name":"Skruvmejselset 46 delar, RCS \u00e5tervunnen aluminium, svart - Gear X Tools","isPartOf":{"@id":"https:\/\/gearxtools.com\/sv\/#website"},"primaryImageOfPage":{"@id":"https:\/\/gearxtools.com\/sv\/gear-x-skruvmejsel-set-56-delar-rcs-atervunnen-aluminium-svart\/#primaryimage"},"image":{"@id":"https:\/\/gearxtools.com\/sv\/gear-x-skruvmejsel-set-56-delar-rcs-atervunnen-aluminium-svart\/#primaryimage"},"thumbnailUrl":"https:\/\/gearxtools.com\/wp-content\/uploads\/sites\/8\/2026\/04\/P221.261__S_0__abb7489ded334b16b6e110da05a1d5ed.jpg","datePublished":"2024-01-03T01:02:09+00:00","dateModified":"2026-04-16T01:22:13+00:00","breadcrumb":{"@id":"https:\/\/gearxtools.com\/sv\/gear-x-skruvmejsel-set-56-delar-rcs-atervunnen-aluminium-svart\/#breadcrumb"},"inLanguage":"sv-SE","potentialAction":[{"@type":"ReadAction","target":["https:\/\/gearxtools.com\/sv\/gear-x-skruvmejsel-set-56-delar-rcs-atervunnen-aluminium-svart\/"]}]},{"@type":"ImageObject","inLanguage":"sv-SE","@id":"https:\/\/gearxtools.com\/sv\/gear-x-skruvmejsel-set-56-delar-rcs-atervunnen-aluminium-svart\/#primaryimage","url":"https:\/\/gearxtools.com\/wp-content\/uploads\/sites\/8\/2026\/04\/P221.261__S_0__abb7489ded334b16b6e110da05a1d5ed.jpg","contentUrl":"https:\/\/gearxtools.com\/wp-content\/uploads\/sites\/8\/2026\/04\/P221.261__S_0__abb7489ded334b16b6e110da05a1d5ed.jpg","width":1024,"height":1024},{"@type":"BreadcrumbList","@id":"https:\/\/gearxtools.com\/sv\/gear-x-skruvmejsel-set-56-delar-rcs-atervunnen-aluminium-svart\/#breadcrumb","itemListElement":[{"@type":"ListItem","position":1,"name":"Home","item":"https:\/\/gearxtools.com\/sv\/"},{"@type":"ListItem","position":2,"name":"Kollektion","item":"https:\/\/gearxtools.com\/sv\/kollektion\/"},{"@type":"ListItem","position":3,"name":"Skruvmejselset 46 delar, RCS \u00e5tervunnen aluminium, svart"}]},{"@type":"WebSite","@id":"https:\/\/gearxtools.com\/sv\/#website","url":"https:\/\/gearxtools.com\/sv\/","name":"Gear X Tools","description":"Gear X always there when you need it","potentialAction":[{"@type":"SearchAction","target":{"@type":"EntryPoint","urlTemplate":"https:\/\/gearxtools.com\/sv\/?s={search_term_string}"},"query-input":{"@type":"PropertyValueSpecification","valueRequired":true,"valueName":"search_term_string"}}],"inLanguage":"sv-SE"}]}},"aioseo_notices":[],"_links":{"self":[{"href":"https:\/\/gearxtools.com\/sv\/wp-json\/wp\/v2\/product\/3502","targetHints":{"allow":["GET"]}}],"collection":[{"href":"https:\/\/gearxtools.com\/sv\/wp-json\/wp\/v2\/product"}],"about":[{"href":"https:\/\/gearxtools.com\/sv\/wp-json\/wp\/v2\/types\/product"}],"replies":[{"embeddable":true,"href":"https:\/\/gearxtools.com\/sv\/wp-json\/wp\/v2\/comments?post=3502"}],"wp:featuredmedia":[{"embeddable":true,"href":"https:\/\/gearxtools.com\/sv\/wp-json\/wp\/v2\/media\/6913"}],"wp:attachment":[{"href":"https:\/\/gearxtools.com\/sv\/wp-json\/wp\/v2\/media?parent=3502"}],"wp:term":[{"taxonomy":"product_cat","embeddable":true,"href":"https:\/\/gearxtools.com\/sv\/wp-json\/wp\/v2\/product_cat?post=3502"},{"taxonomy":"product_tag","embeddable":true,"href":"https:\/\/gearxtools.com\/sv\/wp-json\/wp\/v2\/product_tag?post=3502"}],"curies":[{"name":"wp","href":"https:\/\/api.w.org\/{rel}","templated":true}]}}