{"id":3503,"date":"2024-01-03T01:02:09","date_gmt":"2024-01-03T01:02:09","guid":{"rendered":"https:\/\/gearxtools.com\/gear-x-heavy-duty-pannlampa-rcs-atervunnen-plast-svart\/"},"modified":"2026-04-16T01:22:15","modified_gmt":"2026-04-16T01:22:15","slug":"gear-x-heavy-duty-pannlampa-rcs-atervunnen-plast-svart","status":"publish","type":"product","link":"https:\/\/gearxtools.com\/sv\/gear-x-heavy-duty-pannlampa-rcs-atervunnen-plast-svart\/","title":{"rendered":"Heavy duty pannlampa RCS \u00e5tervunnen plast, svart"},"content":{"rendered":"<p>Kraftig pannlampa med integrerad h\u00f6geffekts COB- och LED-lampa. Ficklampan kan lysa med upp till 250 lumen och har ett spridningsavst\u00e5nd p\u00e5 70 meter. Pannlampans h\u00f6lje \u00e4r tillverkat av RCS-certifierad \u00e5tervunnen ABS-plast. RCS (Recycled Claim Standard) \u00e4r en standard f\u00f6r att verifiera det \u00e5tervunna inneh\u00e5llet i en produkt genom hela leveranskedjan. Totalt \u00e5tervunnet inneh\u00e5ll: 23% baserat p\u00e5 total produktvikt. Pannlampan \u00e4r IPX4 vattent\u00e4t och dammt\u00e5lig. Med justerbart huvudband f\u00f6r att passa alla storlekar. Ficklampan har ett 800 mAh uppladdningsbart litiumbatteri som ger 3 timmars oavbruten anv\u00e4ndning p\u00e5 en laddning. Med 6 ljusl\u00e4gen som inkluderar 100%-50% och SOS-l\u00e4ge. Laddning sker enkelt via type C.<\/p>\n","protected":false},"excerpt":{"rendered":"<p>Kraftig pannlampa med integrerad h\u00f6geffekts COB- och LED-lampa. Ficklampan kan lysa med upp till 250 lumen och har ett spridningsavst\u00e5nd p\u00e5 70 meter. Pannlampans h\u00f6lje \u00e4r tillverkat av RCS-certifierad \u00e5tervunnen ABS-plast. RCS (Recycled Claim Standard) \u00e4r en standard f\u00f6r att verifiera det \u00e5tervunna inneh\u00e5llet i en produkt genom hela leveranskedjan. Totalt \u00e5tervunnet inneh\u00e5ll: 23% baserat [&hellip;]<\/p>\n","protected":false},"featured_media":6934,"comment_status":"closed","ping_status":"closed","template":"","meta":{"_acf_changed":false,"_monsterinsights_skip_tracking":false,"_monsterinsights_sitenote_active":false,"_monsterinsights_sitenote_note":"","_monsterinsights_sitenote_category":0},"product_cat":[60],"product_tag":[],"class_list":["post-3503","product","type-product","status-publish","has-post-thumbnail","hentry","product_cat-ficklampor","pa_color-black","pa_color-grey"],"acf":[],"yoast_head":"<!-- This site is optimized with the Yoast SEO plugin v27.0 - https:\/\/yoast.com\/product\/yoast-seo-wordpress\/ -->\n<title>Heavy duty pannlampa RCS \u00e5tervunnen plast, svart - Gear X Tools<\/title>\n<meta name=\"robots\" content=\"index, follow, max-snippet:-1, max-image-preview:large, max-video-preview:-1\" \/>\n<link rel=\"canonical\" href=\"https:\/\/gearxtools.com\/sv\/gear-x-heavy-duty-pannlampa-rcs-atervunnen-plast-svart\/\" \/>\n<meta property=\"og:locale\" content=\"sv_SE\" \/>\n<meta property=\"og:type\" content=\"article\" \/>\n<meta property=\"og:title\" content=\"Heavy duty pannlampa RCS \u00e5tervunnen plast, svart - Gear X Tools\" \/>\n<meta property=\"og:description\" content=\"Kraftig pannlampa med integrerad h\u00f6geffekts COB- och LED-lampa. Ficklampan kan lysa med upp till 250 lumen och har ett spridningsavst\u00e5nd p\u00e5 70 meter. Pannlampans h\u00f6lje \u00e4r tillverkat av RCS-certifierad \u00e5tervunnen ABS-plast. RCS (Recycled Claim Standard) \u00e4r en standard f\u00f6r att verifiera det \u00e5tervunna inneh\u00e5llet i en produkt genom hela leveranskedjan. Totalt \u00e5tervunnet inneh\u00e5ll: 23% baserat [&hellip;]\" \/>\n<meta property=\"og:url\" content=\"https:\/\/gearxtools.com\/sv\/gear-x-heavy-duty-pannlampa-rcs-atervunnen-plast-svart\/\" \/>\n<meta property=\"og:site_name\" content=\"Gear X Tools\" \/>\n<meta property=\"article:modified_time\" content=\"2026-04-16T01:22:15+00:00\" \/>\n<meta property=\"og:image\" content=\"https:\/\/gearxtools.com\/wp-content\/uploads\/sites\/8\/2026\/04\/P513.102__S_0__c88b52dcc0604fe1a909468d31f3d3b6.jpg\" \/>\n\t<meta property=\"og:image:width\" content=\"1024\" \/>\n\t<meta property=\"og:image:height\" content=\"1024\" \/>\n\t<meta property=\"og:image:type\" content=\"image\/jpeg\" \/>\n<meta name=\"twitter:card\" content=\"summary_large_image\" \/>\n<meta name=\"twitter:label1\" content=\"Ber\u00e4knad l\u00e4stid\" \/>\n\t<meta name=\"twitter:data1\" content=\"1 minut\" \/>\n<script type=\"application\/ld+json\" class=\"yoast-schema-graph\">{\"@context\":\"https:\/\/schema.org\",\"@graph\":[{\"@type\":\"WebPage\",\"@id\":\"https:\/\/gearxtools.com\/sv\/gear-x-heavy-duty-pannlampa-rcs-atervunnen-plast-svart\/\",\"url\":\"https:\/\/gearxtools.com\/sv\/gear-x-heavy-duty-pannlampa-rcs-atervunnen-plast-svart\/\",\"name\":\"Heavy duty pannlampa RCS \u00e5tervunnen plast, svart - Gear X Tools\",\"isPartOf\":{\"@id\":\"https:\/\/gearxtools.com\/sv\/#website\"},\"primaryImageOfPage\":{\"@id\":\"https:\/\/gearxtools.com\/sv\/gear-x-heavy-duty-pannlampa-rcs-atervunnen-plast-svart\/#primaryimage\"},\"image\":{\"@id\":\"https:\/\/gearxtools.com\/sv\/gear-x-heavy-duty-pannlampa-rcs-atervunnen-plast-svart\/#primaryimage\"},\"thumbnailUrl\":\"https:\/\/gearxtools.com\/wp-content\/uploads\/sites\/8\/2026\/04\/P513.102__S_0__c88b52dcc0604fe1a909468d31f3d3b6.jpg\",\"datePublished\":\"2024-01-03T01:02:09+00:00\",\"dateModified\":\"2026-04-16T01:22:15+00:00\",\"breadcrumb\":{\"@id\":\"https:\/\/gearxtools.com\/sv\/gear-x-heavy-duty-pannlampa-rcs-atervunnen-plast-svart\/#breadcrumb\"},\"inLanguage\":\"sv-SE\",\"potentialAction\":[{\"@type\":\"ReadAction\",\"target\":[\"https:\/\/gearxtools.com\/sv\/gear-x-heavy-duty-pannlampa-rcs-atervunnen-plast-svart\/\"]}]},{\"@type\":\"ImageObject\",\"inLanguage\":\"sv-SE\",\"@id\":\"https:\/\/gearxtools.com\/sv\/gear-x-heavy-duty-pannlampa-rcs-atervunnen-plast-svart\/#primaryimage\",\"url\":\"https:\/\/gearxtools.com\/wp-content\/uploads\/sites\/8\/2026\/04\/P513.102__S_0__c88b52dcc0604fe1a909468d31f3d3b6.jpg\",\"contentUrl\":\"https:\/\/gearxtools.com\/wp-content\/uploads\/sites\/8\/2026\/04\/P513.102__S_0__c88b52dcc0604fe1a909468d31f3d3b6.jpg\",\"width\":1024,\"height\":1024},{\"@type\":\"BreadcrumbList\",\"@id\":\"https:\/\/gearxtools.com\/sv\/gear-x-heavy-duty-pannlampa-rcs-atervunnen-plast-svart\/#breadcrumb\",\"itemListElement\":[{\"@type\":\"ListItem\",\"position\":1,\"name\":\"Home\",\"item\":\"https:\/\/gearxtools.com\/sv\/\"},{\"@type\":\"ListItem\",\"position\":2,\"name\":\"Kollektion\",\"item\":\"https:\/\/gearxtools.com\/sv\/kollektion\/\"},{\"@type\":\"ListItem\",\"position\":3,\"name\":\"Heavy duty pannlampa RCS \u00e5tervunnen plast, svart\"}]},{\"@type\":\"WebSite\",\"@id\":\"https:\/\/gearxtools.com\/sv\/#website\",\"url\":\"https:\/\/gearxtools.com\/sv\/\",\"name\":\"Gear X Tools\",\"description\":\"Gear X always there when you need it\",\"potentialAction\":[{\"@type\":\"SearchAction\",\"target\":{\"@type\":\"EntryPoint\",\"urlTemplate\":\"https:\/\/gearxtools.com\/sv\/?s={search_term_string}\"},\"query-input\":{\"@type\":\"PropertyValueSpecification\",\"valueRequired\":true,\"valueName\":\"search_term_string\"}}],\"inLanguage\":\"sv-SE\"}]}<\/script>\n<!-- \/ Yoast SEO plugin. -->","yoast_head_json":{"title":"Heavy duty pannlampa RCS \u00e5tervunnen plast, svart - Gear X Tools","robots":{"index":"index","follow":"follow","max-snippet":"max-snippet:-1","max-image-preview":"max-image-preview:large","max-video-preview":"max-video-preview:-1"},"canonical":"https:\/\/gearxtools.com\/sv\/gear-x-heavy-duty-pannlampa-rcs-atervunnen-plast-svart\/","og_locale":"sv_SE","og_type":"article","og_title":"Heavy duty pannlampa RCS \u00e5tervunnen plast, svart - Gear X Tools","og_description":"Kraftig pannlampa med integrerad h\u00f6geffekts COB- och LED-lampa. Ficklampan kan lysa med upp till 250 lumen och har ett spridningsavst\u00e5nd p\u00e5 70 meter. Pannlampans h\u00f6lje \u00e4r tillverkat av RCS-certifierad \u00e5tervunnen ABS-plast. RCS (Recycled Claim Standard) \u00e4r en standard f\u00f6r att verifiera det \u00e5tervunna inneh\u00e5llet i en produkt genom hela leveranskedjan. Totalt \u00e5tervunnet inneh\u00e5ll: 23% baserat [&hellip;]","og_url":"https:\/\/gearxtools.com\/sv\/gear-x-heavy-duty-pannlampa-rcs-atervunnen-plast-svart\/","og_site_name":"Gear X Tools","article_modified_time":"2026-04-16T01:22:15+00:00","og_image":[{"width":1024,"height":1024,"url":"https:\/\/gearxtools.com\/wp-content\/uploads\/sites\/8\/2026\/04\/P513.102__S_0__c88b52dcc0604fe1a909468d31f3d3b6.jpg","type":"image\/jpeg"}],"twitter_card":"summary_large_image","twitter_misc":{"Ber\u00e4knad l\u00e4stid":"1 minut"},"schema":{"@context":"https:\/\/schema.org","@graph":[{"@type":"WebPage","@id":"https:\/\/gearxtools.com\/sv\/gear-x-heavy-duty-pannlampa-rcs-atervunnen-plast-svart\/","url":"https:\/\/gearxtools.com\/sv\/gear-x-heavy-duty-pannlampa-rcs-atervunnen-plast-svart\/","name":"Heavy duty pannlampa RCS \u00e5tervunnen plast, svart - Gear X Tools","isPartOf":{"@id":"https:\/\/gearxtools.com\/sv\/#website"},"primaryImageOfPage":{"@id":"https:\/\/gearxtools.com\/sv\/gear-x-heavy-duty-pannlampa-rcs-atervunnen-plast-svart\/#primaryimage"},"image":{"@id":"https:\/\/gearxtools.com\/sv\/gear-x-heavy-duty-pannlampa-rcs-atervunnen-plast-svart\/#primaryimage"},"thumbnailUrl":"https:\/\/gearxtools.com\/wp-content\/uploads\/sites\/8\/2026\/04\/P513.102__S_0__c88b52dcc0604fe1a909468d31f3d3b6.jpg","datePublished":"2024-01-03T01:02:09+00:00","dateModified":"2026-04-16T01:22:15+00:00","breadcrumb":{"@id":"https:\/\/gearxtools.com\/sv\/gear-x-heavy-duty-pannlampa-rcs-atervunnen-plast-svart\/#breadcrumb"},"inLanguage":"sv-SE","potentialAction":[{"@type":"ReadAction","target":["https:\/\/gearxtools.com\/sv\/gear-x-heavy-duty-pannlampa-rcs-atervunnen-plast-svart\/"]}]},{"@type":"ImageObject","inLanguage":"sv-SE","@id":"https:\/\/gearxtools.com\/sv\/gear-x-heavy-duty-pannlampa-rcs-atervunnen-plast-svart\/#primaryimage","url":"https:\/\/gearxtools.com\/wp-content\/uploads\/sites\/8\/2026\/04\/P513.102__S_0__c88b52dcc0604fe1a909468d31f3d3b6.jpg","contentUrl":"https:\/\/gearxtools.com\/wp-content\/uploads\/sites\/8\/2026\/04\/P513.102__S_0__c88b52dcc0604fe1a909468d31f3d3b6.jpg","width":1024,"height":1024},{"@type":"BreadcrumbList","@id":"https:\/\/gearxtools.com\/sv\/gear-x-heavy-duty-pannlampa-rcs-atervunnen-plast-svart\/#breadcrumb","itemListElement":[{"@type":"ListItem","position":1,"name":"Home","item":"https:\/\/gearxtools.com\/sv\/"},{"@type":"ListItem","position":2,"name":"Kollektion","item":"https:\/\/gearxtools.com\/sv\/kollektion\/"},{"@type":"ListItem","position":3,"name":"Heavy duty pannlampa RCS \u00e5tervunnen plast, svart"}]},{"@type":"WebSite","@id":"https:\/\/gearxtools.com\/sv\/#website","url":"https:\/\/gearxtools.com\/sv\/","name":"Gear X Tools","description":"Gear X always there when you need it","potentialAction":[{"@type":"SearchAction","target":{"@type":"EntryPoint","urlTemplate":"https:\/\/gearxtools.com\/sv\/?s={search_term_string}"},"query-input":{"@type":"PropertyValueSpecification","valueRequired":true,"valueName":"search_term_string"}}],"inLanguage":"sv-SE"}]}},"aioseo_notices":[],"_links":{"self":[{"href":"https:\/\/gearxtools.com\/sv\/wp-json\/wp\/v2\/product\/3503","targetHints":{"allow":["GET"]}}],"collection":[{"href":"https:\/\/gearxtools.com\/sv\/wp-json\/wp\/v2\/product"}],"about":[{"href":"https:\/\/gearxtools.com\/sv\/wp-json\/wp\/v2\/types\/product"}],"replies":[{"embeddable":true,"href":"https:\/\/gearxtools.com\/sv\/wp-json\/wp\/v2\/comments?post=3503"}],"wp:featuredmedia":[{"embeddable":true,"href":"https:\/\/gearxtools.com\/sv\/wp-json\/wp\/v2\/media\/6934"}],"wp:attachment":[{"href":"https:\/\/gearxtools.com\/sv\/wp-json\/wp\/v2\/media?parent=3503"}],"wp:term":[{"taxonomy":"product_cat","embeddable":true,"href":"https:\/\/gearxtools.com\/sv\/wp-json\/wp\/v2\/product_cat?post=3503"},{"taxonomy":"product_tag","embeddable":true,"href":"https:\/\/gearxtools.com\/sv\/wp-json\/wp\/v2\/product_tag?post=3503"}],"curies":[{"name":"wp","href":"https:\/\/api.w.org\/{rel}","templated":true}]}}