{"id":3505,"date":"2024-01-03T01:02:09","date_gmt":"2024-01-03T01:02:09","guid":{"rendered":"https:\/\/gearxtools.com\/gear-x-usb-uppladdningsbar-arbetslampa-rcs-atervunnen-plast-gra\/"},"modified":"2026-03-12T02:22:19","modified_gmt":"2026-03-12T02:22:19","slug":"gear-x-usb-uppladdningsbar-arbetslampa-rcs-atervunnen-plast-gra","status":"publish","type":"product","link":"https:\/\/gearxtools.com\/sv\/gear-x-usb-uppladdningsbar-arbetslampa-rcs-atervunnen-plast-gra\/","title":{"rendered":"USB uppladdningsbar arbetslampa, RCS \u00e5tervunnen plast, gr\u00e5"},"content":{"rendered":"<p>Arbetslampa med utdragbar LED-lampa tillverkad av RCS-certifierad \u00e5tervunnen ABS-plast. Totalt \u00e5tervunnet inneh\u00e5ll: 36% baserat p\u00e5 total produktvikt. RCS-certifieringen s\u00e4kerst\u00e4ller en helt certifierad leveranskedja f\u00f6r det \u00e5tervunna materialet.  Arbetslampan anv\u00e4nder ett uppladdningsbart A-klassat 1.000 mAh litiumbatteri s\u00e5 du beh\u00f6ver inte byta batterier. Ladda via ditt USB-uttag. Arbetslampan levereras med 260 lumen COB-lampa och en utdragbar 80 lumen LED-lampa. Med 3 l\u00e4gen: LED, COB och COB 50%. Med magnet p\u00e5 baksidan. Med type C-port f\u00f6r laddning. Drifttid p\u00e5 en laddning: 3 timmar.<\/p>\n","protected":false},"excerpt":{"rendered":"<p>Arbetslampa med utdragbar LED-lampa tillverkad av RCS-certifierad \u00e5tervunnen ABS-plast. Totalt \u00e5tervunnet inneh\u00e5ll: 36% baserat p\u00e5 total produktvikt. RCS-certifieringen s\u00e4kerst\u00e4ller en helt certifierad leveranskedja f\u00f6r det \u00e5tervunna materialet. Arbetslampan anv\u00e4nder ett uppladdningsbart A-klassat 1.000 mAh litiumbatteri s\u00e5 du beh\u00f6ver inte byta batterier. Ladda via ditt USB-uttag. Arbetslampan levereras med 260 lumen COB-lampa och en utdragbar 80 [&hellip;]<\/p>\n","protected":false},"featured_media":6105,"comment_status":"closed","ping_status":"closed","template":"","meta":{"_acf_changed":false,"_monsterinsights_skip_tracking":false,"_monsterinsights_sitenote_active":false,"_monsterinsights_sitenote_note":"","_monsterinsights_sitenote_category":0},"product_cat":[60],"product_tag":[],"class_list":["post-3505","product","type-product","status-publish","has-post-thumbnail","hentry","product_cat-ficklampor","pa_color-grey"],"acf":[],"yoast_head":"<!-- This site is optimized with the Yoast SEO plugin v27.0 - https:\/\/yoast.com\/product\/yoast-seo-wordpress\/ -->\n<title>USB uppladdningsbar arbetslampa, RCS \u00e5tervunnen plast, gr\u00e5 - Gear X Tools<\/title>\n<meta name=\"robots\" content=\"index, follow, max-snippet:-1, max-image-preview:large, max-video-preview:-1\" \/>\n<link rel=\"canonical\" href=\"https:\/\/gearxtools.com\/sv\/gear-x-usb-uppladdningsbar-arbetslampa-rcs-atervunnen-plast-gra\/\" \/>\n<meta property=\"og:locale\" content=\"sv_SE\" \/>\n<meta property=\"og:type\" content=\"article\" \/>\n<meta property=\"og:title\" content=\"USB uppladdningsbar arbetslampa, RCS \u00e5tervunnen plast, gr\u00e5 - Gear X Tools\" \/>\n<meta property=\"og:description\" content=\"Arbetslampa med utdragbar LED-lampa tillverkad av RCS-certifierad \u00e5tervunnen ABS-plast. Totalt \u00e5tervunnet inneh\u00e5ll: 36% baserat p\u00e5 total produktvikt. RCS-certifieringen s\u00e4kerst\u00e4ller en helt certifierad leveranskedja f\u00f6r det \u00e5tervunna materialet. Arbetslampan anv\u00e4nder ett uppladdningsbart A-klassat 1.000 mAh litiumbatteri s\u00e5 du beh\u00f6ver inte byta batterier. Ladda via ditt USB-uttag. Arbetslampan levereras med 260 lumen COB-lampa och en utdragbar 80 [&hellip;]\" \/>\n<meta property=\"og:url\" content=\"https:\/\/gearxtools.com\/sv\/gear-x-usb-uppladdningsbar-arbetslampa-rcs-atervunnen-plast-gra\/\" \/>\n<meta property=\"og:site_name\" content=\"Gear X Tools\" \/>\n<meta property=\"article:modified_time\" content=\"2026-03-12T02:22:19+00:00\" \/>\n<meta property=\"og:image\" content=\"https:\/\/gearxtools.com\/wp-content\/uploads\/sites\/8\/2024\/05\/P513.162__S_0__e543c19878f7452c8d172bd8b17dedab.jpg\" \/>\n\t<meta property=\"og:image:width\" content=\"1024\" \/>\n\t<meta property=\"og:image:height\" content=\"1024\" \/>\n\t<meta property=\"og:image:type\" content=\"image\/jpeg\" \/>\n<meta name=\"twitter:card\" content=\"summary_large_image\" \/>\n<script type=\"application\/ld+json\" class=\"yoast-schema-graph\">{\"@context\":\"https:\/\/schema.org\",\"@graph\":[{\"@type\":\"WebPage\",\"@id\":\"https:\/\/gearxtools.com\/sv\/gear-x-usb-uppladdningsbar-arbetslampa-rcs-atervunnen-plast-gra\/\",\"url\":\"https:\/\/gearxtools.com\/sv\/gear-x-usb-uppladdningsbar-arbetslampa-rcs-atervunnen-plast-gra\/\",\"name\":\"USB uppladdningsbar arbetslampa, RCS \u00e5tervunnen plast, gr\u00e5 - Gear X Tools\",\"isPartOf\":{\"@id\":\"https:\/\/gearxtools.com\/sv\/#website\"},\"primaryImageOfPage\":{\"@id\":\"https:\/\/gearxtools.com\/sv\/gear-x-usb-uppladdningsbar-arbetslampa-rcs-atervunnen-plast-gra\/#primaryimage\"},\"image\":{\"@id\":\"https:\/\/gearxtools.com\/sv\/gear-x-usb-uppladdningsbar-arbetslampa-rcs-atervunnen-plast-gra\/#primaryimage\"},\"thumbnailUrl\":\"https:\/\/gearxtools.com\/wp-content\/uploads\/sites\/8\/2024\/05\/P513.162__S_0__e543c19878f7452c8d172bd8b17dedab.jpg\",\"datePublished\":\"2024-01-03T01:02:09+00:00\",\"dateModified\":\"2026-03-12T02:22:19+00:00\",\"breadcrumb\":{\"@id\":\"https:\/\/gearxtools.com\/sv\/gear-x-usb-uppladdningsbar-arbetslampa-rcs-atervunnen-plast-gra\/#breadcrumb\"},\"inLanguage\":\"sv-SE\",\"potentialAction\":[{\"@type\":\"ReadAction\",\"target\":[\"https:\/\/gearxtools.com\/sv\/gear-x-usb-uppladdningsbar-arbetslampa-rcs-atervunnen-plast-gra\/\"]}]},{\"@type\":\"ImageObject\",\"inLanguage\":\"sv-SE\",\"@id\":\"https:\/\/gearxtools.com\/sv\/gear-x-usb-uppladdningsbar-arbetslampa-rcs-atervunnen-plast-gra\/#primaryimage\",\"url\":\"https:\/\/gearxtools.com\/wp-content\/uploads\/sites\/8\/2024\/05\/P513.162__S_0__e543c19878f7452c8d172bd8b17dedab.jpg\",\"contentUrl\":\"https:\/\/gearxtools.com\/wp-content\/uploads\/sites\/8\/2024\/05\/P513.162__S_0__e543c19878f7452c8d172bd8b17dedab.jpg\",\"width\":1024,\"height\":1024},{\"@type\":\"BreadcrumbList\",\"@id\":\"https:\/\/gearxtools.com\/sv\/gear-x-usb-uppladdningsbar-arbetslampa-rcs-atervunnen-plast-gra\/#breadcrumb\",\"itemListElement\":[{\"@type\":\"ListItem\",\"position\":1,\"name\":\"Home\",\"item\":\"https:\/\/gearxtools.com\/sv\/\"},{\"@type\":\"ListItem\",\"position\":2,\"name\":\"Kollektion\",\"item\":\"https:\/\/gearxtools.com\/sv\/kollektion\/\"},{\"@type\":\"ListItem\",\"position\":3,\"name\":\"USB uppladdningsbar arbetslampa, RCS \u00e5tervunnen plast, gr\u00e5\"}]},{\"@type\":\"WebSite\",\"@id\":\"https:\/\/gearxtools.com\/sv\/#website\",\"url\":\"https:\/\/gearxtools.com\/sv\/\",\"name\":\"Gear X Tools\",\"description\":\"Gear X always there when you need it\",\"potentialAction\":[{\"@type\":\"SearchAction\",\"target\":{\"@type\":\"EntryPoint\",\"urlTemplate\":\"https:\/\/gearxtools.com\/sv\/?s={search_term_string}\"},\"query-input\":{\"@type\":\"PropertyValueSpecification\",\"valueRequired\":true,\"valueName\":\"search_term_string\"}}],\"inLanguage\":\"sv-SE\"}]}<\/script>\n<!-- \/ Yoast SEO plugin. -->","yoast_head_json":{"title":"USB uppladdningsbar arbetslampa, RCS \u00e5tervunnen plast, gr\u00e5 - Gear X Tools","robots":{"index":"index","follow":"follow","max-snippet":"max-snippet:-1","max-image-preview":"max-image-preview:large","max-video-preview":"max-video-preview:-1"},"canonical":"https:\/\/gearxtools.com\/sv\/gear-x-usb-uppladdningsbar-arbetslampa-rcs-atervunnen-plast-gra\/","og_locale":"sv_SE","og_type":"article","og_title":"USB uppladdningsbar arbetslampa, RCS \u00e5tervunnen plast, gr\u00e5 - Gear X Tools","og_description":"Arbetslampa med utdragbar LED-lampa tillverkad av RCS-certifierad \u00e5tervunnen ABS-plast. Totalt \u00e5tervunnet inneh\u00e5ll: 36% baserat p\u00e5 total produktvikt. RCS-certifieringen s\u00e4kerst\u00e4ller en helt certifierad leveranskedja f\u00f6r det \u00e5tervunna materialet. Arbetslampan anv\u00e4nder ett uppladdningsbart A-klassat 1.000 mAh litiumbatteri s\u00e5 du beh\u00f6ver inte byta batterier. Ladda via ditt USB-uttag. Arbetslampan levereras med 260 lumen COB-lampa och en utdragbar 80 [&hellip;]","og_url":"https:\/\/gearxtools.com\/sv\/gear-x-usb-uppladdningsbar-arbetslampa-rcs-atervunnen-plast-gra\/","og_site_name":"Gear X Tools","article_modified_time":"2026-03-12T02:22:19+00:00","og_image":[{"width":1024,"height":1024,"url":"https:\/\/gearxtools.com\/wp-content\/uploads\/sites\/8\/2024\/05\/P513.162__S_0__e543c19878f7452c8d172bd8b17dedab.jpg","type":"image\/jpeg"}],"twitter_card":"summary_large_image","schema":{"@context":"https:\/\/schema.org","@graph":[{"@type":"WebPage","@id":"https:\/\/gearxtools.com\/sv\/gear-x-usb-uppladdningsbar-arbetslampa-rcs-atervunnen-plast-gra\/","url":"https:\/\/gearxtools.com\/sv\/gear-x-usb-uppladdningsbar-arbetslampa-rcs-atervunnen-plast-gra\/","name":"USB uppladdningsbar arbetslampa, RCS \u00e5tervunnen plast, gr\u00e5 - Gear X Tools","isPartOf":{"@id":"https:\/\/gearxtools.com\/sv\/#website"},"primaryImageOfPage":{"@id":"https:\/\/gearxtools.com\/sv\/gear-x-usb-uppladdningsbar-arbetslampa-rcs-atervunnen-plast-gra\/#primaryimage"},"image":{"@id":"https:\/\/gearxtools.com\/sv\/gear-x-usb-uppladdningsbar-arbetslampa-rcs-atervunnen-plast-gra\/#primaryimage"},"thumbnailUrl":"https:\/\/gearxtools.com\/wp-content\/uploads\/sites\/8\/2024\/05\/P513.162__S_0__e543c19878f7452c8d172bd8b17dedab.jpg","datePublished":"2024-01-03T01:02:09+00:00","dateModified":"2026-03-12T02:22:19+00:00","breadcrumb":{"@id":"https:\/\/gearxtools.com\/sv\/gear-x-usb-uppladdningsbar-arbetslampa-rcs-atervunnen-plast-gra\/#breadcrumb"},"inLanguage":"sv-SE","potentialAction":[{"@type":"ReadAction","target":["https:\/\/gearxtools.com\/sv\/gear-x-usb-uppladdningsbar-arbetslampa-rcs-atervunnen-plast-gra\/"]}]},{"@type":"ImageObject","inLanguage":"sv-SE","@id":"https:\/\/gearxtools.com\/sv\/gear-x-usb-uppladdningsbar-arbetslampa-rcs-atervunnen-plast-gra\/#primaryimage","url":"https:\/\/gearxtools.com\/wp-content\/uploads\/sites\/8\/2024\/05\/P513.162__S_0__e543c19878f7452c8d172bd8b17dedab.jpg","contentUrl":"https:\/\/gearxtools.com\/wp-content\/uploads\/sites\/8\/2024\/05\/P513.162__S_0__e543c19878f7452c8d172bd8b17dedab.jpg","width":1024,"height":1024},{"@type":"BreadcrumbList","@id":"https:\/\/gearxtools.com\/sv\/gear-x-usb-uppladdningsbar-arbetslampa-rcs-atervunnen-plast-gra\/#breadcrumb","itemListElement":[{"@type":"ListItem","position":1,"name":"Home","item":"https:\/\/gearxtools.com\/sv\/"},{"@type":"ListItem","position":2,"name":"Kollektion","item":"https:\/\/gearxtools.com\/sv\/kollektion\/"},{"@type":"ListItem","position":3,"name":"USB uppladdningsbar arbetslampa, RCS \u00e5tervunnen plast, gr\u00e5"}]},{"@type":"WebSite","@id":"https:\/\/gearxtools.com\/sv\/#website","url":"https:\/\/gearxtools.com\/sv\/","name":"Gear X Tools","description":"Gear X always there when you need it","potentialAction":[{"@type":"SearchAction","target":{"@type":"EntryPoint","urlTemplate":"https:\/\/gearxtools.com\/sv\/?s={search_term_string}"},"query-input":{"@type":"PropertyValueSpecification","valueRequired":true,"valueName":"search_term_string"}}],"inLanguage":"sv-SE"}]}},"aioseo_notices":[],"_links":{"self":[{"href":"https:\/\/gearxtools.com\/sv\/wp-json\/wp\/v2\/product\/3505","targetHints":{"allow":["GET"]}}],"collection":[{"href":"https:\/\/gearxtools.com\/sv\/wp-json\/wp\/v2\/product"}],"about":[{"href":"https:\/\/gearxtools.com\/sv\/wp-json\/wp\/v2\/types\/product"}],"replies":[{"embeddable":true,"href":"https:\/\/gearxtools.com\/sv\/wp-json\/wp\/v2\/comments?post=3505"}],"wp:featuredmedia":[{"embeddable":true,"href":"https:\/\/gearxtools.com\/sv\/wp-json\/wp\/v2\/media\/6105"}],"wp:attachment":[{"href":"https:\/\/gearxtools.com\/sv\/wp-json\/wp\/v2\/media?parent=3505"}],"wp:term":[{"taxonomy":"product_cat","embeddable":true,"href":"https:\/\/gearxtools.com\/sv\/wp-json\/wp\/v2\/product_cat?post=3505"},{"taxonomy":"product_tag","embeddable":true,"href":"https:\/\/gearxtools.com\/sv\/wp-json\/wp\/v2\/product_tag?post=3505"}],"curies":[{"name":"wp","href":"https:\/\/api.w.org\/{rel}","templated":true}]}}