{"id":6427,"date":"2025-01-03T01:02:08","date_gmt":"2025-01-03T01:02:08","guid":{"rendered":"https:\/\/gearxtools.com\/uppladdningsbar-ultra-ljusstark-nyckelringsficklampa-svart\/"},"modified":"2026-03-12T02:22:25","modified_gmt":"2026-03-12T02:22:25","slug":"uppladdningsbar-ultra-ljusstark-nyckelringsficklampa-svart","status":"publish","type":"product","link":"https:\/\/gearxtools.com\/sv\/uppladdningsbar-ultra-ljusstark-nyckelringsficklampa-svart\/","title":{"rendered":"Uppladdningsbar ultra ljusstark nyckelringsficklampa, svart"},"content":{"rendered":"<p>Ultraljusstark ficklampa i fickformat tillverkad av RCS-\u00e5tervunnet aluminium Totalt \u00e5tervunnet inneh\u00e5ll: 58% baserat p\u00e5 artikelns totala vikt. RCS-certifiering s\u00e4kerst\u00e4ller en helt certifierad leveranskedja f\u00f6r de \u00e5tervunna materialen. Ficklampan har en superljusstark 120 lumen XTE LED-lampa som ger en ljusk\u00e4gla p\u00e5 upp till 30 meter. Ficklampan har ett 200 mah klass A litiumbatteri som ger en drifttid p\u00e5 upp till 1 timme med snabb laddning via USB-C p\u00e5 under 1 timme. Ficklampan \u00e4r vattent\u00e4t enligt IPX 4, vilket g\u00f6r den l\u00e4mplig att anv\u00e4nda \u00e4ven i d\u00e5liga v\u00e4derf\u00f6rh\u00e5llanden. Ficklampan har 3 l\u00e4gen: 100%\/50% och blinkande. F\u00f6rpackad i plastfri FSC-presentf\u00f6rpackning. Inklusive \u00e5tervunnen TPE USB C-laddningskabel.<\/p>\n","protected":false},"excerpt":{"rendered":"<p>Ultraljusstark ficklampa i fickformat tillverkad av RCS-\u00e5tervunnet aluminium Totalt \u00e5tervunnet inneh\u00e5ll: 58% baserat p\u00e5 artikelns totala vikt. RCS-certifiering s\u00e4kerst\u00e4ller en helt certifierad leveranskedja f\u00f6r de \u00e5tervunna materialen. Ficklampan har en superljusstark 120 lumen XTE LED-lampa som ger en ljusk\u00e4gla p\u00e5 upp till 30 meter. Ficklampan har ett 200 mah klass A litiumbatteri som ger en [&hellip;]<\/p>\n","protected":false},"featured_media":6639,"comment_status":"closed","ping_status":"closed","template":"","meta":{"_acf_changed":false,"_monsterinsights_skip_tracking":false,"_monsterinsights_sitenote_active":false,"_monsterinsights_sitenote_note":"","_monsterinsights_sitenote_category":0},"product_cat":[60],"product_tag":[],"class_list":["post-6427","product","type-product","status-publish","has-post-thumbnail","hentry","product_cat-ficklampor","pa_color-black"],"acf":[],"yoast_head":"<!-- This site is optimized with the Yoast SEO plugin v27.0 - https:\/\/yoast.com\/product\/yoast-seo-wordpress\/ -->\n<title>Uppladdningsbar ultra ljusstark nyckelringsficklampa, svart - Gear X Tools<\/title>\n<meta name=\"robots\" content=\"index, follow, max-snippet:-1, max-image-preview:large, max-video-preview:-1\" \/>\n<link rel=\"canonical\" href=\"https:\/\/gearxtools.com\/sv\/uppladdningsbar-ultra-ljusstark-nyckelringsficklampa-svart\/\" \/>\n<meta property=\"og:locale\" content=\"sv_SE\" \/>\n<meta property=\"og:type\" content=\"article\" \/>\n<meta property=\"og:title\" content=\"Uppladdningsbar ultra ljusstark nyckelringsficklampa, svart - Gear X Tools\" \/>\n<meta property=\"og:description\" content=\"Ultraljusstark ficklampa i fickformat tillverkad av RCS-\u00e5tervunnet aluminium Totalt \u00e5tervunnet inneh\u00e5ll: 58% baserat p\u00e5 artikelns totala vikt. RCS-certifiering s\u00e4kerst\u00e4ller en helt certifierad leveranskedja f\u00f6r de \u00e5tervunna materialen. Ficklampan har en superljusstark 120 lumen XTE LED-lampa som ger en ljusk\u00e4gla p\u00e5 upp till 30 meter. Ficklampan har ett 200 mah klass A litiumbatteri som ger en [&hellip;]\" \/>\n<meta property=\"og:url\" content=\"https:\/\/gearxtools.com\/sv\/uppladdningsbar-ultra-ljusstark-nyckelringsficklampa-svart\/\" \/>\n<meta property=\"og:site_name\" content=\"Gear X Tools\" \/>\n<meta property=\"article:modified_time\" content=\"2026-03-12T02:22:25+00:00\" \/>\n<meta property=\"og:image\" content=\"https:\/\/gearxtools.com\/wp-content\/uploads\/sites\/8\/2025\/02\/P514.5001__S_0__792d7e72901d4693811e803aee84b6dd.jpg\" \/>\n\t<meta property=\"og:image:width\" content=\"1024\" \/>\n\t<meta property=\"og:image:height\" content=\"1024\" \/>\n\t<meta property=\"og:image:type\" content=\"image\/jpeg\" \/>\n<meta name=\"twitter:card\" content=\"summary_large_image\" \/>\n<meta name=\"twitter:label1\" content=\"Ber\u00e4knad l\u00e4stid\" \/>\n\t<meta name=\"twitter:data1\" content=\"1 minut\" \/>\n<script type=\"application\/ld+json\" class=\"yoast-schema-graph\">{\"@context\":\"https:\/\/schema.org\",\"@graph\":[{\"@type\":\"WebPage\",\"@id\":\"https:\/\/gearxtools.com\/sv\/uppladdningsbar-ultra-ljusstark-nyckelringsficklampa-svart\/\",\"url\":\"https:\/\/gearxtools.com\/sv\/uppladdningsbar-ultra-ljusstark-nyckelringsficklampa-svart\/\",\"name\":\"Uppladdningsbar ultra ljusstark nyckelringsficklampa, svart - Gear X Tools\",\"isPartOf\":{\"@id\":\"https:\/\/gearxtools.com\/sv\/#website\"},\"primaryImageOfPage\":{\"@id\":\"https:\/\/gearxtools.com\/sv\/uppladdningsbar-ultra-ljusstark-nyckelringsficklampa-svart\/#primaryimage\"},\"image\":{\"@id\":\"https:\/\/gearxtools.com\/sv\/uppladdningsbar-ultra-ljusstark-nyckelringsficklampa-svart\/#primaryimage\"},\"thumbnailUrl\":\"https:\/\/gearxtools.com\/wp-content\/uploads\/sites\/8\/2025\/02\/P514.5001__S_0__792d7e72901d4693811e803aee84b6dd.jpg\",\"datePublished\":\"2025-01-03T01:02:08+00:00\",\"dateModified\":\"2026-03-12T02:22:25+00:00\",\"breadcrumb\":{\"@id\":\"https:\/\/gearxtools.com\/sv\/uppladdningsbar-ultra-ljusstark-nyckelringsficklampa-svart\/#breadcrumb\"},\"inLanguage\":\"sv-SE\",\"potentialAction\":[{\"@type\":\"ReadAction\",\"target\":[\"https:\/\/gearxtools.com\/sv\/uppladdningsbar-ultra-ljusstark-nyckelringsficklampa-svart\/\"]}]},{\"@type\":\"ImageObject\",\"inLanguage\":\"sv-SE\",\"@id\":\"https:\/\/gearxtools.com\/sv\/uppladdningsbar-ultra-ljusstark-nyckelringsficklampa-svart\/#primaryimage\",\"url\":\"https:\/\/gearxtools.com\/wp-content\/uploads\/sites\/8\/2025\/02\/P514.5001__S_0__792d7e72901d4693811e803aee84b6dd.jpg\",\"contentUrl\":\"https:\/\/gearxtools.com\/wp-content\/uploads\/sites\/8\/2025\/02\/P514.5001__S_0__792d7e72901d4693811e803aee84b6dd.jpg\",\"width\":1024,\"height\":1024},{\"@type\":\"BreadcrumbList\",\"@id\":\"https:\/\/gearxtools.com\/sv\/uppladdningsbar-ultra-ljusstark-nyckelringsficklampa-svart\/#breadcrumb\",\"itemListElement\":[{\"@type\":\"ListItem\",\"position\":1,\"name\":\"Home\",\"item\":\"https:\/\/gearxtools.com\/sv\/\"},{\"@type\":\"ListItem\",\"position\":2,\"name\":\"Kollektion\",\"item\":\"https:\/\/gearxtools.com\/sv\/kollektion\/\"},{\"@type\":\"ListItem\",\"position\":3,\"name\":\"Uppladdningsbar ultra ljusstark nyckelringsficklampa, svart\"}]},{\"@type\":\"WebSite\",\"@id\":\"https:\/\/gearxtools.com\/sv\/#website\",\"url\":\"https:\/\/gearxtools.com\/sv\/\",\"name\":\"Gear X Tools\",\"description\":\"Gear X always there when you need it\",\"potentialAction\":[{\"@type\":\"SearchAction\",\"target\":{\"@type\":\"EntryPoint\",\"urlTemplate\":\"https:\/\/gearxtools.com\/sv\/?s={search_term_string}\"},\"query-input\":{\"@type\":\"PropertyValueSpecification\",\"valueRequired\":true,\"valueName\":\"search_term_string\"}}],\"inLanguage\":\"sv-SE\"}]}<\/script>\n<!-- \/ Yoast SEO plugin. -->","yoast_head_json":{"title":"Uppladdningsbar ultra ljusstark nyckelringsficklampa, svart - Gear X Tools","robots":{"index":"index","follow":"follow","max-snippet":"max-snippet:-1","max-image-preview":"max-image-preview:large","max-video-preview":"max-video-preview:-1"},"canonical":"https:\/\/gearxtools.com\/sv\/uppladdningsbar-ultra-ljusstark-nyckelringsficklampa-svart\/","og_locale":"sv_SE","og_type":"article","og_title":"Uppladdningsbar ultra ljusstark nyckelringsficklampa, svart - Gear X Tools","og_description":"Ultraljusstark ficklampa i fickformat tillverkad av RCS-\u00e5tervunnet aluminium Totalt \u00e5tervunnet inneh\u00e5ll: 58% baserat p\u00e5 artikelns totala vikt. RCS-certifiering s\u00e4kerst\u00e4ller en helt certifierad leveranskedja f\u00f6r de \u00e5tervunna materialen. Ficklampan har en superljusstark 120 lumen XTE LED-lampa som ger en ljusk\u00e4gla p\u00e5 upp till 30 meter. Ficklampan har ett 200 mah klass A litiumbatteri som ger en [&hellip;]","og_url":"https:\/\/gearxtools.com\/sv\/uppladdningsbar-ultra-ljusstark-nyckelringsficklampa-svart\/","og_site_name":"Gear X Tools","article_modified_time":"2026-03-12T02:22:25+00:00","og_image":[{"width":1024,"height":1024,"url":"https:\/\/gearxtools.com\/wp-content\/uploads\/sites\/8\/2025\/02\/P514.5001__S_0__792d7e72901d4693811e803aee84b6dd.jpg","type":"image\/jpeg"}],"twitter_card":"summary_large_image","twitter_misc":{"Ber\u00e4knad l\u00e4stid":"1 minut"},"schema":{"@context":"https:\/\/schema.org","@graph":[{"@type":"WebPage","@id":"https:\/\/gearxtools.com\/sv\/uppladdningsbar-ultra-ljusstark-nyckelringsficklampa-svart\/","url":"https:\/\/gearxtools.com\/sv\/uppladdningsbar-ultra-ljusstark-nyckelringsficklampa-svart\/","name":"Uppladdningsbar ultra ljusstark nyckelringsficklampa, svart - Gear X Tools","isPartOf":{"@id":"https:\/\/gearxtools.com\/sv\/#website"},"primaryImageOfPage":{"@id":"https:\/\/gearxtools.com\/sv\/uppladdningsbar-ultra-ljusstark-nyckelringsficklampa-svart\/#primaryimage"},"image":{"@id":"https:\/\/gearxtools.com\/sv\/uppladdningsbar-ultra-ljusstark-nyckelringsficklampa-svart\/#primaryimage"},"thumbnailUrl":"https:\/\/gearxtools.com\/wp-content\/uploads\/sites\/8\/2025\/02\/P514.5001__S_0__792d7e72901d4693811e803aee84b6dd.jpg","datePublished":"2025-01-03T01:02:08+00:00","dateModified":"2026-03-12T02:22:25+00:00","breadcrumb":{"@id":"https:\/\/gearxtools.com\/sv\/uppladdningsbar-ultra-ljusstark-nyckelringsficklampa-svart\/#breadcrumb"},"inLanguage":"sv-SE","potentialAction":[{"@type":"ReadAction","target":["https:\/\/gearxtools.com\/sv\/uppladdningsbar-ultra-ljusstark-nyckelringsficklampa-svart\/"]}]},{"@type":"ImageObject","inLanguage":"sv-SE","@id":"https:\/\/gearxtools.com\/sv\/uppladdningsbar-ultra-ljusstark-nyckelringsficklampa-svart\/#primaryimage","url":"https:\/\/gearxtools.com\/wp-content\/uploads\/sites\/8\/2025\/02\/P514.5001__S_0__792d7e72901d4693811e803aee84b6dd.jpg","contentUrl":"https:\/\/gearxtools.com\/wp-content\/uploads\/sites\/8\/2025\/02\/P514.5001__S_0__792d7e72901d4693811e803aee84b6dd.jpg","width":1024,"height":1024},{"@type":"BreadcrumbList","@id":"https:\/\/gearxtools.com\/sv\/uppladdningsbar-ultra-ljusstark-nyckelringsficklampa-svart\/#breadcrumb","itemListElement":[{"@type":"ListItem","position":1,"name":"Home","item":"https:\/\/gearxtools.com\/sv\/"},{"@type":"ListItem","position":2,"name":"Kollektion","item":"https:\/\/gearxtools.com\/sv\/kollektion\/"},{"@type":"ListItem","position":3,"name":"Uppladdningsbar ultra ljusstark nyckelringsficklampa, svart"}]},{"@type":"WebSite","@id":"https:\/\/gearxtools.com\/sv\/#website","url":"https:\/\/gearxtools.com\/sv\/","name":"Gear X Tools","description":"Gear X always there when you need it","potentialAction":[{"@type":"SearchAction","target":{"@type":"EntryPoint","urlTemplate":"https:\/\/gearxtools.com\/sv\/?s={search_term_string}"},"query-input":{"@type":"PropertyValueSpecification","valueRequired":true,"valueName":"search_term_string"}}],"inLanguage":"sv-SE"}]}},"aioseo_notices":[],"_links":{"self":[{"href":"https:\/\/gearxtools.com\/sv\/wp-json\/wp\/v2\/product\/6427","targetHints":{"allow":["GET"]}}],"collection":[{"href":"https:\/\/gearxtools.com\/sv\/wp-json\/wp\/v2\/product"}],"about":[{"href":"https:\/\/gearxtools.com\/sv\/wp-json\/wp\/v2\/types\/product"}],"replies":[{"embeddable":true,"href":"https:\/\/gearxtools.com\/sv\/wp-json\/wp\/v2\/comments?post=6427"}],"wp:featuredmedia":[{"embeddable":true,"href":"https:\/\/gearxtools.com\/sv\/wp-json\/wp\/v2\/media\/6639"}],"wp:attachment":[{"href":"https:\/\/gearxtools.com\/sv\/wp-json\/wp\/v2\/media?parent=6427"}],"wp:term":[{"taxonomy":"product_cat","embeddable":true,"href":"https:\/\/gearxtools.com\/sv\/wp-json\/wp\/v2\/product_cat?post=6427"},{"taxonomy":"product_tag","embeddable":true,"href":"https:\/\/gearxtools.com\/sv\/wp-json\/wp\/v2\/product_tag?post=6427"}],"curies":[{"name":"wp","href":"https:\/\/api.w.org\/{rel}","templated":true}]}}