{"id":6801,"date":"2025-08-01T00:02:10","date_gmt":"2025-08-01T00:02:10","guid":{"rendered":"https:\/\/gearxtools.com\/gear-x-hopfallbart-edc-verktyg-med-karbinhake-svart\/"},"modified":"2026-03-12T02:22:15","modified_gmt":"2026-03-12T02:22:15","slug":"gear-x-hopfallbart-edc-verktyg-med-karbinhake-svart","status":"publish","type":"product","link":"https:\/\/gearxtools.com\/sv\/gear-x-hopfallbart-edc-verktyg-med-karbinhake-svart\/","title":{"rendered":"Gear X hopf\u00e4llbart EDC-verktyg med karbinhake, svart"},"content":{"rendered":"<p>Gear X Foldable EDC Tool kombinerar exceptionellt hantverk och m\u00e5ngsidighet i en kompakt design, vilket g\u00f6r den till den ultimata f\u00f6ljeslagaren f\u00f6r vardagen. Detta h\u00f6gkvalitativa verktyg \u00e4r tillverkat av slitstarkt rostfritt st\u00e5l 420 och har 11 viktiga funktioner, inklusive M5-, M4-, M3,5-, M2,5-, M2- och M1,6-skiftnycklar, en platt skruvmejsel, en stj\u00e4rnskruvmejsel, en sk\u00e4rkniv, en flask\u00f6ppnare och en krok. Den \u00e4r bara 9,1 cm l\u00e5ng n\u00e4r den \u00e4r ihopf\u00e4lld och 12,8 cm n\u00e4r den \u00e4r utf\u00e4lld och har en integrerad karbinhake f\u00f6r enkel fasts\u00e4ttning. F\u00f6rpackad i FSC-certifierat kuvert.<\/p>\n","protected":false},"excerpt":{"rendered":"<p>Gear X Foldable EDC Tool kombinerar exceptionellt hantverk och m\u00e5ngsidighet i en kompakt design, vilket g\u00f6r den till den ultimata f\u00f6ljeslagaren f\u00f6r vardagen. Detta h\u00f6gkvalitativa verktyg \u00e4r tillverkat av slitstarkt rostfritt st\u00e5l 420 och har 11 viktiga funktioner, inklusive M5-, M4-, M3,5-, M2,5-, M2- och M1,6-skiftnycklar, en platt skruvmejsel, en stj\u00e4rnskruvmejsel, en sk\u00e4rkniv, en flask\u00f6ppnare [&hellip;]<\/p>\n","protected":false},"featured_media":6874,"comment_status":"closed","ping_status":"closed","template":"","meta":{"_acf_changed":false,"_monsterinsights_skip_tracking":false,"_monsterinsights_sitenote_active":false,"_monsterinsights_sitenote_note":"","_monsterinsights_sitenote_category":0},"product_cat":[56],"product_tag":[],"class_list":["post-6801","product","type-product","status-publish","has-post-thumbnail","hentry","product_cat-multitools","pa_color-black"],"acf":[],"yoast_head":"<!-- This site is optimized with the Yoast SEO plugin v27.0 - https:\/\/yoast.com\/product\/yoast-seo-wordpress\/ -->\n<title>Gear X hopf\u00e4llbart EDC-verktyg med karbinhake, svart - Gear X Tools<\/title>\n<meta name=\"robots\" content=\"index, follow, max-snippet:-1, max-image-preview:large, max-video-preview:-1\" \/>\n<link rel=\"canonical\" href=\"https:\/\/gearxtools.com\/sv\/gear-x-hopfallbart-edc-verktyg-med-karbinhake-svart\/\" \/>\n<meta property=\"og:locale\" content=\"sv_SE\" \/>\n<meta property=\"og:type\" content=\"article\" \/>\n<meta property=\"og:title\" content=\"Gear X hopf\u00e4llbart EDC-verktyg med karbinhake, svart - Gear X Tools\" \/>\n<meta property=\"og:description\" content=\"Gear X Foldable EDC Tool kombinerar exceptionellt hantverk och m\u00e5ngsidighet i en kompakt design, vilket g\u00f6r den till den ultimata f\u00f6ljeslagaren f\u00f6r vardagen. Detta h\u00f6gkvalitativa verktyg \u00e4r tillverkat av slitstarkt rostfritt st\u00e5l 420 och har 11 viktiga funktioner, inklusive M5-, M4-, M3,5-, M2,5-, M2- och M1,6-skiftnycklar, en platt skruvmejsel, en stj\u00e4rnskruvmejsel, en sk\u00e4rkniv, en flask\u00f6ppnare [&hellip;]\" \/>\n<meta property=\"og:url\" content=\"https:\/\/gearxtools.com\/sv\/gear-x-hopfallbart-edc-verktyg-med-karbinhake-svart\/\" \/>\n<meta property=\"og:site_name\" content=\"Gear X Tools\" \/>\n<meta property=\"article:modified_time\" content=\"2026-03-12T02:22:15+00:00\" \/>\n<meta property=\"og:image\" content=\"https:\/\/gearxtools.com\/wp-content\/uploads\/sites\/8\/2025\/10\/P221.2701__S_0__c001aa98d4104538b250799916cbe5fa.jpg\" \/>\n\t<meta property=\"og:image:width\" content=\"1024\" \/>\n\t<meta property=\"og:image:height\" content=\"1024\" \/>\n\t<meta property=\"og:image:type\" content=\"image\/jpeg\" \/>\n<meta name=\"twitter:card\" content=\"summary_large_image\" \/>\n<meta name=\"twitter:label1\" content=\"Ber\u00e4knad l\u00e4stid\" \/>\n\t<meta name=\"twitter:data1\" content=\"1 minut\" \/>\n<script type=\"application\/ld+json\" class=\"yoast-schema-graph\">{\"@context\":\"https:\/\/schema.org\",\"@graph\":[{\"@type\":\"WebPage\",\"@id\":\"https:\/\/gearxtools.com\/sv\/gear-x-hopfallbart-edc-verktyg-med-karbinhake-svart\/\",\"url\":\"https:\/\/gearxtools.com\/sv\/gear-x-hopfallbart-edc-verktyg-med-karbinhake-svart\/\",\"name\":\"Gear X hopf\u00e4llbart EDC-verktyg med karbinhake, svart - Gear X Tools\",\"isPartOf\":{\"@id\":\"https:\/\/gearxtools.com\/sv\/#website\"},\"primaryImageOfPage\":{\"@id\":\"https:\/\/gearxtools.com\/sv\/gear-x-hopfallbart-edc-verktyg-med-karbinhake-svart\/#primaryimage\"},\"image\":{\"@id\":\"https:\/\/gearxtools.com\/sv\/gear-x-hopfallbart-edc-verktyg-med-karbinhake-svart\/#primaryimage\"},\"thumbnailUrl\":\"https:\/\/gearxtools.com\/wp-content\/uploads\/sites\/8\/2025\/10\/P221.2701__S_0__c001aa98d4104538b250799916cbe5fa.jpg\",\"datePublished\":\"2025-08-01T00:02:10+00:00\",\"dateModified\":\"2026-03-12T02:22:15+00:00\",\"breadcrumb\":{\"@id\":\"https:\/\/gearxtools.com\/sv\/gear-x-hopfallbart-edc-verktyg-med-karbinhake-svart\/#breadcrumb\"},\"inLanguage\":\"sv-SE\",\"potentialAction\":[{\"@type\":\"ReadAction\",\"target\":[\"https:\/\/gearxtools.com\/sv\/gear-x-hopfallbart-edc-verktyg-med-karbinhake-svart\/\"]}]},{\"@type\":\"ImageObject\",\"inLanguage\":\"sv-SE\",\"@id\":\"https:\/\/gearxtools.com\/sv\/gear-x-hopfallbart-edc-verktyg-med-karbinhake-svart\/#primaryimage\",\"url\":\"https:\/\/gearxtools.com\/wp-content\/uploads\/sites\/8\/2025\/10\/P221.2701__S_0__c001aa98d4104538b250799916cbe5fa.jpg\",\"contentUrl\":\"https:\/\/gearxtools.com\/wp-content\/uploads\/sites\/8\/2025\/10\/P221.2701__S_0__c001aa98d4104538b250799916cbe5fa.jpg\",\"width\":1024,\"height\":1024},{\"@type\":\"BreadcrumbList\",\"@id\":\"https:\/\/gearxtools.com\/sv\/gear-x-hopfallbart-edc-verktyg-med-karbinhake-svart\/#breadcrumb\",\"itemListElement\":[{\"@type\":\"ListItem\",\"position\":1,\"name\":\"Home\",\"item\":\"https:\/\/gearxtools.com\/sv\/\"},{\"@type\":\"ListItem\",\"position\":2,\"name\":\"Kollektion\",\"item\":\"https:\/\/gearxtools.com\/sv\/kollektion\/\"},{\"@type\":\"ListItem\",\"position\":3,\"name\":\"Gear X hopf\u00e4llbart EDC-verktyg med karbinhake, svart\"}]},{\"@type\":\"WebSite\",\"@id\":\"https:\/\/gearxtools.com\/sv\/#website\",\"url\":\"https:\/\/gearxtools.com\/sv\/\",\"name\":\"Gear X Tools\",\"description\":\"Gear X always there when you need it\",\"potentialAction\":[{\"@type\":\"SearchAction\",\"target\":{\"@type\":\"EntryPoint\",\"urlTemplate\":\"https:\/\/gearxtools.com\/sv\/?s={search_term_string}\"},\"query-input\":{\"@type\":\"PropertyValueSpecification\",\"valueRequired\":true,\"valueName\":\"search_term_string\"}}],\"inLanguage\":\"sv-SE\"}]}<\/script>\n<!-- \/ Yoast SEO plugin. -->","yoast_head_json":{"title":"Gear X hopf\u00e4llbart EDC-verktyg med karbinhake, svart - Gear X Tools","robots":{"index":"index","follow":"follow","max-snippet":"max-snippet:-1","max-image-preview":"max-image-preview:large","max-video-preview":"max-video-preview:-1"},"canonical":"https:\/\/gearxtools.com\/sv\/gear-x-hopfallbart-edc-verktyg-med-karbinhake-svart\/","og_locale":"sv_SE","og_type":"article","og_title":"Gear X hopf\u00e4llbart EDC-verktyg med karbinhake, svart - Gear X Tools","og_description":"Gear X Foldable EDC Tool kombinerar exceptionellt hantverk och m\u00e5ngsidighet i en kompakt design, vilket g\u00f6r den till den ultimata f\u00f6ljeslagaren f\u00f6r vardagen. Detta h\u00f6gkvalitativa verktyg \u00e4r tillverkat av slitstarkt rostfritt st\u00e5l 420 och har 11 viktiga funktioner, inklusive M5-, M4-, M3,5-, M2,5-, M2- och M1,6-skiftnycklar, en platt skruvmejsel, en stj\u00e4rnskruvmejsel, en sk\u00e4rkniv, en flask\u00f6ppnare [&hellip;]","og_url":"https:\/\/gearxtools.com\/sv\/gear-x-hopfallbart-edc-verktyg-med-karbinhake-svart\/","og_site_name":"Gear X Tools","article_modified_time":"2026-03-12T02:22:15+00:00","og_image":[{"width":1024,"height":1024,"url":"https:\/\/gearxtools.com\/wp-content\/uploads\/sites\/8\/2025\/10\/P221.2701__S_0__c001aa98d4104538b250799916cbe5fa.jpg","type":"image\/jpeg"}],"twitter_card":"summary_large_image","twitter_misc":{"Ber\u00e4knad l\u00e4stid":"1 minut"},"schema":{"@context":"https:\/\/schema.org","@graph":[{"@type":"WebPage","@id":"https:\/\/gearxtools.com\/sv\/gear-x-hopfallbart-edc-verktyg-med-karbinhake-svart\/","url":"https:\/\/gearxtools.com\/sv\/gear-x-hopfallbart-edc-verktyg-med-karbinhake-svart\/","name":"Gear X hopf\u00e4llbart EDC-verktyg med karbinhake, svart - Gear X Tools","isPartOf":{"@id":"https:\/\/gearxtools.com\/sv\/#website"},"primaryImageOfPage":{"@id":"https:\/\/gearxtools.com\/sv\/gear-x-hopfallbart-edc-verktyg-med-karbinhake-svart\/#primaryimage"},"image":{"@id":"https:\/\/gearxtools.com\/sv\/gear-x-hopfallbart-edc-verktyg-med-karbinhake-svart\/#primaryimage"},"thumbnailUrl":"https:\/\/gearxtools.com\/wp-content\/uploads\/sites\/8\/2025\/10\/P221.2701__S_0__c001aa98d4104538b250799916cbe5fa.jpg","datePublished":"2025-08-01T00:02:10+00:00","dateModified":"2026-03-12T02:22:15+00:00","breadcrumb":{"@id":"https:\/\/gearxtools.com\/sv\/gear-x-hopfallbart-edc-verktyg-med-karbinhake-svart\/#breadcrumb"},"inLanguage":"sv-SE","potentialAction":[{"@type":"ReadAction","target":["https:\/\/gearxtools.com\/sv\/gear-x-hopfallbart-edc-verktyg-med-karbinhake-svart\/"]}]},{"@type":"ImageObject","inLanguage":"sv-SE","@id":"https:\/\/gearxtools.com\/sv\/gear-x-hopfallbart-edc-verktyg-med-karbinhake-svart\/#primaryimage","url":"https:\/\/gearxtools.com\/wp-content\/uploads\/sites\/8\/2025\/10\/P221.2701__S_0__c001aa98d4104538b250799916cbe5fa.jpg","contentUrl":"https:\/\/gearxtools.com\/wp-content\/uploads\/sites\/8\/2025\/10\/P221.2701__S_0__c001aa98d4104538b250799916cbe5fa.jpg","width":1024,"height":1024},{"@type":"BreadcrumbList","@id":"https:\/\/gearxtools.com\/sv\/gear-x-hopfallbart-edc-verktyg-med-karbinhake-svart\/#breadcrumb","itemListElement":[{"@type":"ListItem","position":1,"name":"Home","item":"https:\/\/gearxtools.com\/sv\/"},{"@type":"ListItem","position":2,"name":"Kollektion","item":"https:\/\/gearxtools.com\/sv\/kollektion\/"},{"@type":"ListItem","position":3,"name":"Gear X hopf\u00e4llbart EDC-verktyg med karbinhake, svart"}]},{"@type":"WebSite","@id":"https:\/\/gearxtools.com\/sv\/#website","url":"https:\/\/gearxtools.com\/sv\/","name":"Gear X Tools","description":"Gear X always there when you need it","potentialAction":[{"@type":"SearchAction","target":{"@type":"EntryPoint","urlTemplate":"https:\/\/gearxtools.com\/sv\/?s={search_term_string}"},"query-input":{"@type":"PropertyValueSpecification","valueRequired":true,"valueName":"search_term_string"}}],"inLanguage":"sv-SE"}]}},"aioseo_notices":[],"_links":{"self":[{"href":"https:\/\/gearxtools.com\/sv\/wp-json\/wp\/v2\/product\/6801","targetHints":{"allow":["GET"]}}],"collection":[{"href":"https:\/\/gearxtools.com\/sv\/wp-json\/wp\/v2\/product"}],"about":[{"href":"https:\/\/gearxtools.com\/sv\/wp-json\/wp\/v2\/types\/product"}],"replies":[{"embeddable":true,"href":"https:\/\/gearxtools.com\/sv\/wp-json\/wp\/v2\/comments?post=6801"}],"wp:featuredmedia":[{"embeddable":true,"href":"https:\/\/gearxtools.com\/sv\/wp-json\/wp\/v2\/media\/6874"}],"wp:attachment":[{"href":"https:\/\/gearxtools.com\/sv\/wp-json\/wp\/v2\/media?parent=6801"}],"wp:term":[{"taxonomy":"product_cat","embeddable":true,"href":"https:\/\/gearxtools.com\/sv\/wp-json\/wp\/v2\/product_cat?post=6801"},{"taxonomy":"product_tag","embeddable":true,"href":"https:\/\/gearxtools.com\/sv\/wp-json\/wp\/v2\/product_tag?post=6801"}],"curies":[{"name":"wp","href":"https:\/\/api.w.org\/{rel}","templated":true}]}}